{"id":70,"date":"2023-04-26T12:13:33","date_gmt":"2023-04-26T12:13:33","guid":{"rendered":"https:\/\/www.albergue-paradiso.com\/es\/?page_id=70"},"modified":"2024-12-11T15:47:12","modified_gmt":"2024-12-11T15:47:12","slug":"wikf","status":"publish","type":"page","link":"https:\/\/www.albergue-paradiso.com\/es\/wikf\/","title":{"rendered":"WIKF"},"content":{"rendered":"\n<ul class=\"nav justify-content-center\">\n<li class=\"nav-item\">\n      <a class=\"nav-link active text-dark\" href=\"https:\/\/www.albergue-paradiso.com\/es\/wikf\/\">WIKF<\/a>\n    <\/li>\n<li class=\"nav-item\">\n        <a class=\"nav-link\" href=\"https:\/\/www.albergue-paradiso.com\/es\/wikf\/historia-wado-ryu\/\">HISTORIA DEL WADO RYU<\/a>\n   <\/li>\n<li class=\"nav-item\">\n        <a class=\"nav-link\" href=\"https:\/\/www.albergue-paradiso.com\/es\/wikf\/master-tatsuo-suzuki\/\">MASTER TATSUO SUZUKI<\/a>\n    <\/li>\n<li class=\"nav-item\">\n         <a class=\"nav-link\" href=\"https:\/\/www.albergue-paradiso.com\/es\/wikf\/wim-massee\/\">WIM MASSEE<\/a>\n    <\/li>\n<li class=\"nav-item\">\n         <a class=\"nav-link\" href=\"https:\/\/www.albergue-paradiso.com\/es\/category\/wikf-spain-albergue-paradiso\/\">BLOG WIKF<\/a>\n    <\/li>\n<li class=\"nav-item\">\n        <a class=\"nav-link\" href=\"https:\/\/www.albergue-paradiso.com\/es\/karate\/\">COURSE 2025<\/a>\n      <\/li>\n<\/ul>\n<div class=\"col-12\">\n<h2 class=\"pt-5\">WIKF<\/h2>\n<p>La Wado International Karate-Do Federation (WIKF) o Wado Kokusai Karate-Do Remni fue fundado en 1991 por Professor Tatsuo Suzuki 8th Dan Hanshi con motivo de proteger la esencia tradicional del Karate-Do Wado Ryu tal y como le fue ense\u00f1ado a \u00e9l directamente por el fundador, Hironori Ohtsuka.<\/p>\n<p>Antes de la muerte de Ohtsuka hubo muchas discusiones entre \u00e9l y Eiichi Eriguchi (por aqu\u00e9l entonces, el presidente de Wado Kai) en donde quedaba claro que Ohtsuka Sensei deseaba tener a Tatsuo Suzuki como su sucesor. Suzuki Sensei estaba inseguro de aceptar este honor, manifestando que este honor deber\u00eda de pasar al hijo de Ohtsuka. Sin embargo, despu\u00e9s de que esto sucediera, hubo muchos problemas de car\u00e1cter pol\u00edtico y t\u00e9cnico en Am\u00e9rica, Europa y Jap\u00f3n. Comenzaron a surgir muchas incongruencias en diversas t\u00e9cnicas y Katas. Por ese motivo, Suzuki Sensei trat\u00f3 de reunir en varias ocasiones las organizaciones de Wado para que resolviesen sus disputas. La insatisfacci\u00f3n del maestro Suzuki crec\u00eda en modo se desarrollaban los acontecimientos y se dio cuenta que su tiempo era tambi\u00e9n limitado, lo que le llev\u00f3 a decidir a tomar su propio camino para preservar las t\u00e9cnicas tradicionales del fundador Ohtsuka. Esto fue la raz\u00f3n por la que decidi\u00f3 comenzar su propia organizaci\u00f3n internacional de Wado-Ryu. El es la \u00fanica persona que estudi\u00f3 intensamente con Ohtsuka Sensei durante sus a\u00f1os de plenas condiciones f\u00edsicas y mentales, desde los cincuenta a los setenta a\u00f1os de edad.<\/p>\n<p>La WIKF est\u00e1 establecida en 51 pa\u00edses y organizada en tres regiones: Europa, Panam\u00e9rica y As\u00eda. La WIKF es la mayor organizaci\u00f3n de las organizaciones existentes de Wado-Ryu. Suzuki Sensei fue leal al hombre que le ense\u00f1\u00f3, el fundador de Wado-Ryu, el maestro Ohtsuka. Su intenci\u00f3n era conservar el estilo Wado Ryu tal y como le fue ense\u00f1ado por el fundador.<\/p>\n<p>En Espa\u00f1a la WIKF est\u00e1 dirigida por el maestro <a href=\"https:\/\/www.albergue-paradiso.com\/es\/wikf\/wim-massee\/\" title=\"Wim Massee\">Wim Massee<\/a> (8\u00ba Dan), el cual preside en Espa\u00f1a est\u00e1 organizaci\u00f3n desde el norte de (Hinojedo,Cantabria) y colabor\u00f3 en la creaci\u00f3n de WIKF. En la actualidad es adem\u00e1s vicepresidente de la regi\u00f3n Europea y miembro del comit\u00e9 t\u00e9cnico mundial (para m\u00e1s informaci\u00f3n ver apartado correspondiente).<\/p>\n<p class=\"text-center\">\n          <img src =\"https:\/\/www.albergue-paradiso.com\/es\/wp-content\/uploads\/2023\/06\/curso-karate-2017.jpg\" class=\"img-fluid\" alt=\"curso 2017\">\n          <\/p>\n<\/div>\n","protected":false},"excerpt":{"rendered":"<p>WIKF HISTORIA DEL WADO RYU MASTER TATSUO SUZUKI WIM MASSEE BLOG WIKF COURSE 2025 WIKF [&hellip;]<\/p>\n","protected":false},"author":1,"featured_media":0,"parent":0,"menu_order":0,"comment_status":"closed","ping_status":"closed","template":"","meta":{"_joinchat":[],"footnotes":""},"class_list":["post-70","page","type-page","status-publish","hentry"],"acf":[],"yoast_head":"<!-- This site is optimized with the Yoast SEO plugin v27.4 - https:\/\/yoast.com\/product\/yoast-seo-wordpress\/ -->\n<title>wado international karate-do federation - wikf Espa\u00f1a<\/title>\n<meta name=\"description\" content=\"La WIKF, fundad por el gran maestro Tatsuo Suzuki es la federaci\u00f3n mundial de karate wado-ryu, cuyo presidente en Espa\u00f1a es el maestro Wim Massee\" \/>\n<meta name=\"robots\" content=\"index, follow, max-snippet:-1, max-image-preview:large, max-video-preview:-1\" \/>\n<link rel=\"canonical\" href=\"https:\/\/www.albergue-paradiso.com\/es\/wikf\/\" \/>\n<meta property=\"og:locale\" content=\"es_ES\" \/>\n<meta property=\"og:type\" content=\"article\" \/>\n<meta property=\"og:title\" content=\"wado international karate-do federation - wikf Espa\u00f1a\" \/>\n<meta property=\"og:description\" content=\"La WIKF, fundad por el gran maestro Tatsuo Suzuki es la federaci\u00f3n mundial de karate wado-ryu, cuyo presidente en Espa\u00f1a es el maestro Wim Massee\" \/>\n<meta property=\"og:url\" content=\"https:\/\/www.albergue-paradiso.com\/es\/wikf\/\" \/>\n<meta property=\"og:site_name\" content=\"Albergues en Cantabria | Hostel albergue Paradiso en Cantabria\" \/>\n<meta property=\"article:modified_time\" content=\"2024-12-11T15:47:12+00:00\" \/>\n<meta name=\"twitter:card\" content=\"summary_large_image\" \/>\n<meta name=\"twitter:label1\" content=\"Tiempo de lectura\" \/>\n\t<meta name=\"twitter:data1\" content=\"2 minutos\" \/>\n<script type=\"application\/ld+json\" class=\"yoast-schema-graph\">{\"@context\":\"https:\\\/\\\/schema.org\",\"@graph\":[{\"@type\":\"WebPage\",\"@id\":\"https:\\\/\\\/www.albergue-paradiso.com\\\/es\\\/wikf\\\/\",\"url\":\"https:\\\/\\\/www.albergue-paradiso.com\\\/es\\\/wikf\\\/\",\"name\":\"wado international karate-do federation - wikf Espa\u00f1a\",\"isPartOf\":{\"@id\":\"https:\\\/\\\/www.albergue-paradiso.com\\\/es\\\/#website\"},\"datePublished\":\"2023-04-26T12:13:33+00:00\",\"dateModified\":\"2024-12-11T15:47:12+00:00\",\"description\":\"La WIKF, fundad por el gran maestro Tatsuo Suzuki es la federaci\u00f3n mundial de karate wado-ryu, cuyo presidente en Espa\u00f1a es el maestro Wim Massee\",\"breadcrumb\":{\"@id\":\"https:\\\/\\\/www.albergue-paradiso.com\\\/es\\\/wikf\\\/#breadcrumb\"},\"inLanguage\":\"es\",\"potentialAction\":[{\"@type\":\"ReadAction\",\"target\":[\"https:\\\/\\\/www.albergue-paradiso.com\\\/es\\\/wikf\\\/\"]}]},{\"@type\":\"BreadcrumbList\",\"@id\":\"https:\\\/\\\/www.albergue-paradiso.com\\\/es\\\/wikf\\\/#breadcrumb\",\"itemListElement\":[{\"@type\":\"ListItem\",\"position\":1,\"name\":\"Portada\",\"item\":\"https:\\\/\\\/www.albergue-paradiso.com\\\/es\\\/\"},{\"@type\":\"ListItem\",\"position\":2,\"name\":\"WIKF\"}]},{\"@type\":\"WebSite\",\"@id\":\"https:\\\/\\\/www.albergue-paradiso.com\\\/es\\\/#website\",\"url\":\"https:\\\/\\\/www.albergue-paradiso.com\\\/es\\\/\",\"name\":\"Albergues en Cantabria | Hostel albergue Paradiso en Cantabria\",\"description\":\"\",\"potentialAction\":[{\"@type\":\"SearchAction\",\"target\":{\"@type\":\"EntryPoint\",\"urlTemplate\":\"https:\\\/\\\/www.albergue-paradiso.com\\\/es\\\/?s={search_term_string}\"},\"query-input\":{\"@type\":\"PropertyValueSpecification\",\"valueRequired\":true,\"valueName\":\"search_term_string\"}}],\"inLanguage\":\"es\"}]}<\/script>\n<!-- \/ Yoast SEO plugin. -->","yoast_head_json":{"title":"wado international karate-do federation - wikf Espa\u00f1a","description":"La WIKF, fundad por el gran maestro Tatsuo Suzuki es la federaci\u00f3n mundial de karate wado-ryu, cuyo presidente en Espa\u00f1a es el maestro Wim Massee","robots":{"index":"index","follow":"follow","max-snippet":"max-snippet:-1","max-image-preview":"max-image-preview:large","max-video-preview":"max-video-preview:-1"},"canonical":"https:\/\/www.albergue-paradiso.com\/es\/wikf\/","og_locale":"es_ES","og_type":"article","og_title":"wado international karate-do federation - wikf Espa\u00f1a","og_description":"La WIKF, fundad por el gran maestro Tatsuo Suzuki es la federaci\u00f3n mundial de karate wado-ryu, cuyo presidente en Espa\u00f1a es el maestro Wim Massee","og_url":"https:\/\/www.albergue-paradiso.com\/es\/wikf\/","og_site_name":"Albergues en Cantabria | Hostel albergue Paradiso en Cantabria","article_modified_time":"2024-12-11T15:47:12+00:00","twitter_card":"summary_large_image","twitter_misc":{"Tiempo de lectura":"2 minutos"},"schema":{"@context":"https:\/\/schema.org","@graph":[{"@type":"WebPage","@id":"https:\/\/www.albergue-paradiso.com\/es\/wikf\/","url":"https:\/\/www.albergue-paradiso.com\/es\/wikf\/","name":"wado international karate-do federation - wikf Espa\u00f1a","isPartOf":{"@id":"https:\/\/www.albergue-paradiso.com\/es\/#website"},"datePublished":"2023-04-26T12:13:33+00:00","dateModified":"2024-12-11T15:47:12+00:00","description":"La WIKF, fundad por el gran maestro Tatsuo Suzuki es la federaci\u00f3n mundial de karate wado-ryu, cuyo presidente en Espa\u00f1a es el maestro Wim Massee","breadcrumb":{"@id":"https:\/\/www.albergue-paradiso.com\/es\/wikf\/#breadcrumb"},"inLanguage":"es","potentialAction":[{"@type":"ReadAction","target":["https:\/\/www.albergue-paradiso.com\/es\/wikf\/"]}]},{"@type":"BreadcrumbList","@id":"https:\/\/www.albergue-paradiso.com\/es\/wikf\/#breadcrumb","itemListElement":[{"@type":"ListItem","position":1,"name":"Portada","item":"https:\/\/www.albergue-paradiso.com\/es\/"},{"@type":"ListItem","position":2,"name":"WIKF"}]},{"@type":"WebSite","@id":"https:\/\/www.albergue-paradiso.com\/es\/#website","url":"https:\/\/www.albergue-paradiso.com\/es\/","name":"Albergues en Cantabria | Hostel albergue Paradiso en Cantabria","description":"","potentialAction":[{"@type":"SearchAction","target":{"@type":"EntryPoint","urlTemplate":"https:\/\/www.albergue-paradiso.com\/es\/?s={search_term_string}"},"query-input":{"@type":"PropertyValueSpecification","valueRequired":true,"valueName":"search_term_string"}}],"inLanguage":"es"}]}},"_links":{"self":[{"href":"https:\/\/www.albergue-paradiso.com\/es\/wp-json\/wp\/v2\/pages\/70","targetHints":{"allow":["GET"]}}],"collection":[{"href":"https:\/\/www.albergue-paradiso.com\/es\/wp-json\/wp\/v2\/pages"}],"about":[{"href":"https:\/\/www.albergue-paradiso.com\/es\/wp-json\/wp\/v2\/types\/page"}],"author":[{"embeddable":true,"href":"https:\/\/www.albergue-paradiso.com\/es\/wp-json\/wp\/v2\/users\/1"}],"replies":[{"embeddable":true,"href":"https:\/\/www.albergue-paradiso.com\/es\/wp-json\/wp\/v2\/comments?post=70"}],"version-history":[{"count":21,"href":"https:\/\/www.albergue-paradiso.com\/es\/wp-json\/wp\/v2\/pages\/70\/revisions"}],"predecessor-version":[{"id":31309,"href":"https:\/\/www.albergue-paradiso.com\/es\/wp-json\/wp\/v2\/pages\/70\/revisions\/31309"}],"wp:attachment":[{"href":"https:\/\/www.albergue-paradiso.com\/es\/wp-json\/wp\/v2\/media?parent=70"}],"curies":[{"name":"wp","href":"https:\/\/api.w.org\/{rel}","templated":true}]}}