{"id":68,"date":"2023-04-26T12:13:14","date_gmt":"2023-04-26T12:13:14","guid":{"rendered":"https:\/\/www.albergue-paradiso.com\/es\/?page_id=68"},"modified":"2024-06-23T07:35:36","modified_gmt":"2024-06-23T07:35:36","slug":"politica-de-mascotas-albergue-paradiso","status":"publish","type":"page","link":"https:\/\/www.albergue-paradiso.com\/es\/politica-de-mascotas-albergue-paradiso\/","title":{"rendered":"Pol\u00edtica de mascotas Albergue Paradiso"},"content":{"rendered":"<p>Los hogares donde conviven personas y animales es bastante elevado. Se calcula que en uno de cada tres hogares hay un animal de compa\u00f1\u00eda. El hecho de compartir los espacios p\u00fablicos con perros hace que se nos presenten retos y necesidades que nos permitan avanzar en la normalizaci\u00f3n de la presencia de \u00e9stos en los espacios de uso compartido.<br \/>\n<strong>Hostel albergue Paradiso es uno de los pocos alojamientos en Cantabria que permite el acceso de animales.<\/strong><\/p>\n<p>Sabemos que los animales de compa\u00f1\u00eda forman parte de la familia y su presencia no tiene por qu\u00e9 ser incompatible con el disfrute de unas vacaciones. Por eso, Albergue Paradiso abre sus puertas a personas con mascotas (disponemos de \u00abperreras\u00bb). <strong>Para la buena convivencia de todos los clientes del albergue, tenemos la siguiente pol\u00edtica de mascotas.<\/strong><\/p>\n<h3 class=\"text-primary pt-3\">Pol\u00edtica de mascotas del Albergue Paradiso en Cantabria:<\/h3>\n<ul class=\"list-group list-group-flush\">\n<li class=\"list-group-item\">\n<i class=\"fas fa-check\"><\/i> Para alojarse con mascotas siempre es necesaria previa reserva y consulta de disponibilidad.<\/li>\n<li class=\"list-group-item\">\n<i class=\"fas fa-check\"><\/i> <strong>Se admite mascotas pero NO dentro de los dormitorios ni zonas comunes; las mascotas pueden alojarse en nuestras perreras<\/strong>. El n\u00ba de perreras es limitada por lo que es necesario consultar disponibilidad y reservar previamente. La estancia de una mascota en una perrera tiene un suplemento de 5 \u20ac\/noche y siempre que haya aceptado nuestras normas.<\/li>\n<li class=\"list-group-item\">\n<i class=\"fas fa-check\"><\/i> <strong>Estas perreras disponen de llave propia para la gesti\u00f3n por parte del cliente <\/strong>(fianza llave + cuencos: 10 \u20ac), y disponen de un lugar com\u00fan con mesa para el acicalado del animal.<\/li>\n<li class=\"list-group-item\">\n<i class=\"fas fa-check\"><\/i> Aunque las mascotas deben ir con correa en todo el recinto, disponemos de una parcela vallada para poder dejar las mascotas campar a sus anchas sin correa pero siempre bajo vigilancia de sus due\u00f1os.<\/li>\n<\/ul>\n<div class=\"row py-4\">\n<div class=\"col-md-4\">\n<figure class=\"figure\"><a href=\"https:\/\/www.albergue-paradiso.com\/es\/wp-content\/uploads\/2023\/05\/perros-sueltos-cantabria.jpg\" data-lightbox=\"mascotas\"><img decoding=\"async\" class=\"figure-img img-fluid rounded\" src=\"https:\/\/www.albergue-paradiso.com\/es\/wp-content\/uploads\/2023\/05\/perros-sueltos-cantabria.jpg\" alt=\"admitimos mascotas\" \/><\/a><figcaption class=\"figure-caption text-left\">Zona para mascotas sueltas pero vigiladas.<\/figcaption><\/figure>\n<\/div>\n<div class=\"col-md-4\">\n<figure class=\"figure\"><a href=\"https:\/\/www.albergue-paradiso.com\/es\/wp-content\/uploads\/2023\/05\/perreras-web.jpg\" data-lightbox=\"mascotas\"><img decoding=\"async\" class=\"figure-img img-fluid rounded\" src=\"https:\/\/www.albergue-paradiso.com\/es\/wp-content\/uploads\/2023\/05\/perreras-web.jpg\" alt=\"alojamiento mascotas\" \/><\/a><figcaption class=\"figure-caption text-left\">Perreras para mascotas<\/figcaption><\/figure>\n<\/div>\n<div class=\"col-md-4\">\n<figure class=\"figure\"><a href=\"https:\/\/www.albergue-paradiso.com\/es\/wp-content\/uploads\/2023\/05\/perrera-web.jpg\" data-lightbox=\"mascotas\"><img decoding=\"async\" class=\"figure-img img-fluid rounded\" src=\"https:\/\/www.albergue-paradiso.com\/es\/wp-content\/uploads\/2023\/05\/perrera-web.jpg\" alt=\"admitimos mascotas\" \/><\/a><figcaption class=\"figure-caption text-left\">Perreras para mascotas<\/figcaption><\/figure>\n<\/div>\n<\/div>\n<h2 class=\"py-4\">NORMAS para clientes que vienen al albergue-hostel con mascota<\/h2>\n<ul class=\"list-unstyled\">\n<li><i class=\"fas fa-paw\"><\/i> Para tranquilidad de todos nuestros clientes, no se admiten razas consideradas peligrosas (bull terrier, dogo argentino, american stafford terrier, entre otras\u2026).<\/li>\n<li><i class=\"fas fa-paw\"><\/i> Al <strong>entrar o salir del complejo<\/strong> el perro deber\u00e1 ir sujeto por correa, en brazos, o en una caja de transporte. Las mascotas solamente podr\u00e1n ir sin correa pero con vigilancia en la parcela destinada para ello.<\/li>\n<li><i class=\"fas fa-paw\"><\/i> Las mascotas <strong>no pueden estar<\/strong> en las zonas comunes interiores del albergue como comedor ni cafeter\u00eda ni aulas ni salas comunes ni tampoco en la piscina.<\/li>\n<li><i class=\"fas fa-paw\"><\/i> Est\u00e1 prohibida la utilizaci\u00f3n de ropa de cama, almohadas, toallas, etc.\u2026 para el uso de la mascota.<\/li>\n<li><i class=\"fas fa-paw\"><\/i> No est\u00e1 permitido lavar a los animales en los ba\u00f1os (lavabos y duchas) ni en ning\u00fan otro espacio del albergue si no est\u00e1 espec\u00edficamente indicado.<\/li>\n<li><i class=\"fas fa-paw\"><\/i> El propietario debe traer consigo el espacio habitual de descanso y recipientes de comida y bebida de la mascota.<\/li>\n<li><i class=\"fas fa-paw\"><\/i> Los responsables de las mascotas deben de recoger los excrementos de \u00e9stos y tendr\u00e1n que hacerse cargo de mantener la perreras en buen estado de higiene.<\/li>\n<li><i class=\"fas fa-paw\"><\/i> En nuestros jardines <strong>NO se permiten mascotas sin correa<\/strong> salvo en la parcela vallada destinado a ello. Pueden aprovechar las zonas verdes fuera del albergue como \u00e1rea para hacer sus necesidades. Los due\u00f1os son responsables de recoger los desechos de su animal y se regir\u00e1n por las Ordenanzas Municipales de Suances.<\/li>\n<li><i class=\"fas fa-paw\"><\/i> Su mascota debe disponer de las <strong>adecuadas certificaciones m\u00e9dicas<\/strong> que confirmen las vacunas actualizadas. Conviene adem\u00e1s tener un seguro que cubra los da\u00f1os y desperfectos que provoque su mascota.<\/li>\n<li><i class=\"fas fa-paw\"><\/i> <strong>El due\u00f1o es responsable de da\u00f1os y destrozos<\/strong> ocasionados. Se podr\u00e1n aplicar cargos adicionales en su tarjeta en el caso de que la mascota provoque desorden, da\u00f1os de muebles o problemas de higiene.<\/li>\n<li><i class=\"fas fa-paw\"><\/i> Si otro hu\u00e9sped se queja de los ladridos, ruidos o comportamiento de su mascota, usted <strong>DEBER\u00c1 sacarla fuera o abandonar nuestras instalaciones <\/strong>(sin derecho a devoluci\u00f3n de los servicios no disfrutados).<\/li>\n<li><i class=\"fas fa-paw\"><\/i> Los responsables de las mascotas se comprometen a cumplir la normativa vigente de <a href=\"https:\/\/parlamento-cantabria.es\/proyectos-de-ley\/proyecto-de-ley-de-cantabria-de-protecci%C3%B3n-y-bienestar-animal\" target=\"_blank\" rel=\"noopener noreferrer\">protecci\u00f3n animal<\/a> y la normativa de acceso de animales a establecimientos tur\u00edsticos.<\/li>\n<\/ul>\n<p class=\"py-3 text-center\"><a class=\"btn btn-primary\" href=\"https:\/\/www.albergue-paradiso.com\/es\/wp-content\/uploads\/2023\/07\/POLITICA DE MASCOTAS.pdf\" target=\"_blank\" rel=\"noopener\">Desc\u00e1rgate el formulario con la <strong>pol\u00edtica de mascotas<\/strong><\/a><\/p>\n<h3 class=\"pt-3\">CONSEJOS cuando viajas con mascota<\/h3>\n<p>Una mascota bien educada es un buen compa\u00f1ero de viaje, pero aunque conf\u00ede plenamente en su mascota, tenga en cuenta que le est\u00e1 cambiando su entorno y el animal puede reaccionar imprevisiblemente.<br \/>\nAntes de entrar en el albergue es aconsejable pasearle y dejarle hacer sus necesidades. Sitios extra\u00f1os provocan \u201caccidentes\u201d.<br \/>\nA las mascotas les gusta marcar su territorio, pero no permita que lo haga en la entrada del albergue ni en las ruedas de los coches del parking ni en la habitaci\u00f3n, tiestos, puertas, vallas, etc.<br \/>\nEn el caso de coincidir su estancia con la de alg\u00fan hu\u00e9sped con fobias, miedo, alergia, etc; haga lo posible para que su animal no les sea una molestia. La comodidad de los clientes ser\u00e1 considerada por el albergue como primordial.<\/p>\n<h3 class=\"pt-3 text-primary\"><strong>NO OLVIDES LLEVAR<\/strong> si viajas con mascota:<\/h3>\n<ul class=\"list-group list-group-flush\">\n<li class=\"list-group-item\">\n<i class=\"fas fa-check\"><\/i> Una manta\/toalla o camita del animal para dormir. Su olor le tranquilizar\u00e1 del entorno extra\u00f1o.<\/li>\n<li class=\"list-group-item\">\n<i class=\"fas fa-check\"><\/i> Comida y sus recipientes para comida y agua. No siempre se encuentra la comida que le guste cuando viajas.<\/li>\n<li class=\"list-group-item\">\n<i class=\"fas fa-check\"><\/i> Bolsas de recogida de desechos.<\/li>\n<li class=\"list-group-item\">\n<i class=\"fas fa-check\"><\/i> La documentaci\u00f3n del animal. Es recomendable que lleve una chapita con su m\u00f3vil en caso de fuga o p\u00e9rdida.<\/li>\n<li class=\"list-group-item\">\n<i class=\"fas fa-check\"><\/i> Collar\/arn\u00e9s y correa<\/li>\n<\/ul>\n","protected":false},"excerpt":{"rendered":"<p>Los hogares donde conviven personas y animales es bastante elevado. Se calcula que en uno [&hellip;]<\/p>\n","protected":false},"author":1,"featured_media":0,"parent":0,"menu_order":0,"comment_status":"closed","ping_status":"closed","template":"","meta":{"_joinchat":[],"footnotes":""},"class_list":["post-68","page","type-page","status-publish","hentry"],"acf":[],"yoast_head":"<!-- This site is optimized with the Yoast SEO plugin v27.4 - https:\/\/yoast.com\/product\/yoast-seo-wordpress\/ -->\n<title>Pol\u00edtica de mascotas Albergue Paradiso - Albergue Paradiso Cantabria<\/title>\n<meta name=\"description\" content=\"NORMAS para clientes que vienen al albergue-hostel con mascota\" \/>\n<meta name=\"robots\" content=\"index, follow, max-snippet:-1, max-image-preview:large, max-video-preview:-1\" \/>\n<link rel=\"canonical\" href=\"https:\/\/www.albergue-paradiso.com\/es\/politica-de-mascotas-albergue-paradiso\/\" \/>\n<meta property=\"og:locale\" content=\"es_ES\" \/>\n<meta property=\"og:type\" content=\"article\" \/>\n<meta property=\"og:title\" content=\"Pol\u00edtica de mascotas Albergue Paradiso - Albergue Paradiso Cantabria\" \/>\n<meta property=\"og:description\" content=\"NORMAS para clientes que vienen al albergue-hostel con mascota\" \/>\n<meta property=\"og:url\" content=\"https:\/\/www.albergue-paradiso.com\/es\/politica-de-mascotas-albergue-paradiso\/\" \/>\n<meta property=\"og:site_name\" content=\"Albergues en Cantabria | Hostel albergue Paradiso en Cantabria\" \/>\n<meta property=\"article:modified_time\" content=\"2024-06-23T07:35:36+00:00\" \/>\n<meta property=\"og:image\" content=\"https:\/\/www.albergue-paradiso.com\/es\/wp-content\/uploads\/2023\/05\/perros-sueltos-cantabria.jpg\" \/>\n<meta name=\"twitter:card\" content=\"summary_large_image\" \/>\n<meta name=\"twitter:label1\" content=\"Tiempo de lectura\" \/>\n\t<meta name=\"twitter:data1\" content=\"5 minutos\" \/>\n<script type=\"application\/ld+json\" class=\"yoast-schema-graph\">{\"@context\":\"https:\\\/\\\/schema.org\",\"@graph\":[{\"@type\":\"WebPage\",\"@id\":\"https:\\\/\\\/www.albergue-paradiso.com\\\/es\\\/politica-de-mascotas-albergue-paradiso\\\/\",\"url\":\"https:\\\/\\\/www.albergue-paradiso.com\\\/es\\\/politica-de-mascotas-albergue-paradiso\\\/\",\"name\":\"Pol\u00edtica de mascotas Albergue Paradiso - Albergue Paradiso Cantabria\",\"isPartOf\":{\"@id\":\"https:\\\/\\\/www.albergue-paradiso.com\\\/es\\\/#website\"},\"primaryImageOfPage\":{\"@id\":\"https:\\\/\\\/www.albergue-paradiso.com\\\/es\\\/politica-de-mascotas-albergue-paradiso\\\/#primaryimage\"},\"image\":{\"@id\":\"https:\\\/\\\/www.albergue-paradiso.com\\\/es\\\/politica-de-mascotas-albergue-paradiso\\\/#primaryimage\"},\"thumbnailUrl\":\"https:\\\/\\\/www.albergue-paradiso.com\\\/es\\\/wp-content\\\/uploads\\\/2023\\\/05\\\/perros-sueltos-cantabria.jpg\",\"datePublished\":\"2023-04-26T12:13:14+00:00\",\"dateModified\":\"2024-06-23T07:35:36+00:00\",\"description\":\"NORMAS para clientes que vienen al albergue-hostel con mascota\",\"breadcrumb\":{\"@id\":\"https:\\\/\\\/www.albergue-paradiso.com\\\/es\\\/politica-de-mascotas-albergue-paradiso\\\/#breadcrumb\"},\"inLanguage\":\"es\",\"potentialAction\":[{\"@type\":\"ReadAction\",\"target\":[\"https:\\\/\\\/www.albergue-paradiso.com\\\/es\\\/politica-de-mascotas-albergue-paradiso\\\/\"]}]},{\"@type\":\"ImageObject\",\"inLanguage\":\"es\",\"@id\":\"https:\\\/\\\/www.albergue-paradiso.com\\\/es\\\/politica-de-mascotas-albergue-paradiso\\\/#primaryimage\",\"url\":\"https:\\\/\\\/www.albergue-paradiso.com\\\/es\\\/wp-content\\\/uploads\\\/2023\\\/05\\\/perros-sueltos-cantabria.jpg\",\"contentUrl\":\"https:\\\/\\\/www.albergue-paradiso.com\\\/es\\\/wp-content\\\/uploads\\\/2023\\\/05\\\/perros-sueltos-cantabria.jpg\"},{\"@type\":\"BreadcrumbList\",\"@id\":\"https:\\\/\\\/www.albergue-paradiso.com\\\/es\\\/politica-de-mascotas-albergue-paradiso\\\/#breadcrumb\",\"itemListElement\":[{\"@type\":\"ListItem\",\"position\":1,\"name\":\"Portada\",\"item\":\"https:\\\/\\\/www.albergue-paradiso.com\\\/es\\\/\"},{\"@type\":\"ListItem\",\"position\":2,\"name\":\"Pol\u00edtica de mascotas Albergue Paradiso\"}]},{\"@type\":\"WebSite\",\"@id\":\"https:\\\/\\\/www.albergue-paradiso.com\\\/es\\\/#website\",\"url\":\"https:\\\/\\\/www.albergue-paradiso.com\\\/es\\\/\",\"name\":\"Albergues en Cantabria | Hostel albergue Paradiso en Cantabria\",\"description\":\"\",\"potentialAction\":[{\"@type\":\"SearchAction\",\"target\":{\"@type\":\"EntryPoint\",\"urlTemplate\":\"https:\\\/\\\/www.albergue-paradiso.com\\\/es\\\/?s={search_term_string}\"},\"query-input\":{\"@type\":\"PropertyValueSpecification\",\"valueRequired\":true,\"valueName\":\"search_term_string\"}}],\"inLanguage\":\"es\"}]}<\/script>\n<!-- \/ Yoast SEO plugin. -->","yoast_head_json":{"title":"Pol\u00edtica de mascotas Albergue Paradiso - Albergue Paradiso Cantabria","description":"NORMAS para clientes que vienen al albergue-hostel con mascota","robots":{"index":"index","follow":"follow","max-snippet":"max-snippet:-1","max-image-preview":"max-image-preview:large","max-video-preview":"max-video-preview:-1"},"canonical":"https:\/\/www.albergue-paradiso.com\/es\/politica-de-mascotas-albergue-paradiso\/","og_locale":"es_ES","og_type":"article","og_title":"Pol\u00edtica de mascotas Albergue Paradiso - Albergue Paradiso Cantabria","og_description":"NORMAS para clientes que vienen al albergue-hostel con mascota","og_url":"https:\/\/www.albergue-paradiso.com\/es\/politica-de-mascotas-albergue-paradiso\/","og_site_name":"Albergues en Cantabria | Hostel albergue Paradiso en Cantabria","article_modified_time":"2024-06-23T07:35:36+00:00","og_image":[{"url":"https:\/\/www.albergue-paradiso.com\/es\/wp-content\/uploads\/2023\/05\/perros-sueltos-cantabria.jpg","type":"","width":"","height":""}],"twitter_card":"summary_large_image","twitter_misc":{"Tiempo de lectura":"5 minutos"},"schema":{"@context":"https:\/\/schema.org","@graph":[{"@type":"WebPage","@id":"https:\/\/www.albergue-paradiso.com\/es\/politica-de-mascotas-albergue-paradiso\/","url":"https:\/\/www.albergue-paradiso.com\/es\/politica-de-mascotas-albergue-paradiso\/","name":"Pol\u00edtica de mascotas Albergue Paradiso - Albergue Paradiso Cantabria","isPartOf":{"@id":"https:\/\/www.albergue-paradiso.com\/es\/#website"},"primaryImageOfPage":{"@id":"https:\/\/www.albergue-paradiso.com\/es\/politica-de-mascotas-albergue-paradiso\/#primaryimage"},"image":{"@id":"https:\/\/www.albergue-paradiso.com\/es\/politica-de-mascotas-albergue-paradiso\/#primaryimage"},"thumbnailUrl":"https:\/\/www.albergue-paradiso.com\/es\/wp-content\/uploads\/2023\/05\/perros-sueltos-cantabria.jpg","datePublished":"2023-04-26T12:13:14+00:00","dateModified":"2024-06-23T07:35:36+00:00","description":"NORMAS para clientes que vienen al albergue-hostel con mascota","breadcrumb":{"@id":"https:\/\/www.albergue-paradiso.com\/es\/politica-de-mascotas-albergue-paradiso\/#breadcrumb"},"inLanguage":"es","potentialAction":[{"@type":"ReadAction","target":["https:\/\/www.albergue-paradiso.com\/es\/politica-de-mascotas-albergue-paradiso\/"]}]},{"@type":"ImageObject","inLanguage":"es","@id":"https:\/\/www.albergue-paradiso.com\/es\/politica-de-mascotas-albergue-paradiso\/#primaryimage","url":"https:\/\/www.albergue-paradiso.com\/es\/wp-content\/uploads\/2023\/05\/perros-sueltos-cantabria.jpg","contentUrl":"https:\/\/www.albergue-paradiso.com\/es\/wp-content\/uploads\/2023\/05\/perros-sueltos-cantabria.jpg"},{"@type":"BreadcrumbList","@id":"https:\/\/www.albergue-paradiso.com\/es\/politica-de-mascotas-albergue-paradiso\/#breadcrumb","itemListElement":[{"@type":"ListItem","position":1,"name":"Portada","item":"https:\/\/www.albergue-paradiso.com\/es\/"},{"@type":"ListItem","position":2,"name":"Pol\u00edtica de mascotas Albergue Paradiso"}]},{"@type":"WebSite","@id":"https:\/\/www.albergue-paradiso.com\/es\/#website","url":"https:\/\/www.albergue-paradiso.com\/es\/","name":"Albergues en Cantabria | Hostel albergue Paradiso en Cantabria","description":"","potentialAction":[{"@type":"SearchAction","target":{"@type":"EntryPoint","urlTemplate":"https:\/\/www.albergue-paradiso.com\/es\/?s={search_term_string}"},"query-input":{"@type":"PropertyValueSpecification","valueRequired":true,"valueName":"search_term_string"}}],"inLanguage":"es"}]}},"_links":{"self":[{"href":"https:\/\/www.albergue-paradiso.com\/es\/wp-json\/wp\/v2\/pages\/68","targetHints":{"allow":["GET"]}}],"collection":[{"href":"https:\/\/www.albergue-paradiso.com\/es\/wp-json\/wp\/v2\/pages"}],"about":[{"href":"https:\/\/www.albergue-paradiso.com\/es\/wp-json\/wp\/v2\/types\/page"}],"author":[{"embeddable":true,"href":"https:\/\/www.albergue-paradiso.com\/es\/wp-json\/wp\/v2\/users\/1"}],"replies":[{"embeddable":true,"href":"https:\/\/www.albergue-paradiso.com\/es\/wp-json\/wp\/v2\/comments?post=68"}],"version-history":[{"count":29,"href":"https:\/\/www.albergue-paradiso.com\/es\/wp-json\/wp\/v2\/pages\/68\/revisions"}],"predecessor-version":[{"id":30759,"href":"https:\/\/www.albergue-paradiso.com\/es\/wp-json\/wp\/v2\/pages\/68\/revisions\/30759"}],"wp:attachment":[{"href":"https:\/\/www.albergue-paradiso.com\/es\/wp-json\/wp\/v2\/media?parent=68"}],"curies":[{"name":"wp","href":"https:\/\/api.w.org\/{rel}","templated":true}]}}