{"id":64,"date":"2023-04-26T12:12:02","date_gmt":"2023-04-26T12:12:02","guid":{"rendered":"https:\/\/www.albergue-paradiso.com\/es\/?page_id=64"},"modified":"2023-06-15T16:52:00","modified_gmt":"2023-06-15T16:52:00","slug":"practicas","status":"publish","type":"page","link":"https:\/\/www.albergue-paradiso.com\/es\/practicas\/","title":{"rendered":"Pr\u00e1cticas"},"content":{"rendered":"<h2>\u00bfQuieres realizar pr\u00e1cticas en Cantabria con nosotros?<\/h2>\n<p>Si est\u00e1s realizando una formaci\u00f3n que necesita horas pr\u00e1cticas y te gusta nuestra empresa, no dudes en consultarnos y solicitar tus pr\u00e1cticas en Cantabria de:<\/p>\n<ul class=\"list-group list-group-flush\">\n    <li class=\"list-group-item\">\n       Auxiliar, monitor o Director de Tiempo Libre<\/li>\n    <li class=\"list-group-item\">\n        TSEAS\/TAFAD: t\u00e9cnico superior en ense\u00f1anza y animaci\u00f3n sociodeportiva<\/li>\n    <li class=\"list-group-item\">\n        T\u00e9cnico superior en animaci\u00f3n sociocultural y tur\u00edstica<\/li>\n <li class=\"list-group-item\">\n        Distintos cursos promovidos por empleo (como por ejemplo los cursos del servicio c\u00e1ntabro de empleo, etc.)<\/li>\n    <li class=\"list-group-item\">\n        Dinamizacion de actividades de tiempo libre educativo infantil y juvenil<\/li>\n    <li class=\"list-group-item\">\n        Turismo<\/li>\n<li class=\"list-group-item\">\n        hosteleria, etc<\/li>\n<\/ul>\n<h3 class=\"pt-3\">Tipos de pr\u00e1cticas en el Albergue Paradiso<\/h3>\n<p>Si tus pr\u00e1cticas son en ocio y tiempo libre recuerda que disponemos de dos formatos para que puedas realizarlas de la manera m\u00e1s c\u00f3moda para t\u00ed:<ul class=\"list-group list-group-flush\">\n    <li class=\"list-group-item\">\n       En formato <strong>EXTENSIVO<\/strong>: se contabiliza hora por hora con una convocatoria m\u00ednimo de 2 horas y no incluye ni alojamiento ni manutenci\u00f3n (hay que estar 15 min. antes de cada convocatoria).<\/li>\n <li class=\"list-group-item\">\n       En formato <strong>INTENSIVO<\/strong>: se permanece de forma constante en la instalaci\u00f3n durante un periodo determinado y cada d\u00eda se contabilizan 10 horas (incluye alojamiento y manutenci\u00f3n).<\/li>\n<\/ul>\n<div class=\"p-3 bg-dark text-white\">\n<p class=\"lead text-primary py-3\">Desc\u00e1rgate aqu\u00ed la Solicitud de Pr\u00e1cticas en ocio y tiempo libre y env\u00edanosla por email a trav\u00e9s del siguiente formulario.<\/p>\n\n<div class=\"wpcf7 no-js\" id=\"wpcf7-f28200-o1\" lang=\"es-ES\" dir=\"ltr\" data-wpcf7-id=\"28200\">\n<div class=\"screen-reader-response\"><p role=\"status\" aria-live=\"polite\" aria-atomic=\"true\"><\/p> <ul><\/ul><\/div>\n<form action=\"\/es\/wp-json\/wp\/v2\/pages\/64#wpcf7-f28200-o1\" method=\"post\" class=\"wpcf7-form init\" aria-label=\"Formulario de contacto\" enctype=\"multipart\/form-data\" novalidate=\"novalidate\" data-status=\"init\">\n<fieldset class=\"hidden-fields-container\"><input type=\"hidden\" name=\"_wpcf7\" value=\"28200\" \/><input type=\"hidden\" name=\"_wpcf7_version\" value=\"6.1.5\" \/><input type=\"hidden\" name=\"_wpcf7_locale\" value=\"es_ES\" \/><input type=\"hidden\" name=\"_wpcf7_unit_tag\" value=\"wpcf7-f28200-o1\" \/><input type=\"hidden\" name=\"_wpcf7_container_post\" value=\"0\" \/><input type=\"hidden\" name=\"_wpcf7_posted_data_hash\" value=\"\" \/><input type=\"hidden\" name=\"_wpcf7cf_hidden_group_fields\" value=\"[]\" \/><input type=\"hidden\" name=\"_wpcf7cf_hidden_groups\" value=\"[]\" \/><input type=\"hidden\" name=\"_wpcf7cf_visible_groups\" value=\"[]\" \/><input type=\"hidden\" name=\"_wpcf7cf_repeaters\" value=\"[]\" \/><input type=\"hidden\" name=\"_wpcf7cf_steps\" value=\"{}\" \/><input type=\"hidden\" name=\"_wpcf7cf_options\" value=\"{&quot;form_id&quot;:28200,&quot;conditions&quot;:[],&quot;settings&quot;:{&quot;animation&quot;:&quot;yes&quot;,&quot;animation_intime&quot;:200,&quot;animation_outtime&quot;:200,&quot;conditions_ui&quot;:&quot;normal&quot;,&quot;notice_dismissed&quot;:false}}\" \/><input type=\"hidden\" name=\"_wpcf7_recaptcha_response\" value=\"\" \/>\n<\/fieldset>\n<div class=\"form-row\">\n\t<div class=\"col-12 col-md-4\">\n\t\t<p><span class=\"wpcf7-form-control-wrap\" data-name=\"your-name\"><input size=\"40\" maxlength=\"400\" class=\"wpcf7-form-control wpcf7-text wpcf7-validates-as-required form-control\" aria-required=\"true\" aria-invalid=\"false\" placeholder=\"nombre*\" value=\"\" type=\"text\" name=\"your-name\" \/><\/span>\n\t\t<\/p>\n\t<\/div>\n\t<div class=\"col-12 col-md-4\">\n\t\t<p><span class=\"wpcf7-form-control-wrap\" data-name=\"telefono\"><input size=\"40\" maxlength=\"400\" class=\"wpcf7-form-control wpcf7-text wpcf7-validates-as-required form-control\" aria-required=\"true\" aria-invalid=\"false\" placeholder=\"tel\u00e9fono\" value=\"\" type=\"text\" name=\"telefono\" \/><\/span>\n\t\t<\/p>\n\t<\/div>\n\t<div class=\"col-12 col-md-4\">\n\t\t<p><span class=\"wpcf7-form-control-wrap\" data-name=\"your-email\"><input size=\"40\" maxlength=\"400\" class=\"wpcf7-form-control wpcf7-email wpcf7-validates-as-required wpcf7-text wpcf7-validates-as-email form-control\" aria-required=\"true\" aria-invalid=\"false\" placeholder=\"Email*\" value=\"\" type=\"email\" name=\"your-email\" \/><\/span>\n\t\t<\/p>\n\t<\/div>\n<\/div>\n<p>Adjunto la solicitud de pr\u00e1cticas debidamente cumplimentado y firmado (en pdf, doc, jpg...) as\u00ed como los documentos requeridos para mi expediente:\n<\/p>\n<p><strong>SOLICITUD DE PRACTICAS<\/strong>: <span class=\"wpcf7-form-control-wrap\" data-name=\"formulario\"><input size=\"40\" class=\"wpcf7-form-control wpcf7-file\" accept=\"audio\/*,video\/*,image\/*\" aria-invalid=\"false\" type=\"file\" name=\"formulario\" \/><\/span>\n<\/p>\n<p><strong>DNI solicitante<\/strong>: <span class=\"wpcf7-form-control-wrap\" data-name=\"DNI\"><input size=\"40\" class=\"wpcf7-form-control wpcf7-file\" accept=\"audio\/*,video\/*,image\/*\" aria-invalid=\"false\" type=\"file\" name=\"DNI\" \/><\/span>\n<\/p>\n<p><strong>DNI tutor legal<\/strong> (en caso menor de edad): <span class=\"wpcf7-form-control-wrap\" data-name=\"DNITUTOR\"><input size=\"40\" class=\"wpcf7-form-control wpcf7-file\" accept=\"audio\/*,video\/*,image\/*\" aria-invalid=\"false\" type=\"file\" name=\"DNITUTOR\" \/><\/span>\n<\/p>\n<p><strong>CV<\/strong> (Curriculum Vitae): <span class=\"wpcf7-form-control-wrap\" data-name=\"CV\"><input size=\"40\" class=\"wpcf7-form-control wpcf7-file\" accept=\"audio\/*,video\/*,image\/*\" aria-invalid=\"false\" type=\"file\" name=\"CV\" \/><\/span>\n<\/p>\n<div class=\"col-12\">\n\t<p><span class=\"wpcf7-form-control-wrap\" data-name=\"your-message\"><textarea cols=\"40\" rows=\"4\" maxlength=\"2000\" class=\"wpcf7-form-control wpcf7-textarea form-control\" aria-invalid=\"false\" placeholder=\"mensaje\" name=\"your-message\"><\/textarea><\/span>\n\t<\/p>\n<\/div>\n<p><span class=\"wpcf7-form-control-wrap\" data-name=\"politica\"><span class=\"wpcf7-form-control wpcf7-acceptance\"><span class=\"wpcf7-list-item\"><input type=\"checkbox\" name=\"politica\" value=\"1\" aria-invalid=\"false\" \/><\/span><\/span><\/span> Al enviar este formulario acepto la <a href=\"https:\/\/www.albergue-paradiso.com\/es\/politica-de-privacidad\/\" target=\"_blank\">pol\u00edtica de privacidad<\/a> de albergue Paradiso SL.\n<\/p>\n<p class=\"text-center\"><input class=\"wpcf7-form-control wpcf7-submit has-spinner btn btn-primary\" type=\"submit\" value=\"Enviar\" \/>\n<\/p>\n<p class=\"small\">La finalidad del tratamiento de los datos para la que usted da su consentimiento ser\u00e1 la de gestionar los datos de los clientes\/usuarios que accedan al formulario de contacto de la p\u00e1gina web de la entidad, contestar sus consultas y\/o enviar publicidad de productos o servicios que puedan ser de su inter\u00e9s. Los datos proporcionados se conservar\u00e1n mientras no solicite el cese de la actividad y no se ceder\u00e1n a terceros, salvo obligaci\u00f3n legal. Ud. tiene derecho al acceso, rectificaci\u00f3n o a solicitar su supresi\u00f3n cuando los datos ya no sean necesarios para los fines que fueron recogidos en los t\u00e9rminos previstos en la Ley, que podr\u00e1 ejercitar mediante escrito dirigido al responsable de los mismos en la direcci\u00f3n de e-Mail info@albergue-paradiso.com. Puede consultar informaci\u00f3n adicional en <a href=\"https:\/\/www.albergue-paradiso.com\/es\/aviso-legal-y-politica-de-privacidad\/\" target=\"_blank\">Pol\u00edtica de Privacidad<\/a>.\n<\/p>\n<p style=\"display: none !important;\" class=\"akismet-fields-container\" data-prefix=\"_wpcf7_ak_\"><label>&#916;<textarea name=\"_wpcf7_ak_hp_textarea\" cols=\"45\" rows=\"8\" maxlength=\"100\"><\/textarea><\/label><input type=\"hidden\" id=\"ak_js_1\" name=\"_wpcf7_ak_js\" value=\"56\"\/><script>document.getElementById( \"ak_js_1\" ).setAttribute( \"value\", ( new Date() ).getTime() );<\/script><\/p><div class=\"wpcf7-response-output\" aria-hidden=\"true\"><\/div>\n<\/form>\n<\/div>\n<\/div>\n","protected":false},"excerpt":{"rendered":"<p>\u00bfQuieres realizar pr\u00e1cticas en Cantabria con nosotros? Si est\u00e1s realizando una formaci\u00f3n que necesita horas [&hellip;]<\/p>\n","protected":false},"author":1,"featured_media":0,"parent":0,"menu_order":0,"comment_status":"closed","ping_status":"closed","template":"","meta":{"_joinchat":[],"footnotes":""},"class_list":["post-64","page","type-page","status-publish","hentry"],"acf":[],"yoast_head":"<!-- This site is optimized with the Yoast SEO plugin v27.4 - https:\/\/yoast.com\/product\/yoast-seo-wordpress\/ -->\n<title>Pr\u00e1cticas en Cantabria | Pr\u00e1cticas en el Albergue Paradiso<\/title>\n<meta name=\"description\" content=\"Pr\u00e1cticas en Cantabria en el Albergue Paradiso: monitor de tiempo libre, TSEAS\/TAFAD, TECO, hosteler\u00eda, turismo,etc..\u00a1inf\u00f3rmate!\" \/>\n<meta name=\"robots\" content=\"index, follow, max-snippet:-1, max-image-preview:large, max-video-preview:-1\" \/>\n<link rel=\"canonical\" href=\"https:\/\/www.albergue-paradiso.com\/es\/practicas\/\" \/>\n<meta property=\"og:locale\" content=\"es_ES\" \/>\n<meta property=\"og:type\" content=\"article\" \/>\n<meta property=\"og:title\" content=\"Pr\u00e1cticas en Cantabria | Pr\u00e1cticas en el Albergue Paradiso\" \/>\n<meta property=\"og:description\" content=\"Pr\u00e1cticas en Cantabria en el Albergue Paradiso: monitor de tiempo libre, TSEAS\/TAFAD, TECO, hosteler\u00eda, turismo,etc..\u00a1inf\u00f3rmate!\" \/>\n<meta property=\"og:url\" content=\"https:\/\/www.albergue-paradiso.com\/es\/practicas\/\" \/>\n<meta property=\"og:site_name\" content=\"Albergues en Cantabria | Hostel albergue Paradiso en Cantabria\" \/>\n<meta property=\"article:modified_time\" content=\"2023-06-15T16:52:00+00:00\" \/>\n<meta name=\"twitter:card\" content=\"summary_large_image\" \/>\n<meta name=\"twitter:label1\" content=\"Tiempo de lectura\" \/>\n\t<meta name=\"twitter:data1\" content=\"2 minutos\" \/>\n<script type=\"application\/ld+json\" class=\"yoast-schema-graph\">{\"@context\":\"https:\\\/\\\/schema.org\",\"@graph\":[{\"@type\":\"WebPage\",\"@id\":\"https:\\\/\\\/www.albergue-paradiso.com\\\/es\\\/practicas\\\/\",\"url\":\"https:\\\/\\\/www.albergue-paradiso.com\\\/es\\\/practicas\\\/\",\"name\":\"Pr\u00e1cticas en Cantabria | Pr\u00e1cticas en el Albergue Paradiso\",\"isPartOf\":{\"@id\":\"https:\\\/\\\/www.albergue-paradiso.com\\\/es\\\/#website\"},\"datePublished\":\"2023-04-26T12:12:02+00:00\",\"dateModified\":\"2023-06-15T16:52:00+00:00\",\"description\":\"Pr\u00e1cticas en Cantabria en el Albergue Paradiso: monitor de tiempo libre, TSEAS\\\/TAFAD, TECO, hosteler\u00eda, turismo,etc..\u00a1inf\u00f3rmate!\",\"breadcrumb\":{\"@id\":\"https:\\\/\\\/www.albergue-paradiso.com\\\/es\\\/practicas\\\/#breadcrumb\"},\"inLanguage\":\"es\",\"potentialAction\":[{\"@type\":\"ReadAction\",\"target\":[\"https:\\\/\\\/www.albergue-paradiso.com\\\/es\\\/practicas\\\/\"]}]},{\"@type\":\"BreadcrumbList\",\"@id\":\"https:\\\/\\\/www.albergue-paradiso.com\\\/es\\\/practicas\\\/#breadcrumb\",\"itemListElement\":[{\"@type\":\"ListItem\",\"position\":1,\"name\":\"Portada\",\"item\":\"https:\\\/\\\/www.albergue-paradiso.com\\\/es\\\/\"},{\"@type\":\"ListItem\",\"position\":2,\"name\":\"Pr\u00e1cticas\"}]},{\"@type\":\"WebSite\",\"@id\":\"https:\\\/\\\/www.albergue-paradiso.com\\\/es\\\/#website\",\"url\":\"https:\\\/\\\/www.albergue-paradiso.com\\\/es\\\/\",\"name\":\"Albergues en Cantabria | Hostel albergue Paradiso en Cantabria\",\"description\":\"\",\"potentialAction\":[{\"@type\":\"SearchAction\",\"target\":{\"@type\":\"EntryPoint\",\"urlTemplate\":\"https:\\\/\\\/www.albergue-paradiso.com\\\/es\\\/?s={search_term_string}\"},\"query-input\":{\"@type\":\"PropertyValueSpecification\",\"valueRequired\":true,\"valueName\":\"search_term_string\"}}],\"inLanguage\":\"es\"}]}<\/script>\n<!-- \/ Yoast SEO plugin. -->","yoast_head_json":{"title":"Pr\u00e1cticas en Cantabria | Pr\u00e1cticas en el Albergue Paradiso","description":"Pr\u00e1cticas en Cantabria en el Albergue Paradiso: monitor de tiempo libre, TSEAS\/TAFAD, TECO, hosteler\u00eda, turismo,etc..\u00a1inf\u00f3rmate!","robots":{"index":"index","follow":"follow","max-snippet":"max-snippet:-1","max-image-preview":"max-image-preview:large","max-video-preview":"max-video-preview:-1"},"canonical":"https:\/\/www.albergue-paradiso.com\/es\/practicas\/","og_locale":"es_ES","og_type":"article","og_title":"Pr\u00e1cticas en Cantabria | Pr\u00e1cticas en el Albergue Paradiso","og_description":"Pr\u00e1cticas en Cantabria en el Albergue Paradiso: monitor de tiempo libre, TSEAS\/TAFAD, TECO, hosteler\u00eda, turismo,etc..\u00a1inf\u00f3rmate!","og_url":"https:\/\/www.albergue-paradiso.com\/es\/practicas\/","og_site_name":"Albergues en Cantabria | Hostel albergue Paradiso en Cantabria","article_modified_time":"2023-06-15T16:52:00+00:00","twitter_card":"summary_large_image","twitter_misc":{"Tiempo de lectura":"2 minutos"},"schema":{"@context":"https:\/\/schema.org","@graph":[{"@type":"WebPage","@id":"https:\/\/www.albergue-paradiso.com\/es\/practicas\/","url":"https:\/\/www.albergue-paradiso.com\/es\/practicas\/","name":"Pr\u00e1cticas en Cantabria | Pr\u00e1cticas en el Albergue Paradiso","isPartOf":{"@id":"https:\/\/www.albergue-paradiso.com\/es\/#website"},"datePublished":"2023-04-26T12:12:02+00:00","dateModified":"2023-06-15T16:52:00+00:00","description":"Pr\u00e1cticas en Cantabria en el Albergue Paradiso: monitor de tiempo libre, TSEAS\/TAFAD, TECO, hosteler\u00eda, turismo,etc..\u00a1inf\u00f3rmate!","breadcrumb":{"@id":"https:\/\/www.albergue-paradiso.com\/es\/practicas\/#breadcrumb"},"inLanguage":"es","potentialAction":[{"@type":"ReadAction","target":["https:\/\/www.albergue-paradiso.com\/es\/practicas\/"]}]},{"@type":"BreadcrumbList","@id":"https:\/\/www.albergue-paradiso.com\/es\/practicas\/#breadcrumb","itemListElement":[{"@type":"ListItem","position":1,"name":"Portada","item":"https:\/\/www.albergue-paradiso.com\/es\/"},{"@type":"ListItem","position":2,"name":"Pr\u00e1cticas"}]},{"@type":"WebSite","@id":"https:\/\/www.albergue-paradiso.com\/es\/#website","url":"https:\/\/www.albergue-paradiso.com\/es\/","name":"Albergues en Cantabria | Hostel albergue Paradiso en Cantabria","description":"","potentialAction":[{"@type":"SearchAction","target":{"@type":"EntryPoint","urlTemplate":"https:\/\/www.albergue-paradiso.com\/es\/?s={search_term_string}"},"query-input":{"@type":"PropertyValueSpecification","valueRequired":true,"valueName":"search_term_string"}}],"inLanguage":"es"}]}},"_links":{"self":[{"href":"https:\/\/www.albergue-paradiso.com\/es\/wp-json\/wp\/v2\/pages\/64","targetHints":{"allow":["GET"]}}],"collection":[{"href":"https:\/\/www.albergue-paradiso.com\/es\/wp-json\/wp\/v2\/pages"}],"about":[{"href":"https:\/\/www.albergue-paradiso.com\/es\/wp-json\/wp\/v2\/types\/page"}],"author":[{"embeddable":true,"href":"https:\/\/www.albergue-paradiso.com\/es\/wp-json\/wp\/v2\/users\/1"}],"replies":[{"embeddable":true,"href":"https:\/\/www.albergue-paradiso.com\/es\/wp-json\/wp\/v2\/comments?post=64"}],"version-history":[{"count":9,"href":"https:\/\/www.albergue-paradiso.com\/es\/wp-json\/wp\/v2\/pages\/64\/revisions"}],"predecessor-version":[{"id":28204,"href":"https:\/\/www.albergue-paradiso.com\/es\/wp-json\/wp\/v2\/pages\/64\/revisions\/28204"}],"wp:attachment":[{"href":"https:\/\/www.albergue-paradiso.com\/es\/wp-json\/wp\/v2\/media?parent=64"}],"curies":[{"name":"wp","href":"https:\/\/api.w.org\/{rel}","templated":true}]}}