{"id":30817,"date":"2024-10-07T16:18:39","date_gmt":"2024-10-07T16:18:39","guid":{"rendered":"https:\/\/www.albergue-paradiso.com\/es\/?page_id=30817"},"modified":"2024-10-13T09:25:27","modified_gmt":"2024-10-13T09:25:27","slug":"geoparque-costa-quebrada","status":"publish","type":"page","link":"https:\/\/www.albergue-paradiso.com\/es\/geoparque-costa-quebrada\/","title":{"rendered":"Geoparque Costa Quebrada"},"content":{"rendered":"<div class=\"row align-items-center\">\n    <div class=\"col-md-6\">\n       <img decoding=\"async\" src=\"https:\/\/www.albergue-paradiso.com\/es\/wp-content\/uploads\/2024\/10\/geoparque paradiso unesco.jpg\" alt=\"geoparque costa quebrada cantabria unesco\" style=\"width:100%\";>&nbsp;<\/div>\n    <div class=\"col-md-6\">\n<strong>GEOPARQUE COSTA QUEBRADA<\/strong> en CANTABRIA forma parte de la <strong>Red Mundial de Geoparques UNESCO<\/strong>.<\/p>\n<p>213 Geoparques componen la red mundial en 48 pa\u00edses. En Espa\u00f1a hay 18 Geoparques.<\/p>\n<p>Los Geoparques combinan conservaci\u00f3n y desarrollo sostenible, involucrando a sus poblaciones locales; ponen en valor toda la identidad local del territorio: su patrimonio inmaterial, su cultura y sus productos locales.<\/p>\n<p><strong>Este espacio natural comprende<\/strong>:<ul class=\"list-group list-group-flush\">\n    <li class=\"list-group-item\">\n<strong>345 km<sup>2<\/sup><\/strong> entre los municipios de: Santander, Santa Cruz de Bezana, Pi\u00e9lagos, Miengo, <strong>Suances<\/strong>, Santillana del Mar, Polanco y Camargo.<\/li>\n    <li class=\"list-group-item\">\n En total corresponden <strong>270 km<sup>2<\/sup> a \u00e1reas terrestres<\/strong> y <strong>75 km<sup>2<\/sup> a \u00e1reas marinas<\/strong> circundantes, constituyendo una unidad territorial perfectamente definida y homog\u00e9nea, desde el punto de vista geol\u00f3gico, geogr\u00e1fico, hist\u00f3rico, ambiental y paisaj\u00edstico.<\/li>\n<li class=\"list-group-item\">\nEstos ocho municipios c\u00e1ntabros del Geoparque Costa Quebrada, geol\u00f3gicamente est\u00e1n dentro del Sinclinal de San Rom\u00e1n-Santillana, que afecta a <strong>materiales del Cret\u00e1cico Superior y del Pale\u00f3geno<\/strong>, y ofrecen <strong>gran variedad de formaciones que ilustran cientos, miles y millones de a\u00f1os de historia geol\u00f3gica<\/strong>. \n<p>El \u00e1rea incluye los espacios protegidos del Parque Natural de las Dunas de Liencres y Costa Quebrada, la costa de Suances, Tagle y Ubiarco, las \u00c1reas Naturales de Especial Inter\u00e9s de Pozo Tremeo y de Cuevas del Pendo y Pe\u00f1ajorao, los espacios de la Red Natura 2000 de las Dunas de Liencres y Estuarios del Pas, Espacio Marino de los Islotes de Portio-Isla Conejera-Isla de Mouro; las Dunas del Puntal y Estuario del Miera; la Cueva Roger\u00eda y el tramo final del r\u00edo Pas.<\/p><\/li>\n<\/ul>\n<p>    <\/div>\n<\/div>\n&nbsp;<div role=\"alert\" class=\"alert alert-primary text-white text-center h4\">\nAlbergue Paradiso se encuentra dentro del Geoparque Costa Quebrada entre los municipios de Suances y Santillana del Mar. <\/div>\n<h2 class=\"h6 py-2\"> Somos un alojamiento en Cantabria ideal como punto de partida para adentrarse y conocer el Geoparque Costa Quebrada, por lo que os presentamos diversas rutas por nuestro municipio y colindantes; una forma muy interesante de realizar un turismo sostenible por la zona.<\/h2>\n<div role=\"alert\" class=\"alert alert-secondary text-white text-center h5\">\n<p>Las rutas incluyen descripciones en un lenguaje f\u00e1cil de entender, con fotos y esquemas que intentan aproximar la historia geol\u00f3gica a aquellos que se acercan a realizarlas, adem\u00e1s de proporcionar un mont\u00f3n de curiosidades. <\/div>\n<div class=\"row py-3\">\n <div class=\"col-lg-3 col-md-6 text-center bg-white\">\n<h2 class=\"h6 py-2\"><a href=\"https:\/\/www.albergue-paradiso.com\/es\/geoparque-costa-quebrada-ruta-suances\/\" target=\"_blank\" rel=\"noopener noreferrer\"><strong>Ruta Suances<\/strong><\/a><\/h2>\n<p><a href=\"https:\/\/www.albergue-paradiso.com\/es\/geoparque-costa-quebrada-ruta-suances\/\" target=\"_blank\" rel=\"noopener\"><img decoding=\"async\" class=\"img-fluid\" src=\"https:\/\/www.albergue-paradiso.com\/es\/wp-content\/uploads\/2024\/10\/geoparque cq suances.jpg\" alt=\"geoparque costa quebrada suances\" style=\"width:100%;\"><\/a><\/div>\n <div class=\"col-lg-3 col-md-6 text-center bg-white\">\n<h2 class=\"h6 py-2\"><a href=\"https:\/\/www.albergue-paradiso.com\/es\/geoparque-costa-quebrada-ruta-tagle-ubiarco\/\" target=\"_blank\" rel=\"noopener noreferrer\"><strong>Ruta Tagle-Ubiarco<\/strong><\/a><\/h2>\n<p><a href=\"https:\/\/www.albergue-paradiso.com\/es\/geoparque-costa-quebrada-ruta-tagle-ubiarco\/\" target=\"_blank\" rel=\"noopener\"><img decoding=\"async\" class=\"img-fluid\" src=\"https:\/\/www.albergue-paradiso.com\/es\/wp-content\/uploads\/2024\/10\/geoparque tagle-ubiarco boton.jpg\" alt=\"geoparque costa quebrada tagle y ubiarco\" style=\"width:100%;\"><\/a><\/div>\n<div class=\"col-lg-3 col-md-6 text-center bg-white\">\n<h2 class=\"h6 py-2\"><a href=\"https:\/\/www.albergue-paradiso.com\/es\/geoparque-costa-quebrada-ruta-pozo-tremeo\/\" target=\"_blank\" rel=\"noopener noreferrer\"><strong>Ruta Pozo Tremeo (Polanco)<\/strong><\/a><\/h2>\n<p><a href=\"https:\/\/www.albergue-paradiso.com\/es\/geoparque-costa-quebrada-ruta-pozo-tremeo\/\" target=\"_blank\" rel=\"noopener\"><img decoding=\"async\" class=\"img-fluid\" src=\"https:\/\/www.albergue-paradiso.com\/es\/wp-content\/uploads\/2024\/10\/geoparque pozo tremeo.jpg\" alt=\"geoparque costa quebrada pozo tremeo polanco\" style=\"width:100%;\"><\/a><\/div>\n<div class=\"col-lg-3 col-md-6 text-center bg-white\">\n<h2 class=\"h6 py-2\"><a href=\"https:\/\/www.albergue-paradiso.com\/es\/geoparque-costa-quebrada-cueva-el-pendo\/\" target=\"_blank\" rel=\"noopener noreferrer\"><strong>Cueva El Pendo (Camargo)<\/strong><\/a><\/h2>\n<p><a href=\"https:\/\/www.albergue-paradiso.com\/es\/geoparque-costa-quebrada-cueva-el-pendo\/\" target=\"_blank\" rel=\"noopener\"><img decoding=\"async\" class=\"img-fluid\" src=\"https:\/\/www.albergue-paradiso.com\/es\/wp-content\/uploads\/2024\/10\/geoparque pendo boton.jpg\" alt=\"geoparque costa quebrada cueva el pendo selva de otro tiempo\" style=\"width:100%;\"><\/a><\/div>\n<\/div>\n<p><center><img decoding=\"async\" src=\"https:\/\/www.albergue-paradiso.com\/es\/wp-content\/uploads\/2024\/10\/mapa geologico geoparque costa quebrada.jpg\" alt=\"mapa geologico geoparque costa quebrada cantabria unesco\" style=\"width:100%;\"><\/center><\/p>\n","protected":false},"excerpt":{"rendered":"<p>&nbsp; Somos un alojamiento en Cantabria ideal como punto de partida para adentrarse y conocer [&hellip;]<\/p>\n","protected":false},"author":6,"featured_media":30879,"parent":0,"menu_order":0,"comment_status":"closed","ping_status":"closed","template":"","meta":{"_joinchat":[],"footnotes":""},"class_list":["post-30817","page","type-page","status-publish","has-post-thumbnail","hentry"],"acf":[],"yoast_head":"<!-- This site is optimized with the Yoast SEO plugin v27.4 - https:\/\/yoast.com\/product\/yoast-seo-wordpress\/ -->\n<title>Geoparque Costa Quebrada - Albergue Paradiso Cantabria<\/title>\n<meta name=\"description\" content=\"Geoparque Costa Quebrada UNESCO Cantabria; Suances uno de los municipios que componen el Geoparque y donde se encuentra el albergue Paradiso.\" \/>\n<meta name=\"robots\" content=\"index, follow, max-snippet:-1, max-image-preview:large, max-video-preview:-1\" \/>\n<link rel=\"canonical\" href=\"https:\/\/www.albergue-paradiso.com\/es\/geoparque-costa-quebrada\/\" \/>\n<meta property=\"og:locale\" content=\"es_ES\" \/>\n<meta property=\"og:type\" content=\"article\" \/>\n<meta property=\"og:title\" content=\"Geoparque Costa Quebrada - Albergue Paradiso Cantabria\" \/>\n<meta property=\"og:description\" content=\"Geoparque Costa Quebrada UNESCO Cantabria; Suances uno de los municipios que componen el Geoparque y donde se encuentra el albergue Paradiso.\" \/>\n<meta property=\"og:url\" content=\"https:\/\/www.albergue-paradiso.com\/es\/geoparque-costa-quebrada\/\" \/>\n<meta property=\"og:site_name\" content=\"Albergues en Cantabria | Hostel albergue Paradiso en Cantabria\" \/>\n<meta property=\"article:modified_time\" content=\"2024-10-13T09:25:27+00:00\" \/>\n<meta property=\"og:image\" content=\"https:\/\/www.albergue-paradiso.com\/es\/wp-content\/uploads\/2024\/10\/geoparque-paradiso-unesco.jpg\" \/>\n\t<meta property=\"og:image:width\" content=\"1807\" \/>\n\t<meta property=\"og:image:height\" content=\"2418\" \/>\n\t<meta property=\"og:image:type\" content=\"image\/jpeg\" \/>\n<meta name=\"twitter:card\" content=\"summary_large_image\" \/>\n<meta name=\"twitter:label1\" content=\"Tiempo de lectura\" \/>\n\t<meta name=\"twitter:data1\" content=\"4 minutos\" \/>\n<script type=\"application\/ld+json\" class=\"yoast-schema-graph\">{\"@context\":\"https:\\\/\\\/schema.org\",\"@graph\":[{\"@type\":\"WebPage\",\"@id\":\"https:\\\/\\\/www.albergue-paradiso.com\\\/es\\\/geoparque-costa-quebrada\\\/\",\"url\":\"https:\\\/\\\/www.albergue-paradiso.com\\\/es\\\/geoparque-costa-quebrada\\\/\",\"name\":\"Geoparque Costa Quebrada - Albergue Paradiso Cantabria\",\"isPartOf\":{\"@id\":\"https:\\\/\\\/www.albergue-paradiso.com\\\/es\\\/#website\"},\"primaryImageOfPage\":{\"@id\":\"https:\\\/\\\/www.albergue-paradiso.com\\\/es\\\/geoparque-costa-quebrada\\\/#primaryimage\"},\"image\":{\"@id\":\"https:\\\/\\\/www.albergue-paradiso.com\\\/es\\\/geoparque-costa-quebrada\\\/#primaryimage\"},\"thumbnailUrl\":\"https:\\\/\\\/www.albergue-paradiso.com\\\/es\\\/wp-content\\\/uploads\\\/2024\\\/10\\\/geoparque-paradiso-unesco.jpg\",\"datePublished\":\"2024-10-07T16:18:39+00:00\",\"dateModified\":\"2024-10-13T09:25:27+00:00\",\"description\":\"Geoparque Costa Quebrada UNESCO Cantabria; Suances uno de los municipios que componen el Geoparque y donde se encuentra el albergue Paradiso.\",\"breadcrumb\":{\"@id\":\"https:\\\/\\\/www.albergue-paradiso.com\\\/es\\\/geoparque-costa-quebrada\\\/#breadcrumb\"},\"inLanguage\":\"es\",\"potentialAction\":[{\"@type\":\"ReadAction\",\"target\":[\"https:\\\/\\\/www.albergue-paradiso.com\\\/es\\\/geoparque-costa-quebrada\\\/\"]}]},{\"@type\":\"ImageObject\",\"inLanguage\":\"es\",\"@id\":\"https:\\\/\\\/www.albergue-paradiso.com\\\/es\\\/geoparque-costa-quebrada\\\/#primaryimage\",\"url\":\"https:\\\/\\\/www.albergue-paradiso.com\\\/es\\\/wp-content\\\/uploads\\\/2024\\\/10\\\/geoparque-paradiso-unesco.jpg\",\"contentUrl\":\"https:\\\/\\\/www.albergue-paradiso.com\\\/es\\\/wp-content\\\/uploads\\\/2024\\\/10\\\/geoparque-paradiso-unesco.jpg\",\"width\":1807,\"height\":2418,\"caption\":\"rutas desde el albergue Paradiso por el Geoparque Costa Quebrada\"},{\"@type\":\"BreadcrumbList\",\"@id\":\"https:\\\/\\\/www.albergue-paradiso.com\\\/es\\\/geoparque-costa-quebrada\\\/#breadcrumb\",\"itemListElement\":[{\"@type\":\"ListItem\",\"position\":1,\"name\":\"Portada\",\"item\":\"https:\\\/\\\/www.albergue-paradiso.com\\\/es\\\/\"},{\"@type\":\"ListItem\",\"position\":2,\"name\":\"Geoparque Costa Quebrada\"}]},{\"@type\":\"WebSite\",\"@id\":\"https:\\\/\\\/www.albergue-paradiso.com\\\/es\\\/#website\",\"url\":\"https:\\\/\\\/www.albergue-paradiso.com\\\/es\\\/\",\"name\":\"Albergues en Cantabria | Hostel albergue Paradiso en Cantabria\",\"description\":\"\",\"potentialAction\":[{\"@type\":\"SearchAction\",\"target\":{\"@type\":\"EntryPoint\",\"urlTemplate\":\"https:\\\/\\\/www.albergue-paradiso.com\\\/es\\\/?s={search_term_string}\"},\"query-input\":{\"@type\":\"PropertyValueSpecification\",\"valueRequired\":true,\"valueName\":\"search_term_string\"}}],\"inLanguage\":\"es\"}]}<\/script>\n<!-- \/ Yoast SEO plugin. -->","yoast_head_json":{"title":"Geoparque Costa Quebrada - Albergue Paradiso Cantabria","description":"Geoparque Costa Quebrada UNESCO Cantabria; Suances uno de los municipios que componen el Geoparque y donde se encuentra el albergue Paradiso.","robots":{"index":"index","follow":"follow","max-snippet":"max-snippet:-1","max-image-preview":"max-image-preview:large","max-video-preview":"max-video-preview:-1"},"canonical":"https:\/\/www.albergue-paradiso.com\/es\/geoparque-costa-quebrada\/","og_locale":"es_ES","og_type":"article","og_title":"Geoparque Costa Quebrada - Albergue Paradiso Cantabria","og_description":"Geoparque Costa Quebrada UNESCO Cantabria; Suances uno de los municipios que componen el Geoparque y donde se encuentra el albergue Paradiso.","og_url":"https:\/\/www.albergue-paradiso.com\/es\/geoparque-costa-quebrada\/","og_site_name":"Albergues en Cantabria | Hostel albergue Paradiso en Cantabria","article_modified_time":"2024-10-13T09:25:27+00:00","og_image":[{"width":1807,"height":2418,"url":"https:\/\/www.albergue-paradiso.com\/es\/wp-content\/uploads\/2024\/10\/geoparque-paradiso-unesco.jpg","type":"image\/jpeg"}],"twitter_card":"summary_large_image","twitter_misc":{"Tiempo de lectura":"4 minutos"},"schema":{"@context":"https:\/\/schema.org","@graph":[{"@type":"WebPage","@id":"https:\/\/www.albergue-paradiso.com\/es\/geoparque-costa-quebrada\/","url":"https:\/\/www.albergue-paradiso.com\/es\/geoparque-costa-quebrada\/","name":"Geoparque Costa Quebrada - Albergue Paradiso Cantabria","isPartOf":{"@id":"https:\/\/www.albergue-paradiso.com\/es\/#website"},"primaryImageOfPage":{"@id":"https:\/\/www.albergue-paradiso.com\/es\/geoparque-costa-quebrada\/#primaryimage"},"image":{"@id":"https:\/\/www.albergue-paradiso.com\/es\/geoparque-costa-quebrada\/#primaryimage"},"thumbnailUrl":"https:\/\/www.albergue-paradiso.com\/es\/wp-content\/uploads\/2024\/10\/geoparque-paradiso-unesco.jpg","datePublished":"2024-10-07T16:18:39+00:00","dateModified":"2024-10-13T09:25:27+00:00","description":"Geoparque Costa Quebrada UNESCO Cantabria; Suances uno de los municipios que componen el Geoparque y donde se encuentra el albergue Paradiso.","breadcrumb":{"@id":"https:\/\/www.albergue-paradiso.com\/es\/geoparque-costa-quebrada\/#breadcrumb"},"inLanguage":"es","potentialAction":[{"@type":"ReadAction","target":["https:\/\/www.albergue-paradiso.com\/es\/geoparque-costa-quebrada\/"]}]},{"@type":"ImageObject","inLanguage":"es","@id":"https:\/\/www.albergue-paradiso.com\/es\/geoparque-costa-quebrada\/#primaryimage","url":"https:\/\/www.albergue-paradiso.com\/es\/wp-content\/uploads\/2024\/10\/geoparque-paradiso-unesco.jpg","contentUrl":"https:\/\/www.albergue-paradiso.com\/es\/wp-content\/uploads\/2024\/10\/geoparque-paradiso-unesco.jpg","width":1807,"height":2418,"caption":"rutas desde el albergue Paradiso por el Geoparque Costa Quebrada"},{"@type":"BreadcrumbList","@id":"https:\/\/www.albergue-paradiso.com\/es\/geoparque-costa-quebrada\/#breadcrumb","itemListElement":[{"@type":"ListItem","position":1,"name":"Portada","item":"https:\/\/www.albergue-paradiso.com\/es\/"},{"@type":"ListItem","position":2,"name":"Geoparque Costa Quebrada"}]},{"@type":"WebSite","@id":"https:\/\/www.albergue-paradiso.com\/es\/#website","url":"https:\/\/www.albergue-paradiso.com\/es\/","name":"Albergues en Cantabria | Hostel albergue Paradiso en Cantabria","description":"","potentialAction":[{"@type":"SearchAction","target":{"@type":"EntryPoint","urlTemplate":"https:\/\/www.albergue-paradiso.com\/es\/?s={search_term_string}"},"query-input":{"@type":"PropertyValueSpecification","valueRequired":true,"valueName":"search_term_string"}}],"inLanguage":"es"}]}},"_links":{"self":[{"href":"https:\/\/www.albergue-paradiso.com\/es\/wp-json\/wp\/v2\/pages\/30817","targetHints":{"allow":["GET"]}}],"collection":[{"href":"https:\/\/www.albergue-paradiso.com\/es\/wp-json\/wp\/v2\/pages"}],"about":[{"href":"https:\/\/www.albergue-paradiso.com\/es\/wp-json\/wp\/v2\/types\/page"}],"author":[{"embeddable":true,"href":"https:\/\/www.albergue-paradiso.com\/es\/wp-json\/wp\/v2\/users\/6"}],"replies":[{"embeddable":true,"href":"https:\/\/www.albergue-paradiso.com\/es\/wp-json\/wp\/v2\/comments?post=30817"}],"version-history":[{"count":59,"href":"https:\/\/www.albergue-paradiso.com\/es\/wp-json\/wp\/v2\/pages\/30817\/revisions"}],"predecessor-version":[{"id":31242,"href":"https:\/\/www.albergue-paradiso.com\/es\/wp-json\/wp\/v2\/pages\/30817\/revisions\/31242"}],"wp:featuredmedia":[{"embeddable":true,"href":"https:\/\/www.albergue-paradiso.com\/es\/wp-json\/wp\/v2\/media\/30879"}],"wp:attachment":[{"href":"https:\/\/www.albergue-paradiso.com\/es\/wp-json\/wp\/v2\/media?parent=30817"}],"curies":[{"name":"wp","href":"https:\/\/api.w.org\/{rel}","templated":true}]}}