{"id":29191,"date":"2023-07-17T18:00:00","date_gmt":"2023-07-17T18:00:00","guid":{"rendered":"https:\/\/www.albergue-paradiso.com\/es\/?page_id=29191"},"modified":"2023-07-27T13:59:34","modified_gmt":"2023-07-27T13:59:34","slug":"descuentos-con-carne-de-alberguista-en-albergue-paradiso","status":"publish","type":"page","link":"https:\/\/www.albergue-paradiso.com\/es\/descuentos-con-carne-de-alberguista-en-albergue-paradiso\/","title":{"rendered":"Descuentos con carn\u00e9 de alberguista en albergue Paradiso"},"content":{"rendered":"<div class=\"row align-items-center\">\n    <div class=\"col-lg-6\">\n<p class=\"py-2\"><a href=\"https:\/\/www.albergue-paradiso.com\/es\/reaj\/\" class=\"btn btn-primary btn-block\"><i class=\"fas fa-shopping-cart\"><\/i> COMPRAR CARN\u00c9<\/a><\/p>\n<p class=\"py-2\"><a href=\"https:\/\/www.albergue-paradiso.com\/es\/reaj\/\" class=\"btn btn-outline-primary btn-block\">REAJ-HI<\/a><\/p>\n<p class=\"py-2\"><a href=\"https:\/\/www.albergue-paradiso.com\/es\/hostelpacks\/\" class=\"btn btn-primary btn-block\">HOSTEL PACKS <\/a><\/p>\n<p class=\"py-2\"><a href=\"https:\/\/www.albergue-paradiso.com\/es\/carne-alberguista\/\" class=\"btn btn-outline-primary btn-block\">CARN\u00c9 ALBERGUISTA<\/a><\/p>\n<p>    <\/div>\n    <div class=\"col-lg-6 text-center\">\n<a href=\"https:\/\/www.albergue-paradiso.com\/es\/carne-alberguista\/\">        <img decoding=\"async\" src=\"https:\/\/www.albergue-paradiso.com\/es\/wp-content\/uploads\/2023\/07\/descuentos-carne-web.jpg\" alt=\"descuentos carnet de alberguista\" class=\"img-fluid\"><\/a><\/div>\n<\/div>\n<h3 class=\"py-3 text-center\">Durante 2021, Consigue tu carn\u00e9 f\u00edsico <strong>GRATIS<\/strong> aloj\u00e1ndote 2 noches en Hostel albergue Paradiso (hasta fin de existencias); si ya dispones de carn\u00e9, disfruta de la ventaja de toallas o ropa de cama gratis o 10% descuento si vienes en tu coche 100% el\u00e9ctrico (no acumlable con otras ofertas o promociones).<\/h3>\n","protected":false},"excerpt":{"rendered":"<p>Durante 2021, Consigue tu carn\u00e9 f\u00edsico GRATIS aloj\u00e1ndote 2 noches en Hostel albergue Paradiso (hasta [&hellip;]<\/p>\n","protected":false},"author":1,"featured_media":0,"parent":0,"menu_order":0,"comment_status":"closed","ping_status":"closed","template":"","meta":{"_joinchat":[],"footnotes":""},"class_list":["post-29191","page","type-page","status-publish","hentry"],"acf":[],"yoast_head":"<!-- This site is optimized with the Yoast SEO plugin v27.4 - https:\/\/yoast.com\/product\/yoast-seo-wordpress\/ -->\n<title>Descuentos con carn\u00e9 de alberguista REAJ en Cantabria<\/title>\n<meta name=\"description\" content=\"Descuentos para particulares y familias con el carn\u00e9 de alberguista REAJ en Cantabria. Descuentos en el albergue Paradiso (Suances-Cantabria)\" \/>\n<meta name=\"robots\" content=\"index, follow, max-snippet:-1, max-image-preview:large, max-video-preview:-1\" \/>\n<link rel=\"canonical\" href=\"https:\/\/www.albergue-paradiso.com\/es\/descuentos-con-carne-de-alberguista-en-albergue-paradiso\/\" \/>\n<meta property=\"og:locale\" content=\"es_ES\" \/>\n<meta property=\"og:type\" content=\"article\" \/>\n<meta property=\"og:title\" content=\"Descuentos con carn\u00e9 de alberguista REAJ en Cantabria\" \/>\n<meta property=\"og:description\" content=\"Descuentos para particulares y familias con el carn\u00e9 de alberguista REAJ en Cantabria. Descuentos en el albergue Paradiso (Suances-Cantabria)\" \/>\n<meta property=\"og:url\" content=\"https:\/\/www.albergue-paradiso.com\/es\/descuentos-con-carne-de-alberguista-en-albergue-paradiso\/\" \/>\n<meta property=\"og:site_name\" content=\"Albergues en Cantabria | Hostel albergue Paradiso en Cantabria\" \/>\n<meta property=\"article:modified_time\" content=\"2023-07-27T13:59:34+00:00\" \/>\n<meta property=\"og:image\" content=\"https:\/\/www.albergue-paradiso.com\/es\/wp-content\/uploads\/2023\/07\/descuentos-carne-web.jpg\" \/>\n<meta name=\"twitter:card\" content=\"summary_large_image\" \/>\n<meta name=\"twitter:label1\" content=\"Tiempo de lectura\" \/>\n\t<meta name=\"twitter:data1\" content=\"1 minuto\" \/>\n<script type=\"application\/ld+json\" class=\"yoast-schema-graph\">{\"@context\":\"https:\\\/\\\/schema.org\",\"@graph\":[{\"@type\":\"WebPage\",\"@id\":\"https:\\\/\\\/www.albergue-paradiso.com\\\/es\\\/descuentos-con-carne-de-alberguista-en-albergue-paradiso\\\/\",\"url\":\"https:\\\/\\\/www.albergue-paradiso.com\\\/es\\\/descuentos-con-carne-de-alberguista-en-albergue-paradiso\\\/\",\"name\":\"Descuentos con carn\u00e9 de alberguista REAJ en Cantabria\",\"isPartOf\":{\"@id\":\"https:\\\/\\\/www.albergue-paradiso.com\\\/es\\\/#website\"},\"primaryImageOfPage\":{\"@id\":\"https:\\\/\\\/www.albergue-paradiso.com\\\/es\\\/descuentos-con-carne-de-alberguista-en-albergue-paradiso\\\/#primaryimage\"},\"image\":{\"@id\":\"https:\\\/\\\/www.albergue-paradiso.com\\\/es\\\/descuentos-con-carne-de-alberguista-en-albergue-paradiso\\\/#primaryimage\"},\"thumbnailUrl\":\"https:\\\/\\\/www.albergue-paradiso.com\\\/es\\\/wp-content\\\/uploads\\\/2023\\\/07\\\/descuentos-carne-web.jpg\",\"datePublished\":\"2023-07-17T18:00:00+00:00\",\"dateModified\":\"2023-07-27T13:59:34+00:00\",\"description\":\"Descuentos para particulares y familias con el carn\u00e9 de alberguista REAJ en Cantabria. Descuentos en el albergue Paradiso (Suances-Cantabria)\",\"breadcrumb\":{\"@id\":\"https:\\\/\\\/www.albergue-paradiso.com\\\/es\\\/descuentos-con-carne-de-alberguista-en-albergue-paradiso\\\/#breadcrumb\"},\"inLanguage\":\"es\",\"potentialAction\":[{\"@type\":\"ReadAction\",\"target\":[\"https:\\\/\\\/www.albergue-paradiso.com\\\/es\\\/descuentos-con-carne-de-alberguista-en-albergue-paradiso\\\/\"]}]},{\"@type\":\"ImageObject\",\"inLanguage\":\"es\",\"@id\":\"https:\\\/\\\/www.albergue-paradiso.com\\\/es\\\/descuentos-con-carne-de-alberguista-en-albergue-paradiso\\\/#primaryimage\",\"url\":\"https:\\\/\\\/www.albergue-paradiso.com\\\/es\\\/wp-content\\\/uploads\\\/2023\\\/07\\\/descuentos-carne-web.jpg\",\"contentUrl\":\"https:\\\/\\\/www.albergue-paradiso.com\\\/es\\\/wp-content\\\/uploads\\\/2023\\\/07\\\/descuentos-carne-web.jpg\",\"width\":600,\"height\":424},{\"@type\":\"BreadcrumbList\",\"@id\":\"https:\\\/\\\/www.albergue-paradiso.com\\\/es\\\/descuentos-con-carne-de-alberguista-en-albergue-paradiso\\\/#breadcrumb\",\"itemListElement\":[{\"@type\":\"ListItem\",\"position\":1,\"name\":\"Portada\",\"item\":\"https:\\\/\\\/www.albergue-paradiso.com\\\/es\\\/\"},{\"@type\":\"ListItem\",\"position\":2,\"name\":\"Descuentos con carn\u00e9 de alberguista en albergue Paradiso\"}]},{\"@type\":\"WebSite\",\"@id\":\"https:\\\/\\\/www.albergue-paradiso.com\\\/es\\\/#website\",\"url\":\"https:\\\/\\\/www.albergue-paradiso.com\\\/es\\\/\",\"name\":\"Albergues en Cantabria | Hostel albergue Paradiso en Cantabria\",\"description\":\"\",\"potentialAction\":[{\"@type\":\"SearchAction\",\"target\":{\"@type\":\"EntryPoint\",\"urlTemplate\":\"https:\\\/\\\/www.albergue-paradiso.com\\\/es\\\/?s={search_term_string}\"},\"query-input\":{\"@type\":\"PropertyValueSpecification\",\"valueRequired\":true,\"valueName\":\"search_term_string\"}}],\"inLanguage\":\"es\"}]}<\/script>\n<!-- \/ Yoast SEO plugin. -->","yoast_head_json":{"title":"Descuentos con carn\u00e9 de alberguista REAJ en Cantabria","description":"Descuentos para particulares y familias con el carn\u00e9 de alberguista REAJ en Cantabria. Descuentos en el albergue Paradiso (Suances-Cantabria)","robots":{"index":"index","follow":"follow","max-snippet":"max-snippet:-1","max-image-preview":"max-image-preview:large","max-video-preview":"max-video-preview:-1"},"canonical":"https:\/\/www.albergue-paradiso.com\/es\/descuentos-con-carne-de-alberguista-en-albergue-paradiso\/","og_locale":"es_ES","og_type":"article","og_title":"Descuentos con carn\u00e9 de alberguista REAJ en Cantabria","og_description":"Descuentos para particulares y familias con el carn\u00e9 de alberguista REAJ en Cantabria. Descuentos en el albergue Paradiso (Suances-Cantabria)","og_url":"https:\/\/www.albergue-paradiso.com\/es\/descuentos-con-carne-de-alberguista-en-albergue-paradiso\/","og_site_name":"Albergues en Cantabria | Hostel albergue Paradiso en Cantabria","article_modified_time":"2023-07-27T13:59:34+00:00","og_image":[{"url":"https:\/\/www.albergue-paradiso.com\/es\/wp-content\/uploads\/2023\/07\/descuentos-carne-web.jpg","type":"","width":"","height":""}],"twitter_card":"summary_large_image","twitter_misc":{"Tiempo de lectura":"1 minuto"},"schema":{"@context":"https:\/\/schema.org","@graph":[{"@type":"WebPage","@id":"https:\/\/www.albergue-paradiso.com\/es\/descuentos-con-carne-de-alberguista-en-albergue-paradiso\/","url":"https:\/\/www.albergue-paradiso.com\/es\/descuentos-con-carne-de-alberguista-en-albergue-paradiso\/","name":"Descuentos con carn\u00e9 de alberguista REAJ en Cantabria","isPartOf":{"@id":"https:\/\/www.albergue-paradiso.com\/es\/#website"},"primaryImageOfPage":{"@id":"https:\/\/www.albergue-paradiso.com\/es\/descuentos-con-carne-de-alberguista-en-albergue-paradiso\/#primaryimage"},"image":{"@id":"https:\/\/www.albergue-paradiso.com\/es\/descuentos-con-carne-de-alberguista-en-albergue-paradiso\/#primaryimage"},"thumbnailUrl":"https:\/\/www.albergue-paradiso.com\/es\/wp-content\/uploads\/2023\/07\/descuentos-carne-web.jpg","datePublished":"2023-07-17T18:00:00+00:00","dateModified":"2023-07-27T13:59:34+00:00","description":"Descuentos para particulares y familias con el carn\u00e9 de alberguista REAJ en Cantabria. Descuentos en el albergue Paradiso (Suances-Cantabria)","breadcrumb":{"@id":"https:\/\/www.albergue-paradiso.com\/es\/descuentos-con-carne-de-alberguista-en-albergue-paradiso\/#breadcrumb"},"inLanguage":"es","potentialAction":[{"@type":"ReadAction","target":["https:\/\/www.albergue-paradiso.com\/es\/descuentos-con-carne-de-alberguista-en-albergue-paradiso\/"]}]},{"@type":"ImageObject","inLanguage":"es","@id":"https:\/\/www.albergue-paradiso.com\/es\/descuentos-con-carne-de-alberguista-en-albergue-paradiso\/#primaryimage","url":"https:\/\/www.albergue-paradiso.com\/es\/wp-content\/uploads\/2023\/07\/descuentos-carne-web.jpg","contentUrl":"https:\/\/www.albergue-paradiso.com\/es\/wp-content\/uploads\/2023\/07\/descuentos-carne-web.jpg","width":600,"height":424},{"@type":"BreadcrumbList","@id":"https:\/\/www.albergue-paradiso.com\/es\/descuentos-con-carne-de-alberguista-en-albergue-paradiso\/#breadcrumb","itemListElement":[{"@type":"ListItem","position":1,"name":"Portada","item":"https:\/\/www.albergue-paradiso.com\/es\/"},{"@type":"ListItem","position":2,"name":"Descuentos con carn\u00e9 de alberguista en albergue Paradiso"}]},{"@type":"WebSite","@id":"https:\/\/www.albergue-paradiso.com\/es\/#website","url":"https:\/\/www.albergue-paradiso.com\/es\/","name":"Albergues en Cantabria | Hostel albergue Paradiso en Cantabria","description":"","potentialAction":[{"@type":"SearchAction","target":{"@type":"EntryPoint","urlTemplate":"https:\/\/www.albergue-paradiso.com\/es\/?s={search_term_string}"},"query-input":{"@type":"PropertyValueSpecification","valueRequired":true,"valueName":"search_term_string"}}],"inLanguage":"es"}]}},"_links":{"self":[{"href":"https:\/\/www.albergue-paradiso.com\/es\/wp-json\/wp\/v2\/pages\/29191","targetHints":{"allow":["GET"]}}],"collection":[{"href":"https:\/\/www.albergue-paradiso.com\/es\/wp-json\/wp\/v2\/pages"}],"about":[{"href":"https:\/\/www.albergue-paradiso.com\/es\/wp-json\/wp\/v2\/types\/page"}],"author":[{"embeddable":true,"href":"https:\/\/www.albergue-paradiso.com\/es\/wp-json\/wp\/v2\/users\/1"}],"replies":[{"embeddable":true,"href":"https:\/\/www.albergue-paradiso.com\/es\/wp-json\/wp\/v2\/comments?post=29191"}],"version-history":[{"count":7,"href":"https:\/\/www.albergue-paradiso.com\/es\/wp-json\/wp\/v2\/pages\/29191\/revisions"}],"predecessor-version":[{"id":29502,"href":"https:\/\/www.albergue-paradiso.com\/es\/wp-json\/wp\/v2\/pages\/29191\/revisions\/29502"}],"wp:attachment":[{"href":"https:\/\/www.albergue-paradiso.com\/es\/wp-json\/wp\/v2\/media?parent=29191"}],"curies":[{"name":"wp","href":"https:\/\/api.w.org\/{rel}","templated":true}]}}