{"id":29185,"date":"2023-07-17T17:56:04","date_gmt":"2023-07-17T17:56:04","guid":{"rendered":"https:\/\/www.albergue-paradiso.com\/es\/?page_id=29185"},"modified":"2023-07-31T14:37:25","modified_gmt":"2023-07-31T14:37:25","slug":"reaj","status":"publish","type":"page","link":"https:\/\/www.albergue-paradiso.com\/es\/reaj\/","title":{"rendered":"Incorporaci\u00f3n de albergue Paradiso en REAJ y Hihostels"},"content":{"rendered":"<div class=\"row\">\n    <div class=\"col-md-4\">\n<p class=\"py-2\"><a href=\"https:\/\/www.albergue-paradiso.com\/es\/descuentos-con-carne-de-alberguista-en-albergue-paradiso\/\" class=\"btn btn-outline-primary btn-block\">DESCUENTOS<\/a><\/p>\n<p>    <\/div>\n    <div class=\"col-md-4\">\n<p class=\"py-2\"><a href=\"https:\/\/www.albergue-paradiso.com\/es\/hostelpacks\/\" class=\"btn btn-primary btn-block\">HOSTEL PACKS <\/a><\/p>\n<p>    <\/div>\n <div class=\"col-md-4\">\n<p class=\"py-2\"><a href=\"https:\/\/www.albergue-paradiso.com\/es\/carne-alberguista\/\" class=\"btn btn-outline-primary btn-block\">CARN\u00c9 ALBERGUISTA<\/a><\/p>\n<p>    <\/div>\n<\/div>\n<h3 class=\"py-3\"><strong>Albergue Paradiso forma tambi\u00e9n parte de la Red Espa\u00f1ola de Albergues Juveniles (REAJ) y Hosteling Internacional Espa\u00f1a (HI).<\/strong><\/h3>\n<h5 class=\"h6\">Se trata de la mayor red mundial de albergues seguros, limpios y acogedores con cerca de 4.000 albergues distribuidos por todo el mundo ( aproximadamente 260 est\u00e1n en Espa\u00f1a).<\/5><\/p>\n<h5 class=\"h6\"><strong>Los albergues de la REAJ cubren los principales destinos tur\u00edsticos y las ciudades m\u00e1s importantes de Espa\u00f1a; est\u00e1n localizados en lugares que ofrecen grandes posibilidades para la pr\u00e1ctica de actividades de ocio y tiempo libre, deportivas, culturales y medioambientales.<\/strong><\/h5>\n<h5 class=\"h6\">Hoy en d\u00eda, el alberguismo es una opci\u00f3n de turismo activo, cultural, deportivo y de convivencia elegido por millones de usuarios.<\/h5>\n<h5 class=\"h6\">Los albergues juveniles son mucho m\u00e1s que simplemente un lugar donde alojarse; son la base perfecta para descubrir nuevos lugares, aprender diferentes culturas y hacer amistades duraderas.<\/h5>\n<h5 class=\"h6\">Un albergue juvenil es algo m\u00e1s que un hotel. Est\u00e1 concebido para facilitar que los j\u00f3venes de diferentes nacionalidades, culturas y condiciones sociales, puedan encontrase en un ambiente informal, intercambiar experiencias, aprender a conocerse a s\u00ed mismos y a los dem\u00e1s, y descubrir el lugar en el que se encuentran.<\/h5>\n<h5 class=\"h6\">Los albergues juveniles ofrecen habitaciones de diferente capacidad con la finalidad de adaptarse lo mejor posible a las distintas demandas de los alberguistas; por este motivo es posible encontrar habitaciones de 2, 3, 4 o m\u00e1s plazas, muchas con ba\u00f1o propio, \u00e1reas de recepci\u00f3n abiertas para que resulten m\u00e1s acogedores y atractivas, zonas comunes en las que encontrase, comer y relajarse. Adem\u00e1s casi todos los albergues de REAJ disponen de TV y de instalaciones adecuadas para realizar reuniones, talleres, etc\u2026<\/h5>\n<h5 class=\"h6\">Si quieres alojarte en uno de los 260 albergues juveniles de Espa\u00f1a, consulta el mapa REAJ y consigue el Carn\u00e9 de Alberguista que te permitir\u00e1 pernoctar en los albergues nacionales e internacionales adheridos a Hostelling International y acceder a numerosos descuentos en las tarifas de museos y centros culturales, servicios de viaje, actividades de ocio\u2026<\/h5>\n<h5 class=\"h6\"><strong>Ahora Albergue Paradiso es tambi\u00e9n un punto de venta de Carnets de Alberguista por lo que puedes conseguirlo en nuestras instalaciones de Hinojedo (Suances) Cantabria.<\/strong><\/h5>\n<h5 class=\"h6\">Los carnets est\u00e1n dirigidos a todo tipo de p\u00fablico sin l\u00edmite de edad, ya sean j\u00f3venes (menores de 30 a\u00f1os), adultos (30 y m\u00e1s a\u00f1os), familias o grupos.<\/h5>\n<h5 class=\"h6\">Actualmente existen en el mundo 4 millones de alberguistas con carn\u00e9 de alberguista en uso y cada a\u00f1o en los 260 albergues de REAJ hay m\u00e1s de 3 millones de pernoctaciones.<\/h5>\n<h3 class=\"text-primary py-3\"><strong>N\u00famero de socios alberguistas:<\/strong><\/h3>\n<ul class=\"list-unstyled\">\n<li>\nRed Nacional de Albergues: 100.000 socios<\/span>\n<\/li>\n<li>\nRed Internacional de Albergues: 4 millones de socios\n<\/li>\n<\/ul>\n<p class=\"text-center py-3\"><a class=\"btn btn-primary\" href=\"https:\/\/p.reaj.com\/reaj\/subscriptions\/recepcion-albergues-reaj?r=paradiso\" target=\"_blank\" rel=\"noopener noreferrer\"><i class=\"fas fa-shopping-cart\"><\/i> COMPRAR CARN\u00c9<\/a><\/p>\n","protected":false},"excerpt":{"rendered":"<p>Albergue Paradiso forma tambi\u00e9n parte de la Red Espa\u00f1ola de Albergues Juveniles (REAJ) y Hosteling [&hellip;]<\/p>\n","protected":false},"author":1,"featured_media":0,"parent":0,"menu_order":0,"comment_status":"closed","ping_status":"closed","template":"","meta":{"_joinchat":[],"footnotes":""},"class_list":["post-29185","page","type-page","status-publish","hentry"],"acf":[],"yoast_head":"<!-- This site is optimized with the Yoast SEO plugin v27.4 - https:\/\/yoast.com\/product\/yoast-seo-wordpress\/ -->\n<title>Albergue Paradiso en la REAJ y Hostelling International Espa\u00f1a<\/title>\n<meta name=\"description\" content=\"El albergue Paradiso en Cantabria ya forma parte de la Red Espa\u00f1ola de Albergues Juveniles (REAJ) y Hosteling Internacional Espa\u00f1a (HI).\" \/>\n<meta name=\"robots\" content=\"index, follow, max-snippet:-1, max-image-preview:large, max-video-preview:-1\" \/>\n<link rel=\"canonical\" href=\"https:\/\/www.albergue-paradiso.com\/es\/reaj\/\" \/>\n<meta property=\"og:locale\" content=\"es_ES\" \/>\n<meta property=\"og:type\" content=\"article\" \/>\n<meta property=\"og:title\" content=\"Albergue Paradiso en la REAJ y Hostelling International Espa\u00f1a\" \/>\n<meta property=\"og:description\" content=\"El albergue Paradiso en Cantabria ya forma parte de la Red Espa\u00f1ola de Albergues Juveniles (REAJ) y Hosteling Internacional Espa\u00f1a (HI).\" \/>\n<meta property=\"og:url\" content=\"https:\/\/www.albergue-paradiso.com\/es\/reaj\/\" \/>\n<meta property=\"og:site_name\" content=\"Albergues en Cantabria | Hostel albergue Paradiso en Cantabria\" \/>\n<meta property=\"article:modified_time\" content=\"2023-07-31T14:37:25+00:00\" \/>\n<meta name=\"twitter:card\" content=\"summary_large_image\" \/>\n<meta name=\"twitter:label1\" content=\"Tiempo de lectura\" \/>\n\t<meta name=\"twitter:data1\" content=\"3 minutos\" \/>\n<script type=\"application\/ld+json\" class=\"yoast-schema-graph\">{\"@context\":\"https:\\\/\\\/schema.org\",\"@graph\":[{\"@type\":\"WebPage\",\"@id\":\"https:\\\/\\\/www.albergue-paradiso.com\\\/es\\\/reaj\\\/\",\"url\":\"https:\\\/\\\/www.albergue-paradiso.com\\\/es\\\/reaj\\\/\",\"name\":\"Albergue Paradiso en la REAJ y Hostelling International Espa\u00f1a\",\"isPartOf\":{\"@id\":\"https:\\\/\\\/www.albergue-paradiso.com\\\/es\\\/#website\"},\"datePublished\":\"2023-07-17T17:56:04+00:00\",\"dateModified\":\"2023-07-31T14:37:25+00:00\",\"description\":\"El albergue Paradiso en Cantabria ya forma parte de la Red Espa\u00f1ola de Albergues Juveniles (REAJ) y Hosteling Internacional Espa\u00f1a (HI).\",\"breadcrumb\":{\"@id\":\"https:\\\/\\\/www.albergue-paradiso.com\\\/es\\\/reaj\\\/#breadcrumb\"},\"inLanguage\":\"es\",\"potentialAction\":[{\"@type\":\"ReadAction\",\"target\":[\"https:\\\/\\\/www.albergue-paradiso.com\\\/es\\\/reaj\\\/\"]}]},{\"@type\":\"BreadcrumbList\",\"@id\":\"https:\\\/\\\/www.albergue-paradiso.com\\\/es\\\/reaj\\\/#breadcrumb\",\"itemListElement\":[{\"@type\":\"ListItem\",\"position\":1,\"name\":\"Portada\",\"item\":\"https:\\\/\\\/www.albergue-paradiso.com\\\/es\\\/\"},{\"@type\":\"ListItem\",\"position\":2,\"name\":\"Incorporaci\u00f3n de albergue Paradiso en REAJ y Hihostels\"}]},{\"@type\":\"WebSite\",\"@id\":\"https:\\\/\\\/www.albergue-paradiso.com\\\/es\\\/#website\",\"url\":\"https:\\\/\\\/www.albergue-paradiso.com\\\/es\\\/\",\"name\":\"Albergues en Cantabria | Hostel albergue Paradiso en Cantabria\",\"description\":\"\",\"potentialAction\":[{\"@type\":\"SearchAction\",\"target\":{\"@type\":\"EntryPoint\",\"urlTemplate\":\"https:\\\/\\\/www.albergue-paradiso.com\\\/es\\\/?s={search_term_string}\"},\"query-input\":{\"@type\":\"PropertyValueSpecification\",\"valueRequired\":true,\"valueName\":\"search_term_string\"}}],\"inLanguage\":\"es\"}]}<\/script>\n<!-- \/ Yoast SEO plugin. -->","yoast_head_json":{"title":"Albergue Paradiso en la REAJ y Hostelling International Espa\u00f1a","description":"El albergue Paradiso en Cantabria ya forma parte de la Red Espa\u00f1ola de Albergues Juveniles (REAJ) y Hosteling Internacional Espa\u00f1a (HI).","robots":{"index":"index","follow":"follow","max-snippet":"max-snippet:-1","max-image-preview":"max-image-preview:large","max-video-preview":"max-video-preview:-1"},"canonical":"https:\/\/www.albergue-paradiso.com\/es\/reaj\/","og_locale":"es_ES","og_type":"article","og_title":"Albergue Paradiso en la REAJ y Hostelling International Espa\u00f1a","og_description":"El albergue Paradiso en Cantabria ya forma parte de la Red Espa\u00f1ola de Albergues Juveniles (REAJ) y Hosteling Internacional Espa\u00f1a (HI).","og_url":"https:\/\/www.albergue-paradiso.com\/es\/reaj\/","og_site_name":"Albergues en Cantabria | Hostel albergue Paradiso en Cantabria","article_modified_time":"2023-07-31T14:37:25+00:00","twitter_card":"summary_large_image","twitter_misc":{"Tiempo de lectura":"3 minutos"},"schema":{"@context":"https:\/\/schema.org","@graph":[{"@type":"WebPage","@id":"https:\/\/www.albergue-paradiso.com\/es\/reaj\/","url":"https:\/\/www.albergue-paradiso.com\/es\/reaj\/","name":"Albergue Paradiso en la REAJ y Hostelling International Espa\u00f1a","isPartOf":{"@id":"https:\/\/www.albergue-paradiso.com\/es\/#website"},"datePublished":"2023-07-17T17:56:04+00:00","dateModified":"2023-07-31T14:37:25+00:00","description":"El albergue Paradiso en Cantabria ya forma parte de la Red Espa\u00f1ola de Albergues Juveniles (REAJ) y Hosteling Internacional Espa\u00f1a (HI).","breadcrumb":{"@id":"https:\/\/www.albergue-paradiso.com\/es\/reaj\/#breadcrumb"},"inLanguage":"es","potentialAction":[{"@type":"ReadAction","target":["https:\/\/www.albergue-paradiso.com\/es\/reaj\/"]}]},{"@type":"BreadcrumbList","@id":"https:\/\/www.albergue-paradiso.com\/es\/reaj\/#breadcrumb","itemListElement":[{"@type":"ListItem","position":1,"name":"Portada","item":"https:\/\/www.albergue-paradiso.com\/es\/"},{"@type":"ListItem","position":2,"name":"Incorporaci\u00f3n de albergue Paradiso en REAJ y Hihostels"}]},{"@type":"WebSite","@id":"https:\/\/www.albergue-paradiso.com\/es\/#website","url":"https:\/\/www.albergue-paradiso.com\/es\/","name":"Albergues en Cantabria | Hostel albergue Paradiso en Cantabria","description":"","potentialAction":[{"@type":"SearchAction","target":{"@type":"EntryPoint","urlTemplate":"https:\/\/www.albergue-paradiso.com\/es\/?s={search_term_string}"},"query-input":{"@type":"PropertyValueSpecification","valueRequired":true,"valueName":"search_term_string"}}],"inLanguage":"es"}]}},"_links":{"self":[{"href":"https:\/\/www.albergue-paradiso.com\/es\/wp-json\/wp\/v2\/pages\/29185","targetHints":{"allow":["GET"]}}],"collection":[{"href":"https:\/\/www.albergue-paradiso.com\/es\/wp-json\/wp\/v2\/pages"}],"about":[{"href":"https:\/\/www.albergue-paradiso.com\/es\/wp-json\/wp\/v2\/types\/page"}],"author":[{"embeddable":true,"href":"https:\/\/www.albergue-paradiso.com\/es\/wp-json\/wp\/v2\/users\/1"}],"replies":[{"embeddable":true,"href":"https:\/\/www.albergue-paradiso.com\/es\/wp-json\/wp\/v2\/comments?post=29185"}],"version-history":[{"count":9,"href":"https:\/\/www.albergue-paradiso.com\/es\/wp-json\/wp\/v2\/pages\/29185\/revisions"}],"predecessor-version":[{"id":29757,"href":"https:\/\/www.albergue-paradiso.com\/es\/wp-json\/wp\/v2\/pages\/29185\/revisions\/29757"}],"wp:attachment":[{"href":"https:\/\/www.albergue-paradiso.com\/es\/wp-json\/wp\/v2\/media?parent=29185"}],"curies":[{"name":"wp","href":"https:\/\/api.w.org\/{rel}","templated":true}]}}