{"id":29167,"date":"2023-07-17T17:30:02","date_gmt":"2023-07-17T17:30:02","guid":{"rendered":"https:\/\/www.albergue-paradiso.com\/es\/?page_id=29167"},"modified":"2023-07-27T13:49:49","modified_gmt":"2023-07-27T13:49:49","slug":"carne-alberguista","status":"publish","type":"page","link":"https:\/\/www.albergue-paradiso.com\/es\/carne-alberguista\/","title":{"rendered":"Carn\u00e9 alberguista"},"content":{"rendered":"<div class=\"row\">\n    <div class=\"col-md-6\">       <\/p>\n<p class=\"h4\"><i class=\"fas fa-quote-left\"><\/i><strong> \u00a1A qu\u00e9 esperas para adquirirlo! <\/strong>Podr\u00e1s acceder a los 300 albergues de toda Espa\u00f1a y m\u00e1s de 4.000 albergues en el resto del mundo.<i class=\"fas fa-quote-right\"><\/i>\n<h4>4 millones de alberguistas ya disfrutan de sus ventajas: miles de <a title=\"Descuentos\" href=\"http:\/\/descuentos.reaj.com\/\" target=\"_blank\" rel=\"noopener noreferrer\"><strong>descuentos<\/strong> nacionales e internacionales.<\/a><\/h4>\n<p class=\"py-2\"><a class=\"btn btn-outline-primary btn-block\" href=\"http:\/\/descuentos.reaj.com\/\" target=\"_blank\" rel=\"noopener\"> REAJ-HI<\/a><\/p>\n<p><a class=\"btn btn-outline-primary btn-block\" href=\"https:\/\/www.albergue-paradiso.com\/es\/hostelpacks\/\" target=\"_blank\" rel=\"noopener\"> Hostel Packs<\/a><\/p>\n<p>    <\/div>\n    <div class=\"col-md-6\">\n        <img decoding=\"async\" src=\"https:\/\/www.albergue-paradiso.com\/es\/wp-content\/uploads\/2023\/07\/Carne-2021-version-web-.jpg\" alt=\"carnet de alberguista en albergue paradiso\" class=\"img-fluid\"><\/p>\n<p class=\"pt-3\"><a class=\"btn btn-primary btn-block\" href=\"https:\/\/p.reaj.com\/reaj\/subscriptions\/carnet-alberguista?r=paradiso\" target=\"_blank\" rel=\"noopener\"><i class=\"fas fa-shopping-cart\"><\/i> COMPRAR CARN\u00c9<\/a><\/p>\n<p>    <\/div>\n<\/div>\n<div class=\"bg-secondary py-3 text-center text-white\">\n<h3><strong>Albergue Paradiso es punto de venta oficial en Suances (Cantabria) del carn\u00e9 de alberguista.<\/strong><\/h3>\n<p>Si adquieres tu carn\u00e9 de alberguista con nosotros puedes beneficiarte de montones de <a title=\"Descuentos\" href=\"https:\/\/p.reaj.com\/reaj\/subscriptions\/carnet-alberguista?r=paradiso\" target=\"_blank\" rel=\"noopener noreferrer\"><strong>descuentos<\/strong>.<\/a><\/p>\n<\/div>\n<h2 class=\"pt-3\"><strong>\u00a1Consigue tu <a title=\"Carn\u00e9 digital\" href=\"https:\/\/p.reaj.com\/reaj\/subscriptions\/carnet-alberguista?r=paradiso\" target=\"_blank\" rel=\"noopener noreferrer\"><strong>Carn\u00e9 DIGITAL<\/strong><\/a> de Alberguista!<\/strong><\/h2>\n<ul class=\"list-group list-group-flush\">\n    <li class=\"list-group-item\">\n        <i class=\"fas fa-check\"><\/i> Ll\u00e9valo en el wallet de tu m\u00f3vil o desc\u00e1rgalo en PDF.<\/li>\n    <li class=\"list-group-item\">\n       <i class=\"fas fa-check\"><\/i> Validez de hasta 2 a\u00f1os<\/li>\n    <li class=\"list-group-item\">\n        <i class=\"fas fa-check\"><\/i> Desde 5 \u20ac<\/li>\n<\/ul>\n<h3 class=\"py-3 text-primary\"><strong>\u00bfQu\u00e9 se necesita para sacarse el Carn\u00e9 de Alberguista?<\/strong><\/h3>\n<ul class=\"list-group list-group-flush\">\n    <li class=\"list-group-item\">\n        <i class=\"fas fa-check\"><\/i> Para la expedici\u00f3n del Carn\u00e9 de Alberguista s\u00f3lo se precisa la presentaci\u00f3n del D.N.I. o pasaporte y el abono de su importe<\/li>\n    <li class=\"list-group-item\">\n       <i class=\"fas fa-check\"><\/i> No es necesario presentar fotograf\u00eda y si se quiere sacar el Carn\u00e9 de Alberguista a un familiar o amigo \u00fanicamente bastar\u00e1 con presentar la fotocopia de su documento de identidad y el importe solicitado.<\/li>\n<\/ul>\n<h3 class=\"py-3\"><strong>Validez del Carn\u00e9 f\u00edsico de Alberguista:<\/strong><\/h3>\n<ul class=\"list-group list-group-flush\">\n    <li class=\"list-group-item\">\n        <i class=\"fas fa-check\"><\/i> El Carn\u00e9 de Alberguista de REAJ es v\u00e1lido de forma internacional y tiene una validez de un a\u00f1o desde la fecha de su emisi\u00f3n.<\/li>\n<\/ul>\n<h3 class=\"text-primary py-3\"><strong>Precios Carn\u00e9 F\u00edsico:<\/strong><\/h3>\n<table class=\"table\">\n<thead class=\"thead-dark\">\n<tr>\n<th scope=\"col\">Tipo de Carn\u00e9<\/th>\n<th scope=\"col\">Para<\/th>\n<th scope=\"col\">Tienes que traer<\/th>\n<th scope=\"col\">Precio<\/th>\n<\/tr>\n<\/thead>\n<tbody>\n<tr>\n<td>Joven<\/td>\n<td>J\u00f3venes de 14 a 29 a\u00f1os<\/td>\n<td>DNI o Pasaporte<\/td>\n<td>5 \u20ac<\/td>\n<\/tr>\n<tr>\n<td>Adulto<\/td>\n<td>Mayores de 30 a\u00f1os<\/td>\n<td>DNI o Pasaporte<\/td>\n<td>10 \u20ac<\/td>\n<\/tr>\n<tr>\n<td>Grupo<\/td>\n<td>N\u00famero m\u00ednimo 10 personas<\/td>\n<td>DNI o Pasaporte responsable<\/td>\n<td>16 \u20ac<\/td>\n<\/tr>\n<tr>\n<td>Familiares<\/td>\n<td>Matrimonio e hijos<\/td>\n<td>Libro de familia<\/td>\n<td>18 \u20ac<\/td>\n<\/tr>\n<\/tbody>\n<tfoot>\n<tr>\n<td colspan=\"4\">*seg\u00fan tarifas vigentes en la p\u00e1gina oficial&nbsp;<a title=\"reaj\" href=\"http:\/\/www.reaj.com\" target=\"_blank\" rel=\"noopener noreferrer\">www.reaj.com<\/a><\/td>\n<\/tr>\n<\/tfoot>\n<\/table>\n<h3 classs=\"py-3\"><strong>Reglamento:<\/strong><\/h3>\n<ul class=\"list-group list-group-flush\">\n    <li class=\"list-group-item\">\n        Los Albergues Juveniles est\u00e1n abiertos a todos los que posean una tarjeta o carn\u00e9 de miembro, emitido por cualquier Asociaci\u00f3n de Albergues integrada en IYHF.<\/li>\n    <li class=\"list-group-item\">\n        Generalmente no hay l\u00edmite de edad, aunque se establece total prioridad para los j\u00f3venes de menos de 26 a\u00f1os. Las familias y los grupos deben ser titulares de un carn\u00e9 especial de miembro establecido para ellos.<\/li>\n    <li class=\"list-group-item\">\n       La tarjeta o carn\u00e9 de miembro debe ser presentada en el momento de la inscripci\u00f3n en el albergue.<\/li>\n <li class=\"list-group-item\">\n       En general los albergues cierran hacia las 23,00h. y es necesario respetar el descanso nocturno hasta las 7,00h. Se espera de los alberguistas que respeten las normas de los albergues y colaboren en el mantenimiento de una convivencia agradable en los mismos. Una ayuda espont\u00e1nea y una actitud de respeto mutuo, son ideas b\u00e1sicas a tener en cuenta por los alberguistas. Las orientaciones y consejos de los Directores de Albergues deben ser respetados y aceptar la colaboraci\u00f3n con ellos. En el reglamento de cada Albergue se establecen pautas m\u00e1s concretas sobre su funcionamiento.<\/li>\n<\/ul>\n<h3 class=\"py-3\"><strong>200 Descuentos:<\/strong><\/h3>\n<ul class=\"list-group list-group-flush\">\n    <li class=\"list-group-item\">\nAutoescuela RACC<\/li>\n<\/ul>\n <li class=\"list-group-item\">\nAhorra en los traslados de ALSA<\/li>\n <li class=\"list-group-item\">\nAhorra en los traslados de Europe Shuttle en las ciudades Madrid, Barcelona y Londres<\/li>\n <li class=\"list-group-item\">\n10% descuento en los autobuses City Seeing Espa\u00f1a<\/li>\n <li class=\"list-group-item\">\nIati seguros de viaje<\/li>\n <li class=\"list-group-item\">\nDescuentos en parques tem\u00e1ticos, acu\u00e1ticos y de aventura<\/li>\n <li class=\"list-group-item\">\nDescuentos en museos<\/li>\n <li class=\"list-group-item\">\nDescuentos en estaciones de esqu\u00ed<\/li>\n<li class=\"list-group-item\">\ny mucho m\u00e1s\u2026<\/li>\n<p class=\"pt-3 text-center\"><a class=\"btn btn-primary\" href=\"https:\/\/p.reaj.com\/reaj\/subscriptions\/carnet-alberguista?r=paradiso\" target=\"_blank\" rel=\"noopener\"><i class=\"fas fa-shopping-cart\"><\/i> COMPRAR CARN\u00c9<\/a><\/p>\n","protected":false},"excerpt":{"rendered":"<p>Albergue Paradiso es punto de venta oficial en Suances (Cantabria) del carn\u00e9 de alberguista. Si [&hellip;]<\/p>\n","protected":false},"author":1,"featured_media":0,"parent":0,"menu_order":0,"comment_status":"closed","ping_status":"closed","template":"","meta":{"_joinchat":[],"footnotes":""},"class_list":["post-29167","page","type-page","status-publish","hentry"],"acf":[],"yoast_head":"<!-- This site is optimized with the Yoast SEO plugin v27.4 - https:\/\/yoast.com\/product\/yoast-seo-wordpress\/ -->\n<title>Puntos de venta Carn\u00e9 de alberguista | Albergues Cantabria<\/title>\n<meta name=\"description\" content=\"Albergue Paradiso en Cantabria (Suances) es tambi\u00e9n punto de venta del carn\u00e9 de alberguista con sus distintas modalidades en Cantabria\" \/>\n<meta name=\"robots\" content=\"index, follow, max-snippet:-1, max-image-preview:large, max-video-preview:-1\" \/>\n<link rel=\"canonical\" href=\"https:\/\/www.albergue-paradiso.com\/es\/carne-alberguista\/\" \/>\n<meta property=\"og:locale\" content=\"es_ES\" \/>\n<meta property=\"og:type\" content=\"article\" \/>\n<meta property=\"og:title\" content=\"Puntos de venta Carn\u00e9 de alberguista | Albergues Cantabria\" \/>\n<meta property=\"og:description\" content=\"Albergue Paradiso en Cantabria (Suances) es tambi\u00e9n punto de venta del carn\u00e9 de alberguista con sus distintas modalidades en Cantabria\" \/>\n<meta property=\"og:url\" content=\"https:\/\/www.albergue-paradiso.com\/es\/carne-alberguista\/\" \/>\n<meta property=\"og:site_name\" content=\"Albergues en Cantabria | Hostel albergue Paradiso en Cantabria\" \/>\n<meta property=\"article:modified_time\" content=\"2023-07-27T13:49:49+00:00\" \/>\n<meta property=\"og:image\" content=\"https:\/\/www.albergue-paradiso.com\/es\/wp-content\/uploads\/2023\/07\/Carne-2021-version-web-.jpg\" \/>\n<meta name=\"twitter:card\" content=\"summary_large_image\" \/>\n<meta name=\"twitter:label1\" content=\"Tiempo de lectura\" \/>\n\t<meta name=\"twitter:data1\" content=\"3 minutos\" \/>\n<script type=\"application\/ld+json\" class=\"yoast-schema-graph\">{\"@context\":\"https:\\\/\\\/schema.org\",\"@graph\":[{\"@type\":\"WebPage\",\"@id\":\"https:\\\/\\\/www.albergue-paradiso.com\\\/es\\\/carne-alberguista\\\/\",\"url\":\"https:\\\/\\\/www.albergue-paradiso.com\\\/es\\\/carne-alberguista\\\/\",\"name\":\"Puntos de venta Carn\u00e9 de alberguista | Albergues Cantabria\",\"isPartOf\":{\"@id\":\"https:\\\/\\\/www.albergue-paradiso.com\\\/es\\\/#website\"},\"primaryImageOfPage\":{\"@id\":\"https:\\\/\\\/www.albergue-paradiso.com\\\/es\\\/carne-alberguista\\\/#primaryimage\"},\"image\":{\"@id\":\"https:\\\/\\\/www.albergue-paradiso.com\\\/es\\\/carne-alberguista\\\/#primaryimage\"},\"thumbnailUrl\":\"https:\\\/\\\/www.albergue-paradiso.com\\\/es\\\/wp-content\\\/uploads\\\/2023\\\/07\\\/Carne-2021-version-web-.jpg\",\"datePublished\":\"2023-07-17T17:30:02+00:00\",\"dateModified\":\"2023-07-27T13:49:49+00:00\",\"description\":\"Albergue Paradiso en Cantabria (Suances) es tambi\u00e9n punto de venta del carn\u00e9 de alberguista con sus distintas modalidades en Cantabria\",\"breadcrumb\":{\"@id\":\"https:\\\/\\\/www.albergue-paradiso.com\\\/es\\\/carne-alberguista\\\/#breadcrumb\"},\"inLanguage\":\"es\",\"potentialAction\":[{\"@type\":\"ReadAction\",\"target\":[\"https:\\\/\\\/www.albergue-paradiso.com\\\/es\\\/carne-alberguista\\\/\"]}]},{\"@type\":\"ImageObject\",\"inLanguage\":\"es\",\"@id\":\"https:\\\/\\\/www.albergue-paradiso.com\\\/es\\\/carne-alberguista\\\/#primaryimage\",\"url\":\"https:\\\/\\\/www.albergue-paradiso.com\\\/es\\\/wp-content\\\/uploads\\\/2023\\\/07\\\/Carne-2021-version-web-.jpg\",\"contentUrl\":\"https:\\\/\\\/www.albergue-paradiso.com\\\/es\\\/wp-content\\\/uploads\\\/2023\\\/07\\\/Carne-2021-version-web-.jpg\",\"width\":600,\"height\":449},{\"@type\":\"BreadcrumbList\",\"@id\":\"https:\\\/\\\/www.albergue-paradiso.com\\\/es\\\/carne-alberguista\\\/#breadcrumb\",\"itemListElement\":[{\"@type\":\"ListItem\",\"position\":1,\"name\":\"Portada\",\"item\":\"https:\\\/\\\/www.albergue-paradiso.com\\\/es\\\/\"},{\"@type\":\"ListItem\",\"position\":2,\"name\":\"Carn\u00e9 alberguista\"}]},{\"@type\":\"WebSite\",\"@id\":\"https:\\\/\\\/www.albergue-paradiso.com\\\/es\\\/#website\",\"url\":\"https:\\\/\\\/www.albergue-paradiso.com\\\/es\\\/\",\"name\":\"Albergues en Cantabria | Hostel albergue Paradiso en Cantabria\",\"description\":\"\",\"potentialAction\":[{\"@type\":\"SearchAction\",\"target\":{\"@type\":\"EntryPoint\",\"urlTemplate\":\"https:\\\/\\\/www.albergue-paradiso.com\\\/es\\\/?s={search_term_string}\"},\"query-input\":{\"@type\":\"PropertyValueSpecification\",\"valueRequired\":true,\"valueName\":\"search_term_string\"}}],\"inLanguage\":\"es\"}]}<\/script>\n<!-- \/ Yoast SEO plugin. -->","yoast_head_json":{"title":"Puntos de venta Carn\u00e9 de alberguista | Albergues Cantabria","description":"Albergue Paradiso en Cantabria (Suances) es tambi\u00e9n punto de venta del carn\u00e9 de alberguista con sus distintas modalidades en Cantabria","robots":{"index":"index","follow":"follow","max-snippet":"max-snippet:-1","max-image-preview":"max-image-preview:large","max-video-preview":"max-video-preview:-1"},"canonical":"https:\/\/www.albergue-paradiso.com\/es\/carne-alberguista\/","og_locale":"es_ES","og_type":"article","og_title":"Puntos de venta Carn\u00e9 de alberguista | Albergues Cantabria","og_description":"Albergue Paradiso en Cantabria (Suances) es tambi\u00e9n punto de venta del carn\u00e9 de alberguista con sus distintas modalidades en Cantabria","og_url":"https:\/\/www.albergue-paradiso.com\/es\/carne-alberguista\/","og_site_name":"Albergues en Cantabria | Hostel albergue Paradiso en Cantabria","article_modified_time":"2023-07-27T13:49:49+00:00","og_image":[{"url":"https:\/\/www.albergue-paradiso.com\/es\/wp-content\/uploads\/2023\/07\/Carne-2021-version-web-.jpg","type":"","width":"","height":""}],"twitter_card":"summary_large_image","twitter_misc":{"Tiempo de lectura":"3 minutos"},"schema":{"@context":"https:\/\/schema.org","@graph":[{"@type":"WebPage","@id":"https:\/\/www.albergue-paradiso.com\/es\/carne-alberguista\/","url":"https:\/\/www.albergue-paradiso.com\/es\/carne-alberguista\/","name":"Puntos de venta Carn\u00e9 de alberguista | Albergues Cantabria","isPartOf":{"@id":"https:\/\/www.albergue-paradiso.com\/es\/#website"},"primaryImageOfPage":{"@id":"https:\/\/www.albergue-paradiso.com\/es\/carne-alberguista\/#primaryimage"},"image":{"@id":"https:\/\/www.albergue-paradiso.com\/es\/carne-alberguista\/#primaryimage"},"thumbnailUrl":"https:\/\/www.albergue-paradiso.com\/es\/wp-content\/uploads\/2023\/07\/Carne-2021-version-web-.jpg","datePublished":"2023-07-17T17:30:02+00:00","dateModified":"2023-07-27T13:49:49+00:00","description":"Albergue Paradiso en Cantabria (Suances) es tambi\u00e9n punto de venta del carn\u00e9 de alberguista con sus distintas modalidades en Cantabria","breadcrumb":{"@id":"https:\/\/www.albergue-paradiso.com\/es\/carne-alberguista\/#breadcrumb"},"inLanguage":"es","potentialAction":[{"@type":"ReadAction","target":["https:\/\/www.albergue-paradiso.com\/es\/carne-alberguista\/"]}]},{"@type":"ImageObject","inLanguage":"es","@id":"https:\/\/www.albergue-paradiso.com\/es\/carne-alberguista\/#primaryimage","url":"https:\/\/www.albergue-paradiso.com\/es\/wp-content\/uploads\/2023\/07\/Carne-2021-version-web-.jpg","contentUrl":"https:\/\/www.albergue-paradiso.com\/es\/wp-content\/uploads\/2023\/07\/Carne-2021-version-web-.jpg","width":600,"height":449},{"@type":"BreadcrumbList","@id":"https:\/\/www.albergue-paradiso.com\/es\/carne-alberguista\/#breadcrumb","itemListElement":[{"@type":"ListItem","position":1,"name":"Portada","item":"https:\/\/www.albergue-paradiso.com\/es\/"},{"@type":"ListItem","position":2,"name":"Carn\u00e9 alberguista"}]},{"@type":"WebSite","@id":"https:\/\/www.albergue-paradiso.com\/es\/#website","url":"https:\/\/www.albergue-paradiso.com\/es\/","name":"Albergues en Cantabria | Hostel albergue Paradiso en Cantabria","description":"","potentialAction":[{"@type":"SearchAction","target":{"@type":"EntryPoint","urlTemplate":"https:\/\/www.albergue-paradiso.com\/es\/?s={search_term_string}"},"query-input":{"@type":"PropertyValueSpecification","valueRequired":true,"valueName":"search_term_string"}}],"inLanguage":"es"}]}},"_links":{"self":[{"href":"https:\/\/www.albergue-paradiso.com\/es\/wp-json\/wp\/v2\/pages\/29167","targetHints":{"allow":["GET"]}}],"collection":[{"href":"https:\/\/www.albergue-paradiso.com\/es\/wp-json\/wp\/v2\/pages"}],"about":[{"href":"https:\/\/www.albergue-paradiso.com\/es\/wp-json\/wp\/v2\/types\/page"}],"author":[{"embeddable":true,"href":"https:\/\/www.albergue-paradiso.com\/es\/wp-json\/wp\/v2\/users\/1"}],"replies":[{"embeddable":true,"href":"https:\/\/www.albergue-paradiso.com\/es\/wp-json\/wp\/v2\/comments?post=29167"}],"version-history":[{"count":12,"href":"https:\/\/www.albergue-paradiso.com\/es\/wp-json\/wp\/v2\/pages\/29167\/revisions"}],"predecessor-version":[{"id":29494,"href":"https:\/\/www.albergue-paradiso.com\/es\/wp-json\/wp\/v2\/pages\/29167\/revisions\/29494"}],"wp:attachment":[{"href":"https:\/\/www.albergue-paradiso.com\/es\/wp-json\/wp\/v2\/media?parent=29167"}],"curies":[{"name":"wp","href":"https:\/\/api.w.org\/{rel}","templated":true}]}}