{"id":29093,"date":"2023-07-17T09:21:29","date_gmt":"2023-07-17T09:21:29","guid":{"rendered":"https:\/\/www.albergue-paradiso.com\/es\/?page_id=29093"},"modified":"2023-07-18T11:08:12","modified_gmt":"2023-07-18T11:08:12","slug":"contact-karate-course","status":"publish","type":"page","link":"https:\/\/www.albergue-paradiso.com\/es\/contact-karate-course\/","title":{"rendered":"Contact Karate Course WIKF Spain"},"content":{"rendered":"<div class=\"row\">\n    <div class=\"col-md-6\">\n        \n<div class=\"wpcf7 no-js\" id=\"wpcf7-f29226-o1\" lang=\"es-ES\" dir=\"ltr\" data-wpcf7-id=\"29226\">\n<div class=\"screen-reader-response\"><p role=\"status\" aria-live=\"polite\" aria-atomic=\"true\"><\/p> <ul><\/ul><\/div>\n<form action=\"\/es\/wp-json\/wp\/v2\/pages\/29093#wpcf7-f29226-o1\" method=\"post\" class=\"wpcf7-form init\" aria-label=\"Formulario de contacto\" novalidate=\"novalidate\" data-status=\"init\">\n<fieldset class=\"hidden-fields-container\"><input type=\"hidden\" name=\"_wpcf7\" value=\"29226\" \/><input type=\"hidden\" name=\"_wpcf7_version\" value=\"6.1.5\" \/><input type=\"hidden\" name=\"_wpcf7_locale\" value=\"es_ES\" \/><input type=\"hidden\" name=\"_wpcf7_unit_tag\" value=\"wpcf7-f29226-o1\" \/><input type=\"hidden\" name=\"_wpcf7_container_post\" value=\"0\" \/><input type=\"hidden\" name=\"_wpcf7_posted_data_hash\" value=\"\" \/><input type=\"hidden\" name=\"_wpcf7cf_hidden_group_fields\" value=\"[]\" \/><input type=\"hidden\" name=\"_wpcf7cf_hidden_groups\" value=\"[]\" \/><input type=\"hidden\" name=\"_wpcf7cf_visible_groups\" value=\"[]\" \/><input type=\"hidden\" name=\"_wpcf7cf_repeaters\" value=\"[]\" \/><input type=\"hidden\" name=\"_wpcf7cf_steps\" value=\"{}\" \/><input type=\"hidden\" name=\"_wpcf7cf_options\" value=\"{&quot;form_id&quot;:29226,&quot;conditions&quot;:[],&quot;settings&quot;:{&quot;animation&quot;:&quot;yes&quot;,&quot;animation_intime&quot;:200,&quot;animation_outtime&quot;:200,&quot;conditions_ui&quot;:&quot;normal&quot;,&quot;notice_dismissed&quot;:false}}\" \/><input type=\"hidden\" name=\"_wpcf7_recaptcha_response\" value=\"\" \/>\n<\/fieldset>\n<div class=\"form-row\">\n\t<div class=\"col-12>\n\t\t<p><span class=\"wpcf7-form-control-wrap\" data-name=\"your-name\"><input size=\"40\" maxlength=\"400\" class=\"wpcf7-form-control wpcf7-text wpcf7-validates-as-required form-control\" aria-required=\"true\" aria-invalid=\"false\" placeholder=\"Your Name*\" value=\"\" type=\"text\" name=\"your-name\" \/><\/span>\n\t\t<\/p>\n\t<\/div>\n\t<div class=\"col-12>\n\t\t<p><span class=\"wpcf7-form-control-wrap\" data-name=\"telefono\"><input size=\"40\" maxlength=\"400\" class=\"wpcf7-form-control wpcf7-text form-control\" aria-invalid=\"false\" placeholder=\"Telephone\/mobile\" value=\"\" type=\"text\" name=\"telefono\" \/><\/span>\n\t\t<\/p>\n\t<\/div>\n<\/div>\n<div class=\"form-row\">\n\t<div class=\"col-12>\n\t\t<p><span class=\"wpcf7-form-control-wrap\" data-name=\"your-email\"><input size=\"40\" maxlength=\"400\" class=\"wpcf7-form-control wpcf7-email wpcf7-validates-as-required wpcf7-text wpcf7-validates-as-email form-control\" aria-required=\"true\" aria-invalid=\"false\" placeholder=\"Your mail*\" value=\"\" type=\"email\" name=\"your-email\" \/><\/span>\n\t\t<\/p>\n\t<\/div>\n\t<div class=\"col-12>\n\t\t<p><span class=\"wpcf7-form-control-wrap\" data-name=\"country\"><input size=\"40\" maxlength=\"400\" class=\"wpcf7-form-control wpcf7-text wpcf7-validates-as-required form-control\" aria-required=\"true\" aria-invalid=\"false\" placeholder=\"Country*\" value=\"\" type=\"text\" name=\"country\" \/><\/span>\n\t\t<\/p>\n\t<\/div>\n<\/div>\n<p><strong>I am interested at:<\/strong>\n<\/p>\n<p><span class=\"wpcf7-form-control-wrap\" data-name=\"checkbox-695\"><span class=\"wpcf7-form-control wpcf7-checkbox\"><span class=\"wpcf7-list-item first last\"><input type=\"checkbox\" name=\"checkbox-695[]\" value=\"Karate week pack: 290\u20ac\/person\" \/><span class=\"wpcf7-list-item-label\">Karate week pack: 290\u20ac\/person<\/span><\/span><\/span><\/span><br \/>\n<span class=\"wpcf7-form-control-wrap\" data-name=\"checkbox-697\"><span class=\"wpcf7-form-control wpcf7-checkbox\"><span class=\"wpcf7-list-item first last\"><input type=\"checkbox\" name=\"checkbox-697[]\" value=\"Only karate training: 120 \u20ac\/person\" \/><span class=\"wpcf7-list-item-label\">Only karate training: 120 \u20ac\/person<\/span><\/span><\/span><\/span><br \/>\n<span class=\"wpcf7-form-control-wrap\" data-name=\"checkbox-696\"><span class=\"wpcf7-form-control wpcf7-checkbox\"><span class=\"wpcf7-list-item first last\"><input type=\"checkbox\" name=\"checkbox-696[]\" value=\"Karate training &amp; only meals: 230\u20ac\/person\" \/><span class=\"wpcf7-list-item-label\">Karate training &amp; only meals: 230\u20ac\/person<\/span><\/span><\/span><\/span><br \/>\n<span class=\"wpcf7-form-control-wrap\" data-name=\"checkbox-699\"><span class=\"wpcf7-form-control wpcf7-checkbox\"><span class=\"wpcf7-list-item first last\"><input type=\"checkbox\" name=\"checkbox-699[]\" value=\"Extra Day accommodation &amp; full meals: 30\u20ac\/person\" \/><span class=\"wpcf7-list-item-label\">Extra Day accommodation &amp; full meals: 30\u20ac\/person<\/span><\/span><\/span><\/span><br \/>\n<span class=\"wpcf7-form-control-wrap\" data-name=\"checkbox-700\"><span class=\"wpcf7-form-control wpcf7-checkbox\"><span class=\"wpcf7-list-item first last\"><input type=\"checkbox\" name=\"checkbox-700[]\" value=\"Wine taste\/tapas &amp; Special dinner: 20\u20ac\/person\" \/><span class=\"wpcf7-list-item-label\">Wine taste\/tapas &amp; Special dinner: 20\u20ac\/person<\/span><\/span><\/span><\/span>\n<\/p>\n<div class=\"col-12\">\n\t<p><span class=\"wpcf7-form-control-wrap\" data-name=\"your-message\"><textarea cols=\"40\" rows=\"10\" maxlength=\"2000\" class=\"wpcf7-form-control wpcf7-textarea form-control\" aria-invalid=\"false\" placeholder=\"Message\" name=\"your-message\"><\/textarea><\/span>\n\t<\/p>\n<\/div>\n<p><span class=\"wpcf7-form-control-wrap\" data-name=\"politica\"><span class=\"wpcf7-form-control wpcf7-acceptance\"><span class=\"wpcf7-list-item\"><input type=\"checkbox\" name=\"politica\" value=\"1\" aria-invalid=\"false\" \/><\/span><\/span><\/span> Al enviar este formulario acepto la <a href=\"https:\/\/www.albergue-paradiso.com\/es\/politica-de-privacidad\/\" target=\"_blank\">pol\u00edtica de privacidad<\/a> de albergue Paradiso SL.\n<\/p>\n<p class=\"small\">La finalidad del tratamiento de los datos para la que usted da su consentimiento ser\u00e1 la de gestionar los datos de los clientes\/usuarios que accedan al formulario de contacto de la p\u00e1gina web de la entidad, contestar sus consultas y\/o enviar publicidad de productos o servicios que puedan ser de su inter\u00e9s. Los datos proporcionados se conservar\u00e1n mientras no solicite el cese de la actividad y no se ceder\u00e1n a terceros, salvo obligaci\u00f3n legal. Ud. tiene derecho al acceso, rectificaci\u00f3n o a solicitar su supresi\u00f3n cuando los datos ya no sean necesarios para los fines que fueron recogidos en los t\u00e9rminos previstos en la Ley, que podr\u00e1 ejercitar mediante escrito dirigido al responsable de los mismos en la direcci\u00f3n de e-Mail info@albergue-paradiso.com . Puede consultar informaci\u00f3n adicional en <a href=\"https:\/\/www.albergue-paradiso.com\/es\/aviso-legal-y-politica-de-privacidad\/\" target=\"_blank\">https:\/\/www.pruebsaseowebb.es\/albergue-paradiso\/aviso-legal-y-politica-de-privacidad\/<\/a>.\n<\/p>\n<p class=\"text-center\"><input class=\"wpcf7-form-control wpcf7-submit has-spinner btn btn-primary\" type=\"submit\" value=\"Enviar\" \/>\n<\/p><p style=\"display: none !important;\" class=\"akismet-fields-container\" data-prefix=\"_wpcf7_ak_\"><label>&#916;<textarea name=\"_wpcf7_ak_hp_textarea\" cols=\"45\" rows=\"8\" maxlength=\"100\"><\/textarea><\/label><input type=\"hidden\" id=\"ak_js_1\" name=\"_wpcf7_ak_js\" value=\"172\"\/><script>document.getElementById( \"ak_js_1\" ).setAttribute( \"value\", ( new Date() ).getTime() );<\/script><\/p><div class=\"wpcf7-response-output\" aria-hidden=\"true\"><\/div>\n<\/form>\n<\/div>\n\n    <\/div>\n    <div class=\"col-md-6\">\n<h2>PRICES<\/h2>\n<h2><strong>KARATE WEEK PACK<\/strong>: <strong>290<\/strong> \u20ac\/person<\/h2>\n<p>Which includes:<\/p>\n<ul class=\"list-unstyled\">\n<li>Karate course training (10:00h-13:00h)<\/li>\n<li>6 day accommodation at the hostel Paradiso<\/li>\n<li>Full meals (from Sunday dinner to saturday breakfast)<\/li>\n<li>Friday wine taste\/tapas &amp; special dinner<\/li>\n<\/ul>\n<p><strong>Other Options<\/strong>:<\/p>\n<ul class=\"list-unstyled\">\n<li><strong>Karate training &amp; only meals<\/strong>: <strong>230<\/strong> \u20ac\/personWhich includes: karate course training + full meals (from Sunday dinner to saturday breakfast) + Friday wine taste\/tapas &amp; special dinner<\/li>\n<li><strong>Only karate course training<\/strong>: <strong>120<\/strong> \u20ac\/person<\/li>\n<li><strong>Extra day accommodation &amp; full meals at Hostel Paradiso<\/strong>: <strong>30<\/strong> \u20ac\/person<\/li>\n<li><strong>Friday wine taste\/tapas &amp; special dinner<\/strong>: <strong>20<\/strong> \u20ac\/person<\/li>\n<\/ul>\n<h4 class=\"text-center\"><a title=\"WIKF SPAIN INFO \" href=\"https:\/\/www.albergue-paradiso.com\/es\/wikf\/\" target=\"_blank\" rel=\"noopener noreferrer\"><strong>More about WIKF SPAIN?<\/strong><\/a><\/h4>\n<p class=\"h5 pt-5\"><strong>Albergue Paradiso<\/strong><\/p>\n<p>C\/ La Ermita, 1839350 Hinojedo (Suances) Cantabria Espa\u00f1a<a href=\"mailto:info@albergue-paradiso.com\">info@albergue-paradiso.com<\/a><\/p>\n<p><strong>Mobile:<\/strong> (+34)<strong> 609649980<\/strong><\/p>\n<p><strong>Telephone:<\/strong> (+34)<strong> 942843139<\/strong><\/p>\n<p><strong>Atention timetable:<\/strong> M-F from 10:00-20:00h<\/p>\n<p>    <\/div>\n<\/div>\n","protected":false},"excerpt":{"rendered":"","protected":false},"author":1,"featured_media":0,"parent":0,"menu_order":0,"comment_status":"closed","ping_status":"closed","template":"","meta":{"_joinchat":[],"footnotes":""},"class_list":["post-29093","page","type-page","status-publish","hentry"],"acf":[],"yoast_head":"<!-- This site is optimized with the Yoast SEO plugin v27.4 - https:\/\/yoast.com\/product\/yoast-seo-wordpress\/ -->\n<title>Contact Karate Course Spain 2017 in Albergue Paradiso Cantabria<\/title>\n<meta name=\"description\" content=\"Karate Course in Spain in 2017 takes places in Albergue Paradiso in Cantabria. Do not miss this ppportunity to practise Karate in an unique location in the North of Spain\" \/>\n<meta name=\"robots\" content=\"index, follow, max-snippet:-1, max-image-preview:large, max-video-preview:-1\" \/>\n<link rel=\"canonical\" href=\"https:\/\/www.albergue-paradiso.com\/es\/contact-karate-course\/\" \/>\n<meta property=\"og:locale\" content=\"es_ES\" \/>\n<meta property=\"og:type\" content=\"article\" \/>\n<meta property=\"og:title\" content=\"Contact Karate Course Spain 2017 in Albergue Paradiso Cantabria\" \/>\n<meta property=\"og:description\" content=\"Karate Course in Spain in 2017 takes places in Albergue Paradiso in Cantabria. Do not miss this ppportunity to practise Karate in an unique location in the North of Spain\" \/>\n<meta property=\"og:url\" content=\"https:\/\/www.albergue-paradiso.com\/es\/contact-karate-course\/\" \/>\n<meta property=\"og:site_name\" content=\"Albergues en Cantabria | Hostel albergue Paradiso en Cantabria\" \/>\n<meta property=\"article:modified_time\" content=\"2023-07-18T11:08:12+00:00\" \/>\n<meta name=\"twitter:card\" content=\"summary_large_image\" \/>\n<meta name=\"twitter:label1\" content=\"Tiempo de lectura\" \/>\n\t<meta name=\"twitter:data1\" content=\"1 minuto\" \/>\n<script type=\"application\/ld+json\" class=\"yoast-schema-graph\">{\"@context\":\"https:\\\/\\\/schema.org\",\"@graph\":[{\"@type\":\"WebPage\",\"@id\":\"https:\\\/\\\/www.albergue-paradiso.com\\\/es\\\/contact-karate-course\\\/\",\"url\":\"https:\\\/\\\/www.albergue-paradiso.com\\\/es\\\/contact-karate-course\\\/\",\"name\":\"Contact Karate Course Spain 2017 in Albergue Paradiso Cantabria\",\"isPartOf\":{\"@id\":\"https:\\\/\\\/www.albergue-paradiso.com\\\/es\\\/#website\"},\"datePublished\":\"2023-07-17T09:21:29+00:00\",\"dateModified\":\"2023-07-18T11:08:12+00:00\",\"description\":\"Karate Course in Spain in 2017 takes places in Albergue Paradiso in Cantabria. Do not miss this ppportunity to practise Karate in an unique location in the North of Spain\",\"breadcrumb\":{\"@id\":\"https:\\\/\\\/www.albergue-paradiso.com\\\/es\\\/contact-karate-course\\\/#breadcrumb\"},\"inLanguage\":\"es\",\"potentialAction\":[{\"@type\":\"ReadAction\",\"target\":[\"https:\\\/\\\/www.albergue-paradiso.com\\\/es\\\/contact-karate-course\\\/\"]}]},{\"@type\":\"BreadcrumbList\",\"@id\":\"https:\\\/\\\/www.albergue-paradiso.com\\\/es\\\/contact-karate-course\\\/#breadcrumb\",\"itemListElement\":[{\"@type\":\"ListItem\",\"position\":1,\"name\":\"Portada\",\"item\":\"https:\\\/\\\/www.albergue-paradiso.com\\\/es\\\/\"},{\"@type\":\"ListItem\",\"position\":2,\"name\":\"Contact Karate Course WIKF Spain\"}]},{\"@type\":\"WebSite\",\"@id\":\"https:\\\/\\\/www.albergue-paradiso.com\\\/es\\\/#website\",\"url\":\"https:\\\/\\\/www.albergue-paradiso.com\\\/es\\\/\",\"name\":\"Albergues en Cantabria | Hostel albergue Paradiso en Cantabria\",\"description\":\"\",\"potentialAction\":[{\"@type\":\"SearchAction\",\"target\":{\"@type\":\"EntryPoint\",\"urlTemplate\":\"https:\\\/\\\/www.albergue-paradiso.com\\\/es\\\/?s={search_term_string}\"},\"query-input\":{\"@type\":\"PropertyValueSpecification\",\"valueRequired\":true,\"valueName\":\"search_term_string\"}}],\"inLanguage\":\"es\"}]}<\/script>\n<!-- \/ Yoast SEO plugin. -->","yoast_head_json":{"title":"Contact Karate Course Spain 2017 in Albergue Paradiso Cantabria","description":"Karate Course in Spain in 2017 takes places in Albergue Paradiso in Cantabria. Do not miss this ppportunity to practise Karate in an unique location in the North of Spain","robots":{"index":"index","follow":"follow","max-snippet":"max-snippet:-1","max-image-preview":"max-image-preview:large","max-video-preview":"max-video-preview:-1"},"canonical":"https:\/\/www.albergue-paradiso.com\/es\/contact-karate-course\/","og_locale":"es_ES","og_type":"article","og_title":"Contact Karate Course Spain 2017 in Albergue Paradiso Cantabria","og_description":"Karate Course in Spain in 2017 takes places in Albergue Paradiso in Cantabria. Do not miss this ppportunity to practise Karate in an unique location in the North of Spain","og_url":"https:\/\/www.albergue-paradiso.com\/es\/contact-karate-course\/","og_site_name":"Albergues en Cantabria | Hostel albergue Paradiso en Cantabria","article_modified_time":"2023-07-18T11:08:12+00:00","twitter_card":"summary_large_image","twitter_misc":{"Tiempo de lectura":"1 minuto"},"schema":{"@context":"https:\/\/schema.org","@graph":[{"@type":"WebPage","@id":"https:\/\/www.albergue-paradiso.com\/es\/contact-karate-course\/","url":"https:\/\/www.albergue-paradiso.com\/es\/contact-karate-course\/","name":"Contact Karate Course Spain 2017 in Albergue Paradiso Cantabria","isPartOf":{"@id":"https:\/\/www.albergue-paradiso.com\/es\/#website"},"datePublished":"2023-07-17T09:21:29+00:00","dateModified":"2023-07-18T11:08:12+00:00","description":"Karate Course in Spain in 2017 takes places in Albergue Paradiso in Cantabria. Do not miss this ppportunity to practise Karate in an unique location in the North of Spain","breadcrumb":{"@id":"https:\/\/www.albergue-paradiso.com\/es\/contact-karate-course\/#breadcrumb"},"inLanguage":"es","potentialAction":[{"@type":"ReadAction","target":["https:\/\/www.albergue-paradiso.com\/es\/contact-karate-course\/"]}]},{"@type":"BreadcrumbList","@id":"https:\/\/www.albergue-paradiso.com\/es\/contact-karate-course\/#breadcrumb","itemListElement":[{"@type":"ListItem","position":1,"name":"Portada","item":"https:\/\/www.albergue-paradiso.com\/es\/"},{"@type":"ListItem","position":2,"name":"Contact Karate Course WIKF Spain"}]},{"@type":"WebSite","@id":"https:\/\/www.albergue-paradiso.com\/es\/#website","url":"https:\/\/www.albergue-paradiso.com\/es\/","name":"Albergues en Cantabria | Hostel albergue Paradiso en Cantabria","description":"","potentialAction":[{"@type":"SearchAction","target":{"@type":"EntryPoint","urlTemplate":"https:\/\/www.albergue-paradiso.com\/es\/?s={search_term_string}"},"query-input":{"@type":"PropertyValueSpecification","valueRequired":true,"valueName":"search_term_string"}}],"inLanguage":"es"}]}},"_links":{"self":[{"href":"https:\/\/www.albergue-paradiso.com\/es\/wp-json\/wp\/v2\/pages\/29093","targetHints":{"allow":["GET"]}}],"collection":[{"href":"https:\/\/www.albergue-paradiso.com\/es\/wp-json\/wp\/v2\/pages"}],"about":[{"href":"https:\/\/www.albergue-paradiso.com\/es\/wp-json\/wp\/v2\/types\/page"}],"author":[{"embeddable":true,"href":"https:\/\/www.albergue-paradiso.com\/es\/wp-json\/wp\/v2\/users\/1"}],"replies":[{"embeddable":true,"href":"https:\/\/www.albergue-paradiso.com\/es\/wp-json\/wp\/v2\/comments?post=29093"}],"version-history":[{"count":8,"href":"https:\/\/www.albergue-paradiso.com\/es\/wp-json\/wp\/v2\/pages\/29093\/revisions"}],"predecessor-version":[{"id":29231,"href":"https:\/\/www.albergue-paradiso.com\/es\/wp-json\/wp\/v2\/pages\/29093\/revisions\/29231"}],"wp:attachment":[{"href":"https:\/\/www.albergue-paradiso.com\/es\/wp-json\/wp\/v2\/media?parent=29093"}],"curies":[{"name":"wp","href":"https:\/\/api.w.org\/{rel}","templated":true}]}}