{"id":29065,"date":"2023-07-13T18:21:39","date_gmt":"2023-07-13T18:21:39","guid":{"rendered":"https:\/\/www.albergue-paradiso.com\/es\/?page_id=29065"},"modified":"2023-08-01T14:23:05","modified_gmt":"2023-08-01T14:23:05","slug":"politica-de-privacidad","status":"publish","type":"page","link":"https:\/\/www.albergue-paradiso.com\/es\/politica-de-privacidad\/","title":{"rendered":"Pol\u00edtica de Privacidad"},"content":{"rendered":"<h5>TODO LO QUE NECESITAS SABER SOBRE LA PRIVACIDAD EN ALBERGUE PARADISO<\/h5>\n<p><strong>1. DERECHO DE INFORMACI\u00d3N<\/strong><br \/>\nDe conformidad con lo establecido por la Ley Org\u00e1nica 15\/1999, de 13 de diciembre, de Protecci\u00f3n de Datos de Car\u00e1cter Personal (en adelante, LOPD) y la ley de Servicios de la Sociedad de la informaci\u00f3n y comercio electr\u00f3nico (LSSICE) y las normativas que la desarrolla o en forma diferente o para distinta finalidad del objeto de este contrato. ALBERGUE PARADISO S.L. (en adelante, ALBERGUE PARADISO) titular del sitio Web www.albergue-paradiso.com (en adelante, el sitio Web), informa al Usuario de este sitio de la existencia de un fichero automatizado de datos de car\u00e1cter personal creado por ALBERGUE PARADISO y bajo su responsabilidad, que cumple con la normativa en vigor relativa a la protecci\u00f3n de datos de car\u00e1cter personal.<\/p>\n<p><strong>2. FINALIDAD<\/strong><br \/>\nLos datos de los usuarios registrados a trav\u00e9s de los formularios habilitados al efecto en el sitio Web son recabados por ALBERGUE PARADISO con la finalidad de facilitar la prestaci\u00f3n de los servicios que ALBERGUE PARADISO proporciona a trav\u00e9s del Sitio Web, as\u00ed como para facilitar al usuario informaci\u00f3n comercial sobre servicios que pudieran resultar de su inter\u00e9s.<\/p>\n<p><strong>3. CAR\u00c1CTER OBLIGATORIO O FACULTATIVO DE LA INFORMACI\u00d3N FACILITADA POR EL USUARIO Y VERACIDAD DE LOS DATOS.<\/strong><br \/>\nLos campos marcados con un asterisco (*) en el formulario de registro a cumplimentar por el Usuario son estrictamente necesarios para atender a su petici\u00f3n, siendo voluntaria la inclusi\u00f3n de datos en los campos restantes. El Usuario garantiza que los datos personales facilitados a ALBERGUE PARADISO, son veraces y se hace responsable de comunicar al mismo cualquier modificaci\u00f3n de los mismos.<br \/>\n<strong><br \/>\n4. CONSENTIMIENTO DEL USUARIO<\/strong><br \/>\nEl env\u00edo de datos personales, mediante el uso de los formularios electr\u00f3nicos de ALBERGUE PARADISO o, en su caso, mensajes de correo electr\u00f3nico, supone el consentimiento expreso del remitente al tratamiento automatizado de los datos incluidos en los medios de comunicaci\u00f3n indicados, servicios y productos relacionados con las finalidades de los sitios Web de ALBERGUE PARADISO, as\u00ed como al env\u00edo de comunicaciones v\u00eda electr\u00f3nica con informaci\u00f3n relacionada con ALBERGUE PARADISO y sus iniciativas.<br \/>\n<strong><br \/>\n5. DERECHOS DE ACCESO, RECTIFICACI\u00d3N, OPOSICI\u00d3N Y CANCELACI\u00d3N DE LOS USUARIOS<\/strong><br \/>\nEl usuario podr\u00e1 ejercer sus derechos de acceso, rectificaci\u00f3n, oposici\u00f3n y cancelaci\u00f3n al tratamiento de sus datos personales, en los t\u00e9rminos y condiciones previstos en la LOPD. Podr\u00e1 ejercer dichos derechos dirigi\u00e9ndose a ALBERGUE PARADISO, c\/ la ermita 18 39350 Hinojedo Cantabria, o a trav\u00e9s del correo electr\u00f3nico info@albergue-paradiso.com<\/p>\n<p><strong>6. SEGURIDAD<\/strong><br \/>\nALBERGUE PARADISO mantiene los niveles de seguridad de protecci\u00f3n de datos personales conforme al Real Decreto 994\/1999, de 11 de junio, relativo a las medidas de seguridad de los ficheros automatizados que contengan datos de car\u00e1cter personal, y ha establecido todos los medios t\u00e9cnicos a su alcance para evitar la p\u00e9rdida, mal uso, alteraci\u00f3n, acceso no autorizado y robo de los datos que el usuario facilite a trav\u00e9s del sitio Web, sin perjuicio de informarle de que las medidas de seguridad en Internet no son inexpugnables.<\/p>\n<p>ALBERGUE PARADISO se compromete a cumplir con el deber de secreto y confidencialidad respecto de los datos personales contenidos en el fichero automatizado de acuerdo con la legislaci\u00f3n aplicable, as\u00ed como a conferirles un tratamiento seguro en las cesiones y transferencias internacionales de datos que, en su caso, puedan producirse.<br \/>\n<strong><br \/>\n7. BOLET\u00cdN Y COMUNICACIONES ELECTR\u00d3NICAS COMERCIALES<\/strong><br \/>\nLa solicitud de informaci\u00f3n a trav\u00e9s de cuestionario, sobre los diferentes servicios descritos en la web, supone por parte del usuario la suscripci\u00f3n al bolet\u00edn electr\u00f3nico y e-mails de nuevos productos o demandas donde se incluyen las noticias y novedades m\u00e1s relevantes del sitio Web. Asimismo, el usuario podr\u00e1 darse de baja o modificar los datos de suscripci\u00f3n.<\/p>\n<p>Asimismo, ALBERGUE PARADISO informa que remitir\u00e1 comunicaciones comerciales por medios electr\u00f3nicos con informaci\u00f3n sobre otros productos, servicios y eventos que puedan ser de inter\u00e9s para los usuarios del sitio. Dicho consentimiento podr\u00e1 ser revocado en cualquier momento por el Usuario, con la simple notificaci\u00f3n de su voluntad a ALBERGUE PARADISO, mediante el env\u00edo de un correo electr\u00f3nico a la direcci\u00f3n info@albergue-paradiso.com y no tendr\u00e1 car\u00e1cter retroactivo.<\/p>\n<p>El tratamiento de los datos de car\u00e1cter personal, as\u00ed como el env\u00edo de comunicaciones comerciales realizadas por medios electr\u00f3nicos, son conformes a la Ley Org\u00e1nica 15\/1999, de 13 de diciembre, de Protecci\u00f3n de Datos de Car\u00e1cter Personal (B.O.E. de 14 de diciembre de 1999), a la Ley 34\/2002, de 11 de julio, de servicios de la Sociedad de Informaci\u00f3n y de Comercio Electr\u00f3nico (B.O.E. de 12 de julio de 2002) y a la normativa de desarrollo de las referidas Leyes.<br \/>\n<strong><br \/>\n8. MODIFICACI\u00d3N DE LA PRESENTE POL\u00cdTICA DE PRIVACIDAD<\/strong><br \/>\nALBERGUE PARADISO se reserva el derecho a modificar la presente pol\u00edtica para adaptarla a futuras novedades legislativas o jurisprudenciales, as\u00ed como a pr\u00e1cticas de la industria, informando previamente a los usuarios de los cambios que en ella se produzcan.<\/p>\n<p><strong>INFORMACI\u00d3N ADICIONAL PARA TODO TIPO DE CL\u00c1USULAS (2\u00aa CAPA)<\/strong><\/p>\n<p><strong>RESPONSABLE: \u00bfQui\u00e9n es el Responsable del tratamiento de sus datos?<\/strong><br \/>\nIdentidad: ALBERGUE PARADISO, S.L. , con CIF\/NIF: B39592142 , en adelante ENTIDAD<br \/>\nDirecci\u00f3n: C\/ LA ERMITA, 18 , 39350 &#8211; HINOJEDO<br \/>\nE-mail: miguel@albergue-paradiso.com<br \/>\nDelegado de Protecci\u00f3n de Datos: info@aemol.com<br \/>\n<strong><br \/>\nDERECHOS: \u00bfCu\u00e1les son sus derechos cuando nos facilita sus datos?<\/strong><\/p>\n<ul>\n<li><strong>Acceso:<\/strong> El interesado tiene derecho a saber que datos est\u00e1 tratando la ENTIDAD sobre \u00e9l.<\/li>\n<li><strong>Rectificaci\u00f3n:<\/strong> El interesado tiene derecho a solicitar la rectificaci\u00f3n de los datos inexactos.<\/li>\n<li><strong>Supresi\u00f3n:<\/strong> El interesado tiene derecho a solicitar la supresi\u00f3n de sus datos cuando, entro otros motivos, los datos no sean necesarios para los fines que fueron recogidos.<\/li>\n<li><strong>Limitaci\u00f3n del tratamiento: <\/strong>En determinadas circunstancias el interesado podr\u00e1 solicitar la limitaci\u00f3n del tratamiento de sus datos, en cuyo caso \u00fanicamente los conservaremos para el ejercicio o la defensa de reclamaciones.<\/li>\n<li><strong>Oposici\u00f3n: <\/strong>En determinadas circunstancias el interesado podr\u00e1 oponerse al tratamiento de sus datos. En ese caso la ENTIDAD dejar\u00e1 de tratar sus datos, salvo por motivos leg\u00edtimos imperiosos o el ejercicio o la defensa de posibles reclamaciones.<\/li>\n<li><strong>Portabilidad de los datos: <\/strong>S\u00f3lo aplicable a datos automatizados y consiste en pasar los datos desde la ENTIDAD a otro nuevo RESPONSABLE DEL TRATAMIENTO (no al interesado y por solicitud del mismo).<\/li>\n<li><strong>TIEMPO DE CONSERVACION:<\/strong> Los datos proporcionados se conservar\u00e1n mientras no solicite el cese, se sigan manteniendo relaciones comerciales u obliguen a su conservaci\u00f3n otras leyes aplicables.<\/li>\n<\/ul>\n<p>Puede usted ejercer sus derechos inclu\u00eddo el derecho a retirar su consentimiento (si este fue otorgado) enviando un escrito a:<\/p>\n<p>ALBERGUE PARADISO, S.L.<br \/>\nC\/ LA ERMITA, 18<br \/>\n39350 &#8211; HINOJEDO<br \/>\no enviando un e-mail a inof@albergue-paradiso.com<\/p>\n<p>Adem\u00e1s tiene usted derecho a presentar una reclamaci\u00f3n ante la Autoridad de Control en materia de Protecci\u00f3n de Datos, actualmente la Agencia Espa\u00f1ola de Protecci\u00f3n de Datos.<\/p>\n","protected":false},"excerpt":{"rendered":"<p>TODO LO QUE NECESITAS SABER SOBRE LA PRIVACIDAD EN ALBERGUE PARADISO 1. DERECHO DE INFORMACI\u00d3N [&hellip;]<\/p>\n","protected":false},"author":1,"featured_media":0,"parent":0,"menu_order":0,"comment_status":"closed","ping_status":"closed","template":"","meta":{"_joinchat":[],"footnotes":""},"class_list":["post-29065","page","type-page","status-publish","hentry"],"acf":[],"yoast_head":"<!-- This site is optimized with the Yoast SEO plugin v27.4 - https:\/\/yoast.com\/product\/yoast-seo-wordpress\/ -->\n<title>Pol\u00edtica de Privacidad - Albergue Paradiso Cantabria<\/title>\n<meta name=\"description\" content=\"Pol\u00edtica de privacidad el Albergue Paradiso en Cantabria\" \/>\n<meta name=\"robots\" content=\"index, follow, max-snippet:-1, max-image-preview:large, max-video-preview:-1\" \/>\n<link rel=\"canonical\" href=\"https:\/\/www.albergue-paradiso.com\/es\/politica-de-privacidad\/\" \/>\n<meta property=\"og:locale\" content=\"es_ES\" \/>\n<meta property=\"og:type\" content=\"article\" \/>\n<meta property=\"og:title\" content=\"Pol\u00edtica de Privacidad - Albergue Paradiso Cantabria\" \/>\n<meta property=\"og:description\" content=\"Pol\u00edtica de privacidad el Albergue Paradiso en Cantabria\" \/>\n<meta property=\"og:url\" content=\"https:\/\/www.albergue-paradiso.com\/es\/politica-de-privacidad\/\" \/>\n<meta property=\"og:site_name\" content=\"Albergues en Cantabria | Hostel albergue Paradiso en Cantabria\" \/>\n<meta property=\"article:modified_time\" content=\"2023-08-01T14:23:05+00:00\" \/>\n<meta name=\"twitter:card\" content=\"summary_large_image\" \/>\n<meta name=\"twitter:label1\" content=\"Tiempo de lectura\" \/>\n\t<meta name=\"twitter:data1\" content=\"6 minutos\" \/>\n<script type=\"application\/ld+json\" class=\"yoast-schema-graph\">{\"@context\":\"https:\\\/\\\/schema.org\",\"@graph\":[{\"@type\":\"WebPage\",\"@id\":\"https:\\\/\\\/www.albergue-paradiso.com\\\/es\\\/politica-de-privacidad\\\/\",\"url\":\"https:\\\/\\\/www.albergue-paradiso.com\\\/es\\\/politica-de-privacidad\\\/\",\"name\":\"Pol\u00edtica de Privacidad - Albergue Paradiso Cantabria\",\"isPartOf\":{\"@id\":\"https:\\\/\\\/www.albergue-paradiso.com\\\/es\\\/#website\"},\"datePublished\":\"2023-07-13T18:21:39+00:00\",\"dateModified\":\"2023-08-01T14:23:05+00:00\",\"description\":\"Pol\u00edtica de privacidad el Albergue Paradiso en Cantabria\",\"breadcrumb\":{\"@id\":\"https:\\\/\\\/www.albergue-paradiso.com\\\/es\\\/politica-de-privacidad\\\/#breadcrumb\"},\"inLanguage\":\"es\",\"potentialAction\":[{\"@type\":\"ReadAction\",\"target\":[\"https:\\\/\\\/www.albergue-paradiso.com\\\/es\\\/politica-de-privacidad\\\/\"]}]},{\"@type\":\"BreadcrumbList\",\"@id\":\"https:\\\/\\\/www.albergue-paradiso.com\\\/es\\\/politica-de-privacidad\\\/#breadcrumb\",\"itemListElement\":[{\"@type\":\"ListItem\",\"position\":1,\"name\":\"Portada\",\"item\":\"https:\\\/\\\/www.albergue-paradiso.com\\\/es\\\/\"},{\"@type\":\"ListItem\",\"position\":2,\"name\":\"Pol\u00edtica de Privacidad\"}]},{\"@type\":\"WebSite\",\"@id\":\"https:\\\/\\\/www.albergue-paradiso.com\\\/es\\\/#website\",\"url\":\"https:\\\/\\\/www.albergue-paradiso.com\\\/es\\\/\",\"name\":\"Albergues en Cantabria | Hostel albergue Paradiso en Cantabria\",\"description\":\"\",\"potentialAction\":[{\"@type\":\"SearchAction\",\"target\":{\"@type\":\"EntryPoint\",\"urlTemplate\":\"https:\\\/\\\/www.albergue-paradiso.com\\\/es\\\/?s={search_term_string}\"},\"query-input\":{\"@type\":\"PropertyValueSpecification\",\"valueRequired\":true,\"valueName\":\"search_term_string\"}}],\"inLanguage\":\"es\"}]}<\/script>\n<!-- \/ Yoast SEO plugin. -->","yoast_head_json":{"title":"Pol\u00edtica de Privacidad - Albergue Paradiso Cantabria","description":"Pol\u00edtica de privacidad el Albergue Paradiso en Cantabria","robots":{"index":"index","follow":"follow","max-snippet":"max-snippet:-1","max-image-preview":"max-image-preview:large","max-video-preview":"max-video-preview:-1"},"canonical":"https:\/\/www.albergue-paradiso.com\/es\/politica-de-privacidad\/","og_locale":"es_ES","og_type":"article","og_title":"Pol\u00edtica de Privacidad - Albergue Paradiso Cantabria","og_description":"Pol\u00edtica de privacidad el Albergue Paradiso en Cantabria","og_url":"https:\/\/www.albergue-paradiso.com\/es\/politica-de-privacidad\/","og_site_name":"Albergues en Cantabria | Hostel albergue Paradiso en Cantabria","article_modified_time":"2023-08-01T14:23:05+00:00","twitter_card":"summary_large_image","twitter_misc":{"Tiempo de lectura":"6 minutos"},"schema":{"@context":"https:\/\/schema.org","@graph":[{"@type":"WebPage","@id":"https:\/\/www.albergue-paradiso.com\/es\/politica-de-privacidad\/","url":"https:\/\/www.albergue-paradiso.com\/es\/politica-de-privacidad\/","name":"Pol\u00edtica de Privacidad - Albergue Paradiso Cantabria","isPartOf":{"@id":"https:\/\/www.albergue-paradiso.com\/es\/#website"},"datePublished":"2023-07-13T18:21:39+00:00","dateModified":"2023-08-01T14:23:05+00:00","description":"Pol\u00edtica de privacidad el Albergue Paradiso en Cantabria","breadcrumb":{"@id":"https:\/\/www.albergue-paradiso.com\/es\/politica-de-privacidad\/#breadcrumb"},"inLanguage":"es","potentialAction":[{"@type":"ReadAction","target":["https:\/\/www.albergue-paradiso.com\/es\/politica-de-privacidad\/"]}]},{"@type":"BreadcrumbList","@id":"https:\/\/www.albergue-paradiso.com\/es\/politica-de-privacidad\/#breadcrumb","itemListElement":[{"@type":"ListItem","position":1,"name":"Portada","item":"https:\/\/www.albergue-paradiso.com\/es\/"},{"@type":"ListItem","position":2,"name":"Pol\u00edtica de Privacidad"}]},{"@type":"WebSite","@id":"https:\/\/www.albergue-paradiso.com\/es\/#website","url":"https:\/\/www.albergue-paradiso.com\/es\/","name":"Albergues en Cantabria | Hostel albergue Paradiso en Cantabria","description":"","potentialAction":[{"@type":"SearchAction","target":{"@type":"EntryPoint","urlTemplate":"https:\/\/www.albergue-paradiso.com\/es\/?s={search_term_string}"},"query-input":{"@type":"PropertyValueSpecification","valueRequired":true,"valueName":"search_term_string"}}],"inLanguage":"es"}]}},"_links":{"self":[{"href":"https:\/\/www.albergue-paradiso.com\/es\/wp-json\/wp\/v2\/pages\/29065","targetHints":{"allow":["GET"]}}],"collection":[{"href":"https:\/\/www.albergue-paradiso.com\/es\/wp-json\/wp\/v2\/pages"}],"about":[{"href":"https:\/\/www.albergue-paradiso.com\/es\/wp-json\/wp\/v2\/types\/page"}],"author":[{"embeddable":true,"href":"https:\/\/www.albergue-paradiso.com\/es\/wp-json\/wp\/v2\/users\/1"}],"replies":[{"embeddable":true,"href":"https:\/\/www.albergue-paradiso.com\/es\/wp-json\/wp\/v2\/comments?post=29065"}],"version-history":[{"count":2,"href":"https:\/\/www.albergue-paradiso.com\/es\/wp-json\/wp\/v2\/pages\/29065\/revisions"}],"predecessor-version":[{"id":29813,"href":"https:\/\/www.albergue-paradiso.com\/es\/wp-json\/wp\/v2\/pages\/29065\/revisions\/29813"}],"wp:attachment":[{"href":"https:\/\/www.albergue-paradiso.com\/es\/wp-json\/wp\/v2\/media?parent=29065"}],"curies":[{"name":"wp","href":"https:\/\/api.w.org\/{rel}","templated":true}]}}