{"id":28535,"date":"2023-06-22T14:51:48","date_gmt":"2023-06-22T14:51:48","guid":{"rendered":"https:\/\/www.albergue-paradiso.com\/es\/?page_id=28535"},"modified":"2024-06-22T15:20:58","modified_gmt":"2024-06-22T15:20:58","slug":"recepcion","status":"publish","type":"page","link":"https:\/\/www.albergue-paradiso.com\/es\/recepcion\/","title":{"rendered":"Recepci\u00f3n"},"content":{"rendered":"<h1 class=\"pt-5 pb-2 text-uppercase text-center\">Recepci\u00f3n<\/h1>\n<hr class=\"border border-primary w-25\" \/>\n<div class=\"row align-items-center no-gutters pt-4\">\n<div class=\"col-md-6\">\n<div class=\"carousel slide carousel-fade\" id=\"bs4-carousel-0\" data-ride=\"carousel\" data-interval=\"5000\" data-pause=\"hover\" data-wrap=\"true\"><ol class=\"carousel-indicators\"><li data-target=\"#bs4-carousel-0\" data-slide-to=\"0\" class=\"active\"><li data-target=\"#bs4-carousel-0\" data-slide-to=\"1\"><li data-target=\"#bs4-carousel-0\" data-slide-to=\"2\"><\/ol><div class=\"carousel-inner\">\n<div id=\"bs4-carousel-inner-0\" class=\"carousel-item active\">\n<img decoding=\"async\" class=\"active img-fluid\" src=\"https:\/\/www.albergue-paradiso.com\/es\/wp-content\/uploads\/2023\/07\/recepcion1.jpg\"><\/div>\n<div id=\"bs4-carousel-inner-1\" class=\"carousel-item\">\n<img decoding=\"async\" class=\"img-fluid\" src=\"https:\/\/www.albergue-paradiso.com\/es\/wp-content\/uploads\/2023\/07\/recepcion2.jpg\"><\/div>\n<div id=\"bs4-carousel-inner-2\" class=\"carousel-item\">\n<img decoding=\"async\" class=\"img-fluid\" src=\"https:\/\/www.albergue-paradiso.com\/es\/wp-content\/uploads\/2023\/07\/recepcion3.jpg\"><\/div>\n<\/div><\/div>\n<\/div>\n<div class=\"col-md-6\">\n<div class=\"w-75 text-center mx-auto\">\n<p class=\"h4\"><i class=\"fas fa-quote-left\"><\/i> La Recepci\u00f3n tu primer acercamiento con nosotros. Disponemos de consigna para tus pertenencias m\u00e1s preciadas.<i class=\"fas fa-quote-right\"><\/i>\n<\/div>\n<\/div>\n<\/div>\n<div class=\"container\">\n<div class=\"card-columns text-center pt-4\">\n<div class=\"card\">\n<div class=\"card-body\">\n<p class=\"card-text\"><img decoding=\"async\" class=\"img-fluid\" src=\"https:\/\/www.albergue-paradiso.com\/es\/wp-content\/uploads\/2023\/06\/info.png\" width=\"80\"><\/p>\n<h4 class=\"card-title\">\n<span class=\"text-primary\">Atenci\u00f3n personalizada<\/span><\/h4>\nPodr\u00e1s encontrar toda la informaci\u00f3n que necesites, tanto de nuestras instalaciones como de todo lo que puedes hacer y visitar. Todo ello en persona, telef\u00f3nicamente o por email.<\/div>\n<\/div>\n<div class=\"card\">\n<div class=\"card-body\">\n<p class=\"card-text\"><img decoding=\"async\" class=\"img-fluid\" src=\"https:\/\/www.albergue-paradiso.com\/es\/wp-content\/uploads\/2023\/06\/wifi.png\" width=\"80\"><\/p>\n<h4 class=\"card-title\">\n<span class=\"text-primary\">Smart Hostel<\/span><\/h4>\nConectados con el mundo: WIFI gratuito para toda la instalaci\u00f3n, ordenadores p\u00fablicos con internet y cerraduras inteligentes en dormitorios. Disponemos de dos puntos de carga para veh\u00edculos el\u00e9ctricos.<\/div>\n<\/div>\n<div class=\"card\">\n<div class=\"card-body\">\n<p class=\"card-text\"><img decoding=\"async\" class=\"img-fluid\" src=\"https:\/\/www.albergue-paradiso.com\/es\/wp-content\/uploads\/2023\/06\/pets.png\" width=\"80\"><\/p>\n<h4 class=\"card-title\">\n<span class=\"text-primary\"><a href=\"https:\/\/www.albergue-paradiso.com\/es\/politica-de-mascotas-albergue-paradiso\/\">Turismo con mascotas<\/a><\/span><\/h4>\n<p class=\"card-text\">\u00a1Admitimos animales!<\/p>\n<p class=\"card-text\">Ven con tu perro o cualquier otra mascota;no la dejes en casa;cuando t\u00fa te registras,ella tambi\u00e9n.<\/p>\n<\/div>\n<\/div>\n<\/div>\n<h3 class=\"text-center text-primary py-2\">Desconecta de lo cotidiano pero conecta con el mundo cuando quieras y con los tuyos\u2026somos un<\/h3>\n<p class=\"text-center\"><img decoding=\"async\" class=\"img-fluid\" src=\"https:\/\/www.albergue-paradiso.com\/es\/wp-content\/uploads\/2023\/06\/smarthostel.png\" alt=\"smarthostel\" width=\"300\" \/><\/p>\n<h3 class=\"text-center text-primary\">con <strong>WIFI <\/strong>y acceso a internet gratuitos.<\/h3>\n<h4 class=\"pt-3 text-center\">Ac\u00e9rcate a ver nuestro acuario marino tropical con peces de la pel\u00edcula \u00abbuscando a Nemo\u00bb<\/h4>\n<div class=\"row\">\n<div class=\"col-md-4\">\n<a href=\"https:\/\/www.albergue-paradiso.com\/es\/wp-content\/uploads\/2023\/07\/acuario-1.jpg\" data-lightbox=\"acuario\"><img decoding=\"async\" class=\"img-fluid\" src=\"https:\/\/www.albergue-paradiso.com\/es\/wp-content\/uploads\/2023\/07\/acuario-1.jpg\" \/><\/a><\/div>\n<div class=\"col-md-4\">\n<a href=\"https:\/\/www.albergue-paradiso.com\/es\/wp-content\/uploads\/2023\/07\/acuario-2.jpg\" data-lightbox=\"acuario\"><img decoding=\"async\" class=\"img-fluid\" src=\"https:\/\/www.albergue-paradiso.com\/es\/wp-content\/uploads\/2023\/07\/acuario-2.jpg\" \/><\/a><\/div>\n<div class=\"col-md-4\">\n<a href=\"https:\/\/www.albergue-paradiso.com\/es\/wp-content\/uploads\/2023\/07\/acuario-3.jpg\" data-lightbox=\"acuario\"><img decoding=\"async\" class=\"img-fluid\" src=\"https:\/\/www.albergue-paradiso.com\/es\/wp-content\/uploads\/2023\/07\/acuario-3.jpg\" \/><\/a><\/div>\n<\/div>\n<\/div>\n","protected":false},"excerpt":{"rendered":"<p>Recepci\u00f3n<\/p>\n","protected":false},"author":1,"featured_media":0,"parent":0,"menu_order":0,"comment_status":"closed","ping_status":"closed","template":"template-fullwidth.php","meta":{"_joinchat":[],"footnotes":""},"class_list":["post-28535","page","type-page","status-publish","hentry"],"acf":[],"yoast_head":"<!-- This site is optimized with the Yoast SEO plugin v27.4 - https:\/\/yoast.com\/product\/yoast-seo-wordpress\/ -->\n<title>Recepci\u00f3n del Albergue Paradiso en Cantabria<\/title>\n<meta name=\"description\" content=\"Descubre la recepci\u00f3n del Albergue Paradiso en Cantabria, pr\u00f3ximo a Suances y Santillana del Mar. Albergue del Camino del Norte\" \/>\n<meta name=\"robots\" content=\"index, follow, max-snippet:-1, max-image-preview:large, max-video-preview:-1\" \/>\n<link rel=\"canonical\" href=\"https:\/\/www.albergue-paradiso.com\/es\/recepcion\/\" \/>\n<meta property=\"og:locale\" content=\"es_ES\" \/>\n<meta property=\"og:type\" content=\"article\" \/>\n<meta property=\"og:title\" content=\"Recepci\u00f3n del Albergue Paradiso en Cantabria\" \/>\n<meta property=\"og:description\" content=\"Descubre la recepci\u00f3n del Albergue Paradiso en Cantabria, pr\u00f3ximo a Suances y Santillana del Mar. Albergue del Camino del Norte\" \/>\n<meta property=\"og:url\" content=\"https:\/\/www.albergue-paradiso.com\/es\/recepcion\/\" \/>\n<meta property=\"og:site_name\" content=\"Albergues en Cantabria | Hostel albergue Paradiso en Cantabria\" \/>\n<meta property=\"article:modified_time\" content=\"2024-06-22T15:20:58+00:00\" \/>\n<meta property=\"og:image\" content=\"https:\/\/www.albergue-paradiso.com\/es\/wp-content\/uploads\/2023\/07\/recepcion1.jpg\" \/>\n<meta name=\"twitter:card\" content=\"summary_large_image\" \/>\n<meta name=\"twitter:label1\" content=\"Tiempo de lectura\" \/>\n\t<meta name=\"twitter:data1\" content=\"3 minutos\" \/>\n<script type=\"application\/ld+json\" class=\"yoast-schema-graph\">{\"@context\":\"https:\\\/\\\/schema.org\",\"@graph\":[{\"@type\":\"WebPage\",\"@id\":\"https:\\\/\\\/www.albergue-paradiso.com\\\/es\\\/recepcion\\\/\",\"url\":\"https:\\\/\\\/www.albergue-paradiso.com\\\/es\\\/recepcion\\\/\",\"name\":\"Recepci\u00f3n del Albergue Paradiso en Cantabria\",\"isPartOf\":{\"@id\":\"https:\\\/\\\/www.albergue-paradiso.com\\\/es\\\/#website\"},\"primaryImageOfPage\":{\"@id\":\"https:\\\/\\\/www.albergue-paradiso.com\\\/es\\\/recepcion\\\/#primaryimage\"},\"image\":{\"@id\":\"https:\\\/\\\/www.albergue-paradiso.com\\\/es\\\/recepcion\\\/#primaryimage\"},\"thumbnailUrl\":\"https:\\\/\\\/www.albergue-paradiso.com\\\/es\\\/wp-content\\\/uploads\\\/2023\\\/07\\\/recepcion1.jpg\",\"datePublished\":\"2023-06-22T14:51:48+00:00\",\"dateModified\":\"2024-06-22T15:20:58+00:00\",\"description\":\"Descubre la recepci\u00f3n del Albergue Paradiso en Cantabria, pr\u00f3ximo a Suances y Santillana del Mar. Albergue del Camino del Norte\",\"breadcrumb\":{\"@id\":\"https:\\\/\\\/www.albergue-paradiso.com\\\/es\\\/recepcion\\\/#breadcrumb\"},\"inLanguage\":\"es\",\"potentialAction\":[{\"@type\":\"ReadAction\",\"target\":[\"https:\\\/\\\/www.albergue-paradiso.com\\\/es\\\/recepcion\\\/\"]}]},{\"@type\":\"ImageObject\",\"inLanguage\":\"es\",\"@id\":\"https:\\\/\\\/www.albergue-paradiso.com\\\/es\\\/recepcion\\\/#primaryimage\",\"url\":\"https:\\\/\\\/www.albergue-paradiso.com\\\/es\\\/wp-content\\\/uploads\\\/2023\\\/07\\\/recepcion1.jpg\",\"contentUrl\":\"https:\\\/\\\/www.albergue-paradiso.com\\\/es\\\/wp-content\\\/uploads\\\/2023\\\/07\\\/recepcion1.jpg\",\"width\":1000,\"height\":750},{\"@type\":\"BreadcrumbList\",\"@id\":\"https:\\\/\\\/www.albergue-paradiso.com\\\/es\\\/recepcion\\\/#breadcrumb\",\"itemListElement\":[{\"@type\":\"ListItem\",\"position\":1,\"name\":\"Portada\",\"item\":\"https:\\\/\\\/www.albergue-paradiso.com\\\/es\\\/\"},{\"@type\":\"ListItem\",\"position\":2,\"name\":\"Recepci\u00f3n\"}]},{\"@type\":\"WebSite\",\"@id\":\"https:\\\/\\\/www.albergue-paradiso.com\\\/es\\\/#website\",\"url\":\"https:\\\/\\\/www.albergue-paradiso.com\\\/es\\\/\",\"name\":\"Albergues en Cantabria | Hostel albergue Paradiso en Cantabria\",\"description\":\"\",\"potentialAction\":[{\"@type\":\"SearchAction\",\"target\":{\"@type\":\"EntryPoint\",\"urlTemplate\":\"https:\\\/\\\/www.albergue-paradiso.com\\\/es\\\/?s={search_term_string}\"},\"query-input\":{\"@type\":\"PropertyValueSpecification\",\"valueRequired\":true,\"valueName\":\"search_term_string\"}}],\"inLanguage\":\"es\"}]}<\/script>\n<!-- \/ Yoast SEO plugin. -->","yoast_head_json":{"title":"Recepci\u00f3n del Albergue Paradiso en Cantabria","description":"Descubre la recepci\u00f3n del Albergue Paradiso en Cantabria, pr\u00f3ximo a Suances y Santillana del Mar. Albergue del Camino del Norte","robots":{"index":"index","follow":"follow","max-snippet":"max-snippet:-1","max-image-preview":"max-image-preview:large","max-video-preview":"max-video-preview:-1"},"canonical":"https:\/\/www.albergue-paradiso.com\/es\/recepcion\/","og_locale":"es_ES","og_type":"article","og_title":"Recepci\u00f3n del Albergue Paradiso en Cantabria","og_description":"Descubre la recepci\u00f3n del Albergue Paradiso en Cantabria, pr\u00f3ximo a Suances y Santillana del Mar. Albergue del Camino del Norte","og_url":"https:\/\/www.albergue-paradiso.com\/es\/recepcion\/","og_site_name":"Albergues en Cantabria | Hostel albergue Paradiso en Cantabria","article_modified_time":"2024-06-22T15:20:58+00:00","og_image":[{"url":"https:\/\/www.albergue-paradiso.com\/es\/wp-content\/uploads\/2023\/07\/recepcion1.jpg","type":"","width":"","height":""}],"twitter_card":"summary_large_image","twitter_misc":{"Tiempo de lectura":"3 minutos"},"schema":{"@context":"https:\/\/schema.org","@graph":[{"@type":"WebPage","@id":"https:\/\/www.albergue-paradiso.com\/es\/recepcion\/","url":"https:\/\/www.albergue-paradiso.com\/es\/recepcion\/","name":"Recepci\u00f3n del Albergue Paradiso en Cantabria","isPartOf":{"@id":"https:\/\/www.albergue-paradiso.com\/es\/#website"},"primaryImageOfPage":{"@id":"https:\/\/www.albergue-paradiso.com\/es\/recepcion\/#primaryimage"},"image":{"@id":"https:\/\/www.albergue-paradiso.com\/es\/recepcion\/#primaryimage"},"thumbnailUrl":"https:\/\/www.albergue-paradiso.com\/es\/wp-content\/uploads\/2023\/07\/recepcion1.jpg","datePublished":"2023-06-22T14:51:48+00:00","dateModified":"2024-06-22T15:20:58+00:00","description":"Descubre la recepci\u00f3n del Albergue Paradiso en Cantabria, pr\u00f3ximo a Suances y Santillana del Mar. Albergue del Camino del Norte","breadcrumb":{"@id":"https:\/\/www.albergue-paradiso.com\/es\/recepcion\/#breadcrumb"},"inLanguage":"es","potentialAction":[{"@type":"ReadAction","target":["https:\/\/www.albergue-paradiso.com\/es\/recepcion\/"]}]},{"@type":"ImageObject","inLanguage":"es","@id":"https:\/\/www.albergue-paradiso.com\/es\/recepcion\/#primaryimage","url":"https:\/\/www.albergue-paradiso.com\/es\/wp-content\/uploads\/2023\/07\/recepcion1.jpg","contentUrl":"https:\/\/www.albergue-paradiso.com\/es\/wp-content\/uploads\/2023\/07\/recepcion1.jpg","width":1000,"height":750},{"@type":"BreadcrumbList","@id":"https:\/\/www.albergue-paradiso.com\/es\/recepcion\/#breadcrumb","itemListElement":[{"@type":"ListItem","position":1,"name":"Portada","item":"https:\/\/www.albergue-paradiso.com\/es\/"},{"@type":"ListItem","position":2,"name":"Recepci\u00f3n"}]},{"@type":"WebSite","@id":"https:\/\/www.albergue-paradiso.com\/es\/#website","url":"https:\/\/www.albergue-paradiso.com\/es\/","name":"Albergues en Cantabria | Hostel albergue Paradiso en Cantabria","description":"","potentialAction":[{"@type":"SearchAction","target":{"@type":"EntryPoint","urlTemplate":"https:\/\/www.albergue-paradiso.com\/es\/?s={search_term_string}"},"query-input":{"@type":"PropertyValueSpecification","valueRequired":true,"valueName":"search_term_string"}}],"inLanguage":"es"}]}},"_links":{"self":[{"href":"https:\/\/www.albergue-paradiso.com\/es\/wp-json\/wp\/v2\/pages\/28535","targetHints":{"allow":["GET"]}}],"collection":[{"href":"https:\/\/www.albergue-paradiso.com\/es\/wp-json\/wp\/v2\/pages"}],"about":[{"href":"https:\/\/www.albergue-paradiso.com\/es\/wp-json\/wp\/v2\/types\/page"}],"author":[{"embeddable":true,"href":"https:\/\/www.albergue-paradiso.com\/es\/wp-json\/wp\/v2\/users\/1"}],"replies":[{"embeddable":true,"href":"https:\/\/www.albergue-paradiso.com\/es\/wp-json\/wp\/v2\/comments?post=28535"}],"version-history":[{"count":37,"href":"https:\/\/www.albergue-paradiso.com\/es\/wp-json\/wp\/v2\/pages\/28535\/revisions"}],"predecessor-version":[{"id":30757,"href":"https:\/\/www.albergue-paradiso.com\/es\/wp-json\/wp\/v2\/pages\/28535\/revisions\/30757"}],"wp:attachment":[{"href":"https:\/\/www.albergue-paradiso.com\/es\/wp-json\/wp\/v2\/media?parent=28535"}],"curies":[{"name":"wp","href":"https:\/\/api.w.org\/{rel}","templated":true}]}}