{"id":28213,"date":"2023-06-15T17:18:08","date_gmt":"2023-06-15T17:18:08","guid":{"rendered":"https:\/\/www.albergue-paradiso.com\/es\/?page_id=28213"},"modified":"2024-12-11T15:45:59","modified_gmt":"2024-12-11T15:45:59","slug":"master-tatsuo-suzuki","status":"publish","type":"page","link":"https:\/\/www.albergue-paradiso.com\/es\/wikf\/master-tatsuo-suzuki\/","title":{"rendered":"Master Tatsuo Suzuki"},"content":{"rendered":"<ul class=\"nav justify-content-center\">\n<li class=\"nav-item\">\n      <a class=\"nav-link\" href=\"https:\/\/www.albergue-paradiso.com\/es\/wikf\/\">WIKF<\/a>\n    <\/li>\n<li class=\"nav-item\">\n        <a class=\"nav-link\" href=\"https:\/\/www.albergue-paradiso.com\/es\/wikf\/historia-wado-ryu\/\">HISTORIA DEL WADO RYU<\/a>\n   <\/li>\n<li class=\"nav-item\">\n        <a class=\"nav-link active text-dark\" href=\"https:\/\/www.albergue-paradiso.com\/es\/wikf\/master-tatsuo-suzuki\/\">MASTER TATSUO SUZUKI<\/a>\n    <\/li>\n<li class=\"nav-item\">\n         <a class=\"nav-link\" href=\"https:\/\/www.albergue-paradiso.com\/es\/wikf\/wim-massee\/\">WIM MASSEE<\/a>\n    <\/li>\n<li class=\"nav-item\">\n         <a class=\"nav-link\" href=\"https:\/\/www.albergue-paradiso.com\/es\/category\/wikf-spain-albergue-paradiso\/\">BLOG WIKF<\/a>\n    <\/li>\n<li class=\"nav-item\">\n        <a class=\"nav-link\" href=\"https:\/\/www.albergue-paradiso.com\/es\/karate\/\">COURSE 2025<\/a>\n      <\/li>\n<\/ul>\n<div class=\"col-12\">\n<h2 class=\"text-primary pt-5\">Master Tatsuo Suzuki<\/h2>\n<p>Professor Tatsuo Suzuki Hanshi (Phd) naci\u00f3 en Yokohama el 27 de Abril de 1928 y se interes\u00f3 por el karate a la edad de 14 a\u00f1os. Fue ense\u00f1ado por el fundador del karate Wado Ryu, el professor Hironori Ohtsuka, m\u00e1xima autoridad del karate en Jap\u00f3n por aqu\u00e9l entonces y poseedor de la medalla Hoosho al servicio del deporte entregada por las autoridades del Gobierno japon\u00e9s; (\u00fanico hombre en la historia del karate galardonado con tal honor). T. Suzuki sensei (maestro) es considerado como el aut\u00e9ntico sucesor de Hironori ohtsuka sensei. A los seis a\u00f1os de comenzar a estudiar karate, T.Suzuki sensei obtuvo el t\u00edtulo de 3\u00baDan, y en 1951 le fue otorgado el grado m\u00e1ximo en el estilo de karate Wado Ryu, el 5\u00baDan, por su excepcional valor y habilidad. Como complemento al karate, T.Suzuki sensei es 2\u00baDan en Tenshin Horyu Bo-Jitsu (lucha con palo) y 1\u00baDan en Judo. Tambi\u00e9n estudi\u00f3 la doctrina del Zen con el gran sacerdote Genpo Yamamoto y Soyen Nakagawa.<\/p>\n<p>En 1975 recibe el 8\u00baDan, el grado m\u00e1s alto otorgado jam\u00e1s por la Federaci\u00f3n All-Japan Karate-Do organisations, la Wado Kai. En ese a\u00f1o, tambi\u00e9n recibe el m\u00e1s alto t\u00edtulo de arte marcial japon\u00e9s: el t\u00edtulo \u00abHanshi\u00bb entregado por el t\u00edo del Emperador Higashikuni. T.Suzuki sensei es la \u00fanica persona viva con tal t\u00edtulo en Wado-Ryu; la otra persona era H.Otshuka sensei.<\/p>\n<p>T.Suzuki fue el encargado de difundir el karate Wado-Ryu por Europa. En la actualidad, es conocido por el mundo entero y es jefe instructor y presidente de la WIKF (Wado international Karate-do Federation).<\/p>\n<p>De 1945 a 1956 recibi\u00f3 directamente clases del fundador del Wado-Ryu, Hironori Ohtsuka Sensei en los dojos oficiales del Wado Ryu. Despu\u00e9s, como alumno m\u00e1s aventajado y fiel, viaj\u00f3 con el maestro Ohtsuka por los diferentes dojos de Jap\u00f3n y internacionalmente llevando a cabo exhibiciones y ense\u00f1ando en los dojos oficiales as\u00ed como en sitios como Hawai.<\/p>\n<p>De 1956 a 1964, el maestro Suzuki forma la primera federaci\u00f3n de Wado de Inglaterra y desde su base en Londres expande el Wado-Ryu por toda Europa. Despu\u00e9s de muchas dificultades, trajo algunas alumnos desde Jap\u00f3n y les ense\u00f1\u00f3 c\u00f3mo ser instructores y los envi\u00f3 a diversos paises de Europa. En pocos a\u00f1os, el Wado-Ryu comenz\u00f3 a ser un estilo muy popular en Europa.<\/p>\n<p>En 1991, el maestro Suzuki decide formar su propia federaci\u00f3n para salvaguardar la esencia del Wado Ryu tal y como le fue ense\u00f1ado por su maestro Ohtsuka, formando as\u00ed la Wado International Karate-do Federation (WIKF).<\/p>\n<div class=\"row py-3\">\n    <div class=\"col-md-6 text-center\">\n        <img decoding=\"async\" src=\"https:\/\/www.albergue-paradiso.com\/es\/wp-content\/uploads\/2023\/06\/5suzuki-en-kimono.jpg\" class=\"img-fluid\"><\/div>\n    <div class=\"col-md-6 text-center\">\n        <img decoding=\"async\" src=\"https:\/\/www.albergue-paradiso.com\/es\/wp-content\/uploads\/2023\/06\/2suzuki-retrato-hans-heusweb.jpg\" class=\"img-fluid\"><\/div>\n<\/div>\n<p>El gran maestro Tatsuo Suzuki fallece el d\u00eda 12 de Julio de 2011; con el se va una gran leyenda del karate y gran artista de las artes marciales, un verdadero \u00ab\u00faltimo samurai\u00bb. A continuaci\u00f3n, la carta que el maestro Suzuki escribi\u00f3 para todos sus alumnos pocas semanas antes de fallecer:<br \/>\n\u00abQuiero contaros acreca de cuando yo comenc\u00e9 a practicar Karate y c\u00f3mo entrenaba y c\u00f3mo quiero que se lo cont\u00e9is a todos mis alumnos. La mayor\u00eda de los alumnos de karate no entienden acerca de c\u00f3mo es mi mundo del karate. De todos modos, esto es muy sencillo no solamente para el karate sino tambi\u00e9n para la vida.<\/p>\n<p>Cuando comenc\u00e9 karate no solamente quer\u00eda aprender las t\u00e9cnicas quer\u00eda aprenderlo con mente y espiritu tambi\u00e9n. Contact\u00e9 con el maestro Ohtsuka porque el era el fundador del karate Wado-Ryu y era ya un gran maestro. El escuch\u00f3 que yo quer\u00eda seguir completamente su ejemplo y decidi\u00f3 ser mi profesor.<\/p>\n<p>El maestro Ohtsuka era un verdadero artista del arte marcial; en todo actuaba como deb\u00eda un verdadero artista marcial, no solamente tecnicamente sino tambi\u00e9n mental y f\u00edsicamente. No solamente era un hombre del karate sino un verdadero artista del arte marcial. En Jap\u00f3n, karate, Kendo, Aikido eran ense\u00f1ados de manera diferente, como artes marciales. Mucha gente solamente eleg\u00eda una de estas disciplinas para estudiarlas en profundidad pero el maestro Ohtsuka practic\u00f3 desde ni\u00f1o muchas artes marciales y las aprendio como un artista marcial: mental, f\u00edsica y t\u00e9cnicamente, lo que le ha hecho ser tan grande como artidta marcial. Este es el porque yo quise aprender de \u00e9l para ser como \u00e9l en todas las maneras. Por eso he entrenado tan duro tantas y tantas horastodos los d\u00edas para ser como el en todas las cosas y comprender.<br \/>\nCuando falleci\u00f3 el maestro Ohstuka, quise seguir su vida y continuar con sus ense\u00f1anzas exactamente como el hab\u00eda hecho. Debido a que hab\u00eda entrenado tanto con \u00e9l y mucho durante mucho tiempo, llegu\u00e9 a poder entender su camino para la practica de las artes marciales. Yo querr\u00eda tener la misma actitud que el maestro Ohtsuka y as\u00ed fue como yo aprend\u00ed.<\/p>\n<p>Copi\u00e9 el camino del maestro Ohtsuka en todas los aspectos:mental, f\u00edsica y t\u00e9cnicamente siendo esto lo que dejo tras de m\u00ed, no solamente una de las cosas sino todas y cada una de ellas. Mucho profesores no han sido capaces de entender esto. Despu\u00e9s del fallecimiento del maestro Ohtsuka otros profesores cambiaron muchas t\u00e9cnicas debido a su incomprensi\u00f3n de los diferentes aspectos mencionados, no eran lo suficientemente buenos ya que no fueron capaces de seguir el ejemplo del maestro Ohtsuka. Yo era el \u00fanico que sigui\u00f3 su camino. Otros no siguieron su camino en karate, unos porque no eran lo suficientemente buenos o habilidosos y otros porque no hab\u00edan entrenado lo suficientemente o entendido su camino en todos los aspectos por lo que cambiaron muchas cosas.<\/p>\n<p>Yo estaba muy enfadado y decid\u00ed que ten\u00eda que seguir con las ense\u00f1anzas del maestro Ohtsuka yo solo porque en Jap\u00f3n yo era un profesional. Siempre segu\u00ed al maestro Ohtsuka pero desafortunadamente otros no pudieron porque no eran profesionales en los tres aspectos (mental, f\u00edsica y tecnicamente), no entend\u00edan lo suficiente para seguir con su camino adecuadamente. La vida de mi maestro fue maravillosa para mi y quise seguirla exactamente pero despu\u00e9s de fallecimiento ya no hab\u00eda nadie que pudiera ense\u00f1arme y ten\u00eda que seguir solo.<\/p>\n<p>Cuando el maestro Othsuka tuvo ya una edad bastante avanzada no era capaz de ense\u00f1ar como cuando fue joven y los dem\u00e1s profesores no ten\u00edan el entrenamiento suficiente para entender su camino. Por ello, sus t\u00e9cnicas no fueron desarrolladas al completo y no era posible para ellos el ense\u00f1ar el camino del maestro Othsuka porque no hab\u00edan aprendido los tres aspectos (mental, f\u00edsico y t\u00e9cnico). Sin embargo, yo siempre hab\u00eda aprendido su practica del karate y era yo el que entend\u00eda su camino. Su camino era el de ense\u00f1ar su t\u00e9cnica y practicar la t\u00e9cnica una y otra vez hasta que el cuerpo y la mente entendi\u00e1n el poder hacer la t\u00e9cnica sin tener que pensarla. El maestro Ohtsuka no ense\u00f1aba hablando sino demostrando su t\u00e9cnica delante de sus alumnos una y otra vez.<\/p>\n<p>Cuando llegu\u00e9 a Inglaterra, pens\u00e9 como el maestro Ohtsuka, y ense\u00f1aba demostrando a los alumnos y que me copiaran la t\u00e9cnica. Esto es muy importante, el profesor debe ense\u00f1ar la t\u00e9cnica como ejemplo y no solo hablar. En Japon, cuando cierta gente se hace mayor ya no ense\u00f1an demostrando, solamente hablan por lo que el cuerpo olvidad la t\u00e9cnica correcta. El maestro Ohtsuka nunca ense\u00f1\u00f3 hablando ni siquiera cuando se hizo muy mayor, y tampoco yo. Siempre hemos practicado junto con nuestros alumnos. Esto es por lo que desde que vine a Inglaterra siempre he ense\u00f1ado demostrando desde el principio y hac\u00eda las t\u00e9cnicas conjuntamente con los alumnos, en frente de ellos para que pudieran copiarla.<\/p>\n<p>Estaba muy sorprendido cuando llegue por primera vez a Inglaterra, porque en esa \u00e9poca el karate era bastante desconocido en Europa, siendo el Judo el \u00fanico arte marcial que se conoc\u00eda bien ya que hab\u00eda habida un camp\u00e9on del mundo ingl\u00e9s. Mucha gente quiso saber m\u00e1s sobre artes marciales. Pero pasado un tiempo el karate era pobre porque los profesores no gozaban de buena reputaci\u00f3n. El Gobierno de Inglaterra lleg\u00f3 a querrer parar la pr\u00e1ctica del karate debido a que mucha gente solamente le\u00eda libros y ve\u00eda pel\u00edculas de Bruce Lee y no entend\u00edan. Durante aquellos tiempos, muchos periodistas de peri\u00f3dicos, revistas y tv ven\u00edan donde mi para preguntarme porqu\u00e9 ocurr\u00eda esto. Desafortunadamente no hab\u00eda grupos de karate serios y la mayor parte de ellos eran llevados por gente con poco entendimiento y entrenamiento. Nosotros eramos los \u00fanicos que entrenabamos el camino del maestro Ohtsuka y la otra gente no hab\u00eda entrenado adecuadamente. Cuando yo ense\u00f1aba en Inglaterra lo hac\u00eda de la misma manera que cuando entrenaba con el maestro Ohtsuka en Jap\u00f3n. Otros profesores de karate no hab\u00edan recibido el suficiente entrenamiento de buenos maestros. Fue muy duro para mi ya que la mayor\u00eda de la gente no entend\u00eda el karate y no hab\u00eda aprendido correctamente, pero no era un problema para mi.<\/p>\n<p>Viaj\u00e9 por todo el mundo y ense\u00f1\u00e9 demostrando tal como el camino del maestro Othsuka. Esto era importante, ya que no pod\u00eda tampoco comunicarme verbalmente ya que no entend\u00eda el idioma de la mayor\u00eda de los pa\u00edses pero los alumnos copiando y viendo como yo entrenaba pude comunicarme con todos estos pa\u00edses y transmitir mi camino de entender el arte marcial.<\/p>\n<p>Al mismo tiempo entrenaba duramente para salvaguardar correctamente mi tecnica y as\u00ed poder ense\u00f1arla bien. No solamente quer\u00eda recordar la t\u00e9cnica mentalmente, esto esta mal. Entren\u00e9 duramente para conservar una buena t\u00e9cnica. Siempre practicaba en frente de los alumnos para ense\u00f1arles la forma correcta y estar por encima de ellos. Muchos alumnos entrenaron duramente conmigo y entendieron que entrenar duramente juntos por largo periodo de tiempo era muy importante.<\/p>\n<div class=\"row py-3\">\n    <div class=\"col-md-4 text-center\">\n        <img decoding=\"async\" src=\"https:\/\/www.albergue-paradiso.com\/es\/wp-content\/uploads\/2023\/06\/6suz-y-othsu.jpg\" class=\"img-fluid\"><\/div>\n    <div class=\"col-md-4 text-center\">\n        <img decoding=\"async\" src=\"https:\/\/www.albergue-paradiso.com\/es\/wp-content\/uploads\/2023\/06\/7suzuki-joven.jpg\" class=\"img-fluid\"><\/div>\n <div class=\"col-md-4 text-center\">\n        <img decoding=\"async\" src=\"https:\/\/www.albergue-paradiso.com\/es\/wp-content\/uploads\/2023\/06\/8suzukidejoven.jpg\" class=\"img-fluid\"><\/div>\n<\/div>\n<p>He seguido de esta misma manera y entrenando durante muchotiempo y nunca me he rendido. Siempre por encima de ellos, los estudiantes intentaban muy duramente de seguirme. Nunca me he rendido y deb\u00eda de ense\u00f1arles como me pon\u00eda en pie y con cu\u00e1nta fuerza. De esta manera, los alumnos conocer\u00edan la t\u00e9cnica correcta.<\/p>\n<p>Por todo el mundo, la gente quer\u00eda que se formara una Federaci\u00f3n Internacional de Karate. Yo no quer\u00eda muchos alumnos, solo aquellos dispuestos a seguir el camino del verdadero arte marcial.<\/p>\n<p>En Japon, la mayoria de los profesores de Wado avanzados hab\u00edan dejado de entrenar pero me dijeron que a pesar de no poder seguime, me ayudar\u00edan cuando formara la nueva federaci\u00f3n. Mucha gente me han ayudado y esto es por lo que mi federaci\u00f3n comenz\u00f3. Pens\u00e9 que en los principios no habr\u00eda muchos alumnos pero pronto ten\u00edamos muchos alumnos a lo largo de todo el mundo.<\/p>\n<p>No me he rendido en mi manera de ense\u00f1ar, siempre ense\u00f1ando y entrenando. Pude continuar de esta manera durante mucho tiempo. Nunca dej\u00e9 de entrenar, entrenar, entrenar y ense\u00f1ar. Nunca hablando siempre demostrando, de la misma manera que siempre he pensado.<\/p>\n<p>En 1990 comenc\u00e9 la WIKF y continu\u00e9 ense\u00f1ando y entrenando de la misma manera que el maestro Ohstuka. Ense\u00f1\u00e9 a todos los alumnos juntos y entren\u00e9 con ellos, formando una gran familia en donde se ayudaban los unos a los otros. Me gusta esto; este es mi camino y el mejor camino.<\/p>\n<p>Finalmente en Noviembre de 2005 sufr\u00ed un ataque al coraz\u00f3n y por aqu\u00e9l entonces no pude ense\u00f1ar durante un tiempo. En 2006, comenc\u00e9 nuevamente a ense\u00f1ar poco a poco y durante este tiempo continu\u00e9 entrenando. Me volv\u00ed cada vez m\u00e1s fuerte y en 2007 y 2008 pude volver a ense\u00f1ar por todo el mundo nuevamente.<\/p>\n<p>En Octubre de 2008 volv\u00ed a tener problemas de salud y muchos alumnos comenzaron a ayudarme. Ellos pensaban que era un maestro muy fuerte siempre entrenando duramente junto a ellos. No pude ense\u00f1arles nunca m\u00e1s pero segu\u00edan queriendo entrenar conmigo durante todo el tiempo.<\/p>\n<p>Despu\u00e9s de mi operaci\u00f3n de cancer en Noviembre de 2009, mis alumnos continuaban queriendo entrenar conmigo. Muchos me llamaban y preguntaban cuando volver\u00eda a dar clases. Estaba muy sorprendido porque no pod\u00eda seguir ense\u00f1ando pero ellos segu\u00edan queriendo entrenar fuertemente conmigo. No pude viajar a otros pa\u00edses pero muchos alumnos viajaron a Londres a los diversos cursos que mantuvimos.<\/p>\n<p>Debido a todo esto de mis alumnos, mi espiritu nunca se ha rendido. Su fidelidad me ha sorprendido y esto es importante as\u00ed como muy bueno para mi espiritu.<\/p>\n<p>He intentado a lo largo de mi vida, de asegurarme que el verdadero espiritu del maestro Ohtsuka sigue adelante. He realizado esta labor durante los \u00faltimos 30 a\u00f1os desde que falleci\u00f3 y he impartido mis conocimientos y espiritu a varios profesores para que el trabajo se continue y asegurar el futuro de WIKF y el Wado Ryu Tradicional tal y como me fue ense\u00f1ado a mi por el fundador. Desde varios profesore de WIKF a lo largo del mundo, he asegurado que esto se llevar\u00e1 a cabo. Una fuerte familia que se ayudar\u00e1n los unos a los otros para asegurar as\u00ed el futuro del aut\u00e9ntico Wado Ryu del maestro Ohtsuka\u00bb.<\/p>\n<\/div>\n","protected":false},"excerpt":{"rendered":"<p>WIKF HISTORIA DEL WADO RYU MASTER TATSUO SUZUKI WIM MASSEE BLOG WIKF COURSE 2025 Master [&hellip;]<\/p>\n","protected":false},"author":1,"featured_media":0,"parent":70,"menu_order":0,"comment_status":"closed","ping_status":"closed","template":"","meta":{"_joinchat":[],"footnotes":""},"class_list":["post-28213","page","type-page","status-publish","hentry"],"acf":[],"yoast_head":"<!-- This site is optimized with the Yoast SEO plugin v27.4 - https:\/\/yoast.com\/product\/yoast-seo-wordpress\/ -->\n<title>karate school Tatsuo Suzuki en Cantabria | Albergue Paradiso<\/title>\n<meta name=\"description\" content=\"karate wado ryu. WIKF Espa\u00f1a- historia del karate wado ryu contada por tatsuo suzuki en albergue Paradiso entrevista especial\" \/>\n<meta name=\"robots\" content=\"index, follow, max-snippet:-1, max-image-preview:large, max-video-preview:-1\" \/>\n<link rel=\"canonical\" href=\"https:\/\/www.albergue-paradiso.com\/es\/wikf\/master-tatsuo-suzuki\/\" \/>\n<meta property=\"og:locale\" content=\"es_ES\" \/>\n<meta property=\"og:type\" content=\"article\" \/>\n<meta property=\"og:title\" content=\"karate school Tatsuo Suzuki en Cantabria | Albergue Paradiso\" \/>\n<meta property=\"og:description\" content=\"karate wado ryu. WIKF Espa\u00f1a- historia del karate wado ryu contada por tatsuo suzuki en albergue Paradiso entrevista especial\" \/>\n<meta property=\"og:url\" content=\"https:\/\/www.albergue-paradiso.com\/es\/wikf\/master-tatsuo-suzuki\/\" \/>\n<meta property=\"og:site_name\" content=\"Albergues en Cantabria | Hostel albergue Paradiso en Cantabria\" \/>\n<meta property=\"article:modified_time\" content=\"2024-12-11T15:45:59+00:00\" \/>\n<meta property=\"og:image\" content=\"https:\/\/www.albergue-paradiso.com\/es\/wp-content\/uploads\/2023\/06\/5suzuki-en-kimono.jpg\" \/>\n<meta name=\"twitter:card\" content=\"summary_large_image\" \/>\n<meta name=\"twitter:label1\" content=\"Tiempo de lectura\" \/>\n\t<meta name=\"twitter:data1\" content=\"11 minutos\" \/>\n<script type=\"application\/ld+json\" class=\"yoast-schema-graph\">{\"@context\":\"https:\\\/\\\/schema.org\",\"@graph\":[{\"@type\":\"WebPage\",\"@id\":\"https:\\\/\\\/www.albergue-paradiso.com\\\/es\\\/wikf\\\/master-tatsuo-suzuki\\\/\",\"url\":\"https:\\\/\\\/www.albergue-paradiso.com\\\/es\\\/wikf\\\/master-tatsuo-suzuki\\\/\",\"name\":\"karate school Tatsuo Suzuki en Cantabria | Albergue Paradiso\",\"isPartOf\":{\"@id\":\"https:\\\/\\\/www.albergue-paradiso.com\\\/es\\\/#website\"},\"primaryImageOfPage\":{\"@id\":\"https:\\\/\\\/www.albergue-paradiso.com\\\/es\\\/wikf\\\/master-tatsuo-suzuki\\\/#primaryimage\"},\"image\":{\"@id\":\"https:\\\/\\\/www.albergue-paradiso.com\\\/es\\\/wikf\\\/master-tatsuo-suzuki\\\/#primaryimage\"},\"thumbnailUrl\":\"https:\\\/\\\/www.albergue-paradiso.com\\\/es\\\/wp-content\\\/uploads\\\/2023\\\/06\\\/5suzuki-en-kimono.jpg\",\"datePublished\":\"2023-06-15T17:18:08+00:00\",\"dateModified\":\"2024-12-11T15:45:59+00:00\",\"description\":\"karate wado ryu. WIKF Espa\u00f1a- historia del karate wado ryu contada por tatsuo suzuki en albergue Paradiso entrevista especial\",\"breadcrumb\":{\"@id\":\"https:\\\/\\\/www.albergue-paradiso.com\\\/es\\\/wikf\\\/master-tatsuo-suzuki\\\/#breadcrumb\"},\"inLanguage\":\"es\",\"potentialAction\":[{\"@type\":\"ReadAction\",\"target\":[\"https:\\\/\\\/www.albergue-paradiso.com\\\/es\\\/wikf\\\/master-tatsuo-suzuki\\\/\"]}]},{\"@type\":\"ImageObject\",\"inLanguage\":\"es\",\"@id\":\"https:\\\/\\\/www.albergue-paradiso.com\\\/es\\\/wikf\\\/master-tatsuo-suzuki\\\/#primaryimage\",\"url\":\"https:\\\/\\\/www.albergue-paradiso.com\\\/es\\\/wp-content\\\/uploads\\\/2023\\\/06\\\/5suzuki-en-kimono.jpg\",\"contentUrl\":\"https:\\\/\\\/www.albergue-paradiso.com\\\/es\\\/wp-content\\\/uploads\\\/2023\\\/06\\\/5suzuki-en-kimono.jpg\",\"width\":300,\"height\":391},{\"@type\":\"BreadcrumbList\",\"@id\":\"https:\\\/\\\/www.albergue-paradiso.com\\\/es\\\/wikf\\\/master-tatsuo-suzuki\\\/#breadcrumb\",\"itemListElement\":[{\"@type\":\"ListItem\",\"position\":1,\"name\":\"Portada\",\"item\":\"https:\\\/\\\/www.albergue-paradiso.com\\\/es\\\/\"},{\"@type\":\"ListItem\",\"position\":2,\"name\":\"WIKF\",\"item\":\"https:\\\/\\\/www.albergue-paradiso.com\\\/es\\\/wikf\\\/\"},{\"@type\":\"ListItem\",\"position\":3,\"name\":\"Master Tatsuo Suzuki\"}]},{\"@type\":\"WebSite\",\"@id\":\"https:\\\/\\\/www.albergue-paradiso.com\\\/es\\\/#website\",\"url\":\"https:\\\/\\\/www.albergue-paradiso.com\\\/es\\\/\",\"name\":\"Albergues en Cantabria | Hostel albergue Paradiso en Cantabria\",\"description\":\"\",\"potentialAction\":[{\"@type\":\"SearchAction\",\"target\":{\"@type\":\"EntryPoint\",\"urlTemplate\":\"https:\\\/\\\/www.albergue-paradiso.com\\\/es\\\/?s={search_term_string}\"},\"query-input\":{\"@type\":\"PropertyValueSpecification\",\"valueRequired\":true,\"valueName\":\"search_term_string\"}}],\"inLanguage\":\"es\"}]}<\/script>\n<!-- \/ Yoast SEO plugin. -->","yoast_head_json":{"title":"karate school Tatsuo Suzuki en Cantabria | Albergue Paradiso","description":"karate wado ryu. WIKF Espa\u00f1a- historia del karate wado ryu contada por tatsuo suzuki en albergue Paradiso entrevista especial","robots":{"index":"index","follow":"follow","max-snippet":"max-snippet:-1","max-image-preview":"max-image-preview:large","max-video-preview":"max-video-preview:-1"},"canonical":"https:\/\/www.albergue-paradiso.com\/es\/wikf\/master-tatsuo-suzuki\/","og_locale":"es_ES","og_type":"article","og_title":"karate school Tatsuo Suzuki en Cantabria | Albergue Paradiso","og_description":"karate wado ryu. WIKF Espa\u00f1a- historia del karate wado ryu contada por tatsuo suzuki en albergue Paradiso entrevista especial","og_url":"https:\/\/www.albergue-paradiso.com\/es\/wikf\/master-tatsuo-suzuki\/","og_site_name":"Albergues en Cantabria | Hostel albergue Paradiso en Cantabria","article_modified_time":"2024-12-11T15:45:59+00:00","og_image":[{"url":"https:\/\/www.albergue-paradiso.com\/es\/wp-content\/uploads\/2023\/06\/5suzuki-en-kimono.jpg","type":"","width":"","height":""}],"twitter_card":"summary_large_image","twitter_misc":{"Tiempo de lectura":"11 minutos"},"schema":{"@context":"https:\/\/schema.org","@graph":[{"@type":"WebPage","@id":"https:\/\/www.albergue-paradiso.com\/es\/wikf\/master-tatsuo-suzuki\/","url":"https:\/\/www.albergue-paradiso.com\/es\/wikf\/master-tatsuo-suzuki\/","name":"karate school Tatsuo Suzuki en Cantabria | Albergue Paradiso","isPartOf":{"@id":"https:\/\/www.albergue-paradiso.com\/es\/#website"},"primaryImageOfPage":{"@id":"https:\/\/www.albergue-paradiso.com\/es\/wikf\/master-tatsuo-suzuki\/#primaryimage"},"image":{"@id":"https:\/\/www.albergue-paradiso.com\/es\/wikf\/master-tatsuo-suzuki\/#primaryimage"},"thumbnailUrl":"https:\/\/www.albergue-paradiso.com\/es\/wp-content\/uploads\/2023\/06\/5suzuki-en-kimono.jpg","datePublished":"2023-06-15T17:18:08+00:00","dateModified":"2024-12-11T15:45:59+00:00","description":"karate wado ryu. WIKF Espa\u00f1a- historia del karate wado ryu contada por tatsuo suzuki en albergue Paradiso entrevista especial","breadcrumb":{"@id":"https:\/\/www.albergue-paradiso.com\/es\/wikf\/master-tatsuo-suzuki\/#breadcrumb"},"inLanguage":"es","potentialAction":[{"@type":"ReadAction","target":["https:\/\/www.albergue-paradiso.com\/es\/wikf\/master-tatsuo-suzuki\/"]}]},{"@type":"ImageObject","inLanguage":"es","@id":"https:\/\/www.albergue-paradiso.com\/es\/wikf\/master-tatsuo-suzuki\/#primaryimage","url":"https:\/\/www.albergue-paradiso.com\/es\/wp-content\/uploads\/2023\/06\/5suzuki-en-kimono.jpg","contentUrl":"https:\/\/www.albergue-paradiso.com\/es\/wp-content\/uploads\/2023\/06\/5suzuki-en-kimono.jpg","width":300,"height":391},{"@type":"BreadcrumbList","@id":"https:\/\/www.albergue-paradiso.com\/es\/wikf\/master-tatsuo-suzuki\/#breadcrumb","itemListElement":[{"@type":"ListItem","position":1,"name":"Portada","item":"https:\/\/www.albergue-paradiso.com\/es\/"},{"@type":"ListItem","position":2,"name":"WIKF","item":"https:\/\/www.albergue-paradiso.com\/es\/wikf\/"},{"@type":"ListItem","position":3,"name":"Master Tatsuo Suzuki"}]},{"@type":"WebSite","@id":"https:\/\/www.albergue-paradiso.com\/es\/#website","url":"https:\/\/www.albergue-paradiso.com\/es\/","name":"Albergues en Cantabria | Hostel albergue Paradiso en Cantabria","description":"","potentialAction":[{"@type":"SearchAction","target":{"@type":"EntryPoint","urlTemplate":"https:\/\/www.albergue-paradiso.com\/es\/?s={search_term_string}"},"query-input":{"@type":"PropertyValueSpecification","valueRequired":true,"valueName":"search_term_string"}}],"inLanguage":"es"}]}},"_links":{"self":[{"href":"https:\/\/www.albergue-paradiso.com\/es\/wp-json\/wp\/v2\/pages\/28213","targetHints":{"allow":["GET"]}}],"collection":[{"href":"https:\/\/www.albergue-paradiso.com\/es\/wp-json\/wp\/v2\/pages"}],"about":[{"href":"https:\/\/www.albergue-paradiso.com\/es\/wp-json\/wp\/v2\/types\/page"}],"author":[{"embeddable":true,"href":"https:\/\/www.albergue-paradiso.com\/es\/wp-json\/wp\/v2\/users\/1"}],"replies":[{"embeddable":true,"href":"https:\/\/www.albergue-paradiso.com\/es\/wp-json\/wp\/v2\/comments?post=28213"}],"version-history":[{"count":9,"href":"https:\/\/www.albergue-paradiso.com\/es\/wp-json\/wp\/v2\/pages\/28213\/revisions"}],"predecessor-version":[{"id":31305,"href":"https:\/\/www.albergue-paradiso.com\/es\/wp-json\/wp\/v2\/pages\/28213\/revisions\/31305"}],"up":[{"embeddable":true,"href":"https:\/\/www.albergue-paradiso.com\/es\/wp-json\/wp\/v2\/pages\/70"}],"wp:attachment":[{"href":"https:\/\/www.albergue-paradiso.com\/es\/wp-json\/wp\/v2\/media?parent=28213"}],"curies":[{"name":"wp","href":"https:\/\/api.w.org\/{rel}","templated":true}]}}