{"id":28002,"date":"2023-06-06T13:15:26","date_gmt":"2023-06-06T13:15:26","guid":{"rendered":"https:\/\/www.albergue-paradiso.com\/es\/?page_id=28002"},"modified":"2026-03-03T08:23:29","modified_gmt":"2026-03-03T08:23:29","slug":"como-llegar","status":"publish","type":"page","link":"https:\/\/www.albergue-paradiso.com\/es\/como-llegar\/","title":{"rendered":"Ubicaci\u00f3n"},"content":{"rendered":"<p>           <iframe style=\"border: 0;\" src=\"https:\/\/www.google.com\/maps\/embed?pb=!1m14!1m8!1m3!1d185511.3625447341!2d-4.049514999999999!3d43.405974999999984!3m2!1i1024!2i768!4f13.1!3m3!1m2!1s0x0%3A0x628410caea90d041!2sAlbergue+Paradiso!5e0!3m2!1ses!2ses!4v1398467598640\" width=\"100%\" height=\"450\" frameborder=\"0\"><span style=\"display: inline-block; width: 0px; overflow: hidden; line-height: 0;\" data-mce-type=\"bookmark\" class=\"mce_SELRES_start\">\ufeff<\/span><\/iframe><\/p>\n<p class=\"text-center py-3\"><a class=\"btn btn-primary\" href=\"tel:\/\/+34942843139\"><strong><i class=\"fas fa-phone-volume\"><\/i>  942 84 31 39 <\/strong><\/a><\/p>\n<h4>El Albergue Paradiso est\u00e1 ubicado a 2 km. de la costa cant\u00e1brica, en Hinojedo, entre las playas <a href=\"https:\/\/www.albergue-paradiso.com\/es\/suances\/\" target=\"_blank\" rel=\"noopener noreferrer\"> <strong>Suances<\/strong><\/a> y la villa medieval <a href=\"https:\/\/www.albergue-paradiso.com\/es\/santillana-del-mar\/\" target=\"_blank\" rel=\"noopener noreferrer\"><strong>Santillana del Mar<\/strong><\/a>.<\/span><\/h4>\n<p>Esta <strong>situaci\u00f3n estrat\u00e9gica<\/strong> dentro de la provincia hace que el Albergue Paradiso se encuentre Cerca de Todo y adem\u00e1s muy bien comunicado desde cualquier punto de nuestra regi\u00f3n: Pr\u00f3ximo a la Playa, de la Capital (Santander), de centros de salud, hospitales, transporte\u2026<\/p>\n<h5><strong>Direcci\u00f3n del Albergue Paradiso<\/strong>:<\/h5>\n<p>C\/ La Ermita, 18<br \/>\n39350 Hinojedo (Suances) Cantabria Espa\u00f1a<\/h5>\n<p><strong>Coordenadas GPS del Albergue Paradiso<\/strong>:<br \/>\n43.406069, -4.049515<div class=\"row\">\n    <div class=\"col-md-6\">\n<h4 class=\"text-primary\">Distancias en coche desde el Albergue Paradiso:<\/h4>\n<ul class=\"list-unstyled pt-4\">\n<li>A 5 min. de <strong>Santillana del Mar<\/strong>(Cuevas de <strong>Altamira<\/strong> y r\u00e9plicas, Zool\u00f3gico)<\/li>\n<li>A 5 min. de las <strong>playas de Suances<\/strong> (Playa Los Locos, Playa La Concha, Playa del Sable&#8230;)<\/li>\n<li>A 20 min. de <strong>Santander<\/strong> (Sardinero, La Magdalena, Centro Cuidad&#8230;)<\/li>\n<li>A 20 min. del <strong>Parque de Cab\u00e1rceno<\/strong><\/li>\n<li>A 50 min. de las <strong>Cuevas del Soplao<\/strong> (Valle del Nansa)<\/li>\n<li>A 40 min. de Cabu\u00e9rniga (<strong>Parque Natrural Saja<\/strong>)<\/li>\n<li>A 20 min. de <strong>Comillas<\/strong>, Oyambre y <strong>San Vicente de la Barquera<\/strong><\/li>\n<li>A 60 min. del <strong>Parque Nacional Picos de Europa<\/strong><\/li>\n<li>A 45 min. de <strong>B\u00e1rcena Mayor<\/strong><\/li>\n<li>A 90 min. del Museo Guggenheim (<strong>Bilbao<\/strong>)<\/li>\n<li>A 2 km. del Centro de Salud<\/li>\n<li>A 5 km. del Hospital de Sierallana<\/li>\n<li>A 200 m. de Parada de B\u00fas<\/li>\n<\/ul>\n<p> <\/div>\n <div class=\"col-md-6\">\n<h4 class=\"text-primary\">Horario de recepci\u00f3n y atenci\u00f3n telef\u00f3nica:<\/h4>\n<h5>De lunes a viernes: de 09:00h a 13:00h<\/h5>\n<ul class=\"list-unstyled pt-4\">\n<li><strong>Parada de autob\u00fas con direcci\u00f3n Suances, Torrelavega y Santander a 200 m. del albergue<\/strong>.<\/li>\n<\/ul>\n<p>Aparcamiento de 1.000 m<sup>2<\/sup> disponible gratuitamente para clientes y adem\u00e1s contamos con dos <\/span><a href=\"https:\/\/www.albergue-paradiso.com\/es\/el-albergue-paradiso-instala-dos-puntos-de-carga-de-vehiculos-electricos-en-suances\/\" target=\"_blank\" rel=\"noopener noreferrer\">puntos de carga para coches el\u00e9ctricos.<\/a><\/p>\n<p><a href=\"https:\/\/www.albergue-paradiso.com\/es\/el-albergue-paradiso-instala-dos-puntos-de-carga-de-vehiculos-electricos-en-suances\/\" target=\"_blank\" rel=\"noopener noreferrer\"><img decoding=\"async\" class=\"img-fluid\" src=\"https:\/\/www.albergue-paradiso.com\/es\/wp-content\/uploads\/2023\/07\/icono-web-punto-carga-elect.jpg\"  alt=\"Punto de carga de carga de veh\u00edculos de carga el\u00e9ctrica en cantabria\" width=\"250\"><\/a><\/p>\n<\/div>\n<\/div>\n<h4 class=\"py-4 text-primary\"><a href=\"http:\/\/www.everytrail.com\/view_trip.php?trip_id=2024355\" target=\"_blank\" rel=\"noopener noreferrer\">C\u00f3mo llegar al Albergue Paradiso: Itinerario en <strong>COCHE o BUS peque\u00f1o<\/strong> desde inicio Hinojedo<\/a><\/h4>\n<div class=\"row align-items-center\">\n    <div class=\"col-md-6\">\n<div style=\"text-align:center;\">\n  <img decoding=\"async\" src=\"https:\/\/www.albergue-paradiso.com\/es\/wp-content\/uploads\/2023\/07\/indicacionesweb.jpg\" alt=\"como llegar al albergue paradiso en cantabria\"\n       style=\"max-width:100%; height:auto;\">\n<\/div>\n<p>    <\/div>\n    <div class=\"col-md-6\">\n        <div id=\"bs4-accordion-0\" class=\"accordion\" role=\"tablist\">\n<div class=\"card\">\n<div class=\"card-header\" id=\"bs4-heading-0\" role=\"tab\"><button class=\"btn btn-block text-left\" type=\"button\" data-toggle=\"collapse\" data-target=\"#bs4-collapse-0\" aria-controls=\"bs4-collapse-0\" aria-expanded=\"true\"><i class=\"fa fa-plus float-right\"><\/i> DESDE OVIEDO <\/button><\/div>\n<div id=\"bs4-collapse-0\" class=\"collapse show\" data-parent=\"#bs4-accordion-0\" aria-labelledby=\"bs4-heading-0\"><div class=\"card-body\">\n<p class=\"card-text\"><strong>C\u00f3mo llegar al Albergue Paradiso desde Oviedo (1 h 45\u00b4min \u2013 173 km) y desde Gij\u00f3n (1 h 36 min \u2013 157 km)<\/strong><\/p>\n<p class=\"card-text\">Se toma la autopista A-66 para desviarse primero a la A-64 y luego A-8 (desde Gij\u00f3n directamente a la A-8) en direcci\u00f3n a Santander.<\/p>\n<p class=\"card-text\">Se toma la Salida 231 a Torrelavega y se pasa por debajo de la autov\u00eda que acabamos de dejar. En la rotonda tomamos la primera salida en direcci\u00f3n a Barreda donde llegaremos a una rotonda en la N-611 en la que tomaremos la segunda salida (direcci\u00f3n Suances) para tomar la CA-131.<\/p>\n<p class=\"card-text\">Tras atravesar el r\u00edo Saja nos desviamos a la derecha en una nueva rotonda y desde all\u00ed seguiremos en direcci\u00f3n a Suances. Pasada la gasolinera de Hinojedo, y al final de una pendiente hacia arriba (atentos a la se\u00f1al azul que se\u00f1ala el albergue a 300 m en el lado derecho de la carretera), deberemos tomar un desv\u00edo a la izquierda, a la altura de una marquesina de autob\u00fas, que tiene al lado una peque\u00f1a ermita.<\/p>\n<p class=\"card-text\">Desde all\u00ed s\u00f3lo nos queda seguir las indicaciones al Albergue Paradiso.<\/p>\n<div style=\"text-align:center;\">\n  <img decoding=\"async\" src=\"https:\/\/www.albergue-paradiso.com\/es\/wp-content\/uploads\/2023\/07\/Asturias.jpg\" alt=\"asturias\" style=\"max-width:100%; height:auto;\">\n<\/div>\n<\/div><\/div>\n<\/div>\n<div class=\"card\">\n<div class=\"card-header\" id=\"bs4-heading-1\" role=\"tab\"><button class=\"btn btn-block text-left\" type=\"button\" data-toggle=\"collapse\" data-target=\"#bs4-collapse-1\" aria-controls=\"bs4-collapse-1\" aria-expanded=\"false\"><i class=\"fa fa-plus float-right\"><\/i>DESDE BILBAO <\/button><\/div>\n<div id=\"bs4-collapse-1\" class=\"collapse\" data-parent=\"#bs4-accordion-0\" aria-labelledby=\"bs4-heading-1\"><div class=\"card-body\">\n<p class=\"card-text\"><strong>C\u00f3mo llegar al Albergue Paradiso desde Bilbao \/1 h 17 min \u2013 120 km)<\/strong><\/p>\n<p class=\"card-text\">Salimos por la A-8 en direcci\u00f3n a Santander. Nos mantenemos a la izquierda para continuar por la S-10. Tomamos la Salida 205 hacia S-30 en direcci\u00f3n Torrelavega\/Burgos\/A-67\/Oviedo\/Palencia\/S-20\/El Sardinero.<\/p>\n<p class=\"card-text\">Continuamos por la S-30 donde tomaremos la Salida 3 hacia la A-67 en direcci\u00f3n S-10 \/ Puerto \/ Aeropuerto. Nos mantenemos a la izquierda siguiendo las se\u00f1ales A-67\/Torrelavega\/Burgos\/Palencia\/Oviedo. En la A-67 tomamos la Salida 187 para incorporarnos a la CA-330 en direcci\u00f3n Polanco\/Suances\/N-611\/Santillana\/Comillas.<\/p>\n<p class=\"card-text\">En la rotonda tomamos la tercera salida en direcci\u00f3n Barrio Requejada\/N-611. Seguimos por la N-611 hasta llegar a una rotonda en la que cogeremos la primera salida en direcci\u00f3n a Suances por la CA-131. Tras atravesar el r\u00edo Saja nos desviamos a la derecha en una nueva rotonda y desde all\u00ed seguiremos en direcci\u00f3n a Suances.<\/p>\n<p class=\"card-text\">Pasada la gasolinera de Hinojedo, y al final de una pendiente hacia arriba (atentos a la se\u00f1al azul que se\u00f1ala el albergue a 300 m en el lado derecho de la carretera), deberemos tomar un desv\u00edo a la izquierda, a la altura de una marquesina de autob\u00fas, que tiene al lado una peque\u00f1a ermita. Desde all\u00ed s\u00f3lo nos queda seguir las indicaciones al Albergue Paradiso.<\/p>\n<div style=\"text-align:center;\">\n  <img decoding=\"async\" src=\"https:\/\/www.albergue-paradiso.com\/es\/wp-content\/uploads\/2023\/07\/Bilbao.jpg\" alt=\"bilbao\" style=\"max-width:100%; height:auto;\">\n<\/div>\n<\/div><\/div>\n<\/div>\n<div class=\"card\">\n<div class=\"card-header\" id=\"bs4-heading-2\" role=\"tab\"><button class=\"btn btn-block text-left\" type=\"button\" data-toggle=\"collapse\" data-target=\"#bs4-collapse-2\" aria-controls=\"bs4-collapse-2\" aria-expanded=\"false\"><i class=\"fa fa-plus float-right\"><\/i>DESDE BURGOS <\/button><\/div>\n<div id=\"bs4-collapse-2\" class=\"collapse\" data-parent=\"#bs4-accordion-0\" aria-labelledby=\"bs4-heading-2\"><div class=\"card-body\">\n<p class=\"card-text\"><strong>C\u00f3mo llegar al Albergue Paradiso desde Burgos (1 h 46 min \u2013 162 km)<\/strong><\/p>\n<p class=\"card-text\">Tomamos la A-73 en direcci\u00f3n Aguilar de Campo\u00f3\/Santander. En la rotonda de Aguilar de Campo\u00f3 tomamos la primera salida hacia la A-67 en direcci\u00f3n Reinosa\/Santander. Continuamos por la A-67 y luego por la A-8 donde tomaremos la Salida 231 hacia Torrelavega. En la rotonda tomamos la primera salida que nos conduce a Barreda.<\/p>\n<p class=\"card-text\">En Barreda seguimos la N-611 hasta una rotonda donde tomaremos la segunda salida hacia la CA-131 en direcci\u00f3n Suances. Tras atravesar el r\u00edo Saja nos desviamos a la derecha en una nueva rotonda y desde all\u00ed seguiremos en direcci\u00f3n a Suances.<\/p>\n<p class=\"card-text\">Pasada la gasolinera de Hinojedo, y al final de una pendiente hacia arriba (atentos a la se\u00f1al azul que se\u00f1ala el albergue a 300 m en el lado derecho de la carretera), deberemos tomar un desv\u00edo a la izquierda, a la altura de una marquesina de autob\u00fas, que tiene al lado una peque\u00f1a ermita. Desde all\u00ed s\u00f3lo nos queda seguir las indicaciones al Albergue Paradiso.<\/p>\n<div style=\"text-align:center;\">\n  <img decoding=\"async\" src=\"https:\/\/www.albergue-paradiso.com\/es\/wp-content\/uploads\/2023\/07\/Burgos.jpg\" alt=\"burgos\" style=\"max-width:100%; height:auto;\">\n<\/div>\n<\/div><\/div>\n<\/div>\n<\/div>\n    <\/div>\n<\/div>\n&nbsp;<\/p>\n<h4 class=\"text-primary py-3\">C\u00f3mo llegar al Albergue Paradiso: Itinerario en <strong>BUS grande<\/strong> a Albergue Paradiso desde Hinojedo<\/h4>\n<div style=\"text-align:center;\">\n  <img decoding=\"async\" src=\"https:\/\/www.albergue-paradiso.com\/es\/wp-content\/uploads\/2023\/07\/mapa-entrada-bus.jpg\" alt=\"entrada autob\u00fas\"\n       style=\"max-width:100%; height:auto;\">\n<\/div>\n<p><center><\/center><\/p>\n<p>Una vez alcanzado el pueblo de Hinojedo, seguimos durante aproximadamente 1km. direcci\u00f3n Suances. Al final de ese primer kil\u00f3metro, cogemos la desviaci\u00f3n que indica Ongayo, Tagle, Puente Av\u00edos y playas de Suances y Tagle.<\/p>\n<p>Continuamos otro kil\u00f3metro aproximadamente hasta la Carpinter\u00eda Paco (una nave verde a mano izquierda); justo en frente hay una desviaci\u00f3n a la derecha que sigui\u00e9ndola hacia arriba sin desviarnos, nos lleva directamente al albergue Paradiso.<\/p>\n<p>De esta manera, los autobuses de gran envergadura no tienen que hacer tanta maniobra; una vez en el albergue se cuenta con un aparcamiento de 1.000 m2 en donde puden hacer las maniobras que necesiten.<\/p>\n<div style=\"text-align:center;\">\n  <img decoding=\"async\" src=\"https:\/\/www.albergue-paradiso.com\/es\/wp-content\/uploads\/2026\/03\/aparcamiento%20albergue%20paradiso%20vista%20dron.jpg\" \n       alt=\"Aparcamiento Albergue Paradiso vista dron parking\"\n       style=\"max-width:100%; height:auto;\">\n<\/div>\n<p><script>\ndocument.addEventListener( 'wpcf7mailsent', function( event ) {\n  location = 'https:\/\/www.albergue-paradiso.com.es\/gracias-por-contactar\/';\n}, false );\n<\/script><\/p>\n<p><script type=\"application\/ld+json\">\n{\n  \"@context\": \"http:\/\/schema.org\",\n  \"@type\": \"Hostel\",\n  \"name\": \"Albergue Paradiso\",\n  \"image\": \"https:\/\/www.albergue-paradiso.com\/es\/wp-content\/uploads\/2018\/10\/logo-portada.png\",\n  \"@id\": \"\",\n  \"url\": \"https:\/\/www.albergue-paradiso.com\/es\/\",\n  \"telephone\": \"+34 942 84 31 39\",\n  \"priceRange\": \"8.5\u20ac-20\u20ac\",\n  \"address\": {\n    \"@type\": \"PostalAddress\",\n    \"streetAddress\": \"c\/ La Ermita, 18\",\n    \"addressLocality\": \"Suances\",\n    \"postalCode\": \"39350\",\n    \"addressCountry\": \"ES\"\n  },\n  \"geo\": {\n    \"@type\": \"GeoCoordinates\",\n    \"latitude\": 43.4062767,\n    \"longitude\": -4.0496826999999485\n  },\n  \"openingHoursSpecification\": {\n    \"@type\": \"OpeningHoursSpecification\",\n    \"dayOfWeek\": [\n      \"Monday\",\n      \"Tuesday\",\n      \"Wednesday\",\n      \"Thursday\",\n      \"Friday\",\n      \"Saturday\",\n      \"Sunday\"\n    ],\n    \"opens\": \"00:00\",\n    \"closes\": \"23:59\"\n  },\n  \"sameAs\": [\n    \"https:\/\/www.facebook.com\/albergueparadisocantabria\",\n    \"https:\/\/twitter.com\/AlbergueINFO\",\n    \"https:\/\/www.instagram.com\/albergueparadiso\/\",\n    \"https:\/\/www.youtube.com\/user\/AlbergueCantabria\"\n  ]\n}\n<\/script><\/p>\n","protected":false},"excerpt":{"rendered":"<p>\ufeff 942 84 31 39 El Albergue Paradiso est\u00e1 ubicado a 2 km. de la [&hellip;]<\/p>\n","protected":false},"author":1,"featured_media":32592,"parent":0,"menu_order":0,"comment_status":"closed","ping_status":"closed","template":"","meta":{"_joinchat":[],"footnotes":""},"class_list":["post-28002","page","type-page","status-publish","has-post-thumbnail","hentry"],"acf":[],"yoast_head":"<!-- This site is optimized with the Yoast SEO plugin v27.4 - https:\/\/yoast.com\/product\/yoast-seo-wordpress\/ -->\n<title>C\u00f3mo llegar al Albergue Paradiso Cantabria<\/title>\n<meta name=\"description\" content=\"C\u00f3mo llegar al Albergue Paradiso de Hinojedo (Suances) Cantabria a 23 km de Santander, 7 km. de Torrelavega y 5 km. de Santillana del Mar\" \/>\n<meta name=\"robots\" content=\"index, follow, max-snippet:-1, max-image-preview:large, max-video-preview:-1\" \/>\n<link rel=\"canonical\" href=\"https:\/\/www.albergue-paradiso.com\/es\/como-llegar\/\" \/>\n<meta property=\"og:locale\" content=\"es_ES\" \/>\n<meta property=\"og:type\" content=\"article\" \/>\n<meta property=\"og:title\" content=\"C\u00f3mo llegar al Albergue Paradiso Cantabria\" \/>\n<meta property=\"og:description\" content=\"C\u00f3mo llegar al Albergue Paradiso de Hinojedo (Suances) Cantabria a 23 km de Santander, 7 km. de Torrelavega y 5 km. de Santillana del Mar\" \/>\n<meta property=\"og:url\" content=\"https:\/\/www.albergue-paradiso.com\/es\/como-llegar\/\" \/>\n<meta property=\"og:site_name\" content=\"Albergues en Cantabria | Hostel albergue Paradiso en Cantabria\" \/>\n<meta property=\"article:modified_time\" content=\"2026-03-03T08:23:29+00:00\" \/>\n<meta property=\"og:image\" content=\"https:\/\/www.albergue-paradiso.com\/es\/wp-content\/uploads\/2026\/03\/aparcamiento-albergue-paradiso-vista-dron.jpg\" \/>\n\t<meta property=\"og:image:width\" content=\"1200\" \/>\n\t<meta property=\"og:image:height\" content=\"552\" \/>\n\t<meta property=\"og:image:type\" content=\"image\/jpeg\" \/>\n<meta name=\"twitter:card\" content=\"summary_large_image\" \/>\n<meta name=\"twitter:label1\" content=\"Tiempo de lectura\" \/>\n\t<meta name=\"twitter:data1\" content=\"7 minutos\" \/>\n<script type=\"application\/ld+json\" class=\"yoast-schema-graph\">{\"@context\":\"https:\\\/\\\/schema.org\",\"@graph\":[{\"@type\":\"WebPage\",\"@id\":\"https:\\\/\\\/www.albergue-paradiso.com\\\/es\\\/como-llegar\\\/\",\"url\":\"https:\\\/\\\/www.albergue-paradiso.com\\\/es\\\/como-llegar\\\/\",\"name\":\"C\u00f3mo llegar al Albergue Paradiso Cantabria\",\"isPartOf\":{\"@id\":\"https:\\\/\\\/www.albergue-paradiso.com\\\/es\\\/#website\"},\"primaryImageOfPage\":{\"@id\":\"https:\\\/\\\/www.albergue-paradiso.com\\\/es\\\/como-llegar\\\/#primaryimage\"},\"image\":{\"@id\":\"https:\\\/\\\/www.albergue-paradiso.com\\\/es\\\/como-llegar\\\/#primaryimage\"},\"thumbnailUrl\":\"https:\\\/\\\/www.albergue-paradiso.com\\\/es\\\/wp-content\\\/uploads\\\/2026\\\/03\\\/aparcamiento-albergue-paradiso-vista-dron.jpg\",\"datePublished\":\"2023-06-06T13:15:26+00:00\",\"dateModified\":\"2026-03-03T08:23:29+00:00\",\"description\":\"C\u00f3mo llegar al Albergue Paradiso de Hinojedo (Suances) Cantabria a 23 km de Santander, 7 km. de Torrelavega y 5 km. de Santillana del Mar\",\"breadcrumb\":{\"@id\":\"https:\\\/\\\/www.albergue-paradiso.com\\\/es\\\/como-llegar\\\/#breadcrumb\"},\"inLanguage\":\"es\",\"potentialAction\":[{\"@type\":\"ReadAction\",\"target\":[\"https:\\\/\\\/www.albergue-paradiso.com\\\/es\\\/como-llegar\\\/\"]}]},{\"@type\":\"ImageObject\",\"inLanguage\":\"es\",\"@id\":\"https:\\\/\\\/www.albergue-paradiso.com\\\/es\\\/como-llegar\\\/#primaryimage\",\"url\":\"https:\\\/\\\/www.albergue-paradiso.com\\\/es\\\/wp-content\\\/uploads\\\/2026\\\/03\\\/aparcamiento-albergue-paradiso-vista-dron.jpg\",\"contentUrl\":\"https:\\\/\\\/www.albergue-paradiso.com\\\/es\\\/wp-content\\\/uploads\\\/2026\\\/03\\\/aparcamiento-albergue-paradiso-vista-dron.jpg\",\"width\":1200,\"height\":552,\"caption\":\"aparcamiento para autobuses en Suances\"},{\"@type\":\"BreadcrumbList\",\"@id\":\"https:\\\/\\\/www.albergue-paradiso.com\\\/es\\\/como-llegar\\\/#breadcrumb\",\"itemListElement\":[{\"@type\":\"ListItem\",\"position\":1,\"name\":\"Portada\",\"item\":\"https:\\\/\\\/www.albergue-paradiso.com\\\/es\\\/\"},{\"@type\":\"ListItem\",\"position\":2,\"name\":\"Ubicaci\u00f3n\"}]},{\"@type\":\"WebSite\",\"@id\":\"https:\\\/\\\/www.albergue-paradiso.com\\\/es\\\/#website\",\"url\":\"https:\\\/\\\/www.albergue-paradiso.com\\\/es\\\/\",\"name\":\"Albergues en Cantabria | Hostel albergue Paradiso en Cantabria\",\"description\":\"\",\"potentialAction\":[{\"@type\":\"SearchAction\",\"target\":{\"@type\":\"EntryPoint\",\"urlTemplate\":\"https:\\\/\\\/www.albergue-paradiso.com\\\/es\\\/?s={search_term_string}\"},\"query-input\":{\"@type\":\"PropertyValueSpecification\",\"valueRequired\":true,\"valueName\":\"search_term_string\"}}],\"inLanguage\":\"es\"}]}<\/script>\n<!-- \/ Yoast SEO plugin. -->","yoast_head_json":{"title":"C\u00f3mo llegar al Albergue Paradiso Cantabria","description":"C\u00f3mo llegar al Albergue Paradiso de Hinojedo (Suances) Cantabria a 23 km de Santander, 7 km. de Torrelavega y 5 km. de Santillana del Mar","robots":{"index":"index","follow":"follow","max-snippet":"max-snippet:-1","max-image-preview":"max-image-preview:large","max-video-preview":"max-video-preview:-1"},"canonical":"https:\/\/www.albergue-paradiso.com\/es\/como-llegar\/","og_locale":"es_ES","og_type":"article","og_title":"C\u00f3mo llegar al Albergue Paradiso Cantabria","og_description":"C\u00f3mo llegar al Albergue Paradiso de Hinojedo (Suances) Cantabria a 23 km de Santander, 7 km. de Torrelavega y 5 km. de Santillana del Mar","og_url":"https:\/\/www.albergue-paradiso.com\/es\/como-llegar\/","og_site_name":"Albergues en Cantabria | Hostel albergue Paradiso en Cantabria","article_modified_time":"2026-03-03T08:23:29+00:00","og_image":[{"width":1200,"height":552,"url":"https:\/\/www.albergue-paradiso.com\/es\/wp-content\/uploads\/2026\/03\/aparcamiento-albergue-paradiso-vista-dron.jpg","type":"image\/jpeg"}],"twitter_card":"summary_large_image","twitter_misc":{"Tiempo de lectura":"7 minutos"},"schema":{"@context":"https:\/\/schema.org","@graph":[{"@type":"WebPage","@id":"https:\/\/www.albergue-paradiso.com\/es\/como-llegar\/","url":"https:\/\/www.albergue-paradiso.com\/es\/como-llegar\/","name":"C\u00f3mo llegar al Albergue Paradiso Cantabria","isPartOf":{"@id":"https:\/\/www.albergue-paradiso.com\/es\/#website"},"primaryImageOfPage":{"@id":"https:\/\/www.albergue-paradiso.com\/es\/como-llegar\/#primaryimage"},"image":{"@id":"https:\/\/www.albergue-paradiso.com\/es\/como-llegar\/#primaryimage"},"thumbnailUrl":"https:\/\/www.albergue-paradiso.com\/es\/wp-content\/uploads\/2026\/03\/aparcamiento-albergue-paradiso-vista-dron.jpg","datePublished":"2023-06-06T13:15:26+00:00","dateModified":"2026-03-03T08:23:29+00:00","description":"C\u00f3mo llegar al Albergue Paradiso de Hinojedo (Suances) Cantabria a 23 km de Santander, 7 km. de Torrelavega y 5 km. de Santillana del Mar","breadcrumb":{"@id":"https:\/\/www.albergue-paradiso.com\/es\/como-llegar\/#breadcrumb"},"inLanguage":"es","potentialAction":[{"@type":"ReadAction","target":["https:\/\/www.albergue-paradiso.com\/es\/como-llegar\/"]}]},{"@type":"ImageObject","inLanguage":"es","@id":"https:\/\/www.albergue-paradiso.com\/es\/como-llegar\/#primaryimage","url":"https:\/\/www.albergue-paradiso.com\/es\/wp-content\/uploads\/2026\/03\/aparcamiento-albergue-paradiso-vista-dron.jpg","contentUrl":"https:\/\/www.albergue-paradiso.com\/es\/wp-content\/uploads\/2026\/03\/aparcamiento-albergue-paradiso-vista-dron.jpg","width":1200,"height":552,"caption":"aparcamiento para autobuses en Suances"},{"@type":"BreadcrumbList","@id":"https:\/\/www.albergue-paradiso.com\/es\/como-llegar\/#breadcrumb","itemListElement":[{"@type":"ListItem","position":1,"name":"Portada","item":"https:\/\/www.albergue-paradiso.com\/es\/"},{"@type":"ListItem","position":2,"name":"Ubicaci\u00f3n"}]},{"@type":"WebSite","@id":"https:\/\/www.albergue-paradiso.com\/es\/#website","url":"https:\/\/www.albergue-paradiso.com\/es\/","name":"Albergues en Cantabria | Hostel albergue Paradiso en Cantabria","description":"","potentialAction":[{"@type":"SearchAction","target":{"@type":"EntryPoint","urlTemplate":"https:\/\/www.albergue-paradiso.com\/es\/?s={search_term_string}"},"query-input":{"@type":"PropertyValueSpecification","valueRequired":true,"valueName":"search_term_string"}}],"inLanguage":"es"}]}},"_links":{"self":[{"href":"https:\/\/www.albergue-paradiso.com\/es\/wp-json\/wp\/v2\/pages\/28002","targetHints":{"allow":["GET"]}}],"collection":[{"href":"https:\/\/www.albergue-paradiso.com\/es\/wp-json\/wp\/v2\/pages"}],"about":[{"href":"https:\/\/www.albergue-paradiso.com\/es\/wp-json\/wp\/v2\/types\/page"}],"author":[{"embeddable":true,"href":"https:\/\/www.albergue-paradiso.com\/es\/wp-json\/wp\/v2\/users\/1"}],"replies":[{"embeddable":true,"href":"https:\/\/www.albergue-paradiso.com\/es\/wp-json\/wp\/v2\/comments?post=28002"}],"version-history":[{"count":43,"href":"https:\/\/www.albergue-paradiso.com\/es\/wp-json\/wp\/v2\/pages\/28002\/revisions"}],"predecessor-version":[{"id":32600,"href":"https:\/\/www.albergue-paradiso.com\/es\/wp-json\/wp\/v2\/pages\/28002\/revisions\/32600"}],"wp:featuredmedia":[{"embeddable":true,"href":"https:\/\/www.albergue-paradiso.com\/es\/wp-json\/wp\/v2\/media\/32592"}],"wp:attachment":[{"href":"https:\/\/www.albergue-paradiso.com\/es\/wp-json\/wp\/v2\/media?parent=28002"}],"curies":[{"name":"wp","href":"https:\/\/api.w.org\/{rel}","templated":true}]}}