{"id":27792,"date":"2023-05-26T12:01:11","date_gmt":"2023-05-26T12:01:11","guid":{"rendered":"https:\/\/www.albergue-paradiso.com\/es\/?page_id=27792"},"modified":"2025-11-07T16:43:42","modified_gmt":"2025-11-07T16:43:42","slug":"karate","status":"publish","type":"page","link":"https:\/\/www.albergue-paradiso.com\/es\/karate\/","title":{"rendered":"Karate"},"content":{"rendered":"<p class=\"text-center pt-1\"><a class=\"btn btn-primary btn-block\" href=\"https:\/\/www.albergue-paradiso.com\/es\/wado-karate-summer-course-spain-2025\">\u00a1Ap\u00fantate ya al <strong>Curso de Verano Karate Wado Ryu 2026<\/strong>!<\/a><\/p>\n<p><center><a href=\"Tel:665927251\"><img decoding=\"async\" src=\"https:\/\/www.albergue-paradiso.com\/es\/wp-content\/uploads\/2024\/09\/Karate Hinojedo Suances Wado Budoclub Paradiso.jpg\" alt=\"Karate Hinojedo Budoclub Paradiso Suances Wado Wim Massee\" style=\"width:100%;\"><\/a> <\/center><\/p>\n<h2 class=\"h5\"><i class=\"fas fa-quote-left\"><\/i> KARATE EN SUANCES:<br \/>\nEl <a href=\"https:\/\/es.wikipedia.org\/wiki\/Karate\" target=\"_blank\" rel=\"noopener\">Karate<\/a> es un excelente sistema de educaci\u00f3n f\u00edsica, desarrolla la estabilidad y equilibrio, elasticidad, coordinaci\u00f3n velocidad.<\/h2>\n<h2 class=\"h5\">\u00a1MUCHO MAS QUE UN DEPORTE! <i class=\"fas fa-quote-right\"><\/i><\/h2>\n<div class=\"row pt-4\">\n<div class=\"col-md-6\">\n<div class=\"embed-responsive embed-responsive-16by9\"><iframe class=\"embed-responsive-item\" src=\"https:\/\/player.vimeo.com\/video\/90279803\" allowfullscreen=\"allowfullscreen\"><\/iframe><\/div>\n<\/div>\n<div class=\"col-md-6\">\n<div class=\"embed-responsive embed-responsive-16by9\"><iframe class=\"embed-responsive-item\" src=\"https:\/\/www.youtube.com\/embed\/d7zVAWB-DqM?rel=0\" allowfullscreen=\"allowfullscreen\"><\/iframe><\/div>\n<\/div>\n<\/div>\n<h4 class=\"text-center text-primary\">En nuestras instalaciones, se ubica el BudoClub Paradiso<\/h4>\n<h5 class=\"text-center\">\u2026 asociaci\u00f3n de karate ligada a la <a href=\"https:\/\/www.albergue-paradiso.com\/es\/wikf\/\">WIKF<\/a> (Wado International Karate-do Federation) y afiliada a la Federaci\u00f3n C\u00e1ntabra de Karate (FCK).<\/h5>\n<h2 class=\"text-center py-5 text-primary\">Pr\u00e1ctica en Suances<\/h2>\n<div class=\"card-columns gallery\">\n<div class=\"card\">\n<div class=\"card-body\">\n<a href=\"https:\/\/www.albergue-paradiso.com\/es\/wp-content\/uploads\/2023\/06\/karate-4.jpg\" data-lightbox=\"karate\"><img decoding=\"async\" class=\"img-fluid\" src=\"https:\/\/www.albergue-paradiso.com\/es\/wp-content\/uploads\/2023\/06\/karate-4.jpg\" alt=\"karate en cantabria\"><\/a><\/div>\n<\/div>\n<div class=\"card\">\n<div class=\"card-body\">\n<a href=\"https:\/\/www.albergue-paradiso.com\/es\/wp-content\/uploads\/2014\/03\/karate-1.jpg\" data-lightbox=\"karate\"><img decoding=\"async\" class=\"img-fluid\" src=\"https:\/\/www.albergue-paradiso.com\/es\/wp-content\/uploads\/2014\/03\/karate-1.jpg\" alt=\"clases de karate en cantabria\"><\/a><\/div>\n<\/div>\n<div class=\"card\">\n<div class=\"card-body\">\n<a href=\"https:\/\/www.albergue-paradiso.com\/es\/wp-content\/uploads\/2023\/06\/karate-2.jpg\" data-lightbox=\"karate\"><img decoding=\"async\" class=\"img-fluid\" src=\"https:\/\/www.albergue-paradiso.com\/es\/wp-content\/uploads\/2023\/06\/karate-2.jpg\" alt=\"karate en cantabria albergue paradiso\"><\/a><\/div>\n<\/div>\n<div class=\"card\">\n<div class=\"card-body\">\n<a href=\"https:\/\/www.albergue-paradiso.com\/es\/wp-content\/uploads\/2023\/06\/karate-5.jpg\" data-lightbox=\"karate\"><img decoding=\"async\" class=\"img-fluid\" src=\"https:\/\/www.albergue-paradiso.com\/es\/wp-content\/uploads\/2023\/06\/karate-5.jpg\" alt=\"karate en el albergue paradiso en cantabria\"><\/a><\/div>\n<\/div>\n<div class=\"card\">\n<div class=\"card-body\">\n<a href=\"https:\/\/www.albergue-paradiso.com\/es\/wp-content\/uploads\/2023\/06\/karate-6.jpg\" data-lightbox=\"karate\"><img decoding=\"async\" class=\"img-fluid\" src=\"https:\/\/www.albergue-paradiso.com\/es\/wp-content\/uploads\/2023\/06\/karate-6.jpg\" alt=\"maestros dekarate en cantabria\"><\/a><\/div>\n<\/div>\n<\/div>\n<h4 class=\"text-center text-primary pt-3\"><strong>Beneficios<\/strong> de Wado Ryu. Cursos en Suances<\/h4>\n<h5 class=\"text-center\">Es un excelente sistema de educaci\u00f3n f\u00edsica: desarrolla la estabilidad y equilibrio, la elasticidad, coordinaci\u00f3n, velocidad, potencia, etc.<\/h5>\n<div class=\"card-columns text-center\">\n<div class=\"card\">\n<div class=\"card-body\">\n<p class=\"card-text text-center\"><img decoding=\"async\" class=\"img-fluid\" src=\"https:\/\/www.albergue-paradiso.com\/es\/wp-content\/uploads\/2023\/06\/icono1.jpg\" width=\"80\"><\/p>\n<h4 class=\"card-title\">\n<span class=\"text-primary\">Trabajo sim\u00e9trico del cuerpo<\/span><\/h4>\nSe trabaja sim\u00e9tricamente el cuerpo, imprescindible para desarrollar las facultades de ambos lados (derecha e izquierda).<\/div>\n<\/div>\n<div class=\"card\">\n<div class=\"card-body\">\n<p class=\"card-text text-center\"><img decoding=\"async\" class=\"img-fluid\" src=\"https:\/\/www.albergue-paradiso.com\/es\/wp-content\/uploads\/2023\/06\/icono2.jpg\" width=\"80\"><\/p>\n<h4 class=\"card-title\">\n<span class=\"text-primary\"> Disciplina y otros objetivos<\/span><\/h4>\nEntrena la concentraci\u00f3n mental y la disciplina, importantes complementos para los estudios en los escolares o para la vida laboral en los mayores.<\/div>\n<\/div>\n<div class=\"card\">\n<div class=\"card-body\">\n<p class=\"card-text text-center\"><img decoding=\"async\" class=\"img-fluid\" src=\"https:\/\/www.albergue-paradiso.com\/es\/wp-content\/uploads\/2023\/06\/icono5.jpg\" width=\"80\"><\/p>\n<h4 class=\"card-title\">\n<span class=\"text-primary\">Desarrollo de la personalidad<\/span><\/h4>\nAleja a la juventud de las malas costumbres, drogas, delincuencia, etc. poniendo a la persona en el buen camino cuando est\u00e1 desarrollando su personalidad y educaci\u00f3n.<\/div>\n<\/div>\n<div class=\"card\">\n<div class=\"card-body\">\n<p class=\"card-text text-center\"><img decoding=\"async\" class=\"img-fluid\" src=\"https:\/\/www.albergue-paradiso.com\/es\/wp-content\/uploads\/2023\/06\/icono3.jpg\" width=\"80\"><\/p>\n<h4 class=\"card-title\">\n<span class=\"text-primary\"> Respeto hacia los dem\u00e1s<\/span><\/h4>\nEnse\u00f1a a sus alumnos de forma b\u00e1sica y principal el respeto mutuo. Canaliza la agresividad de la persona, y del ni\u00f1o especialmente.<\/div>\n<\/div>\n<div class=\"card\">\n<div class=\"card-body\">\n<p class=\"card-text text-center\"><img decoding=\"async\" class=\"img-fluid\" src=\"https:\/\/www.albergue-paradiso.com\/es\/wp-content\/uploads\/2023\/06\/icono4.jpg\" width=\"80\"><\/p>\n<h4 class=\"card-title\">\n<span class=\"text-primary\">Defensa personal<\/span><\/h4>\nUn excelente medio de defensa personal, en especial para ni\u00f1os y mujeres que siendo quiz\u00e1s los m\u00e1s d\u00e9biles f\u00edsicamente, pueden ser presa f\u00e1cil para los delincuentes.<\/div>\n<\/div>\n<div class=\"card\">\n<div class=\"card-body\">\n<p class=\"card-text text-center\"><img decoding=\"async\" class=\"img-fluid\" src=\"https:\/\/www.albergue-paradiso.com\/es\/wp-content\/uploads\/2023\/06\/icono6.jpg\" width=\"80\"><\/p>\n<h4 class=\"card-title\">\n<span class=\"text-primary\">Mucho m\u00e1s que un deporte<\/span><\/h4>\nTal y como lo avalan el prestigio de los m\u00e9dicos, entrenadores, educadores y tantos otros profesionales dedicados a la investigaci\u00f3n y a la docencia.<\/div>\n<\/div>\n<\/div>\n<div class=\"bg-secondary p-3 text-center text-white text-center\">\n<h4>Clases de Wado Ryu en Suances<\/h4>\n<p>Los <strong>lunes, mi\u00e9rcoles y viernes<\/strong> se imparten clases de Wado Ryu, uno de los cuatro estilos oficiales reconocidos por la WKF (World Karate Federation).<\/p>\n<p>Nuestro equipo de profesores est\u00e1 liderado por el maestro <a href=\"https:\/\/www.albergue-paradiso.com\/es\/wikf\/wim-massee\/\">Wim Massee<\/a>, 8\u00ba Dan de karate Wado Ryu, 3\u00ba Dan de Judo y 3\u00ba Dan de Jiu-Jitsu y con una experiencia en estas artes marciales de m\u00e1s de 50 a\u00f1os.<\/p>\n<\/div>\n<h4 class=\"pt-3\">HORARIOS Y TARIFAS<\/h4>\n<ul class=\"list-group list-group-flush\">\n<li class=\"list-group-item\">\n<strong>Pre-Karate 4-8 a\u00f1os<\/strong> (de 17:10h a 18:00h): Lunes y mi\u00e9rcoles, 32 \u20ac\/mes<\/li>\n<li class=\"list-group-item\">\n<strong>Karate Infantil 9-12 a\u00f1os<\/strong>(de 18:00h a 19:00h):Lunes, mi\u00e9rcoles y viernes: 35 \u20ac\/mes<\/li>\n<li class=\"list-group-item\">\n<strong>Karate Juvenil y Cadete 13-16 a\u00f1os<\/strong> (de 19:00h a 20:00h): Lunes, mi\u00e9rcoles y viernes: 35 \u20ac\/mes<\/li>\n<li class=\"list-group-item\">\n<strong>Karate Senior +16 a\u00f1os<\/strong> (de 20:00h a 21:00h): Lunes, mi\u00e9rcoles y viernes: 35 \u20ac\/mes<\/li>\n<li class=\"list-group-item\">\n<p>HERMANOS PRE-KARATE: 59 \u20ac\/mes<\/p>\n<p>HERMANOS INFANTIL, JUVENIL, CADETE Y SENIOR: 65 \u20ac\/mes<\/p>\n<\/li>\n<li class=\"list-group-item\">\n<p>CLASES EXTRA DE TECNIFICACION: 12 \u20ac\/mes<\/p>\n<p>CLASES EXTRA DE TECNIFICACION 2 hermanos: 18 \u20ac\/mes<\/p>\n<\/li>\n<li class=\"list-group-item\">\nBONO FAMILIAR (2 hermanos+padre\/madre: 90 \u20ac\/mes)<\/li>\n<li class=\"list-group-item\">\n<span class=\"text-primary\">En septiembre comienzan las clases del nuevo curso. Para +info p\u00f3ngase en contacto en el siguiente tel\u00e9fono: <a href=\"Tel:665927251\"><strong>665.927.251<\/strong><\/a><\/span><\/li>\n<\/ul>\n","protected":false},"excerpt":{"rendered":"<p>\u00a1Ap\u00fantate ya al Curso de Verano Karate Wado Ryu 2026! KARATE EN SUANCES: El Karate [&hellip;]<\/p>\n","protected":false},"author":1,"featured_media":30813,"parent":0,"menu_order":0,"comment_status":"closed","ping_status":"closed","template":"","meta":{"_joinchat":[],"footnotes":""},"class_list":["post-27792","page","type-page","status-publish","has-post-thumbnail","hentry"],"acf":[],"yoast_head":"<!-- This site is optimized with the Yoast SEO plugin v27.4 - https:\/\/yoast.com\/product\/yoast-seo-wordpress\/ -->\n<title>Karate en Suances, Cantabria | Curos de Karate y budo club<\/title>\n<meta name=\"description\" content=\"Clases de Karate en Suances en Albergue Paradiso con Wim Massee, 8\u00badan de karate wado Ryu. Ni\u00f1os y adultos. Tradicional y competici\u00f3n\" \/>\n<meta name=\"robots\" content=\"index, follow, max-snippet:-1, max-image-preview:large, max-video-preview:-1\" \/>\n<link rel=\"canonical\" href=\"https:\/\/www.albergue-paradiso.com\/es\/karate\/\" \/>\n<meta property=\"og:locale\" content=\"es_ES\" \/>\n<meta property=\"og:type\" content=\"article\" \/>\n<meta property=\"og:title\" content=\"Karate en Suances, Cantabria | Curos de Karate y budo club\" \/>\n<meta property=\"og:description\" content=\"Clases de Karate en Suances en Albergue Paradiso con Wim Massee, 8\u00badan de karate wado Ryu. Ni\u00f1os y adultos. Tradicional y competici\u00f3n\" \/>\n<meta property=\"og:url\" content=\"https:\/\/www.albergue-paradiso.com\/es\/karate\/\" \/>\n<meta property=\"og:site_name\" content=\"Albergues en Cantabria | Hostel albergue Paradiso en Cantabria\" \/>\n<meta property=\"article:modified_time\" content=\"2025-11-07T16:43:42+00:00\" \/>\n<meta property=\"og:image\" content=\"https:\/\/www.albergue-paradiso.com\/es\/wp-content\/uploads\/2024\/09\/Karate-Hinojedo-Suances-Wado-Budoclub-Paradiso.jpg\" \/>\n\t<meta property=\"og:image:width\" content=\"854\" \/>\n\t<meta property=\"og:image:height\" content=\"1100\" \/>\n\t<meta property=\"og:image:type\" content=\"image\/jpeg\" \/>\n<meta name=\"twitter:card\" content=\"summary_large_image\" \/>\n<meta name=\"twitter:label1\" content=\"Tiempo de lectura\" \/>\n\t<meta name=\"twitter:data1\" content=\"5 minutos\" \/>\n<script type=\"application\/ld+json\" class=\"yoast-schema-graph\">{\"@context\":\"https:\\\/\\\/schema.org\",\"@graph\":[{\"@type\":\"WebPage\",\"@id\":\"https:\\\/\\\/www.albergue-paradiso.com\\\/es\\\/karate\\\/\",\"url\":\"https:\\\/\\\/www.albergue-paradiso.com\\\/es\\\/karate\\\/\",\"name\":\"Karate en Suances, Cantabria | Curos de Karate y budo club\",\"isPartOf\":{\"@id\":\"https:\\\/\\\/www.albergue-paradiso.com\\\/es\\\/#website\"},\"primaryImageOfPage\":{\"@id\":\"https:\\\/\\\/www.albergue-paradiso.com\\\/es\\\/karate\\\/#primaryimage\"},\"image\":{\"@id\":\"https:\\\/\\\/www.albergue-paradiso.com\\\/es\\\/karate\\\/#primaryimage\"},\"thumbnailUrl\":\"https:\\\/\\\/www.albergue-paradiso.com\\\/es\\\/wp-content\\\/uploads\\\/2024\\\/09\\\/Karate-Hinojedo-Suances-Wado-Budoclub-Paradiso.jpg\",\"datePublished\":\"2023-05-26T12:01:11+00:00\",\"dateModified\":\"2025-11-07T16:43:42+00:00\",\"description\":\"Clases de Karate en Suances en Albergue Paradiso con Wim Massee, 8\u00badan de karate wado Ryu. Ni\u00f1os y adultos. Tradicional y competici\u00f3n\",\"breadcrumb\":{\"@id\":\"https:\\\/\\\/www.albergue-paradiso.com\\\/es\\\/karate\\\/#breadcrumb\"},\"inLanguage\":\"es\",\"potentialAction\":[{\"@type\":\"ReadAction\",\"target\":[\"https:\\\/\\\/www.albergue-paradiso.com\\\/es\\\/karate\\\/\"]}]},{\"@type\":\"ImageObject\",\"inLanguage\":\"es\",\"@id\":\"https:\\\/\\\/www.albergue-paradiso.com\\\/es\\\/karate\\\/#primaryimage\",\"url\":\"https:\\\/\\\/www.albergue-paradiso.com\\\/es\\\/wp-content\\\/uploads\\\/2024\\\/09\\\/Karate-Hinojedo-Suances-Wado-Budoclub-Paradiso.jpg\",\"contentUrl\":\"https:\\\/\\\/www.albergue-paradiso.com\\\/es\\\/wp-content\\\/uploads\\\/2024\\\/09\\\/Karate-Hinojedo-Suances-Wado-Budoclub-Paradiso.jpg\",\"width\":854,\"height\":1100,\"caption\":\"Budoclub Paradiso Karate Suances\"},{\"@type\":\"BreadcrumbList\",\"@id\":\"https:\\\/\\\/www.albergue-paradiso.com\\\/es\\\/karate\\\/#breadcrumb\",\"itemListElement\":[{\"@type\":\"ListItem\",\"position\":1,\"name\":\"Portada\",\"item\":\"https:\\\/\\\/www.albergue-paradiso.com\\\/es\\\/\"},{\"@type\":\"ListItem\",\"position\":2,\"name\":\"Karate\"}]},{\"@type\":\"WebSite\",\"@id\":\"https:\\\/\\\/www.albergue-paradiso.com\\\/es\\\/#website\",\"url\":\"https:\\\/\\\/www.albergue-paradiso.com\\\/es\\\/\",\"name\":\"Albergues en Cantabria | Hostel albergue Paradiso en Cantabria\",\"description\":\"\",\"potentialAction\":[{\"@type\":\"SearchAction\",\"target\":{\"@type\":\"EntryPoint\",\"urlTemplate\":\"https:\\\/\\\/www.albergue-paradiso.com\\\/es\\\/?s={search_term_string}\"},\"query-input\":{\"@type\":\"PropertyValueSpecification\",\"valueRequired\":true,\"valueName\":\"search_term_string\"}}],\"inLanguage\":\"es\"}]}<\/script>\n<!-- \/ Yoast SEO plugin. -->","yoast_head_json":{"title":"Karate en Suances, Cantabria | Curos de Karate y budo club","description":"Clases de Karate en Suances en Albergue Paradiso con Wim Massee, 8\u00badan de karate wado Ryu. Ni\u00f1os y adultos. Tradicional y competici\u00f3n","robots":{"index":"index","follow":"follow","max-snippet":"max-snippet:-1","max-image-preview":"max-image-preview:large","max-video-preview":"max-video-preview:-1"},"canonical":"https:\/\/www.albergue-paradiso.com\/es\/karate\/","og_locale":"es_ES","og_type":"article","og_title":"Karate en Suances, Cantabria | Curos de Karate y budo club","og_description":"Clases de Karate en Suances en Albergue Paradiso con Wim Massee, 8\u00badan de karate wado Ryu. Ni\u00f1os y adultos. Tradicional y competici\u00f3n","og_url":"https:\/\/www.albergue-paradiso.com\/es\/karate\/","og_site_name":"Albergues en Cantabria | Hostel albergue Paradiso en Cantabria","article_modified_time":"2025-11-07T16:43:42+00:00","og_image":[{"width":854,"height":1100,"url":"https:\/\/www.albergue-paradiso.com\/es\/wp-content\/uploads\/2024\/09\/Karate-Hinojedo-Suances-Wado-Budoclub-Paradiso.jpg","type":"image\/jpeg"}],"twitter_card":"summary_large_image","twitter_misc":{"Tiempo de lectura":"5 minutos"},"schema":{"@context":"https:\/\/schema.org","@graph":[{"@type":"WebPage","@id":"https:\/\/www.albergue-paradiso.com\/es\/karate\/","url":"https:\/\/www.albergue-paradiso.com\/es\/karate\/","name":"Karate en Suances, Cantabria | Curos de Karate y budo club","isPartOf":{"@id":"https:\/\/www.albergue-paradiso.com\/es\/#website"},"primaryImageOfPage":{"@id":"https:\/\/www.albergue-paradiso.com\/es\/karate\/#primaryimage"},"image":{"@id":"https:\/\/www.albergue-paradiso.com\/es\/karate\/#primaryimage"},"thumbnailUrl":"https:\/\/www.albergue-paradiso.com\/es\/wp-content\/uploads\/2024\/09\/Karate-Hinojedo-Suances-Wado-Budoclub-Paradiso.jpg","datePublished":"2023-05-26T12:01:11+00:00","dateModified":"2025-11-07T16:43:42+00:00","description":"Clases de Karate en Suances en Albergue Paradiso con Wim Massee, 8\u00badan de karate wado Ryu. Ni\u00f1os y adultos. Tradicional y competici\u00f3n","breadcrumb":{"@id":"https:\/\/www.albergue-paradiso.com\/es\/karate\/#breadcrumb"},"inLanguage":"es","potentialAction":[{"@type":"ReadAction","target":["https:\/\/www.albergue-paradiso.com\/es\/karate\/"]}]},{"@type":"ImageObject","inLanguage":"es","@id":"https:\/\/www.albergue-paradiso.com\/es\/karate\/#primaryimage","url":"https:\/\/www.albergue-paradiso.com\/es\/wp-content\/uploads\/2024\/09\/Karate-Hinojedo-Suances-Wado-Budoclub-Paradiso.jpg","contentUrl":"https:\/\/www.albergue-paradiso.com\/es\/wp-content\/uploads\/2024\/09\/Karate-Hinojedo-Suances-Wado-Budoclub-Paradiso.jpg","width":854,"height":1100,"caption":"Budoclub Paradiso Karate Suances"},{"@type":"BreadcrumbList","@id":"https:\/\/www.albergue-paradiso.com\/es\/karate\/#breadcrumb","itemListElement":[{"@type":"ListItem","position":1,"name":"Portada","item":"https:\/\/www.albergue-paradiso.com\/es\/"},{"@type":"ListItem","position":2,"name":"Karate"}]},{"@type":"WebSite","@id":"https:\/\/www.albergue-paradiso.com\/es\/#website","url":"https:\/\/www.albergue-paradiso.com\/es\/","name":"Albergues en Cantabria | Hostel albergue Paradiso en Cantabria","description":"","potentialAction":[{"@type":"SearchAction","target":{"@type":"EntryPoint","urlTemplate":"https:\/\/www.albergue-paradiso.com\/es\/?s={search_term_string}"},"query-input":{"@type":"PropertyValueSpecification","valueRequired":true,"valueName":"search_term_string"}}],"inLanguage":"es"}]}},"_links":{"self":[{"href":"https:\/\/www.albergue-paradiso.com\/es\/wp-json\/wp\/v2\/pages\/27792","targetHints":{"allow":["GET"]}}],"collection":[{"href":"https:\/\/www.albergue-paradiso.com\/es\/wp-json\/wp\/v2\/pages"}],"about":[{"href":"https:\/\/www.albergue-paradiso.com\/es\/wp-json\/wp\/v2\/types\/page"}],"author":[{"embeddable":true,"href":"https:\/\/www.albergue-paradiso.com\/es\/wp-json\/wp\/v2\/users\/1"}],"replies":[{"embeddable":true,"href":"https:\/\/www.albergue-paradiso.com\/es\/wp-json\/wp\/v2\/comments?post=27792"}],"version-history":[{"count":41,"href":"https:\/\/www.albergue-paradiso.com\/es\/wp-json\/wp\/v2\/pages\/27792\/revisions"}],"predecessor-version":[{"id":31565,"href":"https:\/\/www.albergue-paradiso.com\/es\/wp-json\/wp\/v2\/pages\/27792\/revisions\/31565"}],"wp:featuredmedia":[{"embeddable":true,"href":"https:\/\/www.albergue-paradiso.com\/es\/wp-json\/wp\/v2\/media\/30813"}],"wp:attachment":[{"href":"https:\/\/www.albergue-paradiso.com\/es\/wp-json\/wp\/v2\/media?parent=27792"}],"curies":[{"name":"wp","href":"https:\/\/api.w.org\/{rel}","templated":true}]}}