{"id":27778,"date":"2023-05-26T11:51:09","date_gmt":"2023-05-26T11:51:09","guid":{"rendered":"https:\/\/www.albergue-paradiso.com\/es\/?page_id=27778"},"modified":"2023-05-29T18:30:50","modified_gmt":"2023-05-29T18:30:50","slug":"seguridad-covid-coronavirus","status":"publish","type":"page","link":"https:\/\/www.albergue-paradiso.com\/es\/seguridad-covid-coronavirus\/","title":{"rendered":"Seguridad COVID Coronavirus"},"content":{"rendered":"<p class=\"h3\"><i class=\"fas fa-quote-left\"><\/i> <strong>Importante<\/strong> conozcais nuestro plan de contingencia con los protocolos higi\u00e9nico-sanitarios ante COVID-19 en nuestras instalaciones.<i class=\"fas fa-quote-right\"><\/i>\n<div class=\" text-center py-4\">\n<div class=\"embed-responsive embed-responsive-16by9\">\n  <iframe class=\"embed-responsive-item\" src=\"https:\/\/www.youtube.com\/embed\/VFr2Y02ZO7w?rel=0\" allowfullscreen><\/iframe>\n<\/div>\n<\/div>\n<p class=\"h5 text-center\"><em>Nosotros pondremos todo de nuestra parte pero necesitamos que tu como cliente tambi\u00e9n lo hagas.<\/em><br \/>\n<strong>Por favor, seamos todos responsables con las medidas de seguridad.<\/strong><br \/>\nEntre todos podemos pararlo!\n<\/p>\n<h2 class=\"text-primary py-3\"><a href=\"https:\/\/www.albergue-paradiso.com\/es\/wp-content\/uploads\/2023\/05\/PROTOCOLO-MEDIDAS-SEGURIDAD-COVID19-ALBERGUE-PARADISO.pdf\" target=\"_blank\" rel=\"noopener\">PLAN DE CONTINGENCIA: MEDIDAS PARA LA REDUCCION DE RIESGOS HIGIENICO SANITARIOS AL COVID-19<\/a><\/h2>\n<h3 class=\"py-3\">Introducci\u00f3n.<\/h3>\n<p>Albergue Paradiso, siendo el mejor conocedor de sus propias instalaciones, ha dise\u00f1ado este plan espec\u00edfico para su empresa para minimizar en la medida de lo posible los riesgos higi\u00e9nico-sanitarios al COVID-19 y poner el mismo en conocimiento p\u00fablico para consulta de todas aquellas personas interesadas o que quieran contratar un servicio de nuestra empresa.<br \/>\nLa empresa asume un compromiso firme con la gesti\u00f3n del riesgo, liderando la implementaci\u00f3n sistem\u00e1tica de medidas dirigidas a minimizarlo. Para ello, los distintos procesos estar\u00e1n coordinados entre s\u00ed cumpliendo siempre con las recomendaciones y pautas dictadas por las autoridades sanitarias en relaci\u00f3n a medidas especiales frente al COVID-19.<\/p>\n<h3 class=\"py-3\">Objetivos para la Seguridad COVID Coronavirus.<\/h3>\n<p>Tres son los objetivos que se persiguen con la implantaci\u00f3n de los protocolos para estas medidas:<ul class=\"list-group list-group-flush\">\n \t<li class=\"list-group-item\"> Seguridad del personal: empleados y colaboradores.<\/li>\n \t<li class=\"list-group-item\">Los clientes y su seguridad.<\/li>\n \t<li class=\"list-group-item\">Seg\u00fan donde nos encontremos, la seguridad de los residentes de la localidad y municipio.<\/li>\n<\/ul>\n<p class=\"py-3\">Tres son los grandes ejes sobre los que pivotan estos protocolos:<\/p>\n<ul class=\"list-group list-group-flush\">\n \t<li class=\"list-group-item\">Definir los m\u00ednimos para abordar la desinfecci\u00f3n de los objetos en contacto con las personas<\/li>\n \t<li class=\"list-group-item\">C\u00f3mo solucionamos la distancia entre personas dentro de las instalaciones.<\/li>\n \t<li class=\"list-group-item\">Establecer los protocolos de trabajo por departamentos dentro de la empresa. Esto se hace por trazabilidad y minimizar las consecuencias en caso de alarma.<\/li>\n<\/ul>\n<h3 class=\"py-3\">Comit\u00e9 responsable para la Seguridad COVID Coronavirus.<\/h3>\n<p>Para la gesti\u00f3n del riesgo se ha establecido un comit\u00e9. El comit\u00e9 es el responsable de desarrollar y asegurarse que se llevan a cabo cada uno de los protocolos as\u00ed como:<ul class=\"list-group list-group-flush\">\n<li class=\"list-group-item\">Identificar los riesgos y realizar un an\u00e1lisis de los mismos.<\/li>\n<li class=\"list-group-item\">Dise\u00f1ar el plan de contingencia.<\/li>\n<li class=\"list-group-item\">Planificar e implementar el plan de contingencia y supervisar su cumplimiento.<\/li>\n<li class=\"list-group-item\">Valorar la eficacia del plan de contingencia y modificarlo si fuera necesario<\/li>\n<li class=\"list-group-item\">Actuar seg\u00fan el protocolo en caso de alarma<\/li>\n<\/ul>\n<p>El comit\u00e9 responsable est\u00e1 formado por el gerente y director de la empresa as\u00ed como el responsable educativo y ocio, el responsable de hosteler\u00eda, la gobernanta y el responsable de mantenimiento.<\/p>\n<h2 class=\"py-3 text-center h4 text-primary\">PLAN DE CONTINGENCIA: MEDIDAS PARA LA REDUCCION DE RIESGOS HIGIENICO SANITARIOS AL COVID-19<\/h2>\n<p class=\"text-center\"><a href=\"https:\/\/www.albergue-paradiso.com\/es\/wp-content\/uploads\/2023\/05\/PROTOCOLO-MEDIDAS-SEGURIDAD-COVID19-ALBERGUE-PARADISO.pdf\" target=\"_blank\" class=\"btn btn-outline-primary\" rel=\"noopener\">VER PLAN<\/a><\/p>\n<h2 class=\"py-3 text-center h4 \">CHECK-LIST INFORMATIVA REALIZADA POR LA RED ESPA\u00d1OLA DE ALBERGUES JUVENILES (REAJ)<\/h2>\n<p class=\"text-center\"><a href=\"https:\/\/www.albergue-paradiso.com\/es\/wp-content\/uploads\/2023\/05\/Checklist-REAJ.pdf\" target=\"_blank\" class=\"btn btn-outline-secondary\" rel=\"noopener\">VER MEDIDAS DE OBLIGADO CUMPLIMIENTO PARA REAPERTURA<\/a><\/p>\n","protected":false},"excerpt":{"rendered":"<p>Importante conozcais nuestro plan de contingencia con los protocolos higi\u00e9nico-sanitarios ante COVID-19 en nuestras instalaciones. [&hellip;]<\/p>\n","protected":false},"author":1,"featured_media":0,"parent":0,"menu_order":0,"comment_status":"closed","ping_status":"closed","template":"","meta":{"_joinchat":[],"footnotes":""},"class_list":["post-27778","page","type-page","status-publish","hentry"],"acf":[],"yoast_head":"<!-- This site is optimized with the Yoast SEO plugin v27.4 - https:\/\/yoast.com\/product\/yoast-seo-wordpress\/ -->\n<title>Seguridad COVID Coronavirus - Plan de contingencia Albergue Paradiso<\/title>\n<meta name=\"description\" content=\"Para la seguridad de nuestro personal y clientes aqu\u00ed puedes encontrar nuestro plan de contingencia ante COVID-19 Coronavirus\" \/>\n<meta name=\"robots\" content=\"index, follow, max-snippet:-1, max-image-preview:large, max-video-preview:-1\" \/>\n<link rel=\"canonical\" href=\"https:\/\/www.albergue-paradiso.com\/es\/seguridad-covid-coronavirus\/\" \/>\n<meta property=\"og:locale\" content=\"es_ES\" \/>\n<meta property=\"og:type\" content=\"article\" \/>\n<meta property=\"og:title\" content=\"Seguridad COVID Coronavirus - Plan de contingencia Albergue Paradiso\" \/>\n<meta property=\"og:description\" content=\"Para la seguridad de nuestro personal y clientes aqu\u00ed puedes encontrar nuestro plan de contingencia ante COVID-19 Coronavirus\" \/>\n<meta property=\"og:url\" content=\"https:\/\/www.albergue-paradiso.com\/es\/seguridad-covid-coronavirus\/\" \/>\n<meta property=\"og:site_name\" content=\"Albergues en Cantabria | Hostel albergue Paradiso en Cantabria\" \/>\n<meta property=\"article:modified_time\" content=\"2023-05-29T18:30:50+00:00\" \/>\n<meta name=\"twitter:card\" content=\"summary_large_image\" \/>\n<meta name=\"twitter:label1\" content=\"Tiempo de lectura\" \/>\n\t<meta name=\"twitter:data1\" content=\"2 minutos\" \/>\n<script type=\"application\/ld+json\" class=\"yoast-schema-graph\">{\"@context\":\"https:\\\/\\\/schema.org\",\"@graph\":[{\"@type\":\"WebPage\",\"@id\":\"https:\\\/\\\/www.albergue-paradiso.com\\\/es\\\/seguridad-covid-coronavirus\\\/\",\"url\":\"https:\\\/\\\/www.albergue-paradiso.com\\\/es\\\/seguridad-covid-coronavirus\\\/\",\"name\":\"Seguridad COVID Coronavirus - Plan de contingencia Albergue Paradiso\",\"isPartOf\":{\"@id\":\"https:\\\/\\\/www.albergue-paradiso.com\\\/es\\\/#website\"},\"datePublished\":\"2023-05-26T11:51:09+00:00\",\"dateModified\":\"2023-05-29T18:30:50+00:00\",\"description\":\"Para la seguridad de nuestro personal y clientes aqu\u00ed puedes encontrar nuestro plan de contingencia ante COVID-19 Coronavirus\",\"breadcrumb\":{\"@id\":\"https:\\\/\\\/www.albergue-paradiso.com\\\/es\\\/seguridad-covid-coronavirus\\\/#breadcrumb\"},\"inLanguage\":\"es\",\"potentialAction\":[{\"@type\":\"ReadAction\",\"target\":[\"https:\\\/\\\/www.albergue-paradiso.com\\\/es\\\/seguridad-covid-coronavirus\\\/\"]}]},{\"@type\":\"BreadcrumbList\",\"@id\":\"https:\\\/\\\/www.albergue-paradiso.com\\\/es\\\/seguridad-covid-coronavirus\\\/#breadcrumb\",\"itemListElement\":[{\"@type\":\"ListItem\",\"position\":1,\"name\":\"Portada\",\"item\":\"https:\\\/\\\/www.albergue-paradiso.com\\\/es\\\/\"},{\"@type\":\"ListItem\",\"position\":2,\"name\":\"Seguridad COVID Coronavirus\"}]},{\"@type\":\"WebSite\",\"@id\":\"https:\\\/\\\/www.albergue-paradiso.com\\\/es\\\/#website\",\"url\":\"https:\\\/\\\/www.albergue-paradiso.com\\\/es\\\/\",\"name\":\"Albergues en Cantabria | Hostel albergue Paradiso en Cantabria\",\"description\":\"\",\"potentialAction\":[{\"@type\":\"SearchAction\",\"target\":{\"@type\":\"EntryPoint\",\"urlTemplate\":\"https:\\\/\\\/www.albergue-paradiso.com\\\/es\\\/?s={search_term_string}\"},\"query-input\":{\"@type\":\"PropertyValueSpecification\",\"valueRequired\":true,\"valueName\":\"search_term_string\"}}],\"inLanguage\":\"es\"}]}<\/script>\n<!-- \/ Yoast SEO plugin. -->","yoast_head_json":{"title":"Seguridad COVID Coronavirus - Plan de contingencia Albergue Paradiso","description":"Para la seguridad de nuestro personal y clientes aqu\u00ed puedes encontrar nuestro plan de contingencia ante COVID-19 Coronavirus","robots":{"index":"index","follow":"follow","max-snippet":"max-snippet:-1","max-image-preview":"max-image-preview:large","max-video-preview":"max-video-preview:-1"},"canonical":"https:\/\/www.albergue-paradiso.com\/es\/seguridad-covid-coronavirus\/","og_locale":"es_ES","og_type":"article","og_title":"Seguridad COVID Coronavirus - Plan de contingencia Albergue Paradiso","og_description":"Para la seguridad de nuestro personal y clientes aqu\u00ed puedes encontrar nuestro plan de contingencia ante COVID-19 Coronavirus","og_url":"https:\/\/www.albergue-paradiso.com\/es\/seguridad-covid-coronavirus\/","og_site_name":"Albergues en Cantabria | Hostel albergue Paradiso en Cantabria","article_modified_time":"2023-05-29T18:30:50+00:00","twitter_card":"summary_large_image","twitter_misc":{"Tiempo de lectura":"2 minutos"},"schema":{"@context":"https:\/\/schema.org","@graph":[{"@type":"WebPage","@id":"https:\/\/www.albergue-paradiso.com\/es\/seguridad-covid-coronavirus\/","url":"https:\/\/www.albergue-paradiso.com\/es\/seguridad-covid-coronavirus\/","name":"Seguridad COVID Coronavirus - Plan de contingencia Albergue Paradiso","isPartOf":{"@id":"https:\/\/www.albergue-paradiso.com\/es\/#website"},"datePublished":"2023-05-26T11:51:09+00:00","dateModified":"2023-05-29T18:30:50+00:00","description":"Para la seguridad de nuestro personal y clientes aqu\u00ed puedes encontrar nuestro plan de contingencia ante COVID-19 Coronavirus","breadcrumb":{"@id":"https:\/\/www.albergue-paradiso.com\/es\/seguridad-covid-coronavirus\/#breadcrumb"},"inLanguage":"es","potentialAction":[{"@type":"ReadAction","target":["https:\/\/www.albergue-paradiso.com\/es\/seguridad-covid-coronavirus\/"]}]},{"@type":"BreadcrumbList","@id":"https:\/\/www.albergue-paradiso.com\/es\/seguridad-covid-coronavirus\/#breadcrumb","itemListElement":[{"@type":"ListItem","position":1,"name":"Portada","item":"https:\/\/www.albergue-paradiso.com\/es\/"},{"@type":"ListItem","position":2,"name":"Seguridad COVID Coronavirus"}]},{"@type":"WebSite","@id":"https:\/\/www.albergue-paradiso.com\/es\/#website","url":"https:\/\/www.albergue-paradiso.com\/es\/","name":"Albergues en Cantabria | Hostel albergue Paradiso en Cantabria","description":"","potentialAction":[{"@type":"SearchAction","target":{"@type":"EntryPoint","urlTemplate":"https:\/\/www.albergue-paradiso.com\/es\/?s={search_term_string}"},"query-input":{"@type":"PropertyValueSpecification","valueRequired":true,"valueName":"search_term_string"}}],"inLanguage":"es"}]}},"_links":{"self":[{"href":"https:\/\/www.albergue-paradiso.com\/es\/wp-json\/wp\/v2\/pages\/27778","targetHints":{"allow":["GET"]}}],"collection":[{"href":"https:\/\/www.albergue-paradiso.com\/es\/wp-json\/wp\/v2\/pages"}],"about":[{"href":"https:\/\/www.albergue-paradiso.com\/es\/wp-json\/wp\/v2\/types\/page"}],"author":[{"embeddable":true,"href":"https:\/\/www.albergue-paradiso.com\/es\/wp-json\/wp\/v2\/users\/1"}],"replies":[{"embeddable":true,"href":"https:\/\/www.albergue-paradiso.com\/es\/wp-json\/wp\/v2\/comments?post=27778"}],"version-history":[{"count":12,"href":"https:\/\/www.albergue-paradiso.com\/es\/wp-json\/wp\/v2\/pages\/27778\/revisions"}],"predecessor-version":[{"id":27859,"href":"https:\/\/www.albergue-paradiso.com\/es\/wp-json\/wp\/v2\/pages\/27778\/revisions\/27859"}],"wp:attachment":[{"href":"https:\/\/www.albergue-paradiso.com\/es\/wp-json\/wp\/v2\/media?parent=27778"}],"curies":[{"name":"wp","href":"https:\/\/api.w.org\/{rel}","templated":true}]}}