{"id":27776,"date":"2023-05-26T11:50:19","date_gmt":"2023-05-26T11:50:19","guid":{"rendered":"https:\/\/www.albergue-paradiso.com\/es\/?page_id=27776"},"modified":"2024-06-22T14:36:14","modified_gmt":"2024-06-22T14:36:14","slug":"logistica","status":"publish","type":"page","link":"https:\/\/www.albergue-paradiso.com\/es\/logistica\/","title":{"rendered":"Log\u00edstica"},"content":{"rendered":"<div class=\"text-center\">\n<img decoding=\"async\" src=\"https:\/\/www.albergue-paradiso.com\/es\/wp-content\/uploads\/2023\/08\/mascarilla-codo.jpg\" class=\"img-fluid\" alt=\"alojamiento y actividades en cantabria\"><\/p>\n<p class=\"h3\"><i class=\"fas fa-quote-left\"><\/i> Nuestro Sello de Confianza&#8230;.<\/p>\n<h3 class=\"pt-3\">La calidad de nuestro servicio se fundamenta en la log\u00edstica y los sistemas de gesti\u00f3n implementados y en el personal que les lleva a cabo:<\/h3>\n<\/div>\n<ul class=\"list-group list-group-flush\">\n    <li class=\"list-group-item\">\n        <span class=\"h4\"><strong>Higiene y Seguridad Alimentaria:<\/strong><\/span>\n<ul class=\"list-group list-group-flush list-unstyled py-3\">\n<li class=\"list-group-item\"><i class=\"fas fa-check\"><\/i> An\u00e1lisis de Peligros y Puntos Cr\u00edticos de Control (APPCC)<\/li>\n<li class=\"list-group-item\"><i class=\"fas fa-check\"><\/i> Control de al\u00e9rgenos: sistema de informaci\u00f3n en materia de alergias e intolerancias alimentarias<\/li>\n<li class=\"list-group-item\"><i class=\"fas fa-check\"><\/i> Limpieza y desinfecci\u00f3n (L+D)<\/li>\n<li class=\"list-group-item\"><i class=\"fas fa-check\"><\/i> Plan de prevenci\u00f3n y control de Legionella<\/li>\n<li class=\"list-group-item\"><i class=\"fas fa-check\"><\/i> Bacteriost\u00e1ticos en ba\u00f1os<\/li>\n<li class=\"list-group-item\"><i class=\"fas fa-check\"><\/i> Control de plagas<\/li>\n<li class=\"list-group-item\"><i class=\"fas fa-check\"><\/i> Buenas Pr\u00e1cticas de Higiene (BPH)<\/li>\n<li class=\"list-group-item\"><i class=\"fas fa-check\"><\/i> Auto-control de piscinas<\/li>\n<li class=\"list-group-item\"><i class=\"fas fa-check\"><\/i> <a href=\"https:\/\/www.albergue-paradiso.com\/es\/seguridad-covid-coronavirus\/\" target=\"_blank\" rel=\"noopener\">Protocolo COVID<\/a> (L+D)<\/li>\n<\/ul>\n<p>    <\/p><\/li>\n    <li class=\"list-group-item\">\n        <span class=\"h4\"><strong>Protecci\u00f3n de datos (LOPD)<\/strong><\/span><\/li>\n    <li class=\"list-group-item\">\n        <span class=\"h4\"><strong>Procedimientos de actividad<\/strong><\/span><\/li>\n <li class=\"list-group-item\">\n        <span class=\"h4\"><strong>Gesti\u00f3n Laboral:<\/strong><\/span>\n<ul class=\"list-group list-group-flush list-unstyled py-3\">\n<li class=\"list-group-item\"><i class=\"fas fa-check\"><\/i> Contrataci\u00f3n de todo nuestro personal<\/li>\n<li class=\"list-group-item\"><i class=\"fas fa-check\"><\/i> Trabajamos con el Convenio Colectivo Marco Estatal de Ocio Educativo y Animaci\u00f3n Sociocultural<\/li>\n<li class=\"list-group-item\"><i class=\"fas fa-check\"><\/i> Plan de prevenci\u00f3n de riesgos laborales (PRL)<\/li>\n<\/ul>\n<p>    <\/p><\/li>\n <li class=\"list-group-item\">\n        <span class=\"h4\"><strong>Atenci\u00f3n personalizada<\/strong><\/span><\/li>\n <li class=\"list-group-item\">\n        <span class=\"h4\"><strong>Seguro de Responsabilidad Civil<\/strong><\/span><\/li>\n<li class=\"list-group-item\">\n       <span class=\"h4\"><strong> Hostel albergue Paradiso es:<\/strong><\/span>\n<ul class=\"list-group list-group-flush list-unstyled py-3\">\n<li class=\"list-group-item\"><i class=\"fas fa-check\"><\/i> Albergue Tur\u00edstico, Albergue Juvenil y Albergue de Peregrinos<\/li>\n<li class=\"list-group-item\"><i class=\"fas fa-check\"><\/i> Empresa de Turismo Activo<\/li>\n<li class=\"list-group-item\"><i class=\"fas fa-check\"><\/i> Escuela de Tiempo Libre y Centro de Formaci\u00f3n homologado<\/li>\n<\/ul>\n<p>    <\/p><\/li>\n <li class=\"list-group-item\">\n        <span class=\"h4\"><strong>Primer albergue de Espa\u00f1a en conseguir el <a href=\"https:\/\/www.albergue-paradiso.com\/es\/sello-compromiso-reaj\/\" target=\"_blank\" rel=\"noopener\">Sello de Compromiso REAJ<\/a><\/strong><\/span><\/li>\n<\/ul>\n<div class=\"text-center\"><a href=\"https:\/\/p.reaj.com\/reaj\/subscriptions\/recepcion-albergues-reaj?r=paradiso\" target=\"_blank\" rel=\"noopener\"><br \/>\n<img decoding=\"async\" class=\"img-fluid\" src=\"https:\/\/www.albergue-paradiso.com\/es\/wp-content\/uploads\/2023\/05\/carne-de-alberguista.jpg\" alt=\"carn\u00e9 de alberguista welcome pass\" width=\"1000\" \/><br \/>\n<\/a><\/div>\n","protected":false},"excerpt":{"rendered":"<p>Nuestro Sello de Confianza&#8230;. La calidad de nuestro servicio se fundamenta en la log\u00edstica y [&hellip;]<\/p>\n","protected":false},"author":1,"featured_media":0,"parent":0,"menu_order":0,"comment_status":"closed","ping_status":"closed","template":"","meta":{"_joinchat":[],"footnotes":""},"class_list":["post-27776","page","type-page","status-publish","hentry"],"acf":[],"yoast_head":"<!-- This site is optimized with the Yoast SEO plugin v27.4 - https:\/\/yoast.com\/product\/yoast-seo-wordpress\/ -->\n<title>Log\u00edstica y sistemas de gesti\u00f3n de los albergues en Cantabria<\/title>\n<meta name=\"description\" content=\"La calidad de nuestro servicio se fundamenta en la log\u00edstica y los sistemas de gesti\u00f3n implementados y en el personal de albergue Paradiso\" \/>\n<meta name=\"robots\" content=\"index, follow, max-snippet:-1, max-image-preview:large, max-video-preview:-1\" \/>\n<link rel=\"canonical\" href=\"https:\/\/www.albergue-paradiso.com\/es\/logistica\/\" \/>\n<meta property=\"og:locale\" content=\"es_ES\" \/>\n<meta property=\"og:type\" content=\"article\" \/>\n<meta property=\"og:title\" content=\"Log\u00edstica y sistemas de gesti\u00f3n de los albergues en Cantabria\" \/>\n<meta property=\"og:description\" content=\"La calidad de nuestro servicio se fundamenta en la log\u00edstica y los sistemas de gesti\u00f3n implementados y en el personal de albergue Paradiso\" \/>\n<meta property=\"og:url\" content=\"https:\/\/www.albergue-paradiso.com\/es\/logistica\/\" \/>\n<meta property=\"og:site_name\" content=\"Albergues en Cantabria | Hostel albergue Paradiso en Cantabria\" \/>\n<meta property=\"article:modified_time\" content=\"2024-06-22T14:36:14+00:00\" \/>\n<meta property=\"og:image\" content=\"https:\/\/www.albergue-paradiso.com\/es\/wp-content\/uploads\/2023\/08\/mascarilla-codo.jpg\" \/>\n<meta name=\"twitter:card\" content=\"summary_large_image\" \/>\n<meta name=\"twitter:label1\" content=\"Tiempo de lectura\" \/>\n\t<meta name=\"twitter:data1\" content=\"2 minutos\" \/>\n<script type=\"application\/ld+json\" class=\"yoast-schema-graph\">{\"@context\":\"https:\\\/\\\/schema.org\",\"@graph\":[{\"@type\":\"WebPage\",\"@id\":\"https:\\\/\\\/www.albergue-paradiso.com\\\/es\\\/logistica\\\/\",\"url\":\"https:\\\/\\\/www.albergue-paradiso.com\\\/es\\\/logistica\\\/\",\"name\":\"Log\u00edstica y sistemas de gesti\u00f3n de los albergues en Cantabria\",\"isPartOf\":{\"@id\":\"https:\\\/\\\/www.albergue-paradiso.com\\\/es\\\/#website\"},\"primaryImageOfPage\":{\"@id\":\"https:\\\/\\\/www.albergue-paradiso.com\\\/es\\\/logistica\\\/#primaryimage\"},\"image\":{\"@id\":\"https:\\\/\\\/www.albergue-paradiso.com\\\/es\\\/logistica\\\/#primaryimage\"},\"thumbnailUrl\":\"https:\\\/\\\/www.albergue-paradiso.com\\\/es\\\/wp-content\\\/uploads\\\/2023\\\/08\\\/mascarilla-codo.jpg\",\"datePublished\":\"2023-05-26T11:50:19+00:00\",\"dateModified\":\"2024-06-22T14:36:14+00:00\",\"description\":\"La calidad de nuestro servicio se fundamenta en la log\u00edstica y los sistemas de gesti\u00f3n implementados y en el personal de albergue Paradiso\",\"breadcrumb\":{\"@id\":\"https:\\\/\\\/www.albergue-paradiso.com\\\/es\\\/logistica\\\/#breadcrumb\"},\"inLanguage\":\"es\",\"potentialAction\":[{\"@type\":\"ReadAction\",\"target\":[\"https:\\\/\\\/www.albergue-paradiso.com\\\/es\\\/logistica\\\/\"]}]},{\"@type\":\"ImageObject\",\"inLanguage\":\"es\",\"@id\":\"https:\\\/\\\/www.albergue-paradiso.com\\\/es\\\/logistica\\\/#primaryimage\",\"url\":\"https:\\\/\\\/www.albergue-paradiso.com\\\/es\\\/wp-content\\\/uploads\\\/2023\\\/08\\\/mascarilla-codo.jpg\",\"contentUrl\":\"https:\\\/\\\/www.albergue-paradiso.com\\\/es\\\/wp-content\\\/uploads\\\/2023\\\/08\\\/mascarilla-codo.jpg\"},{\"@type\":\"BreadcrumbList\",\"@id\":\"https:\\\/\\\/www.albergue-paradiso.com\\\/es\\\/logistica\\\/#breadcrumb\",\"itemListElement\":[{\"@type\":\"ListItem\",\"position\":1,\"name\":\"Portada\",\"item\":\"https:\\\/\\\/www.albergue-paradiso.com\\\/es\\\/\"},{\"@type\":\"ListItem\",\"position\":2,\"name\":\"Log\u00edstica\"}]},{\"@type\":\"WebSite\",\"@id\":\"https:\\\/\\\/www.albergue-paradiso.com\\\/es\\\/#website\",\"url\":\"https:\\\/\\\/www.albergue-paradiso.com\\\/es\\\/\",\"name\":\"Albergues en Cantabria | Hostel albergue Paradiso en Cantabria\",\"description\":\"\",\"potentialAction\":[{\"@type\":\"SearchAction\",\"target\":{\"@type\":\"EntryPoint\",\"urlTemplate\":\"https:\\\/\\\/www.albergue-paradiso.com\\\/es\\\/?s={search_term_string}\"},\"query-input\":{\"@type\":\"PropertyValueSpecification\",\"valueRequired\":true,\"valueName\":\"search_term_string\"}}],\"inLanguage\":\"es\"}]}<\/script>\n<!-- \/ Yoast SEO plugin. -->","yoast_head_json":{"title":"Log\u00edstica y sistemas de gesti\u00f3n de los albergues en Cantabria","description":"La calidad de nuestro servicio se fundamenta en la log\u00edstica y los sistemas de gesti\u00f3n implementados y en el personal de albergue Paradiso","robots":{"index":"index","follow":"follow","max-snippet":"max-snippet:-1","max-image-preview":"max-image-preview:large","max-video-preview":"max-video-preview:-1"},"canonical":"https:\/\/www.albergue-paradiso.com\/es\/logistica\/","og_locale":"es_ES","og_type":"article","og_title":"Log\u00edstica y sistemas de gesti\u00f3n de los albergues en Cantabria","og_description":"La calidad de nuestro servicio se fundamenta en la log\u00edstica y los sistemas de gesti\u00f3n implementados y en el personal de albergue Paradiso","og_url":"https:\/\/www.albergue-paradiso.com\/es\/logistica\/","og_site_name":"Albergues en Cantabria | Hostel albergue Paradiso en Cantabria","article_modified_time":"2024-06-22T14:36:14+00:00","og_image":[{"url":"https:\/\/www.albergue-paradiso.com\/es\/wp-content\/uploads\/2023\/08\/mascarilla-codo.jpg","type":"","width":"","height":""}],"twitter_card":"summary_large_image","twitter_misc":{"Tiempo de lectura":"2 minutos"},"schema":{"@context":"https:\/\/schema.org","@graph":[{"@type":"WebPage","@id":"https:\/\/www.albergue-paradiso.com\/es\/logistica\/","url":"https:\/\/www.albergue-paradiso.com\/es\/logistica\/","name":"Log\u00edstica y sistemas de gesti\u00f3n de los albergues en Cantabria","isPartOf":{"@id":"https:\/\/www.albergue-paradiso.com\/es\/#website"},"primaryImageOfPage":{"@id":"https:\/\/www.albergue-paradiso.com\/es\/logistica\/#primaryimage"},"image":{"@id":"https:\/\/www.albergue-paradiso.com\/es\/logistica\/#primaryimage"},"thumbnailUrl":"https:\/\/www.albergue-paradiso.com\/es\/wp-content\/uploads\/2023\/08\/mascarilla-codo.jpg","datePublished":"2023-05-26T11:50:19+00:00","dateModified":"2024-06-22T14:36:14+00:00","description":"La calidad de nuestro servicio se fundamenta en la log\u00edstica y los sistemas de gesti\u00f3n implementados y en el personal de albergue Paradiso","breadcrumb":{"@id":"https:\/\/www.albergue-paradiso.com\/es\/logistica\/#breadcrumb"},"inLanguage":"es","potentialAction":[{"@type":"ReadAction","target":["https:\/\/www.albergue-paradiso.com\/es\/logistica\/"]}]},{"@type":"ImageObject","inLanguage":"es","@id":"https:\/\/www.albergue-paradiso.com\/es\/logistica\/#primaryimage","url":"https:\/\/www.albergue-paradiso.com\/es\/wp-content\/uploads\/2023\/08\/mascarilla-codo.jpg","contentUrl":"https:\/\/www.albergue-paradiso.com\/es\/wp-content\/uploads\/2023\/08\/mascarilla-codo.jpg"},{"@type":"BreadcrumbList","@id":"https:\/\/www.albergue-paradiso.com\/es\/logistica\/#breadcrumb","itemListElement":[{"@type":"ListItem","position":1,"name":"Portada","item":"https:\/\/www.albergue-paradiso.com\/es\/"},{"@type":"ListItem","position":2,"name":"Log\u00edstica"}]},{"@type":"WebSite","@id":"https:\/\/www.albergue-paradiso.com\/es\/#website","url":"https:\/\/www.albergue-paradiso.com\/es\/","name":"Albergues en Cantabria | Hostel albergue Paradiso en Cantabria","description":"","potentialAction":[{"@type":"SearchAction","target":{"@type":"EntryPoint","urlTemplate":"https:\/\/www.albergue-paradiso.com\/es\/?s={search_term_string}"},"query-input":{"@type":"PropertyValueSpecification","valueRequired":true,"valueName":"search_term_string"}}],"inLanguage":"es"}]}},"_links":{"self":[{"href":"https:\/\/www.albergue-paradiso.com\/es\/wp-json\/wp\/v2\/pages\/27776","targetHints":{"allow":["GET"]}}],"collection":[{"href":"https:\/\/www.albergue-paradiso.com\/es\/wp-json\/wp\/v2\/pages"}],"about":[{"href":"https:\/\/www.albergue-paradiso.com\/es\/wp-json\/wp\/v2\/types\/page"}],"author":[{"embeddable":true,"href":"https:\/\/www.albergue-paradiso.com\/es\/wp-json\/wp\/v2\/users\/1"}],"replies":[{"embeddable":true,"href":"https:\/\/www.albergue-paradiso.com\/es\/wp-json\/wp\/v2\/comments?post=27776"}],"version-history":[{"count":21,"href":"https:\/\/www.albergue-paradiso.com\/es\/wp-json\/wp\/v2\/pages\/27776\/revisions"}],"predecessor-version":[{"id":30747,"href":"https:\/\/www.albergue-paradiso.com\/es\/wp-json\/wp\/v2\/pages\/27776\/revisions\/30747"}],"wp:attachment":[{"href":"https:\/\/www.albergue-paradiso.com\/es\/wp-json\/wp\/v2\/media?parent=27776"}],"curies":[{"name":"wp","href":"https:\/\/api.w.org\/{rel}","templated":true}]}}