{"id":27713,"date":"2023-05-25T17:16:53","date_gmt":"2023-05-25T17:16:53","guid":{"rendered":"https:\/\/www.albergue-paradiso.com\/es\/?page_id=27713"},"modified":"2025-11-23T12:26:00","modified_gmt":"2025-11-23T12:26:00","slug":"piscina","status":"publish","type":"page","link":"https:\/\/www.albergue-paradiso.com\/es\/piscina\/","title":{"rendered":"Piscina"},"content":{"rendered":"<h4 class=\"text-center py-4\">La piscina es de uso gratuito para nuestros clientes; es exterior y est\u00e1 totalmente vallada; consta de dos vasos para el ba\u00f1o rodeados de palmeras y zonas ajardinadas.<\/h4>\n<div class=\"text-center mb-5\">\n<img decoding=\"async\" src=\"https:\/\/www.albergue-paradiso.com\/es\/wp-content\/uploads\/2023\/05\/piscina-campamento2.jpg\" class=\"img-fluid\" alt=\"alojamiento albergue con piscina en cantabria\">\n<\/div>\n<div role=\"alert\" class=\"alert alert-primary mt-5 text-white text-center\">\n<h3 class=\"h4\">Por sus medidas y profundidades, la piscina no necesita de socorrista titulado (aunque menores de 16 a\u00f1os siempre deben de estar acompa\u00f1ados de adultos). Cuenta con zonas ajardinadas para tomar el sol y descansar dentro de su horario de apertura.<\/h3>\n<p>   <\/div>\n<ul class=\"list-group list-group-flush\">\n    <li class=\"list-group-item\">\n       Temporada de apertura: 15\/05 al 15\/09.<\/li>\n    <li class=\"list-group-item\">\n        Horario: de 11:00h-14:00h y de 16:00h-20:00h.<\/li>\n    <li class=\"list-group-item\">\n       Un vaso grande de 12 m x 5 m y profundidad variable de 1,10 a 1,60 m. Este vaso desborda en cascada sobre el siguiente creando un ambiente agradable.<\/li>\n<li class=\"list-group-item\">\n       Un vaso peque\u00f1o de 5 m x 3 m y profundidad de 0,5 m. Ideal para el disfrute de los m\u00e1s peque\u00f1os.<\/li>\n<li class=\"list-group-item\">\n       No se permite comer ni beber en el interior del recinto de la piscina.<\/li>\n<li class=\"list-group-item\">\n       Se proh\u00edbe la entrada de mascotas a la piscina.<\/li>\n<li class=\"list-group-item\">\n       Obligatorio: uso de calzado de ba\u00f1o en el recinto de la piscina; ducharse antes del ba\u00f1o; seguir las instrucciones del personal. No es necesario el uso de gorro de piscina.<\/li>\n<li class=\"list-group-item\">\n       No es necesario el uso de gorro de piscina.<\/li>\n<li class=\"list-group-item\">\n      Por sus dimensiones, se trata de una <strong>piscina sin socorrista<\/strong>. Como norma interna, para su uso con menores de 16 a\u00f1os ser\u00e1 necesario la presencia de un adulto que asume la responsabilidad de los usuarios y se encarga del cumplimiento de las normas. En caso que todos los usuarios son mayores de 16 a\u00f1os, cada uno es responsable de s\u00ed mismo. En caso de las celebraciones de los cumplea\u00f1os Paradiso, la responsabilidad de l@s menores en la piscina es compartida entre el monitor del cumplea\u00f1os y el adulto contratante del cumplea\u00f1os.<\/li>\n<li class=\"list-group-item\">\n       Prohibiciones: La entrada a personas afectadas de enfermedades contagiosas, la entrada de animales de compa\u00f1\u00eda y fumar; correr entre piscinas y saltar de una a otra; tirarse de cabeza.<\/li>\n<\/ul>\n<h3 class=\"text-center text-primary py-4\">La piscina est\u00e1 equipada con escaleras, duchas y salvavidas; cuenta con cuarto de bombas y dosificaci\u00f3n de cloro autom\u00e1tico, robots limpiafondos y mantenimiento diario para cumplir nuestro sistema de autocontrol de piscinas<\/h3>\n","protected":false},"excerpt":{"rendered":"<p>La piscina es de uso gratuito para nuestros clientes; es exterior y est\u00e1 totalmente vallada; [&hellip;]<\/p>\n","protected":false},"author":1,"featured_media":32025,"parent":0,"menu_order":0,"comment_status":"closed","ping_status":"closed","template":"","meta":{"_joinchat":[],"footnotes":""},"class_list":["post-27713","page","type-page","status-publish","has-post-thumbnail","hentry"],"acf":[],"yoast_head":"<!-- This site is optimized with the Yoast SEO plugin v27.4 - https:\/\/yoast.com\/product\/yoast-seo-wordpress\/ -->\n<title>Albergue de Cantabria con piscina | Albergue Paradiso<\/title>\n<meta name=\"description\" content=\"albergue Paradiso en Suances dispone de piscina propia con dos vasos: uno para nadadores y otro para que chapoteen los peque\u00f1os\" \/>\n<meta name=\"robots\" content=\"index, follow, max-snippet:-1, max-image-preview:large, max-video-preview:-1\" \/>\n<link rel=\"canonical\" href=\"https:\/\/www.albergue-paradiso.com\/es\/piscina\/\" \/>\n<meta property=\"og:locale\" content=\"es_ES\" \/>\n<meta property=\"og:type\" content=\"article\" \/>\n<meta property=\"og:title\" content=\"Albergue de Cantabria con piscina | Albergue Paradiso\" \/>\n<meta property=\"og:description\" content=\"albergue Paradiso en Suances dispone de piscina propia con dos vasos: uno para nadadores y otro para que chapoteen los peque\u00f1os\" \/>\n<meta property=\"og:url\" content=\"https:\/\/www.albergue-paradiso.com\/es\/piscina\/\" \/>\n<meta property=\"og:site_name\" content=\"Albergues en Cantabria | Hostel albergue Paradiso en Cantabria\" \/>\n<meta property=\"article:modified_time\" content=\"2025-11-23T12:26:00+00:00\" \/>\n<meta property=\"og:image\" content=\"https:\/\/www.albergue-paradiso.com\/es\/wp-content\/uploads\/2025\/11\/piscina-paradiso.jpg\" \/>\n\t<meta property=\"og:image:width\" content=\"1075\" \/>\n\t<meta property=\"og:image:height\" content=\"806\" \/>\n\t<meta property=\"og:image:type\" content=\"image\/jpeg\" \/>\n<meta name=\"twitter:card\" content=\"summary_large_image\" \/>\n<meta name=\"twitter:label1\" content=\"Tiempo de lectura\" \/>\n\t<meta name=\"twitter:data1\" content=\"3 minutos\" \/>\n<script type=\"application\/ld+json\" class=\"yoast-schema-graph\">{\"@context\":\"https:\\\/\\\/schema.org\",\"@graph\":[{\"@type\":\"WebPage\",\"@id\":\"https:\\\/\\\/www.albergue-paradiso.com\\\/es\\\/piscina\\\/\",\"url\":\"https:\\\/\\\/www.albergue-paradiso.com\\\/es\\\/piscina\\\/\",\"name\":\"Albergue de Cantabria con piscina | Albergue Paradiso\",\"isPartOf\":{\"@id\":\"https:\\\/\\\/www.albergue-paradiso.com\\\/es\\\/#website\"},\"primaryImageOfPage\":{\"@id\":\"https:\\\/\\\/www.albergue-paradiso.com\\\/es\\\/piscina\\\/#primaryimage\"},\"image\":{\"@id\":\"https:\\\/\\\/www.albergue-paradiso.com\\\/es\\\/piscina\\\/#primaryimage\"},\"thumbnailUrl\":\"https:\\\/\\\/www.albergue-paradiso.com\\\/es\\\/wp-content\\\/uploads\\\/2025\\\/11\\\/piscina-paradiso.jpg\",\"datePublished\":\"2023-05-25T17:16:53+00:00\",\"dateModified\":\"2025-11-23T12:26:00+00:00\",\"description\":\"albergue Paradiso en Suances dispone de piscina propia con dos vasos: uno para nadadores y otro para que chapoteen los peque\u00f1os\",\"breadcrumb\":{\"@id\":\"https:\\\/\\\/www.albergue-paradiso.com\\\/es\\\/piscina\\\/#breadcrumb\"},\"inLanguage\":\"es\",\"potentialAction\":[{\"@type\":\"ReadAction\",\"target\":[\"https:\\\/\\\/www.albergue-paradiso.com\\\/es\\\/piscina\\\/\"]}]},{\"@type\":\"ImageObject\",\"inLanguage\":\"es\",\"@id\":\"https:\\\/\\\/www.albergue-paradiso.com\\\/es\\\/piscina\\\/#primaryimage\",\"url\":\"https:\\\/\\\/www.albergue-paradiso.com\\\/es\\\/wp-content\\\/uploads\\\/2025\\\/11\\\/piscina-paradiso.jpg\",\"contentUrl\":\"https:\\\/\\\/www.albergue-paradiso.com\\\/es\\\/wp-content\\\/uploads\\\/2025\\\/11\\\/piscina-paradiso.jpg\",\"width\":1075,\"height\":806,\"caption\":\"albergue con piscina\"},{\"@type\":\"BreadcrumbList\",\"@id\":\"https:\\\/\\\/www.albergue-paradiso.com\\\/es\\\/piscina\\\/#breadcrumb\",\"itemListElement\":[{\"@type\":\"ListItem\",\"position\":1,\"name\":\"Portada\",\"item\":\"https:\\\/\\\/www.albergue-paradiso.com\\\/es\\\/\"},{\"@type\":\"ListItem\",\"position\":2,\"name\":\"Piscina\"}]},{\"@type\":\"WebSite\",\"@id\":\"https:\\\/\\\/www.albergue-paradiso.com\\\/es\\\/#website\",\"url\":\"https:\\\/\\\/www.albergue-paradiso.com\\\/es\\\/\",\"name\":\"Albergues en Cantabria | Hostel albergue Paradiso en Cantabria\",\"description\":\"\",\"potentialAction\":[{\"@type\":\"SearchAction\",\"target\":{\"@type\":\"EntryPoint\",\"urlTemplate\":\"https:\\\/\\\/www.albergue-paradiso.com\\\/es\\\/?s={search_term_string}\"},\"query-input\":{\"@type\":\"PropertyValueSpecification\",\"valueRequired\":true,\"valueName\":\"search_term_string\"}}],\"inLanguage\":\"es\"}]}<\/script>\n<!-- \/ Yoast SEO plugin. -->","yoast_head_json":{"title":"Albergue de Cantabria con piscina | Albergue Paradiso","description":"albergue Paradiso en Suances dispone de piscina propia con dos vasos: uno para nadadores y otro para que chapoteen los peque\u00f1os","robots":{"index":"index","follow":"follow","max-snippet":"max-snippet:-1","max-image-preview":"max-image-preview:large","max-video-preview":"max-video-preview:-1"},"canonical":"https:\/\/www.albergue-paradiso.com\/es\/piscina\/","og_locale":"es_ES","og_type":"article","og_title":"Albergue de Cantabria con piscina | Albergue Paradiso","og_description":"albergue Paradiso en Suances dispone de piscina propia con dos vasos: uno para nadadores y otro para que chapoteen los peque\u00f1os","og_url":"https:\/\/www.albergue-paradiso.com\/es\/piscina\/","og_site_name":"Albergues en Cantabria | Hostel albergue Paradiso en Cantabria","article_modified_time":"2025-11-23T12:26:00+00:00","og_image":[{"width":1075,"height":806,"url":"https:\/\/www.albergue-paradiso.com\/es\/wp-content\/uploads\/2025\/11\/piscina-paradiso.jpg","type":"image\/jpeg"}],"twitter_card":"summary_large_image","twitter_misc":{"Tiempo de lectura":"3 minutos"},"schema":{"@context":"https:\/\/schema.org","@graph":[{"@type":"WebPage","@id":"https:\/\/www.albergue-paradiso.com\/es\/piscina\/","url":"https:\/\/www.albergue-paradiso.com\/es\/piscina\/","name":"Albergue de Cantabria con piscina | Albergue Paradiso","isPartOf":{"@id":"https:\/\/www.albergue-paradiso.com\/es\/#website"},"primaryImageOfPage":{"@id":"https:\/\/www.albergue-paradiso.com\/es\/piscina\/#primaryimage"},"image":{"@id":"https:\/\/www.albergue-paradiso.com\/es\/piscina\/#primaryimage"},"thumbnailUrl":"https:\/\/www.albergue-paradiso.com\/es\/wp-content\/uploads\/2025\/11\/piscina-paradiso.jpg","datePublished":"2023-05-25T17:16:53+00:00","dateModified":"2025-11-23T12:26:00+00:00","description":"albergue Paradiso en Suances dispone de piscina propia con dos vasos: uno para nadadores y otro para que chapoteen los peque\u00f1os","breadcrumb":{"@id":"https:\/\/www.albergue-paradiso.com\/es\/piscina\/#breadcrumb"},"inLanguage":"es","potentialAction":[{"@type":"ReadAction","target":["https:\/\/www.albergue-paradiso.com\/es\/piscina\/"]}]},{"@type":"ImageObject","inLanguage":"es","@id":"https:\/\/www.albergue-paradiso.com\/es\/piscina\/#primaryimage","url":"https:\/\/www.albergue-paradiso.com\/es\/wp-content\/uploads\/2025\/11\/piscina-paradiso.jpg","contentUrl":"https:\/\/www.albergue-paradiso.com\/es\/wp-content\/uploads\/2025\/11\/piscina-paradiso.jpg","width":1075,"height":806,"caption":"albergue con piscina"},{"@type":"BreadcrumbList","@id":"https:\/\/www.albergue-paradiso.com\/es\/piscina\/#breadcrumb","itemListElement":[{"@type":"ListItem","position":1,"name":"Portada","item":"https:\/\/www.albergue-paradiso.com\/es\/"},{"@type":"ListItem","position":2,"name":"Piscina"}]},{"@type":"WebSite","@id":"https:\/\/www.albergue-paradiso.com\/es\/#website","url":"https:\/\/www.albergue-paradiso.com\/es\/","name":"Albergues en Cantabria | Hostel albergue Paradiso en Cantabria","description":"","potentialAction":[{"@type":"SearchAction","target":{"@type":"EntryPoint","urlTemplate":"https:\/\/www.albergue-paradiso.com\/es\/?s={search_term_string}"},"query-input":{"@type":"PropertyValueSpecification","valueRequired":true,"valueName":"search_term_string"}}],"inLanguage":"es"}]}},"_links":{"self":[{"href":"https:\/\/www.albergue-paradiso.com\/es\/wp-json\/wp\/v2\/pages\/27713","targetHints":{"allow":["GET"]}}],"collection":[{"href":"https:\/\/www.albergue-paradiso.com\/es\/wp-json\/wp\/v2\/pages"}],"about":[{"href":"https:\/\/www.albergue-paradiso.com\/es\/wp-json\/wp\/v2\/types\/page"}],"author":[{"embeddable":true,"href":"https:\/\/www.albergue-paradiso.com\/es\/wp-json\/wp\/v2\/users\/1"}],"replies":[{"embeddable":true,"href":"https:\/\/www.albergue-paradiso.com\/es\/wp-json\/wp\/v2\/comments?post=27713"}],"version-history":[{"count":27,"href":"https:\/\/www.albergue-paradiso.com\/es\/wp-json\/wp\/v2\/pages\/27713\/revisions"}],"predecessor-version":[{"id":29974,"href":"https:\/\/www.albergue-paradiso.com\/es\/wp-json\/wp\/v2\/pages\/27713\/revisions\/29974"}],"wp:featuredmedia":[{"embeddable":true,"href":"https:\/\/www.albergue-paradiso.com\/es\/wp-json\/wp\/v2\/media\/32025"}],"wp:attachment":[{"href":"https:\/\/www.albergue-paradiso.com\/es\/wp-json\/wp\/v2\/media?parent=27713"}],"curies":[{"name":"wp","href":"https:\/\/api.w.org\/{rel}","templated":true}]}}