{"id":27648,"date":"2023-05-25T12:37:48","date_gmt":"2023-05-25T12:37:48","guid":{"rendered":"https:\/\/www.albergue-paradiso.com\/es\/?page_id=27648"},"modified":"2025-04-15T14:45:22","modified_gmt":"2025-04-15T14:45:22","slug":"aulas-y-salas","status":"publish","type":"page","link":"https:\/\/www.albergue-paradiso.com\/es\/aulas-y-salas\/","title":{"rendered":"Pistas deportivas, salas y aulas"},"content":{"rendered":"<h3 class=\"h6 text-center\">Disponemos de los siguientes espacios (pistas deportivas, salas y aulas) para el uso y disfrute de nuestros clientes alojados.<br \/>\nConsultar previamente disponibilidad, funcionamiento y costes:<br \/>\n\u00a1desde USO GRATUITO a 30 \u20ac\/bloque temporal! (ma\u00f1ana, tarde o noche)<\/h3>\n<hr>\n<ul class=\"nav nav-pills mb-3 py-3\" id=\"pills-tab\" role=\"tablist\">\n<li class=\"nav-item\" role=\"presentation\">\n    <a class=\"nav-link active\" id=\"pills-carpa-tab\" data-toggle=\"pill\" data-target=\"#pills-carpa\" type=\"button\" role=\"tab\" aria-controls=\"pills-carpa\" aria-selected=\"true\">1- <strong>Pistas<\/strong> <\/a>\n  <\/li>\n<li class=\"nav-item\" role=\"presentation\">\n    <a class=\"nav-link\" id=\"pills-tatami-tab\" data-toggle=\"pill\" data-target=\"#pills-tatami\" type=\"button\" role=\"tab\" aria-controls=\"pills-tatami\" aria-selected=\"false\">2- <strong>Sala TATAMI<\/strong><\/a>\n  <\/li>\n<li class=\"nav-item\" role=\"presentation\">\n    <a class=\"nav-link\" id=\"pills-formacion-tab\" data-toggle=\"pill\" data-target=\"#pills-formacion\" type=\"button\" role=\"tab\" aria-controls=\"pills-formacion\" aria-selected=\"false\">3- <strong>Aula Formaci\u00f3n<\/strong><\/a>\n  <\/li>\n<li class=\"nav-item\" role=\"presentation\">\n    <a class=\"nav-link\" id=\"pills-cantabra-tab\" data-toggle=\"pill\" data-target=\"#pills-cantabra\" type=\"button\" role=\"tab\" aria-controls=\"pills-cantabra\" aria-selected=\"true\">4- <strong>Aula C\u00e1ntabra<\/strong><\/a>\n  <\/li>\n<li class=\"nav-item\" role=\"presentation\">\n    <a class=\"nav-link\" id=\"pills-tvroom-tab\" data-toggle=\"pill\" data-target=\"#pills-tvroom\" type=\"button\" role=\"tab\" aria-controls=\"pills-tvroom\" aria-selected=\"false\">5- <strong>TV-ROOM<\/strong><\/a>\n  <\/li>\n<li class=\"nav-item\" role=\"presentation\">\n    <a class=\"nav-link\" id=\"pills-granja-tab\" data-toggle=\"pill\" data-target=\"#pills-granja\" type=\"button\" role=\"tab\" aria-controls=\"pills-granja\" aria-selected=\"false\">6- <strong>Bike Hotel<\/strong><\/a>\n  <\/li>\n<li class=\"nav-item\" role=\"presentation\">\n    <a class=\"nav-link\" id=\"pills-parchis-tab\" data-toggle=\"pill\" data-target=\"#pills-parchis\" type=\"button\" role=\"tab\" aria-controls=\"pills-parchis\" aria-selected=\"true\">7- <strong>Parque de Juegos<\/strong><\/a>\n  <\/li>\n<li class=\"nav-item\" role=\"presentation\">\n    <a class=\"nav-link\" id=\"pills-disco-tab\" data-toggle=\"pill\" data-target=\"#pills-disco\" type=\"button\" role=\"tab\" aria-controls=\"pills-disco\" aria-selected=\"false\">8- <strong>Aula Disco<\/strong><\/a>\n  <\/li>\n<li class=\"nav-item\" role=\"presentation\">\n    <a class=\"nav-link\" id=\"pills-cocina-tab\" data-toggle=\"pill\" data-target=\"#pills-cocina\" type=\"button\" role=\"tab\" aria-controls=\"pills-cocina\" aria-selected=\"false\">9- <strong>Sala Cocina<\/strong><\/a>\n  <\/li>\n<\/ul>\n<div class=\"tab-content\" id=\"pills-tabContent\">\n<div class=\"tab-pane fade show active\" id=\"pills-carpa\" role=\"tabpanel\" aria-labelledby=\"pills-carpa-tab\">\n<h3 class=\"text-center\">Pistas deportivas ideales para la organizaci\u00f3n de eventos est\u00e9s o no alojado en el albergue.<\/h3>\n<h3 class=\"py-3 h5 text-primary text-center\">Una pista polideportiva de 240m<sup>2<\/sup> bajo carpa de 4,5m de altura y suelo de hormig\u00f3n. Y otra pista polideportiva  de 450m<sup>2<\/sup> con canastas y porter\u00edas de futbito. Ambas, disponen de focos y enchufes.<\/h3>\n<div class=\"row py-4\">\n    <div class=\"col-md-4\">\n        <center><img decoding=\"async\" src=\"https:\/\/www.albergue-paradiso.com\/es\/wp-content\/uploads\/2023\/07\/campa-y-pista-semicubierta-.jpg\" alt=\"albergue paradiso carpa\" class=\"img-fluid\"><\/center><\/div>\n    <div class=\"col-md-4\">\n        <center><img decoding=\"async\" src=\"https:\/\/www.albergue-paradiso.com\/es\/wp-content\/uploads\/2023\/07\/pista-semicubierta-1opt.jpg\" alt=\"albergue paradiso interior de la carpa\" class=\"img-fluid\"><\/center><\/div>\n <div class=\"col-md-4\">\n        <center><img decoding=\"async\" src=\"https:\/\/www.albergue-paradiso.com\/es\/wp-content\/uploads\/2023\/07\/pista-polideportiva-opt.jpg\" alt=\"pista polideportiva basket y futbito\" class=\"img-fluid\"><\/center><\/div>\n<\/div>\n<\/div>\n<div class=\"tab-pane fade\" id=\"pills-tatami\" role=\"tabpanel\" aria-labelledby=\"pills-tatami-tab\" >\n<h4 class=\"text-center\">Espacio de 100 m<sup>2<\/sup> con un piso blando de \u00abtatami\u00bb donde es necesario descalzarse.<\/h4>\n<h5 class=\"py-3 h5 text-primary text-center\"> Dotada de climatizadores, luces, enchufes y perfumadores autom\u00e1ticos. La sala tiene espejos, ideal para la pr\u00e1ctica de diferentes deportes y artes de expresi\u00f3n corporal.<\/h5>\n<h5 class=\"py-3 h5 text-secondary text-center\">En esta sala del albergue Paradiso, el budoclub realiza durante el curso escolar la <a href=\"https:\/\/www.albergue-paradiso.com\/es\/karate\/\" target=\"blank\" rel=\"noopener\">actividad de karate<\/a>.<\/h5>\n<div class=\"text-center\">\n<img decoding=\"async\" src=\"https:\/\/www.albergue-paradiso.com\/es\/wp-content\/uploads\/2023\/05\/TATAMI-.jpg\" class=\"img-fluid\"><\/p>\n<h3 class=\"py-3\">Su toque Zen le configuran un ambiente relajado, un poco m\u00edstico y muy agradable. A pocos metros dispone de vestuarios, aseos y duchas. <\/h3>\n<\/div>\n<\/div>\n<div class=\"tab-pane fade\" id=\"pills-formacion\" role=\"tabpanel\" aria-labelledby=\"pills-formacion-tab\">\n<h4 class=\"text-center\">42 m<sup>2<\/sup> con climatizaci\u00f3n, iluminaci\u00f3n, enchufes, mesas de trabajo y sillas as\u00ed como con sillas pala.<\/h4>\n<h4 class=\"py-3 h5 text-primary text-center\"> Capacidad de 25 plazas con vestuarios y aseos pr\u00f3ximos. Dispone de pizarra indeleble proyectable con ca\u00f1on y WIFI gratuito.<\/h4>\n<div class=\"row py-4\">\n    <div class=\"col-md-6 text-center\">\n        <center><img decoding=\"async\" src=\"https:\/\/www.albergue-paradiso.com\/es\/wp-content\/uploads\/2023\/05\/aula-.jpg\" alt=\"aula formacion\" class=\"img-fluid\"><\/center><\/div>\n<p>    <div class=\"col-md-6 text-center\">\n        <center><img decoding=\"async\" src=\"https:\/\/www.albergue-paradiso.com\/es\/wp-content\/uploads\/2023\/07\/aula-formacion-opt.jpg\" alt=\"escuela tiempo libre paradiso\" class=\"img-fluid\" width=\"495\"><\/center><\/div>\n<\/div>\n<h5 class=\"py-3 h5 text-secondary text-center\">En esta sala del albergue, se lleva a cabo la parte te\u00f3rica de los cursos de monitor y auxiliar de la <a href=\"https:\/\/www.albergue-paradiso.com\/es\/curso-monitor-tiempo-libre\/\" target=\"blank\" rel=\"noopener\">Escuela de Tiempo Libre Paradiso<\/a>.<\/h5>\n<\/div>\n<div class=\"tab-pane fade\" id=\"pills-cantabra\" role=\"tabpanel\" aria-labelledby=\"pills-cantabra-tab\">\n<h4 class=\"text-center\">Especialmente dise\u00f1ada para su integraci\u00f3n en el entorno con materiales naturales, y el desarrollo de actividades y veladas.<\/h4>\n<h3 class=\"py-3 h5 text-primary text-center\">Un espacio entra\u00f1able de aproximadamente 40 m2.<\/h3>\n<div class=\"row py-4\">\n    <div class=\"col-md-4\">\n        <img decoding=\"async\" src=\"https:\/\/www.albergue-paradiso.com\/es\/wp-content\/uploads\/2023\/07\/aula-cantabra-1-opt.jpg\" alt=\"albergue paradiso aula c\u00e1ntabra\"class=\"img-fluid\"><\/div>\n    <div class=\"col-md-4\">\n        <img decoding=\"async\" src=\"https:\/\/www.albergue-paradiso.com\/es\/wp-content\/uploads\/2023\/07\/aula-cantabra-2-opt.jpg\" alt=\"albergue paradiso aula c\u00e1ntabra\" class=\"img-fluid\"><\/div>\n <div class=\"col-md-4\">\n        <img decoding=\"async\" src=\"https:\/\/www.albergue-paradiso.com\/es\/wp-content\/uploads\/2023\/07\/aula-cantabra-3-opt.jpg\" alt=\"albergue paradiso aula c\u00e1ntabra\" class=\"img-fluid\"><\/div>\n<\/div>\n<h3 class=\"text-center py-3\">Sobre losa de hormig\u00f3n y terrazo, este aula est\u00e1 equipada con luz ambiental y enchufes para cualquier necesidad.<\/h3>\n<\/div>\n<div class=\"tab-pane fade\" id=\"pills-tvroom\" role=\"tabpanel\" aria-labelledby=\"pills-tvroom-tab\" >\n<h4 class=\"text-center\">Nuestra TV-ROOM dispone de wifi, es de uso gratuito y est\u00e1 abierta las 24h<\/h4>\n<h3 class=\"py-3 h5 text-primary text-center\">Dispone de TV, mesas con bancos, sof\u00e1, armarios, baldas, climatizaci\u00f3n, nevera, microondas y enchufes.<\/h3>\n<div class=\"row py-4\">\n    <div class=\"col-md-6 text-center\">\n        <img decoding=\"async\" src=\"https:\/\/www.albergue-paradiso.com\/es\/wp-content\/uploads\/2023\/05\/tvrooms.jpg\" alt=\"albergue paradiso sala de televisi\u00f3n\" class=\"img-fluid\" width=\"500\"><\/div>\n    <div class=\"col-md-6 text-center\">\n        <img decoding=\"async\" src=\"https:\/\/www.albergue-paradiso.com\/es\/wp-content\/uploads\/2023\/05\/tvrooms3.jpg\" alt=\"albergue paradiso sala com\u00fan de tv\" class=\"img-fluid\"><\/div>\n<\/div><\/div>\n<div class=\"tab-pane fade\" id=\"pills-granja\" role=\"tabpanel\" aria-labelledby=\"pills-granja-tab\">\n<h4 class=\"text-center\">El BikeHotel es un espacio diafono para que los clientes puedan dejar sus bicicletas (con suplemento +3 \u20ac\/bici\/estancia). Dispone de agua a presi\u00f3n para lavado y aire comprimido para el hinchado de ruedas.<\/h4>\n<h3 class=\"py-3 h5 text-primary text-center\">Sus dimensiones son de aproximadamente 30 m2.<\/h3>\n<p>        <center><img decoding=\"async\" src=\"https:\/\/www.albergue-paradiso.com\/es\/wp-content\/uploads\/2023\/07\/bikehotel-paradiso.jpg\" alt=\"bike hotel garaje\" class=\"img-fluid\"><\/center>\n   <\/div>\n<div class=\"tab-pane fade\" id=\"pills-parchis\" role=\"tabpanel\" aria-labelledby=\"pills-parchis-tab\">\n<h4 class=\"text-center\">Con sus 200 m<sup>2<\/sup> es el aula ideal de juegos m\u00e1s colorida, con un parque de bolas con un aforo de 33 ni\u00f1@s hasta 8 a\u00f1os. Para el acceso a este espacio es necesario consultar previa disponibilidad y puede estar sujeto a tarifas especiales.<\/h4>\n<div class=\"row py-4\">\n    <div class=\"col-md-4\">\n        <img decoding=\"async\" src=\"https:\/\/www.albergue-paradiso.com\/es\/wp-content\/uploads\/2023\/07\/parque-bolas-5.jpg\" alt=\"parque de bolas en suances\" class=\"img-fluid\"><\/div>\n    <div class=\"col-md-4\">\n        <img decoding=\"async\" src=\"https:\/\/www.albergue-paradiso.com\/es\/wp-content\/uploads\/2023\/07\/parque-bolas-6.jpg\" alt=\"parque de bolas en cantabria\" class=\"img-fluid\"><\/div>\n <div class=\"col-md-4\">\n        <img decoding=\"async\" src=\"https:\/\/www.albergue-paradiso.com\/es\/wp-content\/uploads\/2023\/07\/parque-bolas-4.jpg\" alt=\"parque de bolas para cumplea\u00f1os\" class=\"img-fluid\"><\/div>\n<\/div>\n<center><\/p>\n<h4>150 m<sup>2<\/sup> son diafanos; ideal para la organizaci\u00f3n de cualquier juego grupal o evento.<\/h4>\n<p><\/center><div class=\"row py-4\">\n    <div class=\"col-md-4\">\n        <img decoding=\"async\" src=\"https:\/\/www.albergue-paradiso.com\/es\/wp-content\/uploads\/2023\/07\/laser-combat.jpg\" alt=\"laser combat cantabria\" class=\"img-fluid\"><\/div>\n    <div class=\"col-md-4\">\n        <img decoding=\"async\" src=\"https:\/\/www.albergue-paradiso.com\/es\/wp-content\/uploads\/2023\/07\/laser-tag.jpg\" alt=\"campo laser tag en cantabria\" class=\"img-fluid\"><\/div>\n <div class=\"col-md-4\">\n        <img decoding=\"async\" src=\"https:\/\/www.albergue-paradiso.com\/es\/wp-content\/uploads\/2023\/07\/parque-bolas-entrada-opt.jpg\" alt=\"parque de bolas para cumplea\u00f1os\" class=\"img-fluid\"><\/div>\n<\/div>\n<\/div>\n<div class=\"tab-pane fade\" id=\"pills-disco\" role=\"tabpanel\" aria-labelledby=\"pills-disco-tab\" >\n<h4 class=\"text-center\">Sala discoteca con dos accesos de 100 m2 dotada de una mampara que permite su divisi\u00f3n en otras dos aulas de aproximadamente 60 m2 y 40 m2 cada una.<\/h4>\n<h3 class=\"py-3 h5 text-primary text-center\">La discoteca cuenta con un equipo completo de DJ, karaoke, pantalla de proyecci\u00f3n, proyector,<br \/>\njuegos de luces en pista de baile y un peque\u00f1o escenario.<\/h3>\n<div class=\"text-center\">\n<p>        <img decoding=\"async\" src=\"https:\/\/www.albergue-paradiso.com\/es\/wp-content\/uploads\/2023\/05\/aula-discoteca-2.jpg\" alt=\"albergue paradiso discoteca\" class=\"img-fluid\">\n <\/div>\n<div class=\"text-center pt-2\">\n<p>        <img decoding=\"async\" src=\"https:\/\/www.albergue-paradiso.com\/es\/wp-content\/uploads\/2023\/05\/aula-discoteca-11-2.jpg\" alt=\"albergue paradiso aula discoteca\" class=\"img-fluid\">\n  <\/div>\n<h3 class=\"text-center py-4\">Un lugar estupendo para veladas de juegos, discoteca y karaoke pero a su vez muy vers\u00e1til pudiendo utilizarse tanto para presentaciones, proyecci\u00f3n, charlas, exposiciones y espacios de trabajo.<\/h4>\n<\/div>\n<div class=\"tab-pane fade\" id=\"pills-cocina\" role=\"tabpanel\" aria-labelledby=\"pills-cocina-tab\">\n<h4 class=\"text-center\">Disponemos una sala con cocina de <strong>uso gratuito y abierta las 24h<\/strong><\/h4>\n<h3 class=\"py-3 h5 text-primary text-center\">Dispone de 2 placas de inducci\u00f3n para cocinar, campana extractora, fregadero, neveras,<br \/>\nmicroondas, climatizaci\u00f3n, mesas con sillas y enchufes.<\/h3>\n<div class=\"row py-4\">\n    <div class=\"col-md-6\">\n        <img decoding=\"async\" src=\"https:\/\/www.albergue-paradiso.com\/es\/wp-content\/uploads\/2023\/05\/cocinas2.jpg\" alt=\"albergue paradiso cocinas\" class=\"img-fluid\"><\/div>\n    <div class=\"col-md-6\">\n        <img decoding=\"async\" src=\"https:\/\/www.albergue-paradiso.com\/es\/wp-content\/uploads\/2023\/05\/cocinas.jpg\" alt=\"albergue paradiso cocinas comunes\" class=\"img-fluid\"><\/div>\n<\/div>\n<p class=\"text-center py-4\"><a href=\"https:\/\/www.albergue-paradiso.com\/es\/self-catering-y-uso-de-cocina\/\" class=\"btn btn-outline-primary\">POSIBILIDADES Y OPCIONES DE USO<\/a><\/p>\n<\/div>\n<\/div>\n","protected":false},"excerpt":{"rendered":"<p>Disponemos de los siguientes espacios (pistas deportivas, salas y aulas) para el uso y disfrute [&hellip;]<\/p>\n","protected":false},"author":1,"featured_media":0,"parent":0,"menu_order":0,"comment_status":"closed","ping_status":"closed","template":"","meta":{"_joinchat":[],"footnotes":""},"class_list":["post-27648","page","type-page","status-publish","hentry"],"acf":[],"yoast_head":"<!-- This site is optimized with the Yoast SEO plugin v27.4 - https:\/\/yoast.com\/product\/yoast-seo-wordpress\/ -->\n<title>Pistas deportivas, aulas y salas del Albergue Paradiso en Cantabria<\/title>\n<meta name=\"description\" content=\"Pistas deportivas, aulas y salas del hostel albergue Paradiso en Suances. Para su uso, consultar disponibilidad, funcionamiento y costes.\" \/>\n<meta name=\"robots\" content=\"index, follow, max-snippet:-1, max-image-preview:large, max-video-preview:-1\" \/>\n<link rel=\"canonical\" href=\"https:\/\/www.albergue-paradiso.com\/es\/aulas-y-salas\/\" \/>\n<meta property=\"og:locale\" content=\"es_ES\" \/>\n<meta property=\"og:type\" content=\"article\" \/>\n<meta property=\"og:title\" content=\"Pistas deportivas, aulas y salas del Albergue Paradiso en Cantabria\" \/>\n<meta property=\"og:description\" content=\"Pistas deportivas, aulas y salas del hostel albergue Paradiso en Suances. Para su uso, consultar disponibilidad, funcionamiento y costes.\" \/>\n<meta property=\"og:url\" content=\"https:\/\/www.albergue-paradiso.com\/es\/aulas-y-salas\/\" \/>\n<meta property=\"og:site_name\" content=\"Albergues en Cantabria | Hostel albergue Paradiso en Cantabria\" \/>\n<meta property=\"article:modified_time\" content=\"2025-04-15T14:45:22+00:00\" \/>\n<meta property=\"og:image\" content=\"https:\/\/www.albergue-paradiso.com\/es\/wp-content\/uploads\/2023\/07\/campa-y-pista-semicubierta-.jpg\" \/>\n<meta name=\"twitter:card\" content=\"summary_large_image\" \/>\n<meta name=\"twitter:label1\" content=\"Tiempo de lectura\" \/>\n\t<meta name=\"twitter:data1\" content=\"8 minutos\" \/>\n<script type=\"application\/ld+json\" class=\"yoast-schema-graph\">{\"@context\":\"https:\\\/\\\/schema.org\",\"@graph\":[{\"@type\":\"WebPage\",\"@id\":\"https:\\\/\\\/www.albergue-paradiso.com\\\/es\\\/aulas-y-salas\\\/\",\"url\":\"https:\\\/\\\/www.albergue-paradiso.com\\\/es\\\/aulas-y-salas\\\/\",\"name\":\"Pistas deportivas, aulas y salas del Albergue Paradiso en Cantabria\",\"isPartOf\":{\"@id\":\"https:\\\/\\\/www.albergue-paradiso.com\\\/es\\\/#website\"},\"primaryImageOfPage\":{\"@id\":\"https:\\\/\\\/www.albergue-paradiso.com\\\/es\\\/aulas-y-salas\\\/#primaryimage\"},\"image\":{\"@id\":\"https:\\\/\\\/www.albergue-paradiso.com\\\/es\\\/aulas-y-salas\\\/#primaryimage\"},\"thumbnailUrl\":\"https:\\\/\\\/www.albergue-paradiso.com\\\/es\\\/wp-content\\\/uploads\\\/2023\\\/07\\\/campa-y-pista-semicubierta-.jpg\",\"datePublished\":\"2023-05-25T12:37:48+00:00\",\"dateModified\":\"2025-04-15T14:45:22+00:00\",\"description\":\"Pistas deportivas, aulas y salas del hostel albergue Paradiso en Suances. Para su uso, consultar disponibilidad, funcionamiento y costes.\",\"breadcrumb\":{\"@id\":\"https:\\\/\\\/www.albergue-paradiso.com\\\/es\\\/aulas-y-salas\\\/#breadcrumb\"},\"inLanguage\":\"es\",\"potentialAction\":[{\"@type\":\"ReadAction\",\"target\":[\"https:\\\/\\\/www.albergue-paradiso.com\\\/es\\\/aulas-y-salas\\\/\"]}]},{\"@type\":\"ImageObject\",\"inLanguage\":\"es\",\"@id\":\"https:\\\/\\\/www.albergue-paradiso.com\\\/es\\\/aulas-y-salas\\\/#primaryimage\",\"url\":\"https:\\\/\\\/www.albergue-paradiso.com\\\/es\\\/wp-content\\\/uploads\\\/2023\\\/07\\\/campa-y-pista-semicubierta-.jpg\",\"contentUrl\":\"https:\\\/\\\/www.albergue-paradiso.com\\\/es\\\/wp-content\\\/uploads\\\/2023\\\/07\\\/campa-y-pista-semicubierta-.jpg\"},{\"@type\":\"BreadcrumbList\",\"@id\":\"https:\\\/\\\/www.albergue-paradiso.com\\\/es\\\/aulas-y-salas\\\/#breadcrumb\",\"itemListElement\":[{\"@type\":\"ListItem\",\"position\":1,\"name\":\"Portada\",\"item\":\"https:\\\/\\\/www.albergue-paradiso.com\\\/es\\\/\"},{\"@type\":\"ListItem\",\"position\":2,\"name\":\"Pistas deportivas, salas y aulas\"}]},{\"@type\":\"WebSite\",\"@id\":\"https:\\\/\\\/www.albergue-paradiso.com\\\/es\\\/#website\",\"url\":\"https:\\\/\\\/www.albergue-paradiso.com\\\/es\\\/\",\"name\":\"Albergues en Cantabria | Hostel albergue Paradiso en Cantabria\",\"description\":\"\",\"potentialAction\":[{\"@type\":\"SearchAction\",\"target\":{\"@type\":\"EntryPoint\",\"urlTemplate\":\"https:\\\/\\\/www.albergue-paradiso.com\\\/es\\\/?s={search_term_string}\"},\"query-input\":{\"@type\":\"PropertyValueSpecification\",\"valueRequired\":true,\"valueName\":\"search_term_string\"}}],\"inLanguage\":\"es\"}]}<\/script>\n<!-- \/ Yoast SEO plugin. -->","yoast_head_json":{"title":"Pistas deportivas, aulas y salas del Albergue Paradiso en Cantabria","description":"Pistas deportivas, aulas y salas del hostel albergue Paradiso en Suances. Para su uso, consultar disponibilidad, funcionamiento y costes.","robots":{"index":"index","follow":"follow","max-snippet":"max-snippet:-1","max-image-preview":"max-image-preview:large","max-video-preview":"max-video-preview:-1"},"canonical":"https:\/\/www.albergue-paradiso.com\/es\/aulas-y-salas\/","og_locale":"es_ES","og_type":"article","og_title":"Pistas deportivas, aulas y salas del Albergue Paradiso en Cantabria","og_description":"Pistas deportivas, aulas y salas del hostel albergue Paradiso en Suances. Para su uso, consultar disponibilidad, funcionamiento y costes.","og_url":"https:\/\/www.albergue-paradiso.com\/es\/aulas-y-salas\/","og_site_name":"Albergues en Cantabria | Hostel albergue Paradiso en Cantabria","article_modified_time":"2025-04-15T14:45:22+00:00","og_image":[{"url":"https:\/\/www.albergue-paradiso.com\/es\/wp-content\/uploads\/2023\/07\/campa-y-pista-semicubierta-.jpg","type":"","width":"","height":""}],"twitter_card":"summary_large_image","twitter_misc":{"Tiempo de lectura":"8 minutos"},"schema":{"@context":"https:\/\/schema.org","@graph":[{"@type":"WebPage","@id":"https:\/\/www.albergue-paradiso.com\/es\/aulas-y-salas\/","url":"https:\/\/www.albergue-paradiso.com\/es\/aulas-y-salas\/","name":"Pistas deportivas, aulas y salas del Albergue Paradiso en Cantabria","isPartOf":{"@id":"https:\/\/www.albergue-paradiso.com\/es\/#website"},"primaryImageOfPage":{"@id":"https:\/\/www.albergue-paradiso.com\/es\/aulas-y-salas\/#primaryimage"},"image":{"@id":"https:\/\/www.albergue-paradiso.com\/es\/aulas-y-salas\/#primaryimage"},"thumbnailUrl":"https:\/\/www.albergue-paradiso.com\/es\/wp-content\/uploads\/2023\/07\/campa-y-pista-semicubierta-.jpg","datePublished":"2023-05-25T12:37:48+00:00","dateModified":"2025-04-15T14:45:22+00:00","description":"Pistas deportivas, aulas y salas del hostel albergue Paradiso en Suances. Para su uso, consultar disponibilidad, funcionamiento y costes.","breadcrumb":{"@id":"https:\/\/www.albergue-paradiso.com\/es\/aulas-y-salas\/#breadcrumb"},"inLanguage":"es","potentialAction":[{"@type":"ReadAction","target":["https:\/\/www.albergue-paradiso.com\/es\/aulas-y-salas\/"]}]},{"@type":"ImageObject","inLanguage":"es","@id":"https:\/\/www.albergue-paradiso.com\/es\/aulas-y-salas\/#primaryimage","url":"https:\/\/www.albergue-paradiso.com\/es\/wp-content\/uploads\/2023\/07\/campa-y-pista-semicubierta-.jpg","contentUrl":"https:\/\/www.albergue-paradiso.com\/es\/wp-content\/uploads\/2023\/07\/campa-y-pista-semicubierta-.jpg"},{"@type":"BreadcrumbList","@id":"https:\/\/www.albergue-paradiso.com\/es\/aulas-y-salas\/#breadcrumb","itemListElement":[{"@type":"ListItem","position":1,"name":"Portada","item":"https:\/\/www.albergue-paradiso.com\/es\/"},{"@type":"ListItem","position":2,"name":"Pistas deportivas, salas y aulas"}]},{"@type":"WebSite","@id":"https:\/\/www.albergue-paradiso.com\/es\/#website","url":"https:\/\/www.albergue-paradiso.com\/es\/","name":"Albergues en Cantabria | Hostel albergue Paradiso en Cantabria","description":"","potentialAction":[{"@type":"SearchAction","target":{"@type":"EntryPoint","urlTemplate":"https:\/\/www.albergue-paradiso.com\/es\/?s={search_term_string}"},"query-input":{"@type":"PropertyValueSpecification","valueRequired":true,"valueName":"search_term_string"}}],"inLanguage":"es"}]}},"_links":{"self":[{"href":"https:\/\/www.albergue-paradiso.com\/es\/wp-json\/wp\/v2\/pages\/27648","targetHints":{"allow":["GET"]}}],"collection":[{"href":"https:\/\/www.albergue-paradiso.com\/es\/wp-json\/wp\/v2\/pages"}],"about":[{"href":"https:\/\/www.albergue-paradiso.com\/es\/wp-json\/wp\/v2\/types\/page"}],"author":[{"embeddable":true,"href":"https:\/\/www.albergue-paradiso.com\/es\/wp-json\/wp\/v2\/users\/1"}],"replies":[{"embeddable":true,"href":"https:\/\/www.albergue-paradiso.com\/es\/wp-json\/wp\/v2\/comments?post=27648"}],"version-history":[{"count":100,"href":"https:\/\/www.albergue-paradiso.com\/es\/wp-json\/wp\/v2\/pages\/27648\/revisions"}],"predecessor-version":[{"id":31540,"href":"https:\/\/www.albergue-paradiso.com\/es\/wp-json\/wp\/v2\/pages\/27648\/revisions\/31540"}],"wp:attachment":[{"href":"https:\/\/www.albergue-paradiso.com\/es\/wp-json\/wp\/v2\/media?parent=27648"}],"curies":[{"name":"wp","href":"https:\/\/api.w.org\/{rel}","templated":true}]}}