{"id":27398,"date":"2023-05-22T14:54:17","date_gmt":"2023-05-22T14:54:17","guid":{"rendered":"https:\/\/www.albergue-paradiso.com\/es\/?page_id=27398"},"modified":"2024-07-04T16:21:24","modified_gmt":"2024-07-04T16:21:24","slug":"self-catering-y-uso-de-cocina","status":"publish","type":"page","link":"https:\/\/www.albergue-paradiso.com\/es\/self-catering-y-uso-de-cocina\/","title":{"rendered":"Self-Catering y uso de cocina"},"content":{"rendered":"<h1 class=\"pt-5 pb-2 text-uppercase text-center\">Self-Catering y uso de cocina<\/h1>\n<hr class=\"border border-primary w-25\">\n<div class=\"row align-items-center no-gutters pt-4\">\n <div class=\"col-md-6\">\n  <div class=\"carousel slide carousel-fade\" id=\"bs4-carousel-0\" data-ride=\"carousel\" data-interval=\"5000\" data-pause=\"hover\" data-wrap=\"true\"><ol class=\"carousel-indicators\"><li data-target=\"#bs4-carousel-0\" data-slide-to=\"0\" class=\"active\"><li data-target=\"#bs4-carousel-0\" data-slide-to=\"1\"><li data-target=\"#bs4-carousel-0\" data-slide-to=\"2\"><li data-target=\"#bs4-carousel-0\" data-slide-to=\"3\"><li data-target=\"#bs4-carousel-0\" data-slide-to=\"4\"><\/ol><div class=\"carousel-inner\">\n    <div id=\"bs4-carousel-inner-0\" class=\"carousel-item active\">\n       <img decoding=\"async\" src=\"https:\/\/www.albergue-paradiso.com\/es\/wp-content\/uploads\/2023\/06\/zonas-comunes-cocina-y-tv-room.jpg\" class=\"active img-fluid\"><\/div>\n    <div id=\"bs4-carousel-inner-1\" class=\"carousel-item\">\n        <img decoding=\"async\" src=\"https:\/\/www.albergue-paradiso.com\/es\/wp-content\/uploads\/2023\/06\/carousel3.jpg\" class=\"img-fluid\"><\/div>\n<div id=\"bs4-carousel-inner-2\" class=\"carousel-item\">\n        <img decoding=\"async\" src=\"https:\/\/www.albergue-paradiso.com\/es\/wp-content\/uploads\/2023\/08\/tv-room.jpg\" class=\"img-fluid\" width=\"750\"><\/div>\n<div id=\"bs4-carousel-inner-3\" class=\"carousel-item\">\n        <img decoding=\"async\" src=\"https:\/\/www.albergue-paradiso.com\/es\/wp-content\/uploads\/2023\/06\/KIOSKO.jpg\" class=\"img-fluid\"><\/div>\n<div id=\"bs4-carousel-inner-4\" class=\"carousel-item\">\n         <img decoding=\"async\" src=\"https:\/\/www.albergue-paradiso.com\/es\/wp-content\/uploads\/2023\/06\/maquina-snacks.jpg\" class=\"img-fluid\"><\/div>\n<\/div><\/div>\n    <\/div>\n    <div class=\"col-md-6\">\n&nbsp;<\/p>\n<div class=\"w-75 text-center mx-auto\">\n<p class=\"h5\"><i class=\"fas fa-quote-left\"><\/i>En nuestro hostel permitimos el consumo de comidas y bebidas provenientes del exterior pero nunca en los dormitorios. Para el consumo de <strong>estos productos o su elaboraci\u00f3n (self-catering)<\/strong> existen zonas espec\u00edficas dentro del recinto: adem\u00e1s de en nuestras terrazas con mesas de picnic y porches donde puede consumir sus propios productos, disponemos de una <strong>cocina de uso com\u00fan y otras dos salas para calentar o guardar en fr\u00edo comidas y\/o bebidas<\/strong>.<\/p>\n<\/div>\n<p> <\/div>\n<\/div>\n<div role=\"alert\" class=\"alert alert-primary text-white text-center mt-4 h5\">Estas salas de uso compartido, disponen de microondas, neveras, congelador y posibilidad de cocinar (Self-Catering). Pr\u00f3ximo a esta zona dispones tambi\u00e9n de m\u00e1quinas expendedoras de snacks, bebidas y caf\u00e9s as\u00ed como zona de lavaderos manuales tendales.<\/div>\n<div class=\"card-columns text-center\">\n<div class=\"card\">\n<div class=\"card-body\">\n<p class=\"card-text\">\n<img decoding=\"async\" src=\"https:\/\/www.albergue-paradiso.com\/es\/wp-content\/uploads\/2023\/06\/fork.png\" class=\"img-fluid\" width=\"80\">\n<\/p>\n<h4 class=\"card-title\">\n<span class=\"text-primary\">Uso Cocina (Self-catering)<\/span><\/h4>\nUso gratuito. No se dispone de platos, menaje ni cacharros de cocina; cada usuario debe traer lo suyo.<\/div>\n<\/div>\n<div class=\"card\">\n<div class=\"card-body\">\n<p class=\"card-text\">\n<img decoding=\"async\" src=\"https:\/\/www.albergue-paradiso.com\/es\/wp-content\/uploads\/2023\/06\/catering.png\" class=\"img-fluid\" width=\"80\">\n<\/p>\n<h4 class=\"card-title\">\n<span class=\"text-primary\">Autoservicio<\/span><\/h4>\nMaquinas de vending 24h:  \n<p class=\"card-text\">caf\u00e9, snacks, agua y latas.<\/p>\n<\/div>\n<\/div>\n<div class=\"card\">\n<div class=\"card-body\">\n<p class=\"card-text\">\n<img decoding=\"async\" class=\"img-fluid\" src=\"https:\/\/www.albergue-paradiso.com\/es\/wp-content\/uploads\/2023\/06\/info.png\" width=\"80\">\n<\/p>\n<h4 class=\"card-title\">\n<span class=\"text-primary\">Punto Limpio<\/span><\/h4>\nUso gratuito. Dispone de escobas, fregonas, cubos, bolsas de basura y papel higi\u00e9nico de emergencia.<\/div>\n<\/div>\n<\/div>\n<p class=\"text-center h6 py-4\">Las salas est\u00e1n abiertas 24h y son de autogesti\u00f3n: no incluyen menaje ni cacharros para cocinar ni elementos de limpieza; no obstante, disponemos de un punto limpio 24h abierto con herramientas de limpieza, as\u00ed como bolsas de basura para que los usuarios mantengan una limpieza razonable y evac\u00faen sus residuos a los contenedores municipales situados a la entrada del parking (descarga las <a href=\"https:\/\/www.albergue-paradiso.com\/es\/wp-content\/uploads\/2023\/08\/POL\u00cdTICA DE KITS SUPERVIVENCIA.pdf\">normas de uso de las salas para self-catering<\/a>).<\/p>\n<div role=\"alert\" class=\"alert alert-secondary text-white py-4\"> Los clientes pueden alquilar el KITS b\u00e1sico de \u201csupervivencia\u201d con menaje y accesorios. La devoluci\u00f3n de la fianza a\u00f1adida a este KIT, solamente se producir\u00e1 si regresa en condiciones \u00f3ptimas de limpieza y estado.Los precios de alquiler, fianzas y elementos del KIT son los siguientes:<\/p>\n<ul>\n<li>COSTE: 10 \u20ac\/24h<\/li>\n<li>FIANZA: + 50 \u20ac<\/li>\n<li>Contiene: 6 platos hondos, 6 platos llanos, 6 vasos, 6 menajes completos, 1 sart\u00e9n + 1 cazo para placa de inducci\u00f3n.<\/li>\n<\/ul>\n<p>Desc\u00e1rgate el formulario para su alquiler con la pol\u00edtica y normas de uso del KIT b\u00e1sico de \u00abSUPERVIVENCIA\u00bb y las salas de uso com\u00fan de self-catering y uso de cocina.<\/p>\n<p>El cliente puede traer su propio material de cocina (no el\u00e9ctrico) para usarlos solamente en los espacios exteriores habilitados para el self-catering y uso de cocina (prohibido su uso en los espacios interiores)<\/p>\n<div class=\"row text-center\">\n    <div class=\"col-md-6\">\n        <a href=\"https:\/\/www.albergue-paradiso.com\/es\/wp-content\/uploads\/2023\/08\/POL\u00cdTICA DE KITS SUPERVIVENCIA.pdf\" class=\"btn btn-primary\">KIT b\u00e1sico de \u00abSUPERVIVENCIA\u00bb<\/a><\/div>\n    <div class=\"col-md-6\">\n        <a href=\"https:\/\/www.albergue-paradiso.com\/es\/aulas-y-salas\/\" class=\"btn btn-primary\">AULAS, SALAS Y ESPACIOS COMUNES<\/a><\/div>\n<\/div>\n <\/div>\n<p class=\"text-center h6 py-4\">Si vienes cansado y sin ganas de cocinar pero te apetece algo caliente, <a href=\"https:\/\/www.telepizza.es\/\" target=\"_blank\" rel=\"noopener\"><strong>Telepizza<\/strong> <\/a>reparte en nuestra instalaci\u00f3n deliciosas pizzas, hamburguesas, ensaladas, etc. (consultar su web y llama al <a href=\"tel:+34942991500\">942991500<\/a> paseo Julio Hauzeur s\/n Torrelavega)<\/p>\n<p class=\"text-center py-4\">Desde <a href=\"https:\/\/www.albergue-paradiso.com\/es\/wp-content\/uploads\/2023\/05\/CATALOGO-Hostel-Particulares.pdf\" target=\"_blank\" rel=\"noopener\">10 \u20ac\/pax\/noche<\/a>. OFERTAS EXCLUSIVAS hasta el 40% DESCUENTO las encontrar\u00e1s \u00fanicamente en nuestra web<\/p>\n<div class=\"row\">\n<div class=\"w-100 text-center\">\n<div class=\"form-widget bg-light2 py-2 text-center\">\n<h4 class=\"pt-2\">RESERVA ALOJAMIENTO<\/h4>\n<p> <!-- Buscador para Widget - MisterPlan  - Powered by RuralGest  --> <\/p>\n<div id=\"TEwsBuscadorB-4156-1-581265-\" class=\"TEwsWidgetInc capa_izq ancho_total p-4 bg-light2\" BudgetV=\"2\" mini_preview_V=\"2\" url_confirmacion=\"https:\/\/www.albergue-paradiso.com\/es\/confirmacion\" TEws_Hash=\"09d05a898e87ed96d90c0e92698a9f617a5d42e4\" TEws_onSearch=\"\" TEws_version=\"10\" TEws_tipo_widget=\"2\" BV7_tipo_inicio=\"0\" BV7_cambio_inicio=\"0\" TEws_quitar_cabecera=\"0\" TEws_iniciar_cerrado=\"0\" TEws_bus_texto=\"0\" TEws_sel_dispo=\"0\" TEws_form_contacto=\"0\"  TEws_result_in_esl=\"0\" TEws_result_in_ext=\"0\" TEws_cerrar_buscar=\"0\" TEws_ver_resto_casas=\"0\" TEws_id_elemento=\"581265\" TEws_tipo_elemento=\"1\" TEws_activar_mas_menos=\"1\" TEws_posicion=\"original\" TEws_formato=\"2\" TEws_formato_ficha=\"10\" TEws_CoreSearch_V=\"7\"  TEws_id_categoria=\"0\" TEws_modo=\"RES\"  TEws_fecha_ini=\"\" TEws_n_noches=\"2\" TEws_n_adultos=\"2\" TEws_n_ninos=\"0\" TEws_radio=\"0\" TEsw_filtro_exp=\"\" TEws_filtro_casa=\"\" TEws_autoload=\"0\" TEws_id_destino=\"4156\" TEws_id_puntoventa=\"3209\" TEws_id_idioma=\"0\" TEwsResultadoCoreSearch=\"TEwsResultCoreSearch-4156-1-581265-\" alt=\"MisterPlan  - Powered by RuralGest  - http:\/\/www.misterplan.es\" title_NO=\"MisterPlan  - Powered by RuralGest \"><\/div>\n<p><!-- Resultado para el CoreSearch de Experiencias \/ Casas - MisterPlan  - Powered by RuralGest --> <\/p>\n<div id=\"TEwsResultCoreSearch-4156-1-581265-\" class=\"capa_izq TEwsBuscador_Experiencias_evnt\" style=\"width: 100%; margin-top: 20px;\" alt_NO=\"MisterPlan  - Powered by RuralGest  - http:\/\/www.misterplan.es\" title_NO=\"MisterPlan  - Powered by RuralGest \"><\/div>\n<\/div>\n<\/div>\n<\/div>\n<div class=\"w-100 pt-4\">\n<div class=\"row py-4 text-center\">\n    <div class=\"col-md-2\">\n       <a class=\"img-fluid\" href=\"https:\/\/www.albergue-paradiso.com\/es\/apartamentos-cantabria\/\" target=\"_blank\" rel=\"noopener noreferrer\"><img decoding=\"async\" src=\"https:\/\/www.albergue-paradiso.com\/es\/wp-content\/uploads\/2023\/05\/iconos-apartamento.png\" alt=\"reserva apartamento en suances\" width=\"100\" ><\/a><\/div>\n    <div class=\"col-md-2\">\n        <a class=\"img-fluid\" href=\"https:\/\/www.albergue-paradiso.com\/es\/dormitorios\/\" target=\"_blank\" rel=\"noopener noreferrer\"><img decoding=\"async\" src=\"https:\/\/www.albergue-paradiso.com\/es\/wp-content\/uploads\/2023\/05\/iconos-habitacionprivada-co.png\" alt=\"reserva habitaci\u00f3n privada en cantabria en suances\" width=\"100\" ><\/a><\/div>\n <div class=\"col-md-2\">\n       <a class=\"img-fluid\" href=\"https:\/\/www.albergue-paradiso.com\/es\/dormitorios\/\" target=\"_blank\" rel=\"noopener noreferrer\"><img decoding=\"async\" src=\"https:\/\/www.albergue-paradiso.com\/es\/wp-content\/uploads\/2023\/05\/icono-habitacion-privada-3.png\" alt=\"reserva alojamiento barato en suances\" width=\"100\" ><\/a><\/div>\n    <div class=\"col-md-2\">\n        <a class=\"img-fluid\" href=\"https:\/\/www.albergue-paradiso.com\/es\/dormitorios\/\" target=\"_blank\" rel=\"noopener noreferrer\"><img decoding=\"async\" src=\"https:\/\/www.albergue-paradiso.com\/es\/wp-content\/uploads\/2023\/05\/icono-habitacion-privada-6.png\" alt=\"rreserva alojamiento econ\u00f3mico cantabria\" width=\"100\" ><\/a><\/div>\n  <div class=\"col-md-2\">\n        <a class=\"img-fluid\" href=\"https:\/\/www.albergue-paradiso.com\/es\/dormitorios\/\" target=\"_blank\" rel=\"noopener noreferrer\"><img decoding=\"async\" src=\"https:\/\/www.albergue-paradiso.com\/es\/wp-content\/uploads\/2023\/05\/icono-habitacion-privada-1.png\" alt=\"reserva habitaci\u00f3n con ba\u00f1o en suances\" width=\"100\" ><\/a><\/div>\n  <div class=\"col-md-2\">\n        <a class=\"img-fluid\" href=\"https:\/\/www.albergue-paradiso.com\/es\/dormitorios\/\" target=\"_blank\" rel=\"noopener noreferrer\"><img decoding=\"async\" src=\"https:\/\/www.albergue-paradiso.com\/es\/wp-content\/uploads\/2023\/05\/icono-habitacion-compartid.png\" alt=\"reserva cama en habitaci\u00f3n compartida, alojamiento barato\" width=\"100\" ><\/a><\/div>\n<\/div>\n<\/div>\n[\/container]\n","protected":false},"excerpt":{"rendered":"<p>Self-Catering y uso de cocina Las salas est\u00e1n abiertas 24h y son de autogesti\u00f3n: no [&hellip;]<\/p>\n","protected":false},"author":1,"featured_media":0,"parent":0,"menu_order":0,"comment_status":"closed","ping_status":"closed","template":"template-fullwidth.php","meta":{"_joinchat":[],"footnotes":""},"class_list":["post-27398","page","type-page","status-publish","hentry"],"acf":[],"yoast_head":"<!-- This site is optimized with the Yoast SEO plugin v27.4 - https:\/\/yoast.com\/product\/yoast-seo-wordpress\/ -->\n<title>Self-Catering y uso de cocina - uso de cocina en Hostel Paradiso<\/title>\n<meta name=\"description\" content=\"En Hostel albergue Paradiso disponemos de espacios comunes para self-catering donde puede hacer uso de cocina, microondas y neveras.\" \/>\n<meta name=\"robots\" content=\"index, follow, max-snippet:-1, max-image-preview:large, max-video-preview:-1\" \/>\n<link rel=\"canonical\" href=\"https:\/\/www.albergue-paradiso.com\/es\/self-catering-y-uso-de-cocina\/\" \/>\n<meta property=\"og:locale\" content=\"es_ES\" \/>\n<meta property=\"og:type\" content=\"article\" \/>\n<meta property=\"og:title\" content=\"Self-Catering y uso de cocina - uso de cocina en Hostel Paradiso\" \/>\n<meta property=\"og:description\" content=\"En Hostel albergue Paradiso disponemos de espacios comunes para self-catering donde puede hacer uso de cocina, microondas y neveras.\" \/>\n<meta property=\"og:url\" content=\"https:\/\/www.albergue-paradiso.com\/es\/self-catering-y-uso-de-cocina\/\" \/>\n<meta property=\"og:site_name\" content=\"Albergues en Cantabria | Hostel albergue Paradiso en Cantabria\" \/>\n<meta property=\"article:modified_time\" content=\"2024-07-04T16:21:24+00:00\" \/>\n<meta property=\"og:image\" content=\"https:\/\/www.albergue-paradiso.com\/es\/wp-content\/uploads\/2023\/06\/zonas-comunes-cocina-y-tv-room.jpg\" \/>\n<meta name=\"twitter:card\" content=\"summary_large_image\" \/>\n<meta name=\"twitter:label1\" content=\"Tiempo de lectura\" \/>\n\t<meta name=\"twitter:data1\" content=\"6 minutos\" \/>\n<script type=\"application\/ld+json\" class=\"yoast-schema-graph\">{\"@context\":\"https:\\\/\\\/schema.org\",\"@graph\":[{\"@type\":\"WebPage\",\"@id\":\"https:\\\/\\\/www.albergue-paradiso.com\\\/es\\\/self-catering-y-uso-de-cocina\\\/\",\"url\":\"https:\\\/\\\/www.albergue-paradiso.com\\\/es\\\/self-catering-y-uso-de-cocina\\\/\",\"name\":\"Self-Catering y uso de cocina - uso de cocina en Hostel Paradiso\",\"isPartOf\":{\"@id\":\"https:\\\/\\\/www.albergue-paradiso.com\\\/es\\\/#website\"},\"primaryImageOfPage\":{\"@id\":\"https:\\\/\\\/www.albergue-paradiso.com\\\/es\\\/self-catering-y-uso-de-cocina\\\/#primaryimage\"},\"image\":{\"@id\":\"https:\\\/\\\/www.albergue-paradiso.com\\\/es\\\/self-catering-y-uso-de-cocina\\\/#primaryimage\"},\"thumbnailUrl\":\"https:\\\/\\\/www.albergue-paradiso.com\\\/es\\\/wp-content\\\/uploads\\\/2023\\\/06\\\/zonas-comunes-cocina-y-tv-room.jpg\",\"datePublished\":\"2023-05-22T14:54:17+00:00\",\"dateModified\":\"2024-07-04T16:21:24+00:00\",\"description\":\"En Hostel albergue Paradiso disponemos de espacios comunes para self-catering donde puede hacer uso de cocina, microondas y neveras.\",\"breadcrumb\":{\"@id\":\"https:\\\/\\\/www.albergue-paradiso.com\\\/es\\\/self-catering-y-uso-de-cocina\\\/#breadcrumb\"},\"inLanguage\":\"es\",\"potentialAction\":[{\"@type\":\"ReadAction\",\"target\":[\"https:\\\/\\\/www.albergue-paradiso.com\\\/es\\\/self-catering-y-uso-de-cocina\\\/\"]}]},{\"@type\":\"ImageObject\",\"inLanguage\":\"es\",\"@id\":\"https:\\\/\\\/www.albergue-paradiso.com\\\/es\\\/self-catering-y-uso-de-cocina\\\/#primaryimage\",\"url\":\"https:\\\/\\\/www.albergue-paradiso.com\\\/es\\\/wp-content\\\/uploads\\\/2023\\\/06\\\/zonas-comunes-cocina-y-tv-room.jpg\",\"contentUrl\":\"https:\\\/\\\/www.albergue-paradiso.com\\\/es\\\/wp-content\\\/uploads\\\/2023\\\/06\\\/zonas-comunes-cocina-y-tv-room.jpg\",\"width\":1000,\"height\":750},{\"@type\":\"BreadcrumbList\",\"@id\":\"https:\\\/\\\/www.albergue-paradiso.com\\\/es\\\/self-catering-y-uso-de-cocina\\\/#breadcrumb\",\"itemListElement\":[{\"@type\":\"ListItem\",\"position\":1,\"name\":\"Portada\",\"item\":\"https:\\\/\\\/www.albergue-paradiso.com\\\/es\\\/\"},{\"@type\":\"ListItem\",\"position\":2,\"name\":\"Self-Catering y uso de cocina\"}]},{\"@type\":\"WebSite\",\"@id\":\"https:\\\/\\\/www.albergue-paradiso.com\\\/es\\\/#website\",\"url\":\"https:\\\/\\\/www.albergue-paradiso.com\\\/es\\\/\",\"name\":\"Albergues en Cantabria | Hostel albergue Paradiso en Cantabria\",\"description\":\"\",\"potentialAction\":[{\"@type\":\"SearchAction\",\"target\":{\"@type\":\"EntryPoint\",\"urlTemplate\":\"https:\\\/\\\/www.albergue-paradiso.com\\\/es\\\/?s={search_term_string}\"},\"query-input\":{\"@type\":\"PropertyValueSpecification\",\"valueRequired\":true,\"valueName\":\"search_term_string\"}}],\"inLanguage\":\"es\"}]}<\/script>\n<!-- \/ Yoast SEO plugin. -->","yoast_head_json":{"title":"Self-Catering y uso de cocina - uso de cocina en Hostel Paradiso","description":"En Hostel albergue Paradiso disponemos de espacios comunes para self-catering donde puede hacer uso de cocina, microondas y neveras.","robots":{"index":"index","follow":"follow","max-snippet":"max-snippet:-1","max-image-preview":"max-image-preview:large","max-video-preview":"max-video-preview:-1"},"canonical":"https:\/\/www.albergue-paradiso.com\/es\/self-catering-y-uso-de-cocina\/","og_locale":"es_ES","og_type":"article","og_title":"Self-Catering y uso de cocina - uso de cocina en Hostel Paradiso","og_description":"En Hostel albergue Paradiso disponemos de espacios comunes para self-catering donde puede hacer uso de cocina, microondas y neveras.","og_url":"https:\/\/www.albergue-paradiso.com\/es\/self-catering-y-uso-de-cocina\/","og_site_name":"Albergues en Cantabria | Hostel albergue Paradiso en Cantabria","article_modified_time":"2024-07-04T16:21:24+00:00","og_image":[{"url":"https:\/\/www.albergue-paradiso.com\/es\/wp-content\/uploads\/2023\/06\/zonas-comunes-cocina-y-tv-room.jpg","type":"","width":"","height":""}],"twitter_card":"summary_large_image","twitter_misc":{"Tiempo de lectura":"6 minutos"},"schema":{"@context":"https:\/\/schema.org","@graph":[{"@type":"WebPage","@id":"https:\/\/www.albergue-paradiso.com\/es\/self-catering-y-uso-de-cocina\/","url":"https:\/\/www.albergue-paradiso.com\/es\/self-catering-y-uso-de-cocina\/","name":"Self-Catering y uso de cocina - uso de cocina en Hostel Paradiso","isPartOf":{"@id":"https:\/\/www.albergue-paradiso.com\/es\/#website"},"primaryImageOfPage":{"@id":"https:\/\/www.albergue-paradiso.com\/es\/self-catering-y-uso-de-cocina\/#primaryimage"},"image":{"@id":"https:\/\/www.albergue-paradiso.com\/es\/self-catering-y-uso-de-cocina\/#primaryimage"},"thumbnailUrl":"https:\/\/www.albergue-paradiso.com\/es\/wp-content\/uploads\/2023\/06\/zonas-comunes-cocina-y-tv-room.jpg","datePublished":"2023-05-22T14:54:17+00:00","dateModified":"2024-07-04T16:21:24+00:00","description":"En Hostel albergue Paradiso disponemos de espacios comunes para self-catering donde puede hacer uso de cocina, microondas y neveras.","breadcrumb":{"@id":"https:\/\/www.albergue-paradiso.com\/es\/self-catering-y-uso-de-cocina\/#breadcrumb"},"inLanguage":"es","potentialAction":[{"@type":"ReadAction","target":["https:\/\/www.albergue-paradiso.com\/es\/self-catering-y-uso-de-cocina\/"]}]},{"@type":"ImageObject","inLanguage":"es","@id":"https:\/\/www.albergue-paradiso.com\/es\/self-catering-y-uso-de-cocina\/#primaryimage","url":"https:\/\/www.albergue-paradiso.com\/es\/wp-content\/uploads\/2023\/06\/zonas-comunes-cocina-y-tv-room.jpg","contentUrl":"https:\/\/www.albergue-paradiso.com\/es\/wp-content\/uploads\/2023\/06\/zonas-comunes-cocina-y-tv-room.jpg","width":1000,"height":750},{"@type":"BreadcrumbList","@id":"https:\/\/www.albergue-paradiso.com\/es\/self-catering-y-uso-de-cocina\/#breadcrumb","itemListElement":[{"@type":"ListItem","position":1,"name":"Portada","item":"https:\/\/www.albergue-paradiso.com\/es\/"},{"@type":"ListItem","position":2,"name":"Self-Catering y uso de cocina"}]},{"@type":"WebSite","@id":"https:\/\/www.albergue-paradiso.com\/es\/#website","url":"https:\/\/www.albergue-paradiso.com\/es\/","name":"Albergues en Cantabria | Hostel albergue Paradiso en Cantabria","description":"","potentialAction":[{"@type":"SearchAction","target":{"@type":"EntryPoint","urlTemplate":"https:\/\/www.albergue-paradiso.com\/es\/?s={search_term_string}"},"query-input":{"@type":"PropertyValueSpecification","valueRequired":true,"valueName":"search_term_string"}}],"inLanguage":"es"}]}},"_links":{"self":[{"href":"https:\/\/www.albergue-paradiso.com\/es\/wp-json\/wp\/v2\/pages\/27398","targetHints":{"allow":["GET"]}}],"collection":[{"href":"https:\/\/www.albergue-paradiso.com\/es\/wp-json\/wp\/v2\/pages"}],"about":[{"href":"https:\/\/www.albergue-paradiso.com\/es\/wp-json\/wp\/v2\/types\/page"}],"author":[{"embeddable":true,"href":"https:\/\/www.albergue-paradiso.com\/es\/wp-json\/wp\/v2\/users\/1"}],"replies":[{"embeddable":true,"href":"https:\/\/www.albergue-paradiso.com\/es\/wp-json\/wp\/v2\/comments?post=27398"}],"version-history":[{"count":100,"href":"https:\/\/www.albergue-paradiso.com\/es\/wp-json\/wp\/v2\/pages\/27398\/revisions"}],"predecessor-version":[{"id":30799,"href":"https:\/\/www.albergue-paradiso.com\/es\/wp-json\/wp\/v2\/pages\/27398\/revisions\/30799"}],"wp:attachment":[{"href":"https:\/\/www.albergue-paradiso.com\/es\/wp-json\/wp\/v2\/media?parent=27398"}],"curies":[{"name":"wp","href":"https:\/\/api.w.org\/{rel}","templated":true}]}}