{"id":27377,"date":"2023-05-22T13:00:32","date_gmt":"2023-05-22T13:00:32","guid":{"rendered":"https:\/\/www.albergue-paradiso.com\/es\/?page_id=27377"},"modified":"2025-11-24T18:56:48","modified_gmt":"2025-11-24T18:56:48","slug":"alojamiento-grupos-cantabria","status":"publish","type":"page","link":"https:\/\/www.albergue-paradiso.com\/es\/alojamiento-grupos-cantabria\/","title":{"rendered":"Alojamiento para Grupos en Cantabria"},"content":{"rendered":"<p><title>Alojamiento con piscina para grupos en Cantabria | Men\u00fas, alergias y dietas especiales<\/title><meta name=\"description\" content=\"Alojamiento para grupos en Cantabria: en Suances con cocina propia, men\u00fas caseros para grupos, piscina y pistas polideportivas. Reserva y +info.\"><link rel=\"canonical\" href=\"https:\/\/www.albergue-paradiso.com\/es\/alojamiento-grupos-cantabria\/\">\n<meta name=\"viewport\" content=\"width=device-width, initial-scale=1\"><script type=\"application\/ld+json\">{\n  \"@context\":\"https:\/\/schema.org\",\n  \"@type\":\"WebPage\",\n  \"name\":\"Alojamiento para grupos - Albergue Paradiso\",\n  \"url\":\"https:\/\/www.albergue-paradiso.com\/es\/alojamiento-grupos-cantabria\/\",\n  \"description\":\"MAlojamiento para grupos en Cantabria: en Suances con cocina propia, men\u00fas caseros para grupos, piscina y pistas polideportivas.\",\n  \"publisher\": {\n    \"@type\":\"Organization\",\n    \"name\":\"Albergue Paradiso\",\n    \"url\":\"https:\/\/www.albergue-paradiso.com\/es\/\"  }}<\/script> <\/p>\n<h1 class=\"pt-5 pb-2 text-uppercase text-center\">Alojamiento para Grupos en Cantabria<\/h1>\n<hr class=\"border border-primary w-25\">\n<div class=\"mi-boton-sticky d-none d-lg-block\">\n<p class=\"py-4\">\n    <a class=\"btn btn-primary\" href=\"https:\/\/www.albergue-paradiso.com\/es\/contactar\" target=\"_blank\" rel=\"noopener noreferrer\"><br \/>\n      <i class=\"fas fa-euro-sign\"><\/i> PIDE PRESUPUESTO<br \/> <br \/>\n    <\/a>\n  <\/p>\n<\/div>\n<div class=\"row no-gutters align-items-center pt-4\">\n    <div class=\"col-md-6\">\n         <div class=\"carousel slide carousel-fade\" id=\"bs4-carousel-0\" data-ride=\"carousel\" data-interval=\"3000\" data-pause=\"hover\" data-wrap=\"true\"><ol class=\"carousel-indicators\"><li data-target=\"#bs4-carousel-0\" data-slide-to=\"0\" class=\"active\"><li data-target=\"#bs4-carousel-0\" data-slide-to=\"1\"><li data-target=\"#bs4-carousel-0\" data-slide-to=\"2\"><li data-target=\"#bs4-carousel-0\" data-slide-to=\"3\"><li data-target=\"#bs4-carousel-0\" data-slide-to=\"4\"><li data-target=\"#bs4-carousel-0\" data-slide-to=\"5\"><li data-target=\"#bs4-carousel-0\" data-slide-to=\"6\"><li data-target=\"#bs4-carousel-0\" data-slide-to=\"7\"><li data-target=\"#bs4-carousel-0\" data-slide-to=\"8\"><li data-target=\"#bs4-carousel-0\" data-slide-to=\"9\"><li data-target=\"#bs4-carousel-0\" data-slide-to=\"10\"><li data-target=\"#bs4-carousel-0\" data-slide-to=\"11\"><li data-target=\"#bs4-carousel-0\" data-slide-to=\"12\"><li data-target=\"#bs4-carousel-0\" data-slide-to=\"13\"><li data-target=\"#bs4-carousel-0\" data-slide-to=\"14\"><li data-target=\"#bs4-carousel-0\" data-slide-to=\"15\"><li data-target=\"#bs4-carousel-0\" data-slide-to=\"16\"><\/ol><div class=\"carousel-inner\">\n<div id=\"bs4-carousel-inner-0\" class=\"carousel-item active\">\n<img decoding=\"async\" src=\"https:\/\/www.albergue-paradiso.com\/es\/wp-content\/uploads\/2023\/06\/10-habitacion-privada-5-pax-sin-bano-paradiso.jpg\" alt=\"habitaci\u00f3n privada de 5 personas\" class=\"active img-fluid\"><\/div>\n<div id=\"bs4-carousel-inner-1\" class=\"carousel-item\">\n      <img decoding=\"async\" src=\"https:\/\/www.albergue-paradiso.com\/es\/wp-content\/uploads\/2025\/11\/piscina%20paradiso.jpg\" alt=\"piscina grupos albergue paradiso\" class=\"img-fluid\"><\/div>\n<div id=\"bs4-carousel-inner-2\" class=\"carousel-item\">\n       <img decoding=\"async\" src=\"https:\/\/www.albergue-paradiso.com\/es\/wp-content\/uploads\/2025\/11\/dormitorio.jpg\" alt=\"albergue paradiso habitaci\u00f3n privada con ba\u00f1o\" class=\"img-fluid\"><\/div>\n<div id=\"bs4-carousel-inner-3\" class=\"carousel-item\">\n        <img decoding=\"async\" src=\"https:\/\/www.albergue-paradiso.com\/es\/wp-content\/uploads\/2025\/11\/grupos%20escolares%20cantabria.jpg\" alt=\"grupos escolares cantabria\" class=\"img-fluid\"><\/div>\n<div id=\"bs4-carousel-inner-4\" class=\"carousel-item\">\n        <img decoding=\"async\" src=\"https:\/\/www.albergue-paradiso.com\/es\/wp-content\/uploads\/2025\/11\/comedor%20familias.jpg\" alt=\"comedor para grupos Cantabria\" class=\"img-fluid\"><\/div>\n<div id=\"bs4-carousel-inner-5\" class=\"carousel-item\">\n        <img decoding=\"async\" src=\"https:\/\/www.albergue-paradiso.com\/es\/wp-content\/uploads\/2025\/11\/menus-pasabandeja.jpg\" alt=\"comedor con menus caseros\" class=\"img-fluid\"><\/div>\n    <div id=\"bs4-carousel-inner-6\" class=\"carousel-item\">\n        <img decoding=\"async\" src=\"https:\/\/www.albergue-paradiso.com\/es\/wp-content\/uploads\/2023\/06\/2-habitaciones-privadas-paradiso.jpg\" alt=\"habitaciones privadas del albergue paradiso\" class=\"img-fluid\"><\/div>\n <div id=\"bs4-carousel-inner-7\" class=\"carousel-item\">\n        <img decoding=\"async\" src=\"https:\/\/www.albergue-paradiso.com\/es\/wp-content\/uploads\/2025\/11\/grupos%20deportivos.jpg\" alt=\"alojamiento para grupos deportivos\" class=\"img-fluid\"><\/div>\n     <div id=\"bs4-carousel-inner-8\" class=\"carousel-item\">\n       <img decoding=\"async\" src=\"https:\/\/www.albergue-paradiso.com\/es\/wp-content\/uploads\/2023\/06\/12-dorms-paradiso.jpg\" alt=\"albergue paradiso dormitorios\" class=\"img-fluid\"><\/div>\n    <div id=\"bs4-carousel-inner-9\" class=\"carousel-item\">\n       <img decoding=\"async\" src=\"https:\/\/www.albergue-paradiso.com\/es\/wp-content\/uploads\/2025\/11\/alojamiento%20grupos%20deportivos.jpg\" alt=\"pistas deportivas en albergue cantabria\" class=\"img-fluid\"><\/div>\n <div id=\"bs4-carousel-inner-10\" class=\"carousel-item\">\n       <img decoding=\"async\" src=\"https:\/\/www.albergue-paradiso.com\/es\/wp-content\/uploads\/2025\/11\/alojamiento%20bungalows.jpg\" alt=\"albergue con caba\u00f1as y bungalows\" class=\"img-fluid\"><\/div>\n    <div id=\"bs4-carousel-inner-11\" class=\"carousel-item\">\n       <img decoding=\"async\" src=\"https:\/\/www.albergue-paradiso.com\/es\/wp-content\/uploads\/2023\/06\/11-habitacion-privada-5-pax-paradiso.jpg\" alt=\"albergue paradiso habitaci\u00f3n privada para cinco personas\" class=\"img-fluid\"><\/div>\n <div id=\"bs4-carousel-inner-12\" class=\"carousel-item\">\n       <img decoding=\"async\" src=\"https:\/\/www.albergue-paradiso.com\/es\/wp-content\/uploads\/2023\/07\/campa-y-pista-semicubierta-.jpg\" alt=\"albergue paradiso carpa\" class=\"img-fluid\"><\/div>\n<div id=\"bs4-carousel-inner-13\" class=\"carousel-item\">\n       <img decoding=\"async\" src=\"https:\/\/www.albergue-paradiso.com\/es\/wp-content\/uploads\/2025\/11\/albergue%20con%20caba%C3%B1as.jpg\" alt=\"albergue con plazas en caba\u00f1as\" class=\"img-fluid\"><\/div>\n<div id=\"bs4-carousel-inner-14\" class=\"carousel-item\">\n       <img decoding=\"async\" src=\"https:\/\/www.albergue-paradiso.com\/es\/wp-content\/uploads\/2025\/11\/dormitorios.jpg\" alt=\"albergue paradiso habitaci\u00f3n privada con ba\u00f1o\" class=\"img-fluid\"><\/div>\n<div id=\"bs4-carousel-inner-15\" class=\"carousel-item\">\n       <img decoding=\"async\" src=\"https:\/\/www.albergue-paradiso.com\/es\/wp-content\/uploads\/2025\/11\/dormitorio%20albergue.jpg\" alt=\"dormitorios albergue\" class=\"img-fluid\"><\/div>\n<div id=\"bs4-carousel-inner-16\" class=\"carousel-item\">\n       <img decoding=\"async\" src=\"https:\/\/www.albergue-paradiso.com\/es\/wp-content\/uploads\/2025\/11\/dormitorio%20caba%C3%B1a.jpg\" alt=\"dormitorios en caba\u00f1a\" class=\"img-fluid\"><\/div>\n<\/div><\/div>\n    <\/div>\n    <div class=\"col-md-6\">\n&nbsp;<\/p>\n<div class=\"w-75 text-center mx-auto\">\n<p class=\"h5\"><i class=\"fas fa-quote-left\"><\/i> <strong>Alojamiento para grupos en Cantabria<\/strong> entre las playas de Suances y Santillana del Mar (cuevas de Altamira).<\/p>\n<p class=\"h5\"> 115 plazas en habitaciones m\u00faltiples de 3, 4, 5, 6 y 8 plazas con ba\u00f1o privado o con ba\u00f1o compartido. Habitaciones individuales y dobles para responsables acompa\u00f1antes y choferes. <\/p>\n<p class=\"h5\"><strong>Adem\u00e1s del alojamiento ofrecemos <a href=\"https:\/\/www.albergue-paradiso.com\/es\/menus\" target=\"_blank\" rel=\"noopener noreferrer\">MANUTENCI\u00d3N<\/a><\/strong> responsable, casera y adaptada a todo tipo de grupos <i class=\"fas fa-quote-right\"><\/i> <\/p>\n<\/div>\n<p class=\"text-center pt-4\"><a class=\"btn btn-primary\" href=\"https:\/\/www.albergue-paradiso.com\/es\/wp-content\/uploads\/2023\/05\/CATALOGO-Hostel-Grupos.pdf\" target=\"_blank\"><i class=\"fas fa-file-pdf\"><\/i> <strong>CATALOGO TARIFAS GRUPOS +15pax<\/strong><\/a><\/p>\n<p class=\"text-center pt-4\"><a href=\"https:\/\/www.albergue-paradiso.com\/es\/contactar\" target=\"_blank\"><i class=\"fas fa-euro-sign\"><\/i> <strong>PIDE PRESUPUESTO<\/strong><\/a><\/p>\n<p>    <\/div>\n<\/div>\n<div class=\"container\">\n<div role=\"alert\" class=\"alert alert-primary text-white text-center mt-4\">\n<p><h4>15.000 m<sup>2<\/sup> con piscina, pistas deportivas, aulas, tatami, discoteca y amplias campas verdes. Ideal para campamentos de verano y excursiones escolares.<\/h4>\n<h5>Estrat\u00e9gicamente ubicados en Cantabria: a 3 km de las playas de Suances y Santillana del mar<\/h5>\n<\/p>\n<p>   <\/div>\n<div class=\"card-columns text-center pt-4\">\n<div class=\"card\">\n<div class=\"card-body\">\n<p class=\"card-text\">\n<img decoding=\"async\" src=\"https:\/\/www.albergue-paradiso.com\/es\/wp-content\/uploads\/2023\/06\/cama.png\" class=\"img-fluid\" width=\"80\">\n<\/p>\n<h4 class=\"card-title\">\n<a href=\"https:\/\/www.albergue-paradiso.com\/es\/dormitorios\/\" target=\"_blank\">115 plazas<\/a><\/h4>\nEn dormitorios de 1, 2, 3, 4, 5, 6 y 8 plazas en Literas y\/o camas bajas.<\/div>\n<\/div>\n<div class=\"card\">\n<div class=\"card-body\">\n<p class=\"card-text\">\n<img decoding=\"async\" src=\"https:\/\/www.albergue-paradiso.com\/es\/wp-content\/uploads\/2023\/06\/bath.png\" class=\"img-fluid\" width=\"80\">\n<\/p>\n<h4 class=\"card-title\">\n<span class=\"text-primary\">Ba\u00f1os<\/span><\/h4>\nDormitorios edificio principal con ba\u00f1o propio y dormitorios en Caba\u00f1a con ba\u00f1o compartido.<\/div>\n<\/div>\n<div class=\"card\">\n<div class=\"card-body\">\n<p class=\"card-text\">\n<img decoding=\"async\" src=\"https:\/\/www.albergue-paradiso.com\/es\/wp-content\/uploads\/2023\/06\/manutencion.png\" class=\"img-fluid\" width=\"80\">\n<\/p>\n<h4 class=\"card-title\">\n<a href=\"https:\/\/www.albergue-paradiso.com\/es\/menus\/\" target=\"_blank\">Manutenci\u00f3n<\/a><\/h4>\nDesayunos, comidas, meriendas picnics y cenas. Capacidad comedor: 120 plazas.<\/div>\n<\/div>\n<div class=\"card\">\n<div class=\"card-body\">\n<p class=\"card-text\">\n<img decoding=\"async\" src=\"https:\/\/www.albergue-paradiso.com\/es\/wp-content\/uploads\/2023\/06\/piscina.png\" class=\"img-fluid\" width=\"80\">\n<\/p>\n<h4 class=\"card-title\">\n<a href=\"https:\/\/www.albergue-paradiso.com\/es\/piscina\/\" target=\"_blank\" rel=\"noopener\">Piscina<\/a><\/h4>\nOcio: piscina, mesas ping-pong y multijuegos, wifi y 15.000 m<sup>2<\/sup> de campas verdes.<\/div>\n<\/div>\n<div class=\"card\">\n<div class=\"card-body\">\n<p class=\"card-text\">\n<img decoding=\"async\" src=\"https:\/\/www.albergue-paradiso.com\/es\/wp-content\/uploads\/2025\/11\/canchas%20icono.png\" class=\"img-fluid\" width=\"60\">\n<\/p>\n<h4 class=\"card-title\">\n<a href=\"https:\/\/www.albergue-paradiso.com\/es\/aulas-y-salas\/\" target=\"_blank\">Aulas y pistas deportivas<\/a><\/h4>\nDiversas salas, aulas, tatamis y pistas polideprtivas. Campas para acampada.<\/div>\n<\/div>\n<div class=\"card\">\n<div class=\"card-body\">\n<p class=\"card-text\">\n<img decoding=\"async\" src=\"https:\/\/www.albergue-paradiso.com\/es\/wp-content\/uploads\/2023\/06\/catering.png\" class=\"img-fluid\" width=\"80\">\n<\/p>\n<h4 class=\"card-title\">\n<span class=\"text-primary\">Autoservicio<\/span><\/h4>\nMaquinas de vending 24h: caf\u00e9, snacks y latas. Acceso gratuito a agua filtrada.<\/div>\n<\/div>\n<\/div>\n<p class=\"text-center pt-4\"><a class=\"btn btn-primary btn-block\" href=\"https:\/\/www.albergue-paradiso.com\/es\/como-llegar\/\" target=\"_blank\" rel=\"noopener\"><i class=\"fas fa-parking\"><\/i> <strong>Aparcamiento de 1.000 m<sup>2<\/sup> con capacidad para varios autobuses<\/strong> &#8211; C\u00f3mo llegar <i class=\"fas fa-map-marker-alt\"><\/i><\/a><\/p>\n<p class=\"text-center pt-4\"><a class=\"btn btn-outline-primary\" href=\"https:\/\/www.albergue-paradiso.com\/es\/faq\" target=\"_blank\"><strong><i class=\"fas fa-question-circle\"><\/i> FAQ: Preguntas y respuestas<\/strong><\/a><\/p>\n<div class=\"row py-4\">\n    <div class=\"col-md-6\">\n<div class=\"embed-responsive embed-responsive-16by9\">\n  <iframe class=\"embed-responsive-item\" src=\"https:\/\/www.youtube.com\/embed\/f57JlZpLy7E?rel=0\" allowfullscreen\"><\/iframe>\n<\/div>\n<p>    <\/div>\n <div class=\"col-md-6\">\n<div class=\"embed-responsive embed-responsive-16by9\">\n <iframe class=\"embed-responsive-item\" src=\"https:\/\/player.vimeo.com\/video\/271712269?h=114a1134b1\" allowfullscreen><\/iframe>\n<\/div>\n<p>    <\/div>\n<\/div>\n<p><!-- Texto descriptivo --><\/p>\n<article class=\"mb-3\">\n<h2 class=\"h4\">Alojamiento para grupos en Cantabria<\/h2>\n<p>En el Albergue Paradiso somos especialistas en alojamiento para grupos. Nuestra infraestructura permite acoger c\u00f3modamente todo tipo de grupos hasta 115 plazas. Ideal para viajes de fin de curso y viajes escolares. <\/p>\n<\/article>\n<p>  <!-- Tarifas y promos (legible) --><\/p>\n<section class=\"mb-4\">\n<details class=\"mt-2\">\n<summary class=\"h6\">PROMOS GRUPOS<\/summary>\n<ul class=\"mt-2\">\n<li><strong>Pensi\u00f3n completa:<\/strong> Desayuno + Picnic + Cena \u2014 ver <a href=\"https:\/\/www.albergue-paradiso.com\/es\/wp-content\/uploads\/2023\/05\/CATALOGO-Hostel-Grupos.pdf\" target=\"_blank\" rel=\"noopener noreferrer\">promo 4 d\u00edas<\/a><\/li>\n<li><strong>Pensi\u00f3n completa verano:<\/strong> Mitad de estancia comida picnic \u2014 ver <a href=\"https:\/\/www.albergue-paradiso.com\/es\/wp-content\/uploads\/2023\/05\/CATALOGO-Hostel-Grupos.pdf\" target=\"_blank\" rel=\"noopener noreferrer\">10% descuento<\/a><\/li>\n<li><strong>Pensi\u00f3n completa fin de semana:<\/strong> Con comida picnic \u2014 ver <a href=\"https:\/\/www.albergue-paradiso.com\/es\/wp-content\/uploads\/2023\/05\/CATALOGO-Hostel-Grupos.pdf\" target=\"_blank\" rel=\"noopener noreferrer\">5% descuento<\/a><\/li>\n<\/ul>\n<\/details>\n<details class=\"mt-2\">\n<summary class=\"h6\">Opci\u00f3n de m\u00faltiples servicios adicionales<\/summary>\n<ul class=\"mt-2\">\n<li><strong>Desayuno plus<\/strong> <\/li>\n<li><strong>Toallas<\/strong> <\/li>\n<li><strong>Monitores para veladas y guardias<\/strong><\/li>\n<li><strong>Etc.<\/strong> Ver <a href=\"https:\/\/www.albergue-paradiso.com\/es\/wp-content\/uploads\/2023\/05\/CATALOGO-Hostel-Grupos.pdf\" target=\"_blank\" rel=\"noopener noreferrer\">cat\u00e1logo<\/a><\/li>\n<\/ul>\n<\/details>\n<details class=\"mt-2\">\n<summary class=\"h6\">Ejemplo Viaje escolar 5 d\u00edas<\/summary>\n<ul class=\"mt-2\">\n<li><a href=\"https:\/\/www.albergue-paradiso.com\/es\/viaje-fin-de-curso-conocer-cantabria\/\" target=\"_blank\" rel=\"noopener noreferrer\">viaje conocer Cantabria<\/a><\/li>\n<\/ul>\n<\/details>\n<details class=\"mt-2\">\n<summary class=\"h6\">Zona de acampada juvenil<\/summary>\n<ul class=\"mt-2\">\n<li>Ideal para <a href=\"https:\/\/www.albergue-paradiso.com\/es\/zonas-de-acampada-cantabria-campamentos-verano\/\" target=\"_blank\" rel=\"noopener noreferrer\">grupos de scouts<\/a>.<\/li>\n<\/ul>\n<\/details>\n<\/section>\n<p class=\"text-center pt-4\"><a class=\"btn btn-primary btn-block\" href=\"https:\/\/www.albergue-paradiso.com\/es\/contactar\"><i class=\"fas fa-euro-sign\"><\/i> <strong>SOLICITA PRESUPUESTO PARA GRUPOS<\/strong><\/a><\/p>\n<\/div>\n","protected":false},"excerpt":{"rendered":"<p>Alojamiento con piscina para grupos en Cantabria | Men\u00fas, alergias y dietas especiales Alojamiento para [&hellip;]<\/p>\n","protected":false},"author":1,"featured_media":32025,"parent":0,"menu_order":0,"comment_status":"closed","ping_status":"closed","template":"template-fullwidth.php","meta":{"_joinchat":[],"footnotes":""},"class_list":["post-27377","page","type-page","status-publish","has-post-thumbnail","hentry"],"acf":[],"yoast_head":"<!-- This site is optimized with the Yoast SEO plugin v27.4 - https:\/\/yoast.com\/product\/yoast-seo-wordpress\/ -->\n<title>Alojamiento para grupos en Cantabria | Albergue Paradiso<\/title>\n<meta name=\"description\" content=\"Albergue Paradiso ofrece alojamiento con piscina y manutenci\u00f3n para grupos en Cantabria: menus caseros adaptados a todo tipo de grupos.\" \/>\n<meta name=\"robots\" content=\"index, follow, max-snippet:-1, max-image-preview:large, max-video-preview:-1\" \/>\n<link rel=\"canonical\" href=\"https:\/\/www.albergue-paradiso.com\/es\/alojamiento-grupos-cantabria\/\" \/>\n<meta property=\"og:locale\" content=\"es_ES\" \/>\n<meta property=\"og:type\" content=\"article\" \/>\n<meta property=\"og:title\" content=\"Alojamiento para grupos en Cantabria | Albergue Paradiso\" \/>\n<meta property=\"og:description\" content=\"Albergue Paradiso ofrece alojamiento con piscina y manutenci\u00f3n para grupos en Cantabria: menus caseros adaptados a todo tipo de grupos.\" \/>\n<meta property=\"og:url\" content=\"https:\/\/www.albergue-paradiso.com\/es\/alojamiento-grupos-cantabria\/\" \/>\n<meta property=\"og:site_name\" content=\"Albergues en Cantabria | Hostel albergue Paradiso en Cantabria\" \/>\n<meta property=\"article:modified_time\" content=\"2025-11-24T18:56:48+00:00\" \/>\n<meta property=\"og:image\" content=\"https:\/\/www.albergue-paradiso.com\/es\/wp-content\/uploads\/2025\/11\/piscina-paradiso.jpg\" \/>\n\t<meta property=\"og:image:width\" content=\"1075\" \/>\n\t<meta property=\"og:image:height\" content=\"806\" \/>\n\t<meta property=\"og:image:type\" content=\"image\/jpeg\" \/>\n<meta name=\"twitter:card\" content=\"summary_large_image\" \/>\n<meta name=\"twitter:label1\" content=\"Tiempo de lectura\" \/>\n\t<meta name=\"twitter:data1\" content=\"7 minutos\" \/>\n<script type=\"application\/ld+json\" class=\"yoast-schema-graph\">{\"@context\":\"https:\\\/\\\/schema.org\",\"@graph\":[{\"@type\":\"WebPage\",\"@id\":\"https:\\\/\\\/www.albergue-paradiso.com\\\/es\\\/alojamiento-grupos-cantabria\\\/\",\"url\":\"https:\\\/\\\/www.albergue-paradiso.com\\\/es\\\/alojamiento-grupos-cantabria\\\/\",\"name\":\"Alojamiento para grupos en Cantabria | Albergue Paradiso\",\"isPartOf\":{\"@id\":\"https:\\\/\\\/www.albergue-paradiso.com\\\/es\\\/#website\"},\"primaryImageOfPage\":{\"@id\":\"https:\\\/\\\/www.albergue-paradiso.com\\\/es\\\/alojamiento-grupos-cantabria\\\/#primaryimage\"},\"image\":{\"@id\":\"https:\\\/\\\/www.albergue-paradiso.com\\\/es\\\/alojamiento-grupos-cantabria\\\/#primaryimage\"},\"thumbnailUrl\":\"https:\\\/\\\/www.albergue-paradiso.com\\\/es\\\/wp-content\\\/uploads\\\/2025\\\/11\\\/piscina-paradiso.jpg\",\"datePublished\":\"2023-05-22T13:00:32+00:00\",\"dateModified\":\"2025-11-24T18:56:48+00:00\",\"description\":\"Albergue Paradiso ofrece alojamiento con piscina y manutenci\u00f3n para grupos en Cantabria: menus caseros adaptados a todo tipo de grupos.\",\"breadcrumb\":{\"@id\":\"https:\\\/\\\/www.albergue-paradiso.com\\\/es\\\/alojamiento-grupos-cantabria\\\/#breadcrumb\"},\"inLanguage\":\"es\",\"potentialAction\":[{\"@type\":\"ReadAction\",\"target\":[\"https:\\\/\\\/www.albergue-paradiso.com\\\/es\\\/alojamiento-grupos-cantabria\\\/\"]}]},{\"@type\":\"ImageObject\",\"inLanguage\":\"es\",\"@id\":\"https:\\\/\\\/www.albergue-paradiso.com\\\/es\\\/alojamiento-grupos-cantabria\\\/#primaryimage\",\"url\":\"https:\\\/\\\/www.albergue-paradiso.com\\\/es\\\/wp-content\\\/uploads\\\/2025\\\/11\\\/piscina-paradiso.jpg\",\"contentUrl\":\"https:\\\/\\\/www.albergue-paradiso.com\\\/es\\\/wp-content\\\/uploads\\\/2025\\\/11\\\/piscina-paradiso.jpg\",\"width\":1075,\"height\":806,\"caption\":\"albergue con piscina\"},{\"@type\":\"BreadcrumbList\",\"@id\":\"https:\\\/\\\/www.albergue-paradiso.com\\\/es\\\/alojamiento-grupos-cantabria\\\/#breadcrumb\",\"itemListElement\":[{\"@type\":\"ListItem\",\"position\":1,\"name\":\"Portada\",\"item\":\"https:\\\/\\\/www.albergue-paradiso.com\\\/es\\\/\"},{\"@type\":\"ListItem\",\"position\":2,\"name\":\"Alojamiento para Grupos en Cantabria\"}]},{\"@type\":\"WebSite\",\"@id\":\"https:\\\/\\\/www.albergue-paradiso.com\\\/es\\\/#website\",\"url\":\"https:\\\/\\\/www.albergue-paradiso.com\\\/es\\\/\",\"name\":\"Albergues en Cantabria | Hostel albergue Paradiso en Cantabria\",\"description\":\"\",\"potentialAction\":[{\"@type\":\"SearchAction\",\"target\":{\"@type\":\"EntryPoint\",\"urlTemplate\":\"https:\\\/\\\/www.albergue-paradiso.com\\\/es\\\/?s={search_term_string}\"},\"query-input\":{\"@type\":\"PropertyValueSpecification\",\"valueRequired\":true,\"valueName\":\"search_term_string\"}}],\"inLanguage\":\"es\"}]}<\/script>\n<!-- \/ Yoast SEO plugin. -->","yoast_head_json":{"title":"Alojamiento para grupos en Cantabria | Albergue Paradiso","description":"Albergue Paradiso ofrece alojamiento con piscina y manutenci\u00f3n para grupos en Cantabria: menus caseros adaptados a todo tipo de grupos.","robots":{"index":"index","follow":"follow","max-snippet":"max-snippet:-1","max-image-preview":"max-image-preview:large","max-video-preview":"max-video-preview:-1"},"canonical":"https:\/\/www.albergue-paradiso.com\/es\/alojamiento-grupos-cantabria\/","og_locale":"es_ES","og_type":"article","og_title":"Alojamiento para grupos en Cantabria | Albergue Paradiso","og_description":"Albergue Paradiso ofrece alojamiento con piscina y manutenci\u00f3n para grupos en Cantabria: menus caseros adaptados a todo tipo de grupos.","og_url":"https:\/\/www.albergue-paradiso.com\/es\/alojamiento-grupos-cantabria\/","og_site_name":"Albergues en Cantabria | Hostel albergue Paradiso en Cantabria","article_modified_time":"2025-11-24T18:56:48+00:00","og_image":[{"width":1075,"height":806,"url":"https:\/\/www.albergue-paradiso.com\/es\/wp-content\/uploads\/2025\/11\/piscina-paradiso.jpg","type":"image\/jpeg"}],"twitter_card":"summary_large_image","twitter_misc":{"Tiempo de lectura":"7 minutos"},"schema":{"@context":"https:\/\/schema.org","@graph":[{"@type":"WebPage","@id":"https:\/\/www.albergue-paradiso.com\/es\/alojamiento-grupos-cantabria\/","url":"https:\/\/www.albergue-paradiso.com\/es\/alojamiento-grupos-cantabria\/","name":"Alojamiento para grupos en Cantabria | Albergue Paradiso","isPartOf":{"@id":"https:\/\/www.albergue-paradiso.com\/es\/#website"},"primaryImageOfPage":{"@id":"https:\/\/www.albergue-paradiso.com\/es\/alojamiento-grupos-cantabria\/#primaryimage"},"image":{"@id":"https:\/\/www.albergue-paradiso.com\/es\/alojamiento-grupos-cantabria\/#primaryimage"},"thumbnailUrl":"https:\/\/www.albergue-paradiso.com\/es\/wp-content\/uploads\/2025\/11\/piscina-paradiso.jpg","datePublished":"2023-05-22T13:00:32+00:00","dateModified":"2025-11-24T18:56:48+00:00","description":"Albergue Paradiso ofrece alojamiento con piscina y manutenci\u00f3n para grupos en Cantabria: menus caseros adaptados a todo tipo de grupos.","breadcrumb":{"@id":"https:\/\/www.albergue-paradiso.com\/es\/alojamiento-grupos-cantabria\/#breadcrumb"},"inLanguage":"es","potentialAction":[{"@type":"ReadAction","target":["https:\/\/www.albergue-paradiso.com\/es\/alojamiento-grupos-cantabria\/"]}]},{"@type":"ImageObject","inLanguage":"es","@id":"https:\/\/www.albergue-paradiso.com\/es\/alojamiento-grupos-cantabria\/#primaryimage","url":"https:\/\/www.albergue-paradiso.com\/es\/wp-content\/uploads\/2025\/11\/piscina-paradiso.jpg","contentUrl":"https:\/\/www.albergue-paradiso.com\/es\/wp-content\/uploads\/2025\/11\/piscina-paradiso.jpg","width":1075,"height":806,"caption":"albergue con piscina"},{"@type":"BreadcrumbList","@id":"https:\/\/www.albergue-paradiso.com\/es\/alojamiento-grupos-cantabria\/#breadcrumb","itemListElement":[{"@type":"ListItem","position":1,"name":"Portada","item":"https:\/\/www.albergue-paradiso.com\/es\/"},{"@type":"ListItem","position":2,"name":"Alojamiento para Grupos en Cantabria"}]},{"@type":"WebSite","@id":"https:\/\/www.albergue-paradiso.com\/es\/#website","url":"https:\/\/www.albergue-paradiso.com\/es\/","name":"Albergues en Cantabria | Hostel albergue Paradiso en Cantabria","description":"","potentialAction":[{"@type":"SearchAction","target":{"@type":"EntryPoint","urlTemplate":"https:\/\/www.albergue-paradiso.com\/es\/?s={search_term_string}"},"query-input":{"@type":"PropertyValueSpecification","valueRequired":true,"valueName":"search_term_string"}}],"inLanguage":"es"}]}},"_links":{"self":[{"href":"https:\/\/www.albergue-paradiso.com\/es\/wp-json\/wp\/v2\/pages\/27377","targetHints":{"allow":["GET"]}}],"collection":[{"href":"https:\/\/www.albergue-paradiso.com\/es\/wp-json\/wp\/v2\/pages"}],"about":[{"href":"https:\/\/www.albergue-paradiso.com\/es\/wp-json\/wp\/v2\/types\/page"}],"author":[{"embeddable":true,"href":"https:\/\/www.albergue-paradiso.com\/es\/wp-json\/wp\/v2\/users\/1"}],"replies":[{"embeddable":true,"href":"https:\/\/www.albergue-paradiso.com\/es\/wp-json\/wp\/v2\/comments?post=27377"}],"version-history":[{"count":190,"href":"https:\/\/www.albergue-paradiso.com\/es\/wp-json\/wp\/v2\/pages\/27377\/revisions"}],"predecessor-version":[{"id":32356,"href":"https:\/\/www.albergue-paradiso.com\/es\/wp-json\/wp\/v2\/pages\/27377\/revisions\/32356"}],"wp:featuredmedia":[{"embeddable":true,"href":"https:\/\/www.albergue-paradiso.com\/es\/wp-json\/wp\/v2\/media\/32025"}],"wp:attachment":[{"href":"https:\/\/www.albergue-paradiso.com\/es\/wp-json\/wp\/v2\/media?parent=27377"}],"curies":[{"name":"wp","href":"https:\/\/api.w.org\/{rel}","templated":true}]}}