{"id":11,"date":"2023-04-04T11:43:48","date_gmt":"2023-04-04T11:43:48","guid":{"rendered":"https:\/\/www.albergue-paradiso.com\/es\/?page_id=11"},"modified":"2025-11-25T10:19:42","modified_gmt":"2025-11-25T10:19:42","slug":"tarifas","status":"publish","type":"page","link":"https:\/\/www.albergue-paradiso.com\/es\/tarifas\/","title":{"rendered":"Tarifas"},"content":{"rendered":"<h1 class=\"pt-5 pb-2 text-uppercase text-center\">Tarifas<\/h1>\n<hr class=\"border border-primary w-25\">\n<div class=\"row no-gutters align-items-center pt-4\">\n    <div class=\"col-md-6 pb-2\">\n        <img decoding=\"async\" src=\"https:\/\/www.albergue-paradiso.com\/es\/wp-content\/uploads\/2023\/07\/Hostel-albergue-Paradiso.jpg\" class=\"img-fluid\"><\/div>\n    <div class=\"col-md-6 pb-2\">\n<div class=\"w-75 text-center mx-auto\">\n<p class=\"h5\"><i class=\"fas fa-quote-left\"><\/i> Hostel Albergue Paradiso, <strong>un albergue con una amplia trayectoria en hostelling &#8211; alberguismo (desde 1996)<\/strong>, adem\u00e1s de alojamiento y manutenci\u00f3n, apostamos por un turismo sostenible. <\/p>\n<\/div>\n<div class=\"w-75 text-center mx-auto\">\n<p class=\"h6 pt-1\"> Cat\u00e1logos con detalles de los servicios y tarifas del <strong> albergue Paradiso<\/strong> en Cantabria, pol\u00edticas de reserva, pagos y cancelaciones:<\/p>\n<\/div>\n<div class=\"w-75 text-center mx-auto\">\n<p class=\"h4 pt-0\"> <strong>Grupos<\/strong>:<\/p>\n<p class=\"text-center pt-0\"><a class=\"btn btn-outline-primary mx-2 my-2\" href=\"https:\/\/www.albergue-paradiso.com\/es\/wp-content\/uploads\/2023\/05\/CATALOGO-Hostel-Grupos.pdf\" target=\"_blank\" rel=\"noopener\"><i class=\"fas fa-users\"><\/i> CATALOGO GRUPOS <i class=\"fas fa-file-pdf\"><\/i> <\/a>   <a class=\"btn btn-primary mx-2 my-2\" href=\"https:\/\/www.albergue-paradiso.com\/es\/contactar\" target=\"_blank\"><i class=\"fas fa-question-circle\"><\/i> <strong>PIDE PRESUPUESTO<\/strong><\/a> <\/p>\n<\/div>\n<div class=\"w-75 text-center mx-auto\">\n<p class=\"h4 pt-1\"> <strong>Particulares y familias<\/strong>:<\/p>\n<p class=\"text-center pt-0\"><a class=\"btn btn-outline-primary mx-2 my-2\" href=\"https:\/\/www.albergue-paradiso.com\/es\/wp-content\/uploads\/2023\/05\/CATALOGO-Hostel-Particulares.pdf\" target=\"_blank\" rel=\"noopener\"><i class=\"fas fa-user\"><\/i> CATALOGO PARTICULARES <i class=\"fas fa-file-pdf\"><\/i><\/a>  <a class=\"btn btn-primary mx-2 my-2\" href=\"https:\/\/www.albergue-paradiso.com\/es\/comprar-producto\/?id_casa=581265&#038;id_elemento=581265&#038;tipo_elemento=1&#038;id_destino=4156&#038;id_operador=4156&#038;id_oficina=0&#038;id_punto_venta=3209&#038;id_idioma=0\" target=\"_blank\" rel=\"noopener\"><i class=\"fas fa-bed\"><\/i> <strong>RESERVAR<\/strong><\/a> <\/p>\n<\/div>\n<div class=\"w-75 text-center mx-auto\">\n<p class=\"h5 pt-0\">Preguntas y respuestas:<\/p>\n<p class=\"text-center pt-0\"><a class=\"btn btn-primary my-2\" href=\"https:\/\/www.albergue-paradiso.com\/es\/faq\" target=\"_blank\"><i class=\"fas fa-question-circle\"><\/i> <strong>FAQ<\/strong><\/a><\/a><\/div>\n<\/div>\n<\/div>\n<div role=\"alert\" class=\"alert alert-primary text-white text-center mt-4 h4\">Compra tus tickets de actividades online e incluso seguro de viaje<\/div>\n<p class=\"text-center\">\n  <a class=\"btn btn-outline-dark mx-2 my-2\" href=\"https:\/\/albergueparadiso.tourdesk.es\/es\/Tour\" target=\"_blank\" rel=\"noopener\">ACTIVIDADES<\/a> <a class=\"btn btn-outline-dark mx-2 my-2\" href=\"https:\/\/www.albergue-paradiso.com\/es\/seguro-de-viaje\" target=\"_blank\" rel=\"noopener\">SEGUROS DE VIAJE<\/a><\/center><div role=\"alert\" class=\"alert alert-secondary text-white text-center mt-4 h2\"><strong>\u00bfBuscas alojamiento para tus vacaciones en Cantabria?<\/strong><\/div>\n<div class=\"container\">\n<center><\/p>\n<p class=\"h1 title\"><i class=\"fas fa-calendar-alt pt-4\"><\/i> RESERVA en agosto tus vacaciones<\/p>\n<h2><i class=\"fas fa-tag pt-1\"><\/i> desde 33 \u20ac\/media pensi\u00f3n*<\/h2>\n<p>\t\t\t\t*precio por persona y noche; m\u00ednimo 5 noches, con entrada en lunes y salida el s\u00e1bado<\/p>\n<h5>Pincha en la fecha y despliega calendario: selecciona DIA ENTRADA y DIA SALIDA<\/h5>\n<h6> (la salida, al no pernoctar,  puede estar en rojo sin problema)<\/h6>\n<p>\t\t\t\t<a href=\"https:\/\/www.albergue-paradiso.com\/es\/alojamiento-grupos-cantabria\/\" target=\"_blank\" rel=\"noopener noreferrer\"><i class=\"fas fa-arrow-right pt-4\"><\/i> Para grupos +15 pax<\/a>, consultar disponibilidad por: <a href=\"Tel:+34942843139\" target=\"_blank\"><i class=\"fas fa-phone mx-1\"><\/i><\/a>   <a href=\"mailto:info@albergue-paradiso.com\" target=\"_blank\"><i class=\"fas fa-envelope mx-1\"><\/i><\/a>    <a href=\"https:\/\/wa.link\/tuwa21\" target=\"_blank\"><i class=\"fab fa-whatsapp mx-1\"><\/i><\/a> y\/o pedir <a href=\"https:\/\/www.albergue-paradiso.com\/es\/contactar\/\" target=\"_blank\" rel=\"noopener noreferrer\"> presupuesto<\/a>.<\/center>\t<\/p>\n<div class=\"text-center\">\n<div class=\"form-widget bg-light2 py-2 text-center\">\n <!-- Buscador para Widget - MisterPlan  - Powered by RuralGest  --> <\/p>\n<div id=\"TEwsBuscadorB-4156-1-581265-\" class=\"TEwsWidgetInc capa_izq ancho_total p-4 bg-light2\" BudgetV=\"2\" mini_preview_V=\"2\" url_confirmacion=\"https:\/\/www.albergue-paradiso.com\/es\/confirmacion\" TEws_Hash=\"09d05a898e87ed96d90c0e92698a9f617a5d42e4\" TEws_onSearch=\"\" TEws_version=\"10\" TEws_tipo_widget=\"2\" BV7_tipo_inicio=\"0\" BV7_cambio_inicio=\"0\" TEws_quitar_cabecera=\"0\" TEws_iniciar_cerrado=\"0\" TEws_bus_texto=\"0\" TEws_sel_dispo=\"0\" TEws_form_contacto=\"0\"  TEws_result_in_esl=\"0\" TEws_result_in_ext=\"0\" TEws_cerrar_buscar=\"0\" TEws_ver_resto_casas=\"0\" TEws_id_elemento=\"581265\" TEws_tipo_elemento=\"1\" TEws_activar_mas_menos=\"1\" TEws_posicion=\"original\" TEws_formato=\"2\" TEws_formato_ficha=\"10\" TEws_CoreSearch_V=\"7\"  TEws_id_categoria=\"0\" TEws_modo=\"RES\"  TEws_fecha_ini=\"\" TEws_n_noches=\"2\" TEws_n_adultos=\"2\" TEws_n_ninos=\"0\" TEws_radio=\"0\" TEsw_filtro_exp=\"\" TEws_filtro_casa=\"\" TEws_autoload=\"0\" TEws_id_destino=\"4156\" TEws_id_puntoventa=\"3209\" TEws_id_idioma=\"0\" TEwsResultadoCoreSearch=\"TEwsResultCoreSearch-4156-1-581265-\" alt=\"MisterPlan  - Powered by RuralGest  - http:\/\/www.misterplan.es\" title_NO=\"MisterPlan  - Powered by RuralGest \"><\/div>\n<p><!-- Resultado para el CoreSearch de Experiencias \/ Casas - MisterPlan  - Powered by RuralGest --> <\/p>\n<div id=\"TEwsResultCoreSearch-4156-1-581265-\" class=\"capa_izq TEwsBuscador_Experiencias_evnt\" style=\"width: 100%; margin-top: 20px;\" alt_NO=\"MisterPlan  - Powered by RuralGest  - http:\/\/www.misterplan.es\" title_NO=\"MisterPlan  - Powered by RuralGest \"><\/div>\n<\/div>\n<\/div>\n<p>     <\/div>\n","protected":false},"excerpt":{"rendered":"<p>Tarifas ACTIVIDADES SEGUROS DE VIAJE<\/p>\n","protected":false},"author":1,"featured_media":32337,"parent":0,"menu_order":0,"comment_status":"closed","ping_status":"closed","template":"template-fullwidth.php","meta":{"_joinchat":[],"footnotes":""},"class_list":["post-11","page","type-page","status-publish","has-post-thumbnail","hentry"],"acf":[],"yoast_head":"<!-- This site is optimized with the Yoast SEO plugin v27.4 - https:\/\/yoast.com\/product\/yoast-seo-wordpress\/ -->\n<title>Tarifas - Albergue Paradiso Cantabria<\/title>\n<meta name=\"description\" content=\"Consulta los cat\u00e1logos con todos los servicios y tarifas as\u00ed como las normas, pol\u00edticas de bloqueo de plazas, pagos y cancelaciones.\" \/>\n<meta name=\"robots\" content=\"index, follow, max-snippet:-1, max-image-preview:large, max-video-preview:-1\" \/>\n<link rel=\"canonical\" href=\"https:\/\/www.albergue-paradiso.com\/es\/tarifas\/\" \/>\n<meta property=\"og:locale\" content=\"es_ES\" \/>\n<meta property=\"og:type\" content=\"article\" \/>\n<meta property=\"og:title\" content=\"Tarifas - Albergue Paradiso Cantabria\" \/>\n<meta property=\"og:description\" content=\"Consulta los cat\u00e1logos con todos los servicios y tarifas as\u00ed como las normas, pol\u00edticas de bloqueo de plazas, pagos y cancelaciones.\" \/>\n<meta property=\"og:url\" content=\"https:\/\/www.albergue-paradiso.com\/es\/tarifas\/\" \/>\n<meta property=\"og:site_name\" content=\"Albergues en Cantabria | Hostel albergue Paradiso en Cantabria\" \/>\n<meta property=\"article:modified_time\" content=\"2025-11-25T10:19:42+00:00\" \/>\n<meta property=\"og:image\" content=\"https:\/\/www.albergue-paradiso.com\/es\/wp-content\/uploads\/2025\/11\/tarifas.jpg\" \/>\n\t<meta property=\"og:image:width\" content=\"1014\" \/>\n\t<meta property=\"og:image:height\" content=\"983\" \/>\n\t<meta property=\"og:image:type\" content=\"image\/jpeg\" \/>\n<meta name=\"twitter:card\" content=\"summary_large_image\" \/>\n<meta name=\"twitter:label1\" content=\"Tiempo de lectura\" \/>\n\t<meta name=\"twitter:data1\" content=\"2 minutos\" \/>\n<script type=\"application\/ld+json\" class=\"yoast-schema-graph\">{\"@context\":\"https:\\\/\\\/schema.org\",\"@graph\":[{\"@type\":\"WebPage\",\"@id\":\"https:\\\/\\\/www.albergue-paradiso.com\\\/es\\\/tarifas\\\/\",\"url\":\"https:\\\/\\\/www.albergue-paradiso.com\\\/es\\\/tarifas\\\/\",\"name\":\"Tarifas - Albergue Paradiso Cantabria\",\"isPartOf\":{\"@id\":\"https:\\\/\\\/www.albergue-paradiso.com\\\/es\\\/#website\"},\"primaryImageOfPage\":{\"@id\":\"https:\\\/\\\/www.albergue-paradiso.com\\\/es\\\/tarifas\\\/#primaryimage\"},\"image\":{\"@id\":\"https:\\\/\\\/www.albergue-paradiso.com\\\/es\\\/tarifas\\\/#primaryimage\"},\"thumbnailUrl\":\"https:\\\/\\\/www.albergue-paradiso.com\\\/es\\\/wp-content\\\/uploads\\\/2025\\\/11\\\/tarifas.jpg\",\"datePublished\":\"2023-04-04T11:43:48+00:00\",\"dateModified\":\"2025-11-25T10:19:42+00:00\",\"description\":\"Consulta los cat\u00e1logos con todos los servicios y tarifas as\u00ed como las normas, pol\u00edticas de bloqueo de plazas, pagos y cancelaciones.\",\"breadcrumb\":{\"@id\":\"https:\\\/\\\/www.albergue-paradiso.com\\\/es\\\/tarifas\\\/#breadcrumb\"},\"inLanguage\":\"es\",\"potentialAction\":[{\"@type\":\"ReadAction\",\"target\":[\"https:\\\/\\\/www.albergue-paradiso.com\\\/es\\\/tarifas\\\/\"]}]},{\"@type\":\"ImageObject\",\"inLanguage\":\"es\",\"@id\":\"https:\\\/\\\/www.albergue-paradiso.com\\\/es\\\/tarifas\\\/#primaryimage\",\"url\":\"https:\\\/\\\/www.albergue-paradiso.com\\\/es\\\/wp-content\\\/uploads\\\/2025\\\/11\\\/tarifas.jpg\",\"contentUrl\":\"https:\\\/\\\/www.albergue-paradiso.com\\\/es\\\/wp-content\\\/uploads\\\/2025\\\/11\\\/tarifas.jpg\",\"width\":1014,\"height\":983,\"caption\":\"cat\u00e1logos con tarifas para grupos y particulares y familias\"},{\"@type\":\"BreadcrumbList\",\"@id\":\"https:\\\/\\\/www.albergue-paradiso.com\\\/es\\\/tarifas\\\/#breadcrumb\",\"itemListElement\":[{\"@type\":\"ListItem\",\"position\":1,\"name\":\"Portada\",\"item\":\"https:\\\/\\\/www.albergue-paradiso.com\\\/es\\\/\"},{\"@type\":\"ListItem\",\"position\":2,\"name\":\"Tarifas\"}]},{\"@type\":\"WebSite\",\"@id\":\"https:\\\/\\\/www.albergue-paradiso.com\\\/es\\\/#website\",\"url\":\"https:\\\/\\\/www.albergue-paradiso.com\\\/es\\\/\",\"name\":\"Albergues en Cantabria | Hostel albergue Paradiso en Cantabria\",\"description\":\"\",\"potentialAction\":[{\"@type\":\"SearchAction\",\"target\":{\"@type\":\"EntryPoint\",\"urlTemplate\":\"https:\\\/\\\/www.albergue-paradiso.com\\\/es\\\/?s={search_term_string}\"},\"query-input\":{\"@type\":\"PropertyValueSpecification\",\"valueRequired\":true,\"valueName\":\"search_term_string\"}}],\"inLanguage\":\"es\"}]}<\/script>\n<!-- \/ Yoast SEO plugin. -->","yoast_head_json":{"title":"Tarifas - Albergue Paradiso Cantabria","description":"Consulta los cat\u00e1logos con todos los servicios y tarifas as\u00ed como las normas, pol\u00edticas de bloqueo de plazas, pagos y cancelaciones.","robots":{"index":"index","follow":"follow","max-snippet":"max-snippet:-1","max-image-preview":"max-image-preview:large","max-video-preview":"max-video-preview:-1"},"canonical":"https:\/\/www.albergue-paradiso.com\/es\/tarifas\/","og_locale":"es_ES","og_type":"article","og_title":"Tarifas - Albergue Paradiso Cantabria","og_description":"Consulta los cat\u00e1logos con todos los servicios y tarifas as\u00ed como las normas, pol\u00edticas de bloqueo de plazas, pagos y cancelaciones.","og_url":"https:\/\/www.albergue-paradiso.com\/es\/tarifas\/","og_site_name":"Albergues en Cantabria | Hostel albergue Paradiso en Cantabria","article_modified_time":"2025-11-25T10:19:42+00:00","og_image":[{"width":1014,"height":983,"url":"https:\/\/www.albergue-paradiso.com\/es\/wp-content\/uploads\/2025\/11\/tarifas.jpg","type":"image\/jpeg"}],"twitter_card":"summary_large_image","twitter_misc":{"Tiempo de lectura":"2 minutos"},"schema":{"@context":"https:\/\/schema.org","@graph":[{"@type":"WebPage","@id":"https:\/\/www.albergue-paradiso.com\/es\/tarifas\/","url":"https:\/\/www.albergue-paradiso.com\/es\/tarifas\/","name":"Tarifas - Albergue Paradiso Cantabria","isPartOf":{"@id":"https:\/\/www.albergue-paradiso.com\/es\/#website"},"primaryImageOfPage":{"@id":"https:\/\/www.albergue-paradiso.com\/es\/tarifas\/#primaryimage"},"image":{"@id":"https:\/\/www.albergue-paradiso.com\/es\/tarifas\/#primaryimage"},"thumbnailUrl":"https:\/\/www.albergue-paradiso.com\/es\/wp-content\/uploads\/2025\/11\/tarifas.jpg","datePublished":"2023-04-04T11:43:48+00:00","dateModified":"2025-11-25T10:19:42+00:00","description":"Consulta los cat\u00e1logos con todos los servicios y tarifas as\u00ed como las normas, pol\u00edticas de bloqueo de plazas, pagos y cancelaciones.","breadcrumb":{"@id":"https:\/\/www.albergue-paradiso.com\/es\/tarifas\/#breadcrumb"},"inLanguage":"es","potentialAction":[{"@type":"ReadAction","target":["https:\/\/www.albergue-paradiso.com\/es\/tarifas\/"]}]},{"@type":"ImageObject","inLanguage":"es","@id":"https:\/\/www.albergue-paradiso.com\/es\/tarifas\/#primaryimage","url":"https:\/\/www.albergue-paradiso.com\/es\/wp-content\/uploads\/2025\/11\/tarifas.jpg","contentUrl":"https:\/\/www.albergue-paradiso.com\/es\/wp-content\/uploads\/2025\/11\/tarifas.jpg","width":1014,"height":983,"caption":"cat\u00e1logos con tarifas para grupos y particulares y familias"},{"@type":"BreadcrumbList","@id":"https:\/\/www.albergue-paradiso.com\/es\/tarifas\/#breadcrumb","itemListElement":[{"@type":"ListItem","position":1,"name":"Portada","item":"https:\/\/www.albergue-paradiso.com\/es\/"},{"@type":"ListItem","position":2,"name":"Tarifas"}]},{"@type":"WebSite","@id":"https:\/\/www.albergue-paradiso.com\/es\/#website","url":"https:\/\/www.albergue-paradiso.com\/es\/","name":"Albergues en Cantabria | Hostel albergue Paradiso en Cantabria","description":"","potentialAction":[{"@type":"SearchAction","target":{"@type":"EntryPoint","urlTemplate":"https:\/\/www.albergue-paradiso.com\/es\/?s={search_term_string}"},"query-input":{"@type":"PropertyValueSpecification","valueRequired":true,"valueName":"search_term_string"}}],"inLanguage":"es"}]}},"_links":{"self":[{"href":"https:\/\/www.albergue-paradiso.com\/es\/wp-json\/wp\/v2\/pages\/11","targetHints":{"allow":["GET"]}}],"collection":[{"href":"https:\/\/www.albergue-paradiso.com\/es\/wp-json\/wp\/v2\/pages"}],"about":[{"href":"https:\/\/www.albergue-paradiso.com\/es\/wp-json\/wp\/v2\/types\/page"}],"author":[{"embeddable":true,"href":"https:\/\/www.albergue-paradiso.com\/es\/wp-json\/wp\/v2\/users\/1"}],"replies":[{"embeddable":true,"href":"https:\/\/www.albergue-paradiso.com\/es\/wp-json\/wp\/v2\/comments?post=11"}],"version-history":[{"count":148,"href":"https:\/\/www.albergue-paradiso.com\/es\/wp-json\/wp\/v2\/pages\/11\/revisions"}],"predecessor-version":[{"id":32374,"href":"https:\/\/www.albergue-paradiso.com\/es\/wp-json\/wp\/v2\/pages\/11\/revisions\/32374"}],"wp:featuredmedia":[{"embeddable":true,"href":"https:\/\/www.albergue-paradiso.com\/es\/wp-json\/wp\/v2\/media\/32337"}],"wp:attachment":[{"href":"https:\/\/www.albergue-paradiso.com\/es\/wp-json\/wp\/v2\/media?parent=11"}],"curies":[{"name":"wp","href":"https:\/\/api.w.org\/{rel}","templated":true}]}}